{"id":8130,"date":"2020-05-24T22:25:08","date_gmt":"2020-05-24T22:25:08","guid":{"rendered":"https:\/\/grotta.is\/?page_id=8130"},"modified":"2023-04-23T10:28:28","modified_gmt":"2023-04-23T10:28:28","slug":"heimaleikjakort","status":"publish","type":"page","link":"https:\/\/grotta.is\/en\/knattspyrnudeild\/heimaleikjakort\/","title":{"rendered":"Heimaleikjakort Knattspyrnudeildar Gr\u00f3ttu"},"content":{"rendered":"<div data-elementor-type=\"wp-page\" data-elementor-id=\"8130\" class=\"elementor elementor-8130\" data-elementor-post-type=\"page\">\n\t\t\t\t\t\t<section class=\"elementor-section elementor-top-section elementor-element elementor-element-c48e7b2 elementor-section-boxed elementor-section-height-default elementor-section-height-default\" data-id=\"c48e7b2\" data-element_type=\"section\">\n\t\t\t\t\t\t<div class=\"elementor-container elementor-column-gap-default\">\n\t\t\t\t\t<div class=\"elementor-column elementor-col-100 elementor-top-column elementor-element elementor-element-5281d53\" data-id=\"5281d53\" data-element_type=\"column\">\n\t\t\t<div class=\"elementor-widget-wrap elementor-element-populated\">\n\t\t\t\t\t\t<div class=\"elementor-element elementor-element-94af802 pp-woo--align-center elementor-grid-3 elementor-grid-tablet-3 elementor-grid-mobile-1 pp-sale-badge-custom elementor-widget elementor-widget-pp-woo-products\" data-id=\"94af802\" data-element_type=\"widget\" data-settings=\"{&quot;products_columns&quot;:&quot;3&quot;,&quot;products_columns_tablet&quot;:&quot;3&quot;,&quot;products_columns_mobile&quot;:&quot;1&quot;}\" data-widget_type=\"pp-woo-products.skin-1\">\n\t\t\t\t<div class=\"elementor-widget-container\">\n\t\t\t\t\t\t\t<div class=\"pp-wooproducts-empty\">\n\t\t\t<p>No products were found matching your selection.<\/p>\n\t\t<\/div>\n\t\t\t\t\t\t<\/div>\n\t\t\t\t<\/div>\n\t\t\t\t<div class=\"elementor-element elementor-element-62fd6bb elementor-widget elementor-widget-text-editor\" data-id=\"62fd6bb\" data-element_type=\"widget\" data-widget_type=\"text-editor.default\">\n\t\t\t\t<div class=\"elementor-widget-container\">\n\t\t\t\t\t\t\t\t\t<p>Vi\u00f0 hvetjum Gr\u00f3ttuf\u00f3lk n\u00e6r og fj\u00e6r a\u00f0 m\u00e6ta \u00e1 v\u00f6llinn til a\u00f0 sty\u00f0ja okkar li\u00f0 til sigurs!<\/p><p><strong style=\"font-family: var( --e-global-typography-text-font-family ), Sans-serif; font-size: 1rem;\">Leikjaplan m\u00e1 finna \u00e1 vef KS\u00cd <a href=\"https:\/\/www.ksi.is\/mot\/felog\/leikir-felaga\/?Search=True&amp;felag=170&amp;vollur=3621&amp;flokkur=111&amp;kyn=&amp;dagsfra=01.05.2023&amp;dagstil=01.06.2023\">h\u00e9r<\/a>.<\/strong><\/p>\t\t\t\t\t\t\t\t<\/div>\n\t\t\t\t<\/div>\n\t\t\t\t<div class=\"elementor-element elementor-element-5d9887e elementor-widget elementor-widget-image\" data-id=\"5d9887e\" data-element_type=\"widget\" data-widget_type=\"image.default\">\n\t\t\t\t<div class=\"elementor-widget-container\">\n\t\t\t\t\t\t\t\t\t\t\t\t\t\t\t<img fetchpriority=\"high\" decoding=\"async\" width=\"1024\" height=\"278\" src=\"https:\/\/grotta.is\/wp-content\/uploads\/2023\/04\/naestuleikir-grotta-ksi-1024x278.png\" class=\"attachment-large size-large wp-image-421694\" alt=\"\" srcset=\"https:\/\/grotta.is\/wp-content\/uploads\/2023\/04\/naestuleikir-grotta-ksi-1024x278.png 1024w, https:\/\/grotta.is\/wp-content\/uploads\/2023\/04\/naestuleikir-grotta-ksi-300x81.png 300w, https:\/\/grotta.is\/wp-content\/uploads\/2023\/04\/naestuleikir-grotta-ksi-768x208.png 768w, https:\/\/grotta.is\/wp-content\/uploads\/2023\/04\/naestuleikir-grotta-ksi-18x5.png 18w, https:\/\/grotta.is\/wp-content\/uploads\/2023\/04\/naestuleikir-grotta-ksi-600x163.png 600w, https:\/\/grotta.is\/wp-content\/uploads\/2023\/04\/naestuleikir-grotta-ksi.png 1492w\" sizes=\"(max-width: 1024px) 100vw, 1024px\" \/>\t\t\t\t\t\t\t\t\t\t\t\t\t\t\t<\/div>\n\t\t\t\t<\/div>\n\t\t\t\t\t<\/div>\n\t\t<\/div>\n\t\t\t\t\t<\/div>\n\t\t<\/section>\n\t\t\t\t<\/div>","protected":false},"excerpt":{"rendered":"<p>Ungmennakort 2023 7.000&nbsp;kr. Add to cart Heimaleikjakort 15.000&nbsp;kr. Add to cart Stu\u00f0ningsmannakort Gr\u00f3ttu 2023 50.000&nbsp;kr. Add to cart Vi\u00f0 hvetjum Gr\u00f3ttuf\u00f3lk n\u00e6r og fj\u00e6r a\u00f0 m\u00e6ta \u00e1 v\u00f6llinn til a\u00f0 [&hellip;]<\/p>","protected":false},"author":2,"featured_media":421691,"parent":235,"menu_order":0,"comment_status":"closed","ping_status":"closed","template":"","meta":{"footnotes":""},"class_list":["post-8130","page","type-page","status-publish","has-post-thumbnail","hentry"],"yoast_head":"<!-- This site is optimized with the Yoast SEO plugin v24.3 - https:\/\/yoast.com\/wordpress\/plugins\/seo\/ -->\n<title>Heimaleikjakort Knattspyrnudeildar Gr\u00f3ttu - \u00cd\u00fer\u00f3ttaf\u00e9lagi\u00f0 Gr\u00f3tta<\/title>\n<meta name=\"robots\" content=\"index, follow, max-snippet:-1, max-image-preview:large, max-video-preview:-1\" \/>\n<link rel=\"canonical\" href=\"https:\/\/grotta.is\/en\/knattspyrnudeild\/heimaleikjakort\/\" \/>\n<meta property=\"og:locale\" content=\"en_US\" \/>\n<meta property=\"og:type\" content=\"article\" \/>\n<meta property=\"og:title\" content=\"Heimaleikjakort Knattspyrnudeildar Gr\u00f3ttu - \u00cd\u00fer\u00f3ttaf\u00e9lagi\u00f0 Gr\u00f3tta\" \/>\n<meta property=\"og:description\" content=\"Vi\u00f0 hvetjum Gr\u00f3ttuf\u00f3lk n\u00e6r og fj\u00e6r a\u00f0 m\u00e6ta \u00e1 v\u00f6llinn til a\u00f0 sty\u00f0ja okkar li\u00f0 til sigurs!\" \/>\n<meta property=\"og:url\" content=\"https:\/\/grotta.is\/en\/knattspyrnudeild\/heimaleikjakort\/\" \/>\n<meta property=\"og:site_name\" content=\"\u00cd\u00fer\u00f3ttaf\u00e9lagi\u00f0 Gr\u00f3tta\" \/>\n<meta property=\"article:publisher\" content=\"https:\/\/www.facebook.com\/grottasport\" \/>\n<meta property=\"article:modified_time\" content=\"2023-04-23T10:28:28+00:00\" \/>\n<meta property=\"og:image\" content=\"https:\/\/grotta.is\/wp-content\/uploads\/2023\/04\/banner-kort234.jpg\" \/>\n\t<meta property=\"og:image:width\" content=\"1920\" \/>\n\t<meta property=\"og:image:height\" content=\"1080\" \/>\n\t<meta property=\"og:image:type\" content=\"image\/jpeg\" \/>\n<meta name=\"twitter:card\" content=\"summary_large_image\" \/>\n<meta name=\"twitter:description\" content=\"Vi\u00f0 hvetjum Gr\u00f3ttuf\u00f3lk n\u00e6r og fj\u00e6r a\u00f0 m\u00e6ta \u00e1 v\u00f6llinn til a\u00f0 sty\u00f0ja okkar li\u00f0 til sigurs!\" \/>\n<meta name=\"twitter:label1\" content=\"Est. reading time\" \/>\n\t<meta name=\"twitter:data1\" content=\"2 minutes\" \/>\n<script type=\"application\/ld+json\" class=\"yoast-schema-graph\">{\"@context\":\"https:\/\/schema.org\",\"@graph\":[{\"@type\":\"WebPage\",\"@id\":\"https:\/\/grotta.is\/knattspyrnudeild\/heimaleikjakort\/\",\"url\":\"https:\/\/grotta.is\/knattspyrnudeild\/heimaleikjakort\/\",\"name\":\"Heimaleikjakort Knattspyrnudeildar Gr\u00f3ttu - \u00cd\u00fer\u00f3ttaf\u00e9lagi\u00f0 Gr\u00f3tta\",\"isPartOf\":{\"@id\":\"https:\/\/grotta.is\/#website\"},\"primaryImageOfPage\":{\"@id\":\"https:\/\/grotta.is\/knattspyrnudeild\/heimaleikjakort\/#primaryimage\"},\"image\":{\"@id\":\"https:\/\/grotta.is\/knattspyrnudeild\/heimaleikjakort\/#primaryimage\"},\"thumbnailUrl\":\"https:\/\/grotta.is\/wp-content\/uploads\/2023\/04\/banner-kort234.jpg\",\"datePublished\":\"2020-05-24T22:25:08+00:00\",\"dateModified\":\"2023-04-23T10:28:28+00:00\",\"breadcrumb\":{\"@id\":\"https:\/\/grotta.is\/knattspyrnudeild\/heimaleikjakort\/#breadcrumb\"},\"inLanguage\":\"en-US\",\"potentialAction\":[{\"@type\":\"ReadAction\",\"target\":[\"https:\/\/grotta.is\/knattspyrnudeild\/heimaleikjakort\/\"]}]},{\"@type\":\"ImageObject\",\"inLanguage\":\"en-US\",\"@id\":\"https:\/\/grotta.is\/knattspyrnudeild\/heimaleikjakort\/#primaryimage\",\"url\":\"https:\/\/grotta.is\/wp-content\/uploads\/2023\/04\/banner-kort234.jpg\",\"contentUrl\":\"https:\/\/grotta.is\/wp-content\/uploads\/2023\/04\/banner-kort234.jpg\",\"width\":1920,\"height\":1080},{\"@type\":\"BreadcrumbList\",\"@id\":\"https:\/\/grotta.is\/knattspyrnudeild\/heimaleikjakort\/#breadcrumb\",\"itemListElement\":[{\"@type\":\"ListItem\",\"position\":1,\"name\":\"Home\",\"item\":\"https:\/\/grotta.is\/\"},{\"@type\":\"ListItem\",\"position\":2,\"name\":\"Knattspyrnudeild Gr\u00f3ttu\",\"item\":\"https:\/\/grotta.is\/knattspyrnudeild\/\"},{\"@type\":\"ListItem\",\"position\":3,\"name\":\"Heimaleikjakort Knattspyrnudeildar Gr\u00f3ttu\"}]},{\"@type\":\"WebSite\",\"@id\":\"https:\/\/grotta.is\/#website\",\"url\":\"https:\/\/grotta.is\/\",\"name\":\"\u00cd\u00fer\u00f3ttaf\u00e9lagi\u00f0 Gr\u00f3tta\",\"description\":\"\u00e1 Seltjarnarnesi\",\"publisher\":{\"@id\":\"https:\/\/grotta.is\/#organization\"},\"potentialAction\":[{\"@type\":\"SearchAction\",\"target\":{\"@type\":\"EntryPoint\",\"urlTemplate\":\"https:\/\/grotta.is\/?s={search_term_string}\"},\"query-input\":{\"@type\":\"PropertyValueSpecification\",\"valueRequired\":true,\"valueName\":\"search_term_string\"}}],\"inLanguage\":\"en-US\"},{\"@type\":\"Organization\",\"@id\":\"https:\/\/grotta.is\/#organization\",\"name\":\"\u00cd\u00fer\u00f3ttaf\u00e9lagi\u00f0 Gr\u00f3tta\",\"url\":\"https:\/\/grotta.is\/\",\"logo\":{\"@type\":\"ImageObject\",\"inLanguage\":\"en-US\",\"@id\":\"https:\/\/grotta.is\/#\/schema\/logo\/image\/\",\"url\":\"https:\/\/grotta.is\/wp-content\/uploads\/2020\/02\/ithrottafelagidgrotta_logo_512x512_transparent.png\",\"contentUrl\":\"https:\/\/grotta.is\/wp-content\/uploads\/2020\/02\/ithrottafelagidgrotta_logo_512x512_transparent.png\",\"width\":512,\"height\":512,\"caption\":\"\u00cd\u00fer\u00f3ttaf\u00e9lagi\u00f0 Gr\u00f3tta\"},\"image\":{\"@id\":\"https:\/\/grotta.is\/#\/schema\/logo\/image\/\"},\"sameAs\":[\"https:\/\/www.facebook.com\/grottasport\"]}]}<\/script>\n<!-- \/ Yoast SEO plugin. -->","yoast_head_json":{"title":"Heimaleikjakort Knattspyrnudeildar Gr\u00f3ttu - \u00cd\u00fer\u00f3ttaf\u00e9lagi\u00f0 Gr\u00f3tta","robots":{"index":"index","follow":"follow","max-snippet":"max-snippet:-1","max-image-preview":"max-image-preview:large","max-video-preview":"max-video-preview:-1"},"canonical":"https:\/\/grotta.is\/en\/knattspyrnudeild\/heimaleikjakort\/","og_locale":"en_US","og_type":"article","og_title":"Heimaleikjakort Knattspyrnudeildar Gr\u00f3ttu - \u00cd\u00fer\u00f3ttaf\u00e9lagi\u00f0 Gr\u00f3tta","og_description":"Vi\u00f0 hvetjum Gr\u00f3ttuf\u00f3lk n\u00e6r og fj\u00e6r a\u00f0 m\u00e6ta \u00e1 v\u00f6llinn til a\u00f0 sty\u00f0ja okkar li\u00f0 til sigurs!","og_url":"https:\/\/grotta.is\/en\/knattspyrnudeild\/heimaleikjakort\/","og_site_name":"\u00cd\u00fer\u00f3ttaf\u00e9lagi\u00f0 Gr\u00f3tta","article_publisher":"https:\/\/www.facebook.com\/grottasport","article_modified_time":"2023-04-23T10:28:28+00:00","og_image":[{"width":1920,"height":1080,"url":"https:\/\/grotta.is\/wp-content\/uploads\/2023\/04\/banner-kort234.jpg","type":"image\/jpeg"}],"twitter_card":"summary_large_image","twitter_description":"Vi\u00f0 hvetjum Gr\u00f3ttuf\u00f3lk n\u00e6r og fj\u00e6r a\u00f0 m\u00e6ta \u00e1 v\u00f6llinn til a\u00f0 sty\u00f0ja okkar li\u00f0 til sigurs!","twitter_misc":{"Est. reading time":"2 minutes"},"schema":{"@context":"https:\/\/schema.org","@graph":[{"@type":"WebPage","@id":"https:\/\/grotta.is\/knattspyrnudeild\/heimaleikjakort\/","url":"https:\/\/grotta.is\/knattspyrnudeild\/heimaleikjakort\/","name":"Heimaleikjakort Knattspyrnudeildar Gr\u00f3ttu - \u00cd\u00fer\u00f3ttaf\u00e9lagi\u00f0 Gr\u00f3tta","isPartOf":{"@id":"https:\/\/grotta.is\/#website"},"primaryImageOfPage":{"@id":"https:\/\/grotta.is\/knattspyrnudeild\/heimaleikjakort\/#primaryimage"},"image":{"@id":"https:\/\/grotta.is\/knattspyrnudeild\/heimaleikjakort\/#primaryimage"},"thumbnailUrl":"https:\/\/grotta.is\/wp-content\/uploads\/2023\/04\/banner-kort234.jpg","datePublished":"2020-05-24T22:25:08+00:00","dateModified":"2023-04-23T10:28:28+00:00","breadcrumb":{"@id":"https:\/\/grotta.is\/knattspyrnudeild\/heimaleikjakort\/#breadcrumb"},"inLanguage":"en-US","potentialAction":[{"@type":"ReadAction","target":["https:\/\/grotta.is\/knattspyrnudeild\/heimaleikjakort\/"]}]},{"@type":"ImageObject","inLanguage":"en-US","@id":"https:\/\/grotta.is\/knattspyrnudeild\/heimaleikjakort\/#primaryimage","url":"https:\/\/grotta.is\/wp-content\/uploads\/2023\/04\/banner-kort234.jpg","contentUrl":"https:\/\/grotta.is\/wp-content\/uploads\/2023\/04\/banner-kort234.jpg","width":1920,"height":1080},{"@type":"BreadcrumbList","@id":"https:\/\/grotta.is\/knattspyrnudeild\/heimaleikjakort\/#breadcrumb","itemListElement":[{"@type":"ListItem","position":1,"name":"Home","item":"https:\/\/grotta.is\/"},{"@type":"ListItem","position":2,"name":"Knattspyrnudeild Gr\u00f3ttu","item":"https:\/\/grotta.is\/knattspyrnudeild\/"},{"@type":"ListItem","position":3,"name":"Heimaleikjakort Knattspyrnudeildar Gr\u00f3ttu"}]},{"@type":"WebSite","@id":"https:\/\/grotta.is\/#website","url":"https:\/\/grotta.is\/","name":"\u00cd\u00fer\u00f3ttaf\u00e9lagi\u00f0 Gr\u00f3tta","description":"\u00e1 Seltjarnarnesi","publisher":{"@id":"https:\/\/grotta.is\/#organization"},"potentialAction":[{"@type":"SearchAction","target":{"@type":"EntryPoint","urlTemplate":"https:\/\/grotta.is\/?s={search_term_string}"},"query-input":{"@type":"PropertyValueSpecification","valueRequired":true,"valueName":"search_term_string"}}],"inLanguage":"en-US"},{"@type":"Organization","@id":"https:\/\/grotta.is\/#organization","name":"\u00cd\u00fer\u00f3ttaf\u00e9lagi\u00f0 Gr\u00f3tta","url":"https:\/\/grotta.is\/","logo":{"@type":"ImageObject","inLanguage":"en-US","@id":"https:\/\/grotta.is\/#\/schema\/logo\/image\/","url":"https:\/\/grotta.is\/wp-content\/uploads\/2020\/02\/ithrottafelagidgrotta_logo_512x512_transparent.png","contentUrl":"https:\/\/grotta.is\/wp-content\/uploads\/2020\/02\/ithrottafelagidgrotta_logo_512x512_transparent.png","width":512,"height":512,"caption":"\u00cd\u00fer\u00f3ttaf\u00e9lagi\u00f0 Gr\u00f3tta"},"image":{"@id":"https:\/\/grotta.is\/#\/schema\/logo\/image\/"},"sameAs":["https:\/\/www.facebook.com\/grottasport"]}]}},"_links":{"self":[{"href":"https:\/\/grotta.is\/en\/wp-json\/wp\/v2\/pages\/8130","targetHints":{"allow":["GET"]}}],"collection":[{"href":"https:\/\/grotta.is\/en\/wp-json\/wp\/v2\/pages"}],"about":[{"href":"https:\/\/grotta.is\/en\/wp-json\/wp\/v2\/types\/page"}],"author":[{"embeddable":true,"href":"https:\/\/grotta.is\/en\/wp-json\/wp\/v2\/users\/2"}],"replies":[{"embeddable":true,"href":"https:\/\/grotta.is\/en\/wp-json\/wp\/v2\/comments?post=8130"}],"version-history":[{"count":49,"href":"https:\/\/grotta.is\/en\/wp-json\/wp\/v2\/pages\/8130\/revisions"}],"predecessor-version":[{"id":421697,"href":"https:\/\/grotta.is\/en\/wp-json\/wp\/v2\/pages\/8130\/revisions\/421697"}],"up":[{"embeddable":true,"href":"https:\/\/grotta.is\/en\/wp-json\/wp\/v2\/pages\/235"}],"wp:featuredmedia":[{"embeddable":true,"href":"https:\/\/grotta.is\/en\/wp-json\/wp\/v2\/media\/421691"}],"wp:attachment":[{"href":"https:\/\/grotta.is\/en\/wp-json\/wp\/v2\/media?parent=8130"}],"curies":[{"name":"wp","href":"https:\/\/api.w.org\/{rel}","templated":true}]}}