{"id":575562,"date":"2025-09-10T10:41:03","date_gmt":"2025-09-10T10:41:03","guid":{"rendered":"https:\/\/grotta.is\/?page_id=575562"},"modified":"2026-02-26T13:42:45","modified_gmt":"2026-02-26T13:42:45","slug":"upplysingar-fimleikadeild","status":"publish","type":"page","link":"https:\/\/grotta.is\/en\/upplysingar-fimleikadeild\/","title":{"rendered":"Uppl\u00fdsingar Fimleikadeild"},"content":{"rendered":"<div data-elementor-type=\"wp-page\" data-elementor-id=\"575562\" class=\"elementor elementor-575562\" data-elementor-post-type=\"page\">\n\t\t\t\t<section class=\"elementor-section elementor-top-section elementor-element elementor-element-6807332 elementor-section-boxed elementor-section-height-default elementor-section-height-default\" data-id=\"6807332\" data-element_type=\"section\">\n\t\t\t\t\t\t<div class=\"elementor-container elementor-column-gap-default\">\n\t\t\t\t\t<div class=\"elementor-column elementor-col-100 elementor-top-column elementor-element elementor-element-11362925\" data-id=\"11362925\" data-element_type=\"column\">\n\t\t\t<div class=\"elementor-widget-wrap elementor-element-populated\">\n\t\t\t\t\t\t<div class=\"elementor-element elementor-element-5fbcc012 elementor-widget elementor-widget-text-editor\" data-id=\"5fbcc012\" data-element_type=\"widget\" data-widget_type=\"text-editor.default\">\n\t\t\t\t<div class=\"elementor-widget-container\"><hr class=\"wp-block-separator has-alpha-channel-opacity is-style-wide\" \/><p>Fimleikadeild Gr\u00f3ttu heldur \u00fati fr\u00e1b\u00e6ru og \u00f6flugu \u00ed\u00fer\u00f3ttastarfi. Mikil a\u00f0s\u00f3kn er \u00ed fimleika \u00e1r hvert og \u00fev\u00ed mikilv\u00e6gt a\u00f0 foreldrar fylgist me\u00f0 \u00feegar skr\u00e1ningar hefjast hverju sinni en forskr\u00e1ning \u00ed fimleika hefst \u00ed byrjun j\u00fan\u00ed \u00e1r hvert. H\u00e6gt er a\u00f0 lesa um h\u00f3paskiptingu og hva\u00f0a flokkar eru \u00ed bo\u00f0i\u00a0<strong><a href=\"https:\/\/grotta.is\/en\/fimleikadeild\/hopaskipting\/\">h\u00e9r<\/a>.<\/strong><\/p><p><strong>Managing director:<\/strong>\u00a0<span data-olk-copy-source=\"MessageBody\">\u00d3l\u00f6f L\u00ednberg Kristj\u00e1nsd\u00f3ttir<\/span> &#8211;\u00a0<span data-olk-copy-source=\"MessageBody\"><a href=\"mailto:Olof@grotta.is\">Olof@grotta.is<\/a>\u00a0<\/span><\/p><p><strong>Head coach of fundamental groups:<\/strong>\u00a0Valger\u00f0ur Thoroddsen\u00a0<\/p><p><strong>Yfir\u00fej\u00e1lfari \u00e1haldafimleika<\/strong>: Bjarni Geir H. Halld\u00f3rsson<\/p><ul class=\"wp-block-list\"><li><a href=\"https:\/\/www.facebook.com\/Grtta-Fimleikadeild-509755819123162\/\">Gr\u00f3tta's gymnastics Facebook<\/a><\/li><li><a href=\"https:\/\/www.instagram.com\/grottafimleikar\">Gr\u00f3tta's gymnastics Instagram<\/a><\/li><\/ul><p>\u00a0<\/p><p><strong>GR\u00d3TTUV\u00d6RUR<br \/><\/strong>Gr\u00f3ttu fimleikabolurinn fyrir i\u00f0kendur \u00ed grunnh\u00f3pum og stubbafimi er til s\u00f6lu \u00e1 skrifstofu Gr\u00f3ttu.<\/p><p>A\u00f0rar Gr\u00f3ttu v\u00f6rur eru til s\u00f6lu \u00ed vefverslun CRAFT. Sj\u00e1\u00a0<a href=\"https:\/\/craftverslun.is\/collections\/fimleikar\" target=\"_blank\" rel=\"noreferrer noopener\">h\u00e9r<\/a>.<\/p><p><strong>FORSKR\u00c1NING<\/strong><\/p><p>Forskr\u00e1ning fer fram \u00ed j\u00fan\u00ed m\u00e1nu\u00f0i \u00e1r hvert (fyrir komandi vetur). Skr\u00e1ningargjald er 15.000 kr sem er \u00f3afturkr\u00e6ft en dregst fr\u00e1 \u00e6fingagj\u00f6ldum n\u00e6sta vetrar. Komi upp s\u00fa sta\u00f0a a\u00f0 fimleikadeildin \u00feurfi a\u00f0 neita ums\u00e6kjendum um pl\u00e1ss er m\u00f6guleiki \u00e1 a\u00f0 \u00f3ska eftir a\u00f0 f\u00e1 skr\u00e1ningargjaldi\u00f0 endurgreitt.<\/p><p><strong>SKR\u00c1NING \u00cd STUBBAFIMI<\/strong><\/p><p>Skr\u00e1ning fer fram tvisvar sinnum \u00e1 \u00e1ri, \u00ed j\u00fal\u00ed og \u00ed desember. Skr\u00e1ning hefst 1. j\u00fal\u00ed fyrir haust\u00f6nn og 1. desember fyrir vor\u00f6nn sem hefst \u00ed jan\u00faar. Athugi\u00f0 i\u00f0kendur sem eru skr\u00e1\u00f0ir \u00e1 haustn\u00e1mskei\u00f0 og einstaklingar sem eru \u00e1 bi\u00f0lista \u00feurfa a\u00f0 skr\u00e1 sig \u00e1 n\u00fd.\u00a0<\/p><p>\u00a0<\/p><\/div>\n\t\t\t\t<\/div>\n\t\t\t\t\t<\/div>\n\t\t<\/div>\n\t\t\t\t\t<\/div>\n\t\t<\/section>\n\t\t\t\t<section class=\"elementor-section elementor-top-section elementor-element elementor-element-8670624 elementor-section-boxed elementor-section-height-default elementor-section-height-default\" data-id=\"8670624\" data-element_type=\"section\">\n\t\t\t\t\t\t<div class=\"elementor-container elementor-column-gap-default\">\n\t\t\t\t\t<div class=\"elementor-column elementor-col-33 elementor-top-column elementor-element elementor-element-b7730db\" data-id=\"b7730db\" data-element_type=\"column\">\n\t\t\t<div class=\"elementor-widget-wrap elementor-element-populated\">\n\t\t\t\t\t\t<div class=\"elementor-element elementor-element-c713e2a elementor-widget elementor-widget-pp-team-member\" data-id=\"c713e2a\" data-element_type=\"widget\" data-widget_type=\"pp-team-member.default\">\n\t\t\t\t<div class=\"elementor-widget-container\">\n\t\t\t\t\t\t\t<div class=\"pp-tm-wrapper\">\n\t\t\t<div class=\"pp-tm\">\n\t\t\t\t<div class=\"pp-tm-image\"> \n\t\t\t\t\t<img fetchpriority=\"high\" decoding=\"async\" width=\"768\" height=\"761\" src=\"https:\/\/grotta.is\/wp-content\/uploads\/2025\/08\/profill-Solir-768x761.jpg\" class=\"attachment-medium_large size-medium_large wp-image-575472\" alt=\"\" srcset=\"https:\/\/grotta.is\/wp-content\/uploads\/2025\/08\/profill-Solir-768x761.jpg 768w, https:\/\/grotta.is\/wp-content\/uploads\/2025\/08\/profill-Solir-300x297.jpg 300w, https:\/\/grotta.is\/wp-content\/uploads\/2025\/08\/profill-Solir-1024x1014.jpg 1024w, https:\/\/grotta.is\/wp-content\/uploads\/2025\/08\/profill-Solir-150x150.jpg 150w, https:\/\/grotta.is\/wp-content\/uploads\/2025\/08\/profill-Solir-12x12.jpg 12w, https:\/\/grotta.is\/wp-content\/uploads\/2025\/08\/profill-Solir-600x594.jpg 600w, https:\/\/grotta.is\/wp-content\/uploads\/2025\/08\/profill-Solir-100x100.jpg 100w, https:\/\/grotta.is\/wp-content\/uploads\/2025\/08\/profill-Solir.jpg 1179w\" sizes=\"(max-width: 768px) 100vw, 768px\" \/>\n\t\t\t\t\t\t\t\t\t<\/div>\n\t\t\t\t<div class=\"pp-tm-content pp-tm-content-normal\">\n\t\t\t\t\t\t\t\t\t<h4 class=\"pp-tm-name\">\n\t\t\t\t\t\t\u00c1g\u00fasta Edda Bj\u00f6rnsd\u00f3ttir\t\t\t\t<\/h4>\n\t\t\t\t\t\t\t<div class=\"pp-tm-position\">\n\t\t\t\tFramkv\u00e6mdarstj\u00f3ri\t\t\t<\/div>\n\t\t\t\t\t<div class=\"pp-tm-social-links-wrap\">\n\t\t\t<ul class=\"pp-tm-social-links\">\n\t\t\t\t\t\t\t\t\t\t\t\t\t\t<li>\n\t\t\t\t\t\t<a class=\"pp-tm-social-link\" href=\"mailto:agusta.edda@grotta.is\">\n\t\t\t\t\t\t\t<span class=\"pp-tm-social-icon-wrap\">\n\t\t\t\t\t\t\t\t<span class=\"elementor-screen-only\">Mail-bulk<\/span>\n\t\t\t\t\t\t\t\t<span class=\"pp-tm-social-icon pp-icon\">\n\t\t\t\t\t\t\t\t<i aria-hidden=\"true\" class=\"fas fa-mail-bulk\"><\/i>\t\t\t\t\t\t\t\t<\/span>\n\t\t\t\t\t\t\t<\/span>\n\t\t\t\t\t\t<\/a>\n\t\t\t\t\t<\/li>\n\t\t\t\t\t\t\t\t<\/ul>\n\t\t<\/div>\n\t\t\t\t\t\t<\/div>\n\t\t\t<\/div>\n\t\t<\/div>\n\t\t\t\t\t\t<\/div>\n\t\t\t\t<\/div>\n\t\t\t\t\t<\/div>\n\t\t<\/div>\n\t\t\t\t<div class=\"elementor-column elementor-col-33 elementor-top-column elementor-element elementor-element-4bea859\" data-id=\"4bea859\" data-element_type=\"column\">\n\t\t\t<div class=\"elementor-widget-wrap elementor-element-populated\">\n\t\t\t\t\t\t<div class=\"elementor-element elementor-element-e22f5bc elementor-widget elementor-widget-pp-team-member\" data-id=\"e22f5bc\" data-element_type=\"widget\" data-widget_type=\"pp-team-member.default\">\n\t\t\t\t<div class=\"elementor-widget-container\">\n\t\t\t\t\t\t\t<div class=\"pp-tm-wrapper\">\n\t\t\t<div class=\"pp-tm\">\n\t\t\t\t<div class=\"pp-tm-image\"> \n\t\t\t\t\t<img decoding=\"async\" width=\"254\" height=\"300\" data-src=\"https:\/\/grotta.is\/wp-content\/uploads\/2025\/01\/Valgerdur-254x300-1.webp\" class=\"attachment-medium_large size-medium_large wp-image-574750 lazyload\" alt=\"\" data-srcset=\"https:\/\/grotta.is\/wp-content\/uploads\/2025\/01\/Valgerdur-254x300-1.webp 254w, https:\/\/grotta.is\/wp-content\/uploads\/2025\/01\/Valgerdur-254x300-1-10x12.webp 10w\" data-sizes=\"(max-width: 254px) 100vw, 254px\" src=\"data:image\/gif;base64,R0lGODlhAQABAAAAACH5BAEKAAEALAAAAAABAAEAAAICTAEAOw==\" style=\"--smush-placeholder-width: 254px; --smush-placeholder-aspect-ratio: 254\/300;\" \/>\n\t\t\t\t\t\t\t\t\t<\/div>\n\t\t\t\t<div class=\"pp-tm-content pp-tm-content-normal\">\n\t\t\t\t\t\t\t\t\t<h4 class=\"pp-tm-name\">\n\t\t\t\t\t\tValger\u00f0ur Thoroddsen\t\t\t\t<\/h4>\n\t\t\t\t\t\t\t<div class=\"pp-tm-position\">\n\t\t\t\tYfir\u00fej\u00e1lfari Grunnh\u00f3pa\t\t\t<\/div>\n\t\t\t\t\t\t\t\t\t\t<\/div>\n\t\t\t<\/div>\n\t\t<\/div>\n\t\t\t\t\t\t<\/div>\n\t\t\t\t<\/div>\n\t\t\t\t\t<\/div>\n\t\t<\/div>\n\t\t\t\t<div class=\"elementor-column elementor-col-33 elementor-top-column elementor-element elementor-element-2b05fbc\" data-id=\"2b05fbc\" data-element_type=\"column\">\n\t\t\t<div class=\"elementor-widget-wrap elementor-element-populated\">\n\t\t\t\t\t\t<div class=\"elementor-element elementor-element-c9b0bf4 elementor-widget elementor-widget-pp-team-member\" data-id=\"c9b0bf4\" data-element_type=\"widget\" data-widget_type=\"pp-team-member.default\">\n\t\t\t\t<div class=\"elementor-widget-container\">\n\t\t\t\t\t\t\t<div class=\"pp-tm-wrapper\">\n\t\t\t<div class=\"pp-tm\">\n\t\t\t\t<div class=\"pp-tm-image\"> \n\t\t\t\t\t<img decoding=\"async\" width=\"768\" height=\"1004\" data-src=\"https:\/\/grotta.is\/wp-content\/uploads\/2025\/01\/Bjarni-Geir-1175x1536-1-768x1004.webp\" class=\"attachment-medium_large size-medium_large wp-image-574790 lazyload\" alt=\"\" data-srcset=\"https:\/\/grotta.is\/wp-content\/uploads\/2025\/01\/Bjarni-Geir-1175x1536-1-768x1004.webp 768w, https:\/\/grotta.is\/wp-content\/uploads\/2025\/01\/Bjarni-Geir-1175x1536-1-229x300.webp 229w, https:\/\/grotta.is\/wp-content\/uploads\/2025\/01\/Bjarni-Geir-1175x1536-1-783x1024.webp 783w, https:\/\/grotta.is\/wp-content\/uploads\/2025\/01\/Bjarni-Geir-1175x1536-1-9x12.webp 9w, https:\/\/grotta.is\/wp-content\/uploads\/2025\/01\/Bjarni-Geir-1175x1536-1-600x784.webp 600w, https:\/\/grotta.is\/wp-content\/uploads\/2025\/01\/Bjarni-Geir-1175x1536-1.webp 1175w\" data-sizes=\"(max-width: 768px) 100vw, 768px\" src=\"data:image\/gif;base64,R0lGODlhAQABAAAAACH5BAEKAAEALAAAAAABAAEAAAICTAEAOw==\" style=\"--smush-placeholder-width: 768px; --smush-placeholder-aspect-ratio: 768\/1004;\" \/>\n\t\t\t\t\t\t\t\t\t<\/div>\n\t\t\t\t<div class=\"pp-tm-content pp-tm-content-normal\">\n\t\t\t\t\t\t\t\t\t<h4 class=\"pp-tm-name\">\n\t\t\t\t\t\tBjarni Geir H. Halld\u00f3rsson\t\t\t\t<\/h4>\n\t\t\t\t\t\t\t<div class=\"pp-tm-position\">\n\t\t\t\tYfir\u00fej\u00e1lfari \u00c1haldafimleika\t\t\t<\/div>\n\t\t\t\t\t\t\t<\/div>\n\t\t\t<\/div>\n\t\t<\/div>\n\t\t\t\t\t\t<\/div>\n\t\t\t\t<\/div>\n\t\t\t\t\t<\/div>\n\t\t<\/div>\n\t\t\t\t\t<\/div>\n\t\t<\/section>\t\t<\/div>","protected":false},"excerpt":{"rendered":"<p>Fimleikadeild Gr\u00f3ttu heldur \u00fati fr\u00e1b\u00e6ru og \u00f6flugu \u00ed\u00fer\u00f3ttastarfi. Mikil a\u00f0s\u00f3kn er \u00ed fimleika \u00e1r hvert og \u00fev\u00ed mikilv\u00e6gt a\u00f0 foreldrar fylgist me\u00f0 \u00feegar skr\u00e1ningar hefjast hverju sinni en forskr\u00e1ning \u00ed [&hellip;]<\/p>","protected":false},"author":22,"featured_media":0,"parent":0,"menu_order":0,"comment_status":"closed","ping_status":"closed","template":"","meta":{"footnotes":""},"class_list":["post-575562","page","type-page","status-publish","hentry"],"yoast_head":"<!-- This site is optimized with the Yoast SEO plugin v24.3 - https:\/\/yoast.com\/wordpress\/plugins\/seo\/ -->\n<title>Uppl\u00fdsingar Fimleikadeild - \u00cd\u00fer\u00f3ttaf\u00e9lagi\u00f0 Gr\u00f3tta<\/title>\n<meta name=\"robots\" content=\"index, follow, max-snippet:-1, max-image-preview:large, max-video-preview:-1\" \/>\n<link rel=\"canonical\" href=\"https:\/\/grotta.is\/en\/upplysingar-fimleikadeild\/\" \/>\n<meta property=\"og:locale\" content=\"en_US\" \/>\n<meta property=\"og:type\" content=\"article\" \/>\n<meta property=\"og:title\" content=\"Uppl\u00fdsingar Fimleikadeild - \u00cd\u00fer\u00f3ttaf\u00e9lagi\u00f0 Gr\u00f3tta\" \/>\n<meta property=\"og:description\" content=\"Fimleikadeild Gr\u00f3ttu heldur \u00fati fr\u00e1b\u00e6ru og \u00f6flugu \u00ed\u00fer\u00f3ttastarfi. Mikil a\u00f0s\u00f3kn er \u00ed fimleika \u00e1r hvert og \u00fev\u00ed mikilv\u00e6gt a\u00f0 foreldrar fylgist me\u00f0 \u00feegar skr\u00e1ningar hefjast hverju sinni en forskr\u00e1ning \u00ed [&hellip;]\" \/>\n<meta property=\"og:url\" content=\"https:\/\/grotta.is\/en\/upplysingar-fimleikadeild\/\" \/>\n<meta property=\"og:site_name\" content=\"\u00cd\u00fer\u00f3ttaf\u00e9lagi\u00f0 Gr\u00f3tta\" \/>\n<meta property=\"article:publisher\" content=\"https:\/\/www.facebook.com\/grottasport\" \/>\n<meta property=\"article:modified_time\" content=\"2026-02-26T13:42:45+00:00\" \/>\n<meta property=\"og:image\" content=\"https:\/\/grotta.is\/wp-content\/uploads\/2025\/08\/profill-Solir.jpg\" \/>\n\t<meta property=\"og:image:width\" content=\"1179\" \/>\n\t<meta property=\"og:image:height\" content=\"1168\" \/>\n\t<meta property=\"og:image:type\" content=\"image\/jpeg\" \/>\n<meta name=\"twitter:card\" content=\"summary_large_image\" \/>\n<meta name=\"twitter:label1\" content=\"Est. reading time\" \/>\n\t<meta name=\"twitter:data1\" content=\"2 minutes\" \/>\n<script type=\"application\/ld+json\" class=\"yoast-schema-graph\">{\"@context\":\"https:\/\/schema.org\",\"@graph\":[{\"@type\":\"WebPage\",\"@id\":\"https:\/\/grotta.is\/upplysingar-fimleikadeild\/\",\"url\":\"https:\/\/grotta.is\/upplysingar-fimleikadeild\/\",\"name\":\"Uppl\u00fdsingar Fimleikadeild - \u00cd\u00fer\u00f3ttaf\u00e9lagi\u00f0 Gr\u00f3tta\",\"isPartOf\":{\"@id\":\"https:\/\/grotta.is\/#website\"},\"primaryImageOfPage\":{\"@id\":\"https:\/\/grotta.is\/upplysingar-fimleikadeild\/#primaryimage\"},\"image\":{\"@id\":\"https:\/\/grotta.is\/upplysingar-fimleikadeild\/#primaryimage\"},\"thumbnailUrl\":\"https:\/\/grotta.is\/wp-content\/uploads\/2025\/08\/profill-Solir-768x761.jpg\",\"datePublished\":\"2025-09-10T10:41:03+00:00\",\"dateModified\":\"2026-02-26T13:42:45+00:00\",\"breadcrumb\":{\"@id\":\"https:\/\/grotta.is\/upplysingar-fimleikadeild\/#breadcrumb\"},\"inLanguage\":\"en-US\",\"potentialAction\":[{\"@type\":\"ReadAction\",\"target\":[\"https:\/\/grotta.is\/upplysingar-fimleikadeild\/\"]}]},{\"@type\":\"ImageObject\",\"inLanguage\":\"en-US\",\"@id\":\"https:\/\/grotta.is\/upplysingar-fimleikadeild\/#primaryimage\",\"url\":\"https:\/\/grotta.is\/wp-content\/uploads\/2025\/08\/profill-Solir-768x761.jpg\",\"contentUrl\":\"https:\/\/grotta.is\/wp-content\/uploads\/2025\/08\/profill-Solir-768x761.jpg\"},{\"@type\":\"BreadcrumbList\",\"@id\":\"https:\/\/grotta.is\/upplysingar-fimleikadeild\/#breadcrumb\",\"itemListElement\":[{\"@type\":\"ListItem\",\"position\":1,\"name\":\"Home\",\"item\":\"https:\/\/grotta.is\/\"},{\"@type\":\"ListItem\",\"position\":2,\"name\":\"Uppl\u00fdsingar Fimleikadeild\"}]},{\"@type\":\"WebSite\",\"@id\":\"https:\/\/grotta.is\/#website\",\"url\":\"https:\/\/grotta.is\/\",\"name\":\"\u00cd\u00fer\u00f3ttaf\u00e9lagi\u00f0 Gr\u00f3tta\",\"description\":\"\u00e1 Seltjarnarnesi\",\"publisher\":{\"@id\":\"https:\/\/grotta.is\/#organization\"},\"potentialAction\":[{\"@type\":\"SearchAction\",\"target\":{\"@type\":\"EntryPoint\",\"urlTemplate\":\"https:\/\/grotta.is\/?s={search_term_string}\"},\"query-input\":{\"@type\":\"PropertyValueSpecification\",\"valueRequired\":true,\"valueName\":\"search_term_string\"}}],\"inLanguage\":\"en-US\"},{\"@type\":\"Organization\",\"@id\":\"https:\/\/grotta.is\/#organization\",\"name\":\"\u00cd\u00fer\u00f3ttaf\u00e9lagi\u00f0 Gr\u00f3tta\",\"url\":\"https:\/\/grotta.is\/\",\"logo\":{\"@type\":\"ImageObject\",\"inLanguage\":\"en-US\",\"@id\":\"https:\/\/grotta.is\/#\/schema\/logo\/image\/\",\"url\":\"https:\/\/grotta.is\/wp-content\/uploads\/2020\/02\/ithrottafelagidgrotta_logo_512x512_transparent.png\",\"contentUrl\":\"https:\/\/grotta.is\/wp-content\/uploads\/2020\/02\/ithrottafelagidgrotta_logo_512x512_transparent.png\",\"width\":512,\"height\":512,\"caption\":\"\u00cd\u00fer\u00f3ttaf\u00e9lagi\u00f0 Gr\u00f3tta\"},\"image\":{\"@id\":\"https:\/\/grotta.is\/#\/schema\/logo\/image\/\"},\"sameAs\":[\"https:\/\/www.facebook.com\/grottasport\"]}]}<\/script>\n<!-- \/ Yoast SEO plugin. -->","yoast_head_json":{"title":"Uppl\u00fdsingar Fimleikadeild - \u00cd\u00fer\u00f3ttaf\u00e9lagi\u00f0 Gr\u00f3tta","robots":{"index":"index","follow":"follow","max-snippet":"max-snippet:-1","max-image-preview":"max-image-preview:large","max-video-preview":"max-video-preview:-1"},"canonical":"https:\/\/grotta.is\/en\/upplysingar-fimleikadeild\/","og_locale":"en_US","og_type":"article","og_title":"Uppl\u00fdsingar Fimleikadeild - \u00cd\u00fer\u00f3ttaf\u00e9lagi\u00f0 Gr\u00f3tta","og_description":"Fimleikadeild Gr\u00f3ttu heldur \u00fati fr\u00e1b\u00e6ru og \u00f6flugu \u00ed\u00fer\u00f3ttastarfi. Mikil a\u00f0s\u00f3kn er \u00ed fimleika \u00e1r hvert og \u00fev\u00ed mikilv\u00e6gt a\u00f0 foreldrar fylgist me\u00f0 \u00feegar skr\u00e1ningar hefjast hverju sinni en forskr\u00e1ning \u00ed [&hellip;]","og_url":"https:\/\/grotta.is\/en\/upplysingar-fimleikadeild\/","og_site_name":"\u00cd\u00fer\u00f3ttaf\u00e9lagi\u00f0 Gr\u00f3tta","article_publisher":"https:\/\/www.facebook.com\/grottasport","article_modified_time":"2026-02-26T13:42:45+00:00","og_image":[{"width":1179,"height":1168,"url":"https:\/\/grotta.is\/wp-content\/uploads\/2025\/08\/profill-Solir.jpg","type":"image\/jpeg"}],"twitter_card":"summary_large_image","twitter_misc":{"Est. reading time":"2 minutes"},"schema":{"@context":"https:\/\/schema.org","@graph":[{"@type":"WebPage","@id":"https:\/\/grotta.is\/upplysingar-fimleikadeild\/","url":"https:\/\/grotta.is\/upplysingar-fimleikadeild\/","name":"Uppl\u00fdsingar Fimleikadeild - \u00cd\u00fer\u00f3ttaf\u00e9lagi\u00f0 Gr\u00f3tta","isPartOf":{"@id":"https:\/\/grotta.is\/#website"},"primaryImageOfPage":{"@id":"https:\/\/grotta.is\/upplysingar-fimleikadeild\/#primaryimage"},"image":{"@id":"https:\/\/grotta.is\/upplysingar-fimleikadeild\/#primaryimage"},"thumbnailUrl":"https:\/\/grotta.is\/wp-content\/uploads\/2025\/08\/profill-Solir-768x761.jpg","datePublished":"2025-09-10T10:41:03+00:00","dateModified":"2026-02-26T13:42:45+00:00","breadcrumb":{"@id":"https:\/\/grotta.is\/upplysingar-fimleikadeild\/#breadcrumb"},"inLanguage":"en-US","potentialAction":[{"@type":"ReadAction","target":["https:\/\/grotta.is\/upplysingar-fimleikadeild\/"]}]},{"@type":"ImageObject","inLanguage":"en-US","@id":"https:\/\/grotta.is\/upplysingar-fimleikadeild\/#primaryimage","url":"https:\/\/grotta.is\/wp-content\/uploads\/2025\/08\/profill-Solir-768x761.jpg","contentUrl":"https:\/\/grotta.is\/wp-content\/uploads\/2025\/08\/profill-Solir-768x761.jpg"},{"@type":"BreadcrumbList","@id":"https:\/\/grotta.is\/upplysingar-fimleikadeild\/#breadcrumb","itemListElement":[{"@type":"ListItem","position":1,"name":"Home","item":"https:\/\/grotta.is\/"},{"@type":"ListItem","position":2,"name":"Uppl\u00fdsingar Fimleikadeild"}]},{"@type":"WebSite","@id":"https:\/\/grotta.is\/#website","url":"https:\/\/grotta.is\/","name":"\u00cd\u00fer\u00f3ttaf\u00e9lagi\u00f0 Gr\u00f3tta","description":"\u00e1 Seltjarnarnesi","publisher":{"@id":"https:\/\/grotta.is\/#organization"},"potentialAction":[{"@type":"SearchAction","target":{"@type":"EntryPoint","urlTemplate":"https:\/\/grotta.is\/?s={search_term_string}"},"query-input":{"@type":"PropertyValueSpecification","valueRequired":true,"valueName":"search_term_string"}}],"inLanguage":"en-US"},{"@type":"Organization","@id":"https:\/\/grotta.is\/#organization","name":"\u00cd\u00fer\u00f3ttaf\u00e9lagi\u00f0 Gr\u00f3tta","url":"https:\/\/grotta.is\/","logo":{"@type":"ImageObject","inLanguage":"en-US","@id":"https:\/\/grotta.is\/#\/schema\/logo\/image\/","url":"https:\/\/grotta.is\/wp-content\/uploads\/2020\/02\/ithrottafelagidgrotta_logo_512x512_transparent.png","contentUrl":"https:\/\/grotta.is\/wp-content\/uploads\/2020\/02\/ithrottafelagidgrotta_logo_512x512_transparent.png","width":512,"height":512,"caption":"\u00cd\u00fer\u00f3ttaf\u00e9lagi\u00f0 Gr\u00f3tta"},"image":{"@id":"https:\/\/grotta.is\/#\/schema\/logo\/image\/"},"sameAs":["https:\/\/www.facebook.com\/grottasport"]}]}},"_links":{"self":[{"href":"https:\/\/grotta.is\/en\/wp-json\/wp\/v2\/pages\/575562","targetHints":{"allow":["GET"]}}],"collection":[{"href":"https:\/\/grotta.is\/en\/wp-json\/wp\/v2\/pages"}],"about":[{"href":"https:\/\/grotta.is\/en\/wp-json\/wp\/v2\/types\/page"}],"author":[{"embeddable":true,"href":"https:\/\/grotta.is\/en\/wp-json\/wp\/v2\/users\/22"}],"replies":[{"embeddable":true,"href":"https:\/\/grotta.is\/en\/wp-json\/wp\/v2\/comments?post=575562"}],"version-history":[{"count":13,"href":"https:\/\/grotta.is\/en\/wp-json\/wp\/v2\/pages\/575562\/revisions"}],"predecessor-version":[{"id":576097,"href":"https:\/\/grotta.is\/en\/wp-json\/wp\/v2\/pages\/575562\/revisions\/576097"}],"wp:attachment":[{"href":"https:\/\/grotta.is\/en\/wp-json\/wp\/v2\/media?parent=575562"}],"curies":[{"name":"wp","href":"https:\/\/api.w.org\/{rel}","templated":true}]}}