{"id":575546,"date":"2025-09-08T11:04:20","date_gmt":"2025-09-08T11:04:20","guid":{"rendered":"https:\/\/grotta.is\/?page_id=575546"},"modified":"2025-09-11T14:22:59","modified_gmt":"2025-09-11T14:22:59","slug":"hafa-samband-contact-information","status":"publish","type":"page","link":"https:\/\/grotta.is\/en\/hafa-samband-contact-information\/","title":{"rendered":"Hafa samband \/\/ Contact information"},"content":{"rendered":"<p>Almennar fyrirspurnir \/\/ Common inquiries <\/p><ul class=\"wp-block-list\"><li><a href=\"mailto:grotta@grotta.is\">grotta@grotta.is<\/a><\/li>\n\n<li>561-1133 &#8211; A\u00f0als\u00edmi (H\u00fasver\u00f0ir)<\/li>\n\n<li>570-0150 &#8211; Vivaldi v\u00f6llurinn<\/li><\/ul><hr class=\"wp-block-separator has-alpha-channel-opacity is-style-wide\"\/><p>Knattspyrnudeild \/\/ Football department <\/p><ul class=\"wp-block-list\"><li><a href=\"mailto:magnus@grotta.is\">Magn\u00fas \u00d6rn Helgason &#8211; Yfirma\u00f0ur knattspyrnum\u00e1la<\/a><\/li>\n\n<li><a href=\"mailto:peturmarh@grotta.is\">P\u00e9tur M\u00e1r Har\u00f0arson &#8211; Yfir\u00fej\u00e1lfari<\/a><\/li><\/ul><hr class=\"wp-block-separator has-alpha-channel-opacity is-style-wide\"\/><p>Handknattleiksdeild \/\/ Handball department<\/p><ul class=\"wp-block-list\"><li><a href=\"mailto:andri@grotta.is\">Andri Sigf\u00fasson &#8211; Yfir\u00fej\u00e1lfari<\/a><\/li>\n\n<li><a href=\"mailto:mummi@grotta.is\">Gu\u00f0mundur \u00c1rni Sigf\u00fasson &#8211; Yfir\u00fej\u00e1lfari<\/a><\/li><\/ul><hr class=\"wp-block-separator has-alpha-channel-opacity is-style-wide\"\/><p>Fimleikadeild \/\/ Gymnastics department<\/p><ul class=\"wp-block-list\"><li><a href=\"mailto:fimleikar@grotta.is\">fimleikar@grotta.is<\/a><\/li><\/ul><hr class=\"wp-block-separator has-alpha-channel-opacity is-style-wide\"\/><p>Anna\u00f0 \/\/ Other<\/p><ul class=\"wp-block-list\"><li><a href=\"mailto:frida@grotta.is\">M\u00e1lfr\u00ed\u00f0ur Sigurhansd\u00f3ttir &#8211; Framkv\u00e6mdarstj\u00f3ri<\/a><ul class=\"wp-block-list\"><li>561-1135<\/li>\n\n<li>S\u00edmat\u00edmi: 14:00-16:00 &#8211; M\u00e1n-Fim.<\/li><\/ul><\/li>\n\n<li><a href=\"mailto:reikningar@grotta.is\">Reikningar &#8211; Rukkanir vegna vinnu \u00e1 vegum Gr\u00f3ttu<\/a><\/li>\n\n<li><a href=\"mailto:snaer1996@gmail.com\">Gr\u00f3tta Sund<\/a><\/li>\n\n<li><a href=\"mailto:grotta@frisktilframtidar.com\">Fr\u00edsk \u00ed Gr\u00f3ttu<\/a><\/li>\n\n<li><a href=\"mailto:salur@grotta.is\">Leiga \u00e1 veislusal<\/a><\/li><\/ul><p>Vi\u00f0 bendum einnig \u00e1 Menni s\u00ed\u00f0unnar. Gervigreind sem \u00e1 a\u00f0 geta svara\u00f0 flestum fyrirspurnum. H\u00e6gt er a\u00f0 n\u00e1lgast Menni\u00f0 h\u00e9r \u00e1 s\u00ed\u00f0unni, ni\u00f0ri \u00ed h\u00e6gra horninu. <\/p>","protected":false},"excerpt":{"rendered":"<p>Almennar fyrirspurnir \/\/ Common inquiries Knattspyrnudeild \/\/ Football department Handknattleiksdeild \/\/ Handball department Fimleikadeild \/\/ Gymnastics department Anna\u00f0 \/\/ Other Vi\u00f0 bendum einnig \u00e1 Menni s\u00ed\u00f0unnar. Gervigreind sem \u00e1 a\u00f0 [&hellip;]<\/p>","protected":false},"author":22,"featured_media":0,"parent":0,"menu_order":0,"comment_status":"closed","ping_status":"closed","template":"","meta":{"footnotes":""},"class_list":["post-575546","page","type-page","status-publish","hentry"],"yoast_head":"<!-- This site is optimized with the Yoast SEO plugin v24.3 - https:\/\/yoast.com\/wordpress\/plugins\/seo\/ -->\n<title>Hafa samband \/\/ Contact information - \u00cd\u00fer\u00f3ttaf\u00e9lagi\u00f0 Gr\u00f3tta<\/title>\n<meta name=\"robots\" content=\"index, follow, max-snippet:-1, max-image-preview:large, max-video-preview:-1\" \/>\n<link rel=\"canonical\" href=\"https:\/\/grotta.is\/en\/hafa-samband-contact-information\/\" \/>\n<meta property=\"og:locale\" content=\"en_US\" \/>\n<meta property=\"og:type\" content=\"article\" \/>\n<meta property=\"og:title\" content=\"Hafa samband \/\/ Contact information - \u00cd\u00fer\u00f3ttaf\u00e9lagi\u00f0 Gr\u00f3tta\" \/>\n<meta property=\"og:description\" content=\"Almennar fyrirspurnir \/\/ Common inquiries Knattspyrnudeild \/\/ Football department Handknattleiksdeild \/\/ Handball department Fimleikadeild \/\/ Gymnastics department Anna\u00f0 \/\/ Other Vi\u00f0 bendum einnig \u00e1 Menni s\u00ed\u00f0unnar. Gervigreind sem \u00e1 a\u00f0 [&hellip;]\" \/>\n<meta property=\"og:url\" content=\"https:\/\/grotta.is\/en\/hafa-samband-contact-information\/\" \/>\n<meta property=\"og:site_name\" content=\"\u00cd\u00fer\u00f3ttaf\u00e9lagi\u00f0 Gr\u00f3tta\" \/>\n<meta property=\"article:publisher\" content=\"https:\/\/www.facebook.com\/grottasport\" \/>\n<meta property=\"article:modified_time\" content=\"2025-09-11T14:22:59+00:00\" \/>\n<meta name=\"twitter:card\" content=\"summary_large_image\" \/>\n<meta name=\"twitter:label1\" content=\"Est. reading time\" \/>\n\t<meta name=\"twitter:data1\" content=\"1 minute\" \/>\n<script type=\"application\/ld+json\" class=\"yoast-schema-graph\">{\"@context\":\"https:\/\/schema.org\",\"@graph\":[{\"@type\":\"WebPage\",\"@id\":\"https:\/\/grotta.is\/hafa-samband-contact-information\/\",\"url\":\"https:\/\/grotta.is\/hafa-samband-contact-information\/\",\"name\":\"Hafa samband \/\/ Contact information - \u00cd\u00fer\u00f3ttaf\u00e9lagi\u00f0 Gr\u00f3tta\",\"isPartOf\":{\"@id\":\"https:\/\/grotta.is\/#website\"},\"datePublished\":\"2025-09-08T11:04:20+00:00\",\"dateModified\":\"2025-09-11T14:22:59+00:00\",\"breadcrumb\":{\"@id\":\"https:\/\/grotta.is\/hafa-samband-contact-information\/#breadcrumb\"},\"inLanguage\":\"en-US\",\"potentialAction\":[{\"@type\":\"ReadAction\",\"target\":[\"https:\/\/grotta.is\/hafa-samband-contact-information\/\"]}]},{\"@type\":\"BreadcrumbList\",\"@id\":\"https:\/\/grotta.is\/hafa-samband-contact-information\/#breadcrumb\",\"itemListElement\":[{\"@type\":\"ListItem\",\"position\":1,\"name\":\"Home\",\"item\":\"https:\/\/grotta.is\/\"},{\"@type\":\"ListItem\",\"position\":2,\"name\":\"Hafa samband \/\/ Contact information\"}]},{\"@type\":\"WebSite\",\"@id\":\"https:\/\/grotta.is\/#website\",\"url\":\"https:\/\/grotta.is\/\",\"name\":\"\u00cd\u00fer\u00f3ttaf\u00e9lagi\u00f0 Gr\u00f3tta\",\"description\":\"\u00e1 Seltjarnarnesi\",\"publisher\":{\"@id\":\"https:\/\/grotta.is\/#organization\"},\"potentialAction\":[{\"@type\":\"SearchAction\",\"target\":{\"@type\":\"EntryPoint\",\"urlTemplate\":\"https:\/\/grotta.is\/?s={search_term_string}\"},\"query-input\":{\"@type\":\"PropertyValueSpecification\",\"valueRequired\":true,\"valueName\":\"search_term_string\"}}],\"inLanguage\":\"en-US\"},{\"@type\":\"Organization\",\"@id\":\"https:\/\/grotta.is\/#organization\",\"name\":\"\u00cd\u00fer\u00f3ttaf\u00e9lagi\u00f0 Gr\u00f3tta\",\"url\":\"https:\/\/grotta.is\/\",\"logo\":{\"@type\":\"ImageObject\",\"inLanguage\":\"en-US\",\"@id\":\"https:\/\/grotta.is\/#\/schema\/logo\/image\/\",\"url\":\"https:\/\/grotta.is\/wp-content\/uploads\/2020\/02\/ithrottafelagidgrotta_logo_512x512_transparent.png\",\"contentUrl\":\"https:\/\/grotta.is\/wp-content\/uploads\/2020\/02\/ithrottafelagidgrotta_logo_512x512_transparent.png\",\"width\":512,\"height\":512,\"caption\":\"\u00cd\u00fer\u00f3ttaf\u00e9lagi\u00f0 Gr\u00f3tta\"},\"image\":{\"@id\":\"https:\/\/grotta.is\/#\/schema\/logo\/image\/\"},\"sameAs\":[\"https:\/\/www.facebook.com\/grottasport\"]}]}<\/script>\n<!-- \/ Yoast SEO plugin. -->","yoast_head_json":{"title":"Hafa samband \/\/ Contact information - \u00cd\u00fer\u00f3ttaf\u00e9lagi\u00f0 Gr\u00f3tta","robots":{"index":"index","follow":"follow","max-snippet":"max-snippet:-1","max-image-preview":"max-image-preview:large","max-video-preview":"max-video-preview:-1"},"canonical":"https:\/\/grotta.is\/en\/hafa-samband-contact-information\/","og_locale":"en_US","og_type":"article","og_title":"Hafa samband \/\/ Contact information - \u00cd\u00fer\u00f3ttaf\u00e9lagi\u00f0 Gr\u00f3tta","og_description":"Almennar fyrirspurnir \/\/ Common inquiries Knattspyrnudeild \/\/ Football department Handknattleiksdeild \/\/ Handball department Fimleikadeild \/\/ Gymnastics department Anna\u00f0 \/\/ Other Vi\u00f0 bendum einnig \u00e1 Menni s\u00ed\u00f0unnar. Gervigreind sem \u00e1 a\u00f0 [&hellip;]","og_url":"https:\/\/grotta.is\/en\/hafa-samband-contact-information\/","og_site_name":"\u00cd\u00fer\u00f3ttaf\u00e9lagi\u00f0 Gr\u00f3tta","article_publisher":"https:\/\/www.facebook.com\/grottasport","article_modified_time":"2025-09-11T14:22:59+00:00","twitter_card":"summary_large_image","twitter_misc":{"Est. reading time":"1 minute"},"schema":{"@context":"https:\/\/schema.org","@graph":[{"@type":"WebPage","@id":"https:\/\/grotta.is\/hafa-samband-contact-information\/","url":"https:\/\/grotta.is\/hafa-samband-contact-information\/","name":"Hafa samband \/\/ Contact information - \u00cd\u00fer\u00f3ttaf\u00e9lagi\u00f0 Gr\u00f3tta","isPartOf":{"@id":"https:\/\/grotta.is\/#website"},"datePublished":"2025-09-08T11:04:20+00:00","dateModified":"2025-09-11T14:22:59+00:00","breadcrumb":{"@id":"https:\/\/grotta.is\/hafa-samband-contact-information\/#breadcrumb"},"inLanguage":"en-US","potentialAction":[{"@type":"ReadAction","target":["https:\/\/grotta.is\/hafa-samband-contact-information\/"]}]},{"@type":"BreadcrumbList","@id":"https:\/\/grotta.is\/hafa-samband-contact-information\/#breadcrumb","itemListElement":[{"@type":"ListItem","position":1,"name":"Home","item":"https:\/\/grotta.is\/"},{"@type":"ListItem","position":2,"name":"Hafa samband \/\/ Contact information"}]},{"@type":"WebSite","@id":"https:\/\/grotta.is\/#website","url":"https:\/\/grotta.is\/","name":"\u00cd\u00fer\u00f3ttaf\u00e9lagi\u00f0 Gr\u00f3tta","description":"\u00e1 Seltjarnarnesi","publisher":{"@id":"https:\/\/grotta.is\/#organization"},"potentialAction":[{"@type":"SearchAction","target":{"@type":"EntryPoint","urlTemplate":"https:\/\/grotta.is\/?s={search_term_string}"},"query-input":{"@type":"PropertyValueSpecification","valueRequired":true,"valueName":"search_term_string"}}],"inLanguage":"en-US"},{"@type":"Organization","@id":"https:\/\/grotta.is\/#organization","name":"\u00cd\u00fer\u00f3ttaf\u00e9lagi\u00f0 Gr\u00f3tta","url":"https:\/\/grotta.is\/","logo":{"@type":"ImageObject","inLanguage":"en-US","@id":"https:\/\/grotta.is\/#\/schema\/logo\/image\/","url":"https:\/\/grotta.is\/wp-content\/uploads\/2020\/02\/ithrottafelagidgrotta_logo_512x512_transparent.png","contentUrl":"https:\/\/grotta.is\/wp-content\/uploads\/2020\/02\/ithrottafelagidgrotta_logo_512x512_transparent.png","width":512,"height":512,"caption":"\u00cd\u00fer\u00f3ttaf\u00e9lagi\u00f0 Gr\u00f3tta"},"image":{"@id":"https:\/\/grotta.is\/#\/schema\/logo\/image\/"},"sameAs":["https:\/\/www.facebook.com\/grottasport"]}]}},"_links":{"self":[{"href":"https:\/\/grotta.is\/en\/wp-json\/wp\/v2\/pages\/575546","targetHints":{"allow":["GET"]}}],"collection":[{"href":"https:\/\/grotta.is\/en\/wp-json\/wp\/v2\/pages"}],"about":[{"href":"https:\/\/grotta.is\/en\/wp-json\/wp\/v2\/types\/page"}],"author":[{"embeddable":true,"href":"https:\/\/grotta.is\/en\/wp-json\/wp\/v2\/users\/22"}],"replies":[{"embeddable":true,"href":"https:\/\/grotta.is\/en\/wp-json\/wp\/v2\/comments?post=575546"}],"version-history":[{"count":4,"href":"https:\/\/grotta.is\/en\/wp-json\/wp\/v2\/pages\/575546\/revisions"}],"predecessor-version":[{"id":575605,"href":"https:\/\/grotta.is\/en\/wp-json\/wp\/v2\/pages\/575546\/revisions\/575605"}],"wp:attachment":[{"href":"https:\/\/grotta.is\/en\/wp-json\/wp\/v2\/media?parent=575546"}],"curies":[{"name":"wp","href":"https:\/\/api.w.org\/{rel}","templated":true}]}}