{"id":574324,"date":"2024-12-11T12:00:04","date_gmt":"2024-12-11T12:00:04","guid":{"rendered":"https:\/\/grotta.is\/?page_id=574324"},"modified":"2026-01-29T09:53:27","modified_gmt":"2026-01-29T09:53:27","slug":"utlagdur-kostnadur","status":"publish","type":"page","link":"https:\/\/grotta.is\/en\/utlagdur-kostnadur\/","title":{"rendered":"\u00datlag\u00f0ur kostna\u00f0ur"},"content":{"rendered":"<div data-elementor-type=\"wp-page\" data-elementor-id=\"574324\" class=\"elementor elementor-574324\" data-elementor-post-type=\"page\">\n\t\t\t\t\t\t<section class=\"elementor-section elementor-top-section elementor-element elementor-element-848518d elementor-section-boxed elementor-section-height-default elementor-section-height-default\" data-id=\"848518d\" data-element_type=\"section\">\n\t\t\t\t\t\t<div class=\"elementor-container elementor-column-gap-default\">\n\t\t\t\t\t<div class=\"elementor-column elementor-col-100 elementor-top-column elementor-element elementor-element-9b08073\" data-id=\"9b08073\" data-element_type=\"column\">\n\t\t\t<div class=\"elementor-widget-wrap elementor-element-populated\">\n\t\t\t\t\t\t<div class=\"elementor-element elementor-element-5a095a6 pp-gravity-form-button-custom pp-gravity-form-pagination-buttons-auto elementor-widget elementor-widget-pp-gravity-forms\" data-id=\"5a095a6\" data-element_type=\"widget\" data-widget_type=\"pp-gravity-forms.default\">\n\t\t\t\t<div class=\"elementor-widget-container\">\n\t\t\t\t\t\t\t\t\t<div class=\"pp-contact-form pp-gravity-form\">\n\t\t\t\t\t\t\t\t\t\t\t\t\t\t<\/div>\n\t\t\t\t\t\t\t\t<\/div>\n\t\t\t\t<\/div>\n\t\t\t\t\t<\/div>\n\t\t<\/div>\n\t\t\t\t\t<\/div>\n\t\t<\/section>\n\t\t\t\t<section class=\"elementor-section elementor-top-section elementor-element elementor-element-c7211bc elementor-section-boxed elementor-section-height-default elementor-section-height-default\" data-id=\"c7211bc\" data-element_type=\"section\">\n\t\t\t\t\t\t<div class=\"elementor-container elementor-column-gap-default\">\n\t\t\t\t\t<div class=\"elementor-column elementor-col-100 elementor-top-column elementor-element elementor-element-0073028\" data-id=\"0073028\" data-element_type=\"column\">\n\t\t\t<div class=\"elementor-widget-wrap elementor-element-populated\">\n\t\t\t\t\t\t<div class=\"elementor-element elementor-element-ac37e43 elementor-widget elementor-widget-text-editor\" data-id=\"ac37e43\" data-element_type=\"widget\" data-widget_type=\"text-editor.default\">\n\t\t\t\t<div class=\"elementor-widget-container\">\n\t\t\t\t\t\t\t\t\t<p>Allur \u00fatlag\u00f0ur kostna\u00f0ur \u00e1 vegum Gr\u00f3ttu sendist \u00e1 <a href=\"mailto:reikningar@grotta.is\">reikningar@<span style=\"font-size: 1rem;\">grotta.is<\/span><\/a><\/p><p><span style=\"font-size: 1rem;\"> Ef m\u00f6gulegt er skal senda rafr\u00e6nan XML reikning, en ef ekki \u00fe\u00e1 dugar t\u00f6lvup\u00f3stur.<\/span><\/p><p>Uppl\u00fdsingar sem \u00feurfa a\u00f0 fylgja me\u00f0 svo h\u00e6gt s\u00e9 a\u00f0 afgrei\u00f0a fyrirspurn:<\/p><ul><li>\u00datsk\u00fdring \u00e1 tilkomu kostna\u00f0ar<\/li><li>\u00c1 hva\u00f0a deild \u00e1 kostna\u00f0urinn a\u00f0 fara?<ul><li>Organization board<\/li><li>Knattspyrna &#8211; Meistaraflokkar<\/li><li>Knattspyrna &#8211; Barna- og unglingar\u00e1\u00f0<\/li><li>Handbolti &#8211; Meistaraflokkar<\/li><li>Handbolti &#8211; Barna- og unglingar\u00e1\u00f0<\/li><li>Fimleikar<\/li><li>Anna\u00f0 (\u00fatsk\u00fdra \u00fe\u00e1 fyrir hvern kostna\u00f0urinn er)<\/li><\/ul><\/li><li>Fullt nafn<\/li><li>Bankareikningur sem leggja skal inn \u00e1<\/li><li>Kennitala eiganda bankareiknings<\/li><li>Upph\u00e6\u00f0 samkv\u00e6mt vi\u00f0hengdri kvittun<\/li><li>Afrit af kvittun\/reikning<\/li><\/ul><p>Almennt er unni\u00f0 \u00far reikningum um m\u00e1na\u00f0arm\u00f3t, \u00e1samt 10. og 20. hvers m\u00e1na\u00f0ar.<\/p>\t\t\t\t\t\t\t\t<\/div>\n\t\t\t\t<\/div>\n\t\t\t\t\t<\/div>\n\t\t<\/div>\n\t\t\t\t\t<\/div>\n\t\t<\/section>\n\t\t\t\t<\/div>","protected":false},"excerpt":{"rendered":"<p>Allur \u00fatlag\u00f0ur kostna\u00f0ur \u00e1 vegum Gr\u00f3ttu sendist \u00e1 reikningar@grotta.is Ef m\u00f6gulegt er skal senda rafr\u00e6nan XML reikning, en ef ekki \u00fe\u00e1 dugar t\u00f6lvup\u00f3stur. Uppl\u00fdsingar sem \u00feurfa a\u00f0 fylgja me\u00f0 svo [&hellip;]<\/p>","protected":false},"author":16,"featured_media":0,"parent":0,"menu_order":0,"comment_status":"closed","ping_status":"closed","template":"","meta":{"footnotes":""},"class_list":["post-574324","page","type-page","status-publish","hentry"],"yoast_head":"<!-- This site is optimized with the Yoast SEO plugin v24.3 - https:\/\/yoast.com\/wordpress\/plugins\/seo\/ -->\n<title>\u00datlag\u00f0ur kostna\u00f0ur - \u00cd\u00fer\u00f3ttaf\u00e9lagi\u00f0 Gr\u00f3tta<\/title>\n<meta name=\"robots\" content=\"index, follow, max-snippet:-1, max-image-preview:large, max-video-preview:-1\" \/>\n<link rel=\"canonical\" href=\"https:\/\/grotta.is\/en\/utlagdur-kostnadur\/\" \/>\n<meta property=\"og:locale\" content=\"en_US\" \/>\n<meta property=\"og:type\" content=\"article\" \/>\n<meta property=\"og:title\" content=\"\u00datlag\u00f0ur kostna\u00f0ur - \u00cd\u00fer\u00f3ttaf\u00e9lagi\u00f0 Gr\u00f3tta\" \/>\n<meta property=\"og:description\" content=\"Allur \u00fatlag\u00f0ur kostna\u00f0ur \u00e1 vegum Gr\u00f3ttu sendist \u00e1 reikningar@grotta.is Ef m\u00f6gulegt er skal senda rafr\u00e6nan XML reikning, en ef ekki \u00fe\u00e1 dugar t\u00f6lvup\u00f3stur. Uppl\u00fdsingar sem \u00feurfa a\u00f0 fylgja me\u00f0 svo [&hellip;]\" \/>\n<meta property=\"og:url\" content=\"https:\/\/grotta.is\/en\/utlagdur-kostnadur\/\" \/>\n<meta property=\"og:site_name\" content=\"\u00cd\u00fer\u00f3ttaf\u00e9lagi\u00f0 Gr\u00f3tta\" \/>\n<meta property=\"article:publisher\" content=\"https:\/\/www.facebook.com\/grottasport\" \/>\n<meta property=\"article:modified_time\" content=\"2026-01-29T09:53:27+00:00\" \/>\n<meta name=\"twitter:card\" content=\"summary_large_image\" \/>\n<meta name=\"twitter:label1\" content=\"Est. reading time\" \/>\n\t<meta name=\"twitter:data1\" content=\"1 minute\" \/>\n<script type=\"application\/ld+json\" class=\"yoast-schema-graph\">{\"@context\":\"https:\/\/schema.org\",\"@graph\":[{\"@type\":\"WebPage\",\"@id\":\"https:\/\/grotta.is\/utlagdur-kostnadur\/\",\"url\":\"https:\/\/grotta.is\/utlagdur-kostnadur\/\",\"name\":\"\u00datlag\u00f0ur kostna\u00f0ur - \u00cd\u00fer\u00f3ttaf\u00e9lagi\u00f0 Gr\u00f3tta\",\"isPartOf\":{\"@id\":\"https:\/\/grotta.is\/#website\"},\"datePublished\":\"2024-12-11T12:00:04+00:00\",\"dateModified\":\"2026-01-29T09:53:27+00:00\",\"breadcrumb\":{\"@id\":\"https:\/\/grotta.is\/utlagdur-kostnadur\/#breadcrumb\"},\"inLanguage\":\"en-US\",\"potentialAction\":[{\"@type\":\"ReadAction\",\"target\":[\"https:\/\/grotta.is\/utlagdur-kostnadur\/\"]}]},{\"@type\":\"BreadcrumbList\",\"@id\":\"https:\/\/grotta.is\/utlagdur-kostnadur\/#breadcrumb\",\"itemListElement\":[{\"@type\":\"ListItem\",\"position\":1,\"name\":\"Home\",\"item\":\"https:\/\/grotta.is\/\"},{\"@type\":\"ListItem\",\"position\":2,\"name\":\"\u00datlag\u00f0ur kostna\u00f0ur\"}]},{\"@type\":\"WebSite\",\"@id\":\"https:\/\/grotta.is\/#website\",\"url\":\"https:\/\/grotta.is\/\",\"name\":\"\u00cd\u00fer\u00f3ttaf\u00e9lagi\u00f0 Gr\u00f3tta\",\"description\":\"\u00e1 Seltjarnarnesi\",\"publisher\":{\"@id\":\"https:\/\/grotta.is\/#organization\"},\"potentialAction\":[{\"@type\":\"SearchAction\",\"target\":{\"@type\":\"EntryPoint\",\"urlTemplate\":\"https:\/\/grotta.is\/?s={search_term_string}\"},\"query-input\":{\"@type\":\"PropertyValueSpecification\",\"valueRequired\":true,\"valueName\":\"search_term_string\"}}],\"inLanguage\":\"en-US\"},{\"@type\":\"Organization\",\"@id\":\"https:\/\/grotta.is\/#organization\",\"name\":\"\u00cd\u00fer\u00f3ttaf\u00e9lagi\u00f0 Gr\u00f3tta\",\"url\":\"https:\/\/grotta.is\/\",\"logo\":{\"@type\":\"ImageObject\",\"inLanguage\":\"en-US\",\"@id\":\"https:\/\/grotta.is\/#\/schema\/logo\/image\/\",\"url\":\"https:\/\/grotta.is\/wp-content\/uploads\/2020\/02\/ithrottafelagidgrotta_logo_512x512_transparent.png\",\"contentUrl\":\"https:\/\/grotta.is\/wp-content\/uploads\/2020\/02\/ithrottafelagidgrotta_logo_512x512_transparent.png\",\"width\":512,\"height\":512,\"caption\":\"\u00cd\u00fer\u00f3ttaf\u00e9lagi\u00f0 Gr\u00f3tta\"},\"image\":{\"@id\":\"https:\/\/grotta.is\/#\/schema\/logo\/image\/\"},\"sameAs\":[\"https:\/\/www.facebook.com\/grottasport\"]}]}<\/script>\n<!-- \/ Yoast SEO plugin. -->","yoast_head_json":{"title":"\u00datlag\u00f0ur kostna\u00f0ur - \u00cd\u00fer\u00f3ttaf\u00e9lagi\u00f0 Gr\u00f3tta","robots":{"index":"index","follow":"follow","max-snippet":"max-snippet:-1","max-image-preview":"max-image-preview:large","max-video-preview":"max-video-preview:-1"},"canonical":"https:\/\/grotta.is\/en\/utlagdur-kostnadur\/","og_locale":"en_US","og_type":"article","og_title":"\u00datlag\u00f0ur kostna\u00f0ur - \u00cd\u00fer\u00f3ttaf\u00e9lagi\u00f0 Gr\u00f3tta","og_description":"Allur \u00fatlag\u00f0ur kostna\u00f0ur \u00e1 vegum Gr\u00f3ttu sendist \u00e1 reikningar@grotta.is Ef m\u00f6gulegt er skal senda rafr\u00e6nan XML reikning, en ef ekki \u00fe\u00e1 dugar t\u00f6lvup\u00f3stur. Uppl\u00fdsingar sem \u00feurfa a\u00f0 fylgja me\u00f0 svo [&hellip;]","og_url":"https:\/\/grotta.is\/en\/utlagdur-kostnadur\/","og_site_name":"\u00cd\u00fer\u00f3ttaf\u00e9lagi\u00f0 Gr\u00f3tta","article_publisher":"https:\/\/www.facebook.com\/grottasport","article_modified_time":"2026-01-29T09:53:27+00:00","twitter_card":"summary_large_image","twitter_misc":{"Est. reading time":"1 minute"},"schema":{"@context":"https:\/\/schema.org","@graph":[{"@type":"WebPage","@id":"https:\/\/grotta.is\/utlagdur-kostnadur\/","url":"https:\/\/grotta.is\/utlagdur-kostnadur\/","name":"\u00datlag\u00f0ur kostna\u00f0ur - \u00cd\u00fer\u00f3ttaf\u00e9lagi\u00f0 Gr\u00f3tta","isPartOf":{"@id":"https:\/\/grotta.is\/#website"},"datePublished":"2024-12-11T12:00:04+00:00","dateModified":"2026-01-29T09:53:27+00:00","breadcrumb":{"@id":"https:\/\/grotta.is\/utlagdur-kostnadur\/#breadcrumb"},"inLanguage":"en-US","potentialAction":[{"@type":"ReadAction","target":["https:\/\/grotta.is\/utlagdur-kostnadur\/"]}]},{"@type":"BreadcrumbList","@id":"https:\/\/grotta.is\/utlagdur-kostnadur\/#breadcrumb","itemListElement":[{"@type":"ListItem","position":1,"name":"Home","item":"https:\/\/grotta.is\/"},{"@type":"ListItem","position":2,"name":"\u00datlag\u00f0ur kostna\u00f0ur"}]},{"@type":"WebSite","@id":"https:\/\/grotta.is\/#website","url":"https:\/\/grotta.is\/","name":"\u00cd\u00fer\u00f3ttaf\u00e9lagi\u00f0 Gr\u00f3tta","description":"\u00e1 Seltjarnarnesi","publisher":{"@id":"https:\/\/grotta.is\/#organization"},"potentialAction":[{"@type":"SearchAction","target":{"@type":"EntryPoint","urlTemplate":"https:\/\/grotta.is\/?s={search_term_string}"},"query-input":{"@type":"PropertyValueSpecification","valueRequired":true,"valueName":"search_term_string"}}],"inLanguage":"en-US"},{"@type":"Organization","@id":"https:\/\/grotta.is\/#organization","name":"\u00cd\u00fer\u00f3ttaf\u00e9lagi\u00f0 Gr\u00f3tta","url":"https:\/\/grotta.is\/","logo":{"@type":"ImageObject","inLanguage":"en-US","@id":"https:\/\/grotta.is\/#\/schema\/logo\/image\/","url":"https:\/\/grotta.is\/wp-content\/uploads\/2020\/02\/ithrottafelagidgrotta_logo_512x512_transparent.png","contentUrl":"https:\/\/grotta.is\/wp-content\/uploads\/2020\/02\/ithrottafelagidgrotta_logo_512x512_transparent.png","width":512,"height":512,"caption":"\u00cd\u00fer\u00f3ttaf\u00e9lagi\u00f0 Gr\u00f3tta"},"image":{"@id":"https:\/\/grotta.is\/#\/schema\/logo\/image\/"},"sameAs":["https:\/\/www.facebook.com\/grottasport"]}]}},"_links":{"self":[{"href":"https:\/\/grotta.is\/en\/wp-json\/wp\/v2\/pages\/574324","targetHints":{"allow":["GET"]}}],"collection":[{"href":"https:\/\/grotta.is\/en\/wp-json\/wp\/v2\/pages"}],"about":[{"href":"https:\/\/grotta.is\/en\/wp-json\/wp\/v2\/types\/page"}],"author":[{"embeddable":true,"href":"https:\/\/grotta.is\/en\/wp-json\/wp\/v2\/users\/16"}],"replies":[{"embeddable":true,"href":"https:\/\/grotta.is\/en\/wp-json\/wp\/v2\/comments?post=574324"}],"version-history":[{"count":10,"href":"https:\/\/grotta.is\/en\/wp-json\/wp\/v2\/pages\/574324\/revisions"}],"predecessor-version":[{"id":575979,"href":"https:\/\/grotta.is\/en\/wp-json\/wp\/v2\/pages\/574324\/revisions\/575979"}],"wp:attachment":[{"href":"https:\/\/grotta.is\/en\/wp-json\/wp\/v2\/media?parent=574324"}],"curies":[{"name":"wp","href":"https:\/\/api.w.org\/{rel}","templated":true}]}}