{"id":574196,"date":"2024-12-10T10:42:24","date_gmt":"2024-12-10T10:42:24","guid":{"rendered":"https:\/\/grotta.is\/?page_id=574196"},"modified":"2024-12-10T10:45:50","modified_gmt":"2024-12-10T10:45:50","slug":"aefingagjold","status":"publish","type":"page","link":"https:\/\/grotta.is\/en\/aefingagjold\/","title":{"rendered":"\u00c6fingagj\u00f6ld"},"content":{"rendered":"<div data-elementor-type=\"wp-page\" data-elementor-id=\"574196\" class=\"elementor elementor-574196\" data-elementor-post-type=\"page\">\n\t\t\t\t\t\t<section class=\"elementor-section elementor-top-section elementor-element elementor-element-f6e6629 elementor-section-boxed elementor-section-height-default elementor-section-height-default\" data-id=\"f6e6629\" data-element_type=\"section\">\n\t\t\t\t\t\t<div class=\"elementor-container elementor-column-gap-default\">\n\t\t\t\t\t<div class=\"elementor-column elementor-col-33 elementor-top-column elementor-element elementor-element-79d4c0b\" data-id=\"79d4c0b\" data-element_type=\"column\">\n\t\t\t<div class=\"elementor-widget-wrap elementor-element-populated\">\n\t\t\t\t\t\t<div class=\"elementor-element elementor-element-a5abdf1 elementor-widget elementor-widget-image\" data-id=\"a5abdf1\" data-element_type=\"widget\" data-widget_type=\"image.default\">\n\t\t\t\t<div class=\"elementor-widget-container\">\n\t\t\t\t\t\t\t\t\t\t\t\t\t\t\t<img fetchpriority=\"high\" decoding=\"async\" width=\"1024\" height=\"689\" src=\"https:\/\/grotta.is\/wp-content\/uploads\/2024\/06\/fimleikar-grotta-thjalfari-2-1024x689.jpg\" class=\"attachment-large size-large wp-image-573191\" alt=\"\" srcset=\"https:\/\/grotta.is\/wp-content\/uploads\/2024\/06\/fimleikar-grotta-thjalfari-2-1024x689.jpg 1024w, https:\/\/grotta.is\/wp-content\/uploads\/2024\/06\/fimleikar-grotta-thjalfari-2-300x202.jpg 300w, https:\/\/grotta.is\/wp-content\/uploads\/2024\/06\/fimleikar-grotta-thjalfari-2-768x517.jpg 768w, https:\/\/grotta.is\/wp-content\/uploads\/2024\/06\/fimleikar-grotta-thjalfari-2-18x12.jpg 18w, https:\/\/grotta.is\/wp-content\/uploads\/2024\/06\/fimleikar-grotta-thjalfari-2-600x404.jpg 600w, https:\/\/grotta.is\/wp-content\/uploads\/2024\/06\/fimleikar-grotta-thjalfari-2.jpg 1513w\" sizes=\"(max-width: 1024px) 100vw, 1024px\" \/>\t\t\t\t\t\t\t\t\t\t\t\t\t\t\t<\/div>\n\t\t\t\t<\/div>\n\t\t\t\t<div class=\"elementor-element elementor-element-51f8443 elementor-widget elementor-widget-heading\" data-id=\"51f8443\" data-element_type=\"widget\" data-widget_type=\"heading.default\">\n\t\t\t\t<div class=\"elementor-widget-container\">\n\t\t\t\t\t<h2 class=\"elementor-heading-title elementor-size-default\"><a href=\"https:\/\/grotta.is\/en\/fimleikadeild\/aefingagjold\/\">Fimleikar<\/a><\/h2>\t\t\t\t<\/div>\n\t\t\t\t<\/div>\n\t\t\t\t<div class=\"elementor-element elementor-element-da09dda elementor-button-info elementor-align-justify elementor-widget elementor-widget-button\" data-id=\"da09dda\" data-element_type=\"widget\" data-widget_type=\"button.default\">\n\t\t\t\t<div class=\"elementor-widget-container\">\n\t\t\t\t\t\t\t\t\t<div class=\"elementor-button-wrapper\">\n\t\t\t\t\t<a class=\"elementor-button elementor-button-link elementor-size-sm\" href=\"https:\/\/grotta.is\/en\/fimleikadeild\/aefingagjold\/\">\n\t\t\t\t\t\t<span class=\"elementor-button-content-wrapper\">\n\t\t\t\t\t\t\t\t\t<span class=\"elementor-button-text\">SKO\u00d0A H\u00c9R<\/span>\n\t\t\t\t\t<\/span>\n\t\t\t\t\t<\/a>\n\t\t\t\t<\/div>\n\t\t\t\t\t\t\t\t<\/div>\n\t\t\t\t<\/div>\n\t\t\t\t\t<\/div>\n\t\t<\/div>\n\t\t\t\t<div class=\"elementor-column elementor-col-33 elementor-top-column elementor-element elementor-element-86c8e73\" data-id=\"86c8e73\" data-element_type=\"column\">\n\t\t\t<div class=\"elementor-widget-wrap elementor-element-populated\">\n\t\t\t\t\t\t<div class=\"elementor-element elementor-element-1754d76 elementor-widget elementor-widget-image\" data-id=\"1754d76\" data-element_type=\"widget\" data-widget_type=\"image.default\">\n\t\t\t\t<div class=\"elementor-widget-container\">\n\t\t\t\t\t\t\t\t\t\t\t\t\t\t\t<img decoding=\"async\" width=\"1024\" height=\"683\" data-src=\"https:\/\/grotta.is\/wp-content\/uploads\/2024\/02\/Mynd-handbolti-kvk-1024x683.jpg\" class=\"attachment-large size-large wp-image-562413 lazyload\" alt=\"\" data-srcset=\"https:\/\/grotta.is\/wp-content\/uploads\/2024\/02\/Mynd-handbolti-kvk-1024x683.jpg 1024w, https:\/\/grotta.is\/wp-content\/uploads\/2024\/02\/Mynd-handbolti-kvk-300x200.jpg 300w, https:\/\/grotta.is\/wp-content\/uploads\/2024\/02\/Mynd-handbolti-kvk-768x512.jpg 768w, https:\/\/grotta.is\/wp-content\/uploads\/2024\/02\/Mynd-handbolti-kvk-1536x1025.jpg 1536w, https:\/\/grotta.is\/wp-content\/uploads\/2024\/02\/Mynd-handbolti-kvk-18x12.jpg 18w, https:\/\/grotta.is\/wp-content\/uploads\/2024\/02\/Mynd-handbolti-kvk-600x400.jpg 600w, https:\/\/grotta.is\/wp-content\/uploads\/2024\/02\/Mynd-handbolti-kvk.jpg 2048w\" data-sizes=\"(max-width: 1024px) 100vw, 1024px\" src=\"data:image\/gif;base64,R0lGODlhAQABAAAAACH5BAEKAAEALAAAAAABAAEAAAICTAEAOw==\" style=\"--smush-placeholder-width: 1024px; --smush-placeholder-aspect-ratio: 1024\/683;\" \/>\t\t\t\t\t\t\t\t\t\t\t\t\t\t\t<\/div>\n\t\t\t\t<\/div>\n\t\t\t\t<div class=\"elementor-element elementor-element-7db6e35 elementor-widget elementor-widget-heading\" data-id=\"7db6e35\" data-element_type=\"widget\" data-widget_type=\"heading.default\">\n\t\t\t\t<div class=\"elementor-widget-container\">\n\t\t\t\t\t<h2 class=\"elementor-heading-title elementor-size-default\"><a href=\"https:\/\/grotta.is\/en\/handknattleiksdeild\/aefingagjold\/\">Handbolti<\/a><\/h2>\t\t\t\t<\/div>\n\t\t\t\t<\/div>\n\t\t\t\t<div class=\"elementor-element elementor-element-4198d0e elementor-button-info elementor-align-justify elementor-widget elementor-widget-button\" data-id=\"4198d0e\" data-element_type=\"widget\" data-widget_type=\"button.default\">\n\t\t\t\t<div class=\"elementor-widget-container\">\n\t\t\t\t\t\t\t\t\t<div class=\"elementor-button-wrapper\">\n\t\t\t\t\t<a class=\"elementor-button elementor-button-link elementor-size-sm\" href=\"https:\/\/grotta.is\/en\/handknattleiksdeild\/aefingagjold\/\">\n\t\t\t\t\t\t<span class=\"elementor-button-content-wrapper\">\n\t\t\t\t\t\t\t\t\t<span class=\"elementor-button-text\">SKO\u00d0A H\u00c9R<\/span>\n\t\t\t\t\t<\/span>\n\t\t\t\t\t<\/a>\n\t\t\t\t<\/div>\n\t\t\t\t\t\t\t\t<\/div>\n\t\t\t\t<\/div>\n\t\t\t\t\t<\/div>\n\t\t<\/div>\n\t\t\t\t<div class=\"elementor-column elementor-col-33 elementor-top-column elementor-element elementor-element-505fad5\" data-id=\"505fad5\" data-element_type=\"column\">\n\t\t\t<div class=\"elementor-widget-wrap elementor-element-populated\">\n\t\t\t\t\t\t<div class=\"elementor-element elementor-element-dfcb878 elementor-widget elementor-widget-image\" data-id=\"dfcb878\" data-element_type=\"widget\" data-widget_type=\"image.default\">\n\t\t\t\t<div class=\"elementor-widget-container\">\n\t\t\t\t\t\t\t\t\t\t\t\t\t\t\t<img decoding=\"async\" width=\"1024\" height=\"734\" data-src=\"https:\/\/grotta.is\/wp-content\/uploads\/2022\/07\/grotta_7flokkur_kk_knattspyrna_sumar_2022_5-1024x734.jpg\" class=\"attachment-large size-large wp-image-385613 lazyload\" alt=\"\" data-srcset=\"https:\/\/grotta.is\/wp-content\/uploads\/2022\/07\/grotta_7flokkur_kk_knattspyrna_sumar_2022_5-1024x734.jpg 1024w, https:\/\/grotta.is\/wp-content\/uploads\/2022\/07\/grotta_7flokkur_kk_knattspyrna_sumar_2022_5-300x215.jpg 300w, https:\/\/grotta.is\/wp-content\/uploads\/2022\/07\/grotta_7flokkur_kk_knattspyrna_sumar_2022_5-768x550.jpg 768w, https:\/\/grotta.is\/wp-content\/uploads\/2022\/07\/grotta_7flokkur_kk_knattspyrna_sumar_2022_5-18x12.jpg 18w, https:\/\/grotta.is\/wp-content\/uploads\/2022\/07\/grotta_7flokkur_kk_knattspyrna_sumar_2022_5-600x430.jpg 600w, https:\/\/grotta.is\/wp-content\/uploads\/2022\/07\/grotta_7flokkur_kk_knattspyrna_sumar_2022_5.jpg 1440w\" data-sizes=\"(max-width: 1024px) 100vw, 1024px\" src=\"data:image\/gif;base64,R0lGODlhAQABAAAAACH5BAEKAAEALAAAAAABAAEAAAICTAEAOw==\" style=\"--smush-placeholder-width: 1024px; --smush-placeholder-aspect-ratio: 1024\/734;\" \/>\t\t\t\t\t\t\t\t\t\t\t\t\t\t\t<\/div>\n\t\t\t\t<\/div>\n\t\t\t\t<div class=\"elementor-element elementor-element-a1deec9 elementor-widget elementor-widget-heading\" data-id=\"a1deec9\" data-element_type=\"widget\" data-widget_type=\"heading.default\">\n\t\t\t\t<div class=\"elementor-widget-container\">\n\t\t\t\t\t<h2 class=\"elementor-heading-title elementor-size-default\"><a href=\"https:\/\/grotta.is\/en\/knattspyrnudeild\/aefingagjold\/\">Knattspyrna<\/a><\/h2>\t\t\t\t<\/div>\n\t\t\t\t<\/div>\n\t\t\t\t<div class=\"elementor-element elementor-element-45f8e5e elementor-button-info elementor-align-justify elementor-widget elementor-widget-button\" data-id=\"45f8e5e\" data-element_type=\"widget\" data-widget_type=\"button.default\">\n\t\t\t\t<div class=\"elementor-widget-container\">\n\t\t\t\t\t\t\t\t\t<div class=\"elementor-button-wrapper\">\n\t\t\t\t\t<a class=\"elementor-button elementor-button-link elementor-size-sm\" href=\"https:\/\/grotta.is\/en\/knattspyrnudeild\/aefingagjold\/\">\n\t\t\t\t\t\t<span class=\"elementor-button-content-wrapper\">\n\t\t\t\t\t\t\t\t\t<span class=\"elementor-button-text\">SKO\u00d0A H\u00c9R<\/span>\n\t\t\t\t\t<\/span>\n\t\t\t\t\t<\/a>\n\t\t\t\t<\/div>\n\t\t\t\t\t\t\t\t<\/div>\n\t\t\t\t<\/div>\n\t\t\t\t\t<\/div>\n\t\t<\/div>\n\t\t\t\t\t<\/div>\n\t\t<\/section>\n\t\t\t\t<\/div>","protected":false},"excerpt":{"rendered":"<p>Fimleikar SKO\u00d0A H\u00c9R Handbolti SKO\u00d0A H\u00c9R Knattspyrna SKO\u00d0A H\u00c9R<\/p>","protected":false},"author":16,"featured_media":0,"parent":0,"menu_order":0,"comment_status":"closed","ping_status":"closed","template":"","meta":{"footnotes":""},"class_list":["post-574196","page","type-page","status-publish","hentry"],"yoast_head":"<!-- This site is optimized with the Yoast SEO plugin v24.3 - https:\/\/yoast.com\/wordpress\/plugins\/seo\/ -->\n<title>\u00c6fingagj\u00f6ld - \u00cd\u00fer\u00f3ttaf\u00e9lagi\u00f0 Gr\u00f3tta<\/title>\n<meta name=\"robots\" content=\"index, follow, max-snippet:-1, max-image-preview:large, max-video-preview:-1\" \/>\n<link rel=\"canonical\" href=\"https:\/\/grotta.is\/en\/aefingagjold\/\" \/>\n<meta property=\"og:locale\" content=\"en_US\" \/>\n<meta property=\"og:type\" content=\"article\" \/>\n<meta property=\"og:title\" content=\"\u00c6fingagj\u00f6ld - \u00cd\u00fer\u00f3ttaf\u00e9lagi\u00f0 Gr\u00f3tta\" \/>\n<meta property=\"og:description\" content=\"Fimleikar SKO\u00d0A H\u00c9R Handbolti SKO\u00d0A H\u00c9R Knattspyrna SKO\u00d0A H\u00c9R\" \/>\n<meta property=\"og:url\" content=\"https:\/\/grotta.is\/en\/aefingagjold\/\" \/>\n<meta property=\"og:site_name\" content=\"\u00cd\u00fer\u00f3ttaf\u00e9lagi\u00f0 Gr\u00f3tta\" \/>\n<meta property=\"article:publisher\" content=\"https:\/\/www.facebook.com\/grottasport\" \/>\n<meta property=\"article:modified_time\" content=\"2024-12-10T10:45:50+00:00\" \/>\n<meta property=\"og:image\" content=\"https:\/\/grotta.is\/wp-content\/uploads\/2024\/06\/fimleikar-grotta-thjalfari-2-1024x689.jpg\" \/>\n<meta name=\"twitter:card\" content=\"summary_large_image\" \/>\n<meta name=\"twitter:label1\" content=\"Est. reading time\" \/>\n\t<meta name=\"twitter:data1\" content=\"1 minute\" \/>\n<script type=\"application\/ld+json\" class=\"yoast-schema-graph\">{\"@context\":\"https:\/\/schema.org\",\"@graph\":[{\"@type\":\"WebPage\",\"@id\":\"https:\/\/grotta.is\/aefingagjold\/\",\"url\":\"https:\/\/grotta.is\/aefingagjold\/\",\"name\":\"\u00c6fingagj\u00f6ld - \u00cd\u00fer\u00f3ttaf\u00e9lagi\u00f0 Gr\u00f3tta\",\"isPartOf\":{\"@id\":\"https:\/\/grotta.is\/#website\"},\"primaryImageOfPage\":{\"@id\":\"https:\/\/grotta.is\/aefingagjold\/#primaryimage\"},\"image\":{\"@id\":\"https:\/\/grotta.is\/aefingagjold\/#primaryimage\"},\"thumbnailUrl\":\"https:\/\/grotta.is\/wp-content\/uploads\/2024\/06\/fimleikar-grotta-thjalfari-2-1024x689.jpg\",\"datePublished\":\"2024-12-10T10:42:24+00:00\",\"dateModified\":\"2024-12-10T10:45:50+00:00\",\"breadcrumb\":{\"@id\":\"https:\/\/grotta.is\/aefingagjold\/#breadcrumb\"},\"inLanguage\":\"en-US\",\"potentialAction\":[{\"@type\":\"ReadAction\",\"target\":[\"https:\/\/grotta.is\/aefingagjold\/\"]}]},{\"@type\":\"ImageObject\",\"inLanguage\":\"en-US\",\"@id\":\"https:\/\/grotta.is\/aefingagjold\/#primaryimage\",\"url\":\"https:\/\/grotta.is\/wp-content\/uploads\/2024\/06\/fimleikar-grotta-thjalfari-2-1024x689.jpg\",\"contentUrl\":\"https:\/\/grotta.is\/wp-content\/uploads\/2024\/06\/fimleikar-grotta-thjalfari-2-1024x689.jpg\"},{\"@type\":\"BreadcrumbList\",\"@id\":\"https:\/\/grotta.is\/aefingagjold\/#breadcrumb\",\"itemListElement\":[{\"@type\":\"ListItem\",\"position\":1,\"name\":\"Home\",\"item\":\"https:\/\/grotta.is\/\"},{\"@type\":\"ListItem\",\"position\":2,\"name\":\"\u00c6fingagj\u00f6ld\"}]},{\"@type\":\"WebSite\",\"@id\":\"https:\/\/grotta.is\/#website\",\"url\":\"https:\/\/grotta.is\/\",\"name\":\"\u00cd\u00fer\u00f3ttaf\u00e9lagi\u00f0 Gr\u00f3tta\",\"description\":\"\u00e1 Seltjarnarnesi\",\"publisher\":{\"@id\":\"https:\/\/grotta.is\/#organization\"},\"potentialAction\":[{\"@type\":\"SearchAction\",\"target\":{\"@type\":\"EntryPoint\",\"urlTemplate\":\"https:\/\/grotta.is\/?s={search_term_string}\"},\"query-input\":{\"@type\":\"PropertyValueSpecification\",\"valueRequired\":true,\"valueName\":\"search_term_string\"}}],\"inLanguage\":\"en-US\"},{\"@type\":\"Organization\",\"@id\":\"https:\/\/grotta.is\/#organization\",\"name\":\"\u00cd\u00fer\u00f3ttaf\u00e9lagi\u00f0 Gr\u00f3tta\",\"url\":\"https:\/\/grotta.is\/\",\"logo\":{\"@type\":\"ImageObject\",\"inLanguage\":\"en-US\",\"@id\":\"https:\/\/grotta.is\/#\/schema\/logo\/image\/\",\"url\":\"https:\/\/grotta.is\/wp-content\/uploads\/2020\/02\/ithrottafelagidgrotta_logo_512x512_transparent.png\",\"contentUrl\":\"https:\/\/grotta.is\/wp-content\/uploads\/2020\/02\/ithrottafelagidgrotta_logo_512x512_transparent.png\",\"width\":512,\"height\":512,\"caption\":\"\u00cd\u00fer\u00f3ttaf\u00e9lagi\u00f0 Gr\u00f3tta\"},\"image\":{\"@id\":\"https:\/\/grotta.is\/#\/schema\/logo\/image\/\"},\"sameAs\":[\"https:\/\/www.facebook.com\/grottasport\"]}]}<\/script>\n<!-- \/ Yoast SEO plugin. -->","yoast_head_json":{"title":"\u00c6fingagj\u00f6ld - \u00cd\u00fer\u00f3ttaf\u00e9lagi\u00f0 Gr\u00f3tta","robots":{"index":"index","follow":"follow","max-snippet":"max-snippet:-1","max-image-preview":"max-image-preview:large","max-video-preview":"max-video-preview:-1"},"canonical":"https:\/\/grotta.is\/en\/aefingagjold\/","og_locale":"en_US","og_type":"article","og_title":"\u00c6fingagj\u00f6ld - \u00cd\u00fer\u00f3ttaf\u00e9lagi\u00f0 Gr\u00f3tta","og_description":"Fimleikar SKO\u00d0A H\u00c9R Handbolti SKO\u00d0A H\u00c9R Knattspyrna SKO\u00d0A H\u00c9R","og_url":"https:\/\/grotta.is\/en\/aefingagjold\/","og_site_name":"\u00cd\u00fer\u00f3ttaf\u00e9lagi\u00f0 Gr\u00f3tta","article_publisher":"https:\/\/www.facebook.com\/grottasport","article_modified_time":"2024-12-10T10:45:50+00:00","og_image":[{"url":"https:\/\/grotta.is\/wp-content\/uploads\/2024\/06\/fimleikar-grotta-thjalfari-2-1024x689.jpg","type":"","width":"","height":""}],"twitter_card":"summary_large_image","twitter_misc":{"Est. reading time":"1 minute"},"schema":{"@context":"https:\/\/schema.org","@graph":[{"@type":"WebPage","@id":"https:\/\/grotta.is\/aefingagjold\/","url":"https:\/\/grotta.is\/aefingagjold\/","name":"\u00c6fingagj\u00f6ld - \u00cd\u00fer\u00f3ttaf\u00e9lagi\u00f0 Gr\u00f3tta","isPartOf":{"@id":"https:\/\/grotta.is\/#website"},"primaryImageOfPage":{"@id":"https:\/\/grotta.is\/aefingagjold\/#primaryimage"},"image":{"@id":"https:\/\/grotta.is\/aefingagjold\/#primaryimage"},"thumbnailUrl":"https:\/\/grotta.is\/wp-content\/uploads\/2024\/06\/fimleikar-grotta-thjalfari-2-1024x689.jpg","datePublished":"2024-12-10T10:42:24+00:00","dateModified":"2024-12-10T10:45:50+00:00","breadcrumb":{"@id":"https:\/\/grotta.is\/aefingagjold\/#breadcrumb"},"inLanguage":"en-US","potentialAction":[{"@type":"ReadAction","target":["https:\/\/grotta.is\/aefingagjold\/"]}]},{"@type":"ImageObject","inLanguage":"en-US","@id":"https:\/\/grotta.is\/aefingagjold\/#primaryimage","url":"https:\/\/grotta.is\/wp-content\/uploads\/2024\/06\/fimleikar-grotta-thjalfari-2-1024x689.jpg","contentUrl":"https:\/\/grotta.is\/wp-content\/uploads\/2024\/06\/fimleikar-grotta-thjalfari-2-1024x689.jpg"},{"@type":"BreadcrumbList","@id":"https:\/\/grotta.is\/aefingagjold\/#breadcrumb","itemListElement":[{"@type":"ListItem","position":1,"name":"Home","item":"https:\/\/grotta.is\/"},{"@type":"ListItem","position":2,"name":"\u00c6fingagj\u00f6ld"}]},{"@type":"WebSite","@id":"https:\/\/grotta.is\/#website","url":"https:\/\/grotta.is\/","name":"\u00cd\u00fer\u00f3ttaf\u00e9lagi\u00f0 Gr\u00f3tta","description":"\u00e1 Seltjarnarnesi","publisher":{"@id":"https:\/\/grotta.is\/#organization"},"potentialAction":[{"@type":"SearchAction","target":{"@type":"EntryPoint","urlTemplate":"https:\/\/grotta.is\/?s={search_term_string}"},"query-input":{"@type":"PropertyValueSpecification","valueRequired":true,"valueName":"search_term_string"}}],"inLanguage":"en-US"},{"@type":"Organization","@id":"https:\/\/grotta.is\/#organization","name":"\u00cd\u00fer\u00f3ttaf\u00e9lagi\u00f0 Gr\u00f3tta","url":"https:\/\/grotta.is\/","logo":{"@type":"ImageObject","inLanguage":"en-US","@id":"https:\/\/grotta.is\/#\/schema\/logo\/image\/","url":"https:\/\/grotta.is\/wp-content\/uploads\/2020\/02\/ithrottafelagidgrotta_logo_512x512_transparent.png","contentUrl":"https:\/\/grotta.is\/wp-content\/uploads\/2020\/02\/ithrottafelagidgrotta_logo_512x512_transparent.png","width":512,"height":512,"caption":"\u00cd\u00fer\u00f3ttaf\u00e9lagi\u00f0 Gr\u00f3tta"},"image":{"@id":"https:\/\/grotta.is\/#\/schema\/logo\/image\/"},"sameAs":["https:\/\/www.facebook.com\/grottasport"]}]}},"_links":{"self":[{"href":"https:\/\/grotta.is\/en\/wp-json\/wp\/v2\/pages\/574196","targetHints":{"allow":["GET"]}}],"collection":[{"href":"https:\/\/grotta.is\/en\/wp-json\/wp\/v2\/pages"}],"about":[{"href":"https:\/\/grotta.is\/en\/wp-json\/wp\/v2\/types\/page"}],"author":[{"embeddable":true,"href":"https:\/\/grotta.is\/en\/wp-json\/wp\/v2\/users\/16"}],"replies":[{"embeddable":true,"href":"https:\/\/grotta.is\/en\/wp-json\/wp\/v2\/comments?post=574196"}],"version-history":[{"count":6,"href":"https:\/\/grotta.is\/en\/wp-json\/wp\/v2\/pages\/574196\/revisions"}],"predecessor-version":[{"id":574203,"href":"https:\/\/grotta.is\/en\/wp-json\/wp\/v2\/pages\/574196\/revisions\/574203"}],"wp:attachment":[{"href":"https:\/\/grotta.is\/en\/wp-json\/wp\/v2\/media?parent=574196"}],"curies":[{"name":"wp","href":"https:\/\/api.w.org\/{rel}","templated":true}]}}