{"id":509,"date":"2020-03-14T21:41:26","date_gmt":"2020-03-14T21:41:26","guid":{"rendered":"https:\/\/grotta.is\/?page_id=509"},"modified":"2025-09-22T10:15:10","modified_gmt":"2025-09-22T10:15:10","slug":"aefingatoflur","status":"publish","type":"page","link":"https:\/\/grotta.is\/en\/aefingatoflur\/","title":{"rendered":"\u00c6fingat\u00f6flur"},"content":{"rendered":"<div data-elementor-type=\"wp-page\" data-elementor-id=\"509\" class=\"elementor elementor-509\" data-elementor-post-type=\"page\">\n\t\t\t\t\t\t<section class=\"elementor-section elementor-top-section elementor-element elementor-element-b44b3e3 elementor-section-boxed elementor-section-height-default elementor-section-height-default\" data-id=\"b44b3e3\" data-element_type=\"section\">\n\t\t\t\t\t\t<div class=\"elementor-container elementor-column-gap-default\">\n\t\t\t\t\t<div class=\"elementor-column elementor-col-100 elementor-top-column elementor-element elementor-element-266b4dd\" data-id=\"266b4dd\" data-element_type=\"column\">\n\t\t\t<div class=\"elementor-widget-wrap elementor-element-populated\">\n\t\t\t\t\t\t<div class=\"elementor-element elementor-element-066c77b elementor-position-top elementor-widget elementor-widget-image-box\" data-id=\"066c77b\" data-element_type=\"widget\" data-widget_type=\"image-box.default\">\n\t\t\t\t<div class=\"elementor-widget-container\">\n\t\t\t\t\t<div class=\"elementor-image-box-wrapper\"><figure class=\"elementor-image-box-img\"><a href=\"https:\/\/grotta.is\/en\/aefingatafla-handbolti\/\" tabindex=\"-1\"><img fetchpriority=\"high\" decoding=\"async\" width=\"2048\" height=\"1366\" src=\"https:\/\/grotta.is\/wp-content\/uploads\/2024\/02\/Mynd-handbolti-kvk.jpg\" class=\"attachment-full size-full wp-image-562413\" alt=\"\" srcset=\"https:\/\/grotta.is\/wp-content\/uploads\/2024\/02\/Mynd-handbolti-kvk.jpg 2048w, https:\/\/grotta.is\/wp-content\/uploads\/2024\/02\/Mynd-handbolti-kvk-300x200.jpg 300w, https:\/\/grotta.is\/wp-content\/uploads\/2024\/02\/Mynd-handbolti-kvk-1024x683.jpg 1024w, https:\/\/grotta.is\/wp-content\/uploads\/2024\/02\/Mynd-handbolti-kvk-768x512.jpg 768w, https:\/\/grotta.is\/wp-content\/uploads\/2024\/02\/Mynd-handbolti-kvk-1536x1025.jpg 1536w, https:\/\/grotta.is\/wp-content\/uploads\/2024\/02\/Mynd-handbolti-kvk-18x12.jpg 18w, https:\/\/grotta.is\/wp-content\/uploads\/2024\/02\/Mynd-handbolti-kvk-600x400.jpg 600w\" sizes=\"(max-width: 1920px) 100vw, 1920px\" \/><\/a><\/figure><div class=\"elementor-image-box-content\"><h3 class=\"elementor-image-box-title\"><a href=\"https:\/\/grotta.is\/en\/aefingatafla-handbolti\/\">Handknattleikur<\/a><\/h3><\/div><\/div>\t\t\t\t<\/div>\n\t\t\t\t<\/div>\n\t\t\t\t\t<\/div>\n\t\t<\/div>\n\t\t\t\t\t<\/div>\n\t\t<\/section>\n\t\t\t\t<section class=\"elementor-section elementor-top-section elementor-element elementor-element-44dd023 elementor-section-boxed elementor-section-height-default elementor-section-height-default\" data-id=\"44dd023\" data-element_type=\"section\">\n\t\t\t\t\t\t<div class=\"elementor-container elementor-column-gap-default\">\n\t\t\t\t\t<div class=\"elementor-column elementor-col-100 elementor-top-column elementor-element elementor-element-d66f979\" data-id=\"d66f979\" data-element_type=\"column\">\n\t\t\t<div class=\"elementor-widget-wrap elementor-element-populated\">\n\t\t\t\t\t\t<div class=\"elementor-element elementor-element-1661cb0 elementor-position-top elementor-widget elementor-widget-image-box\" data-id=\"1661cb0\" data-element_type=\"widget\" data-widget_type=\"image-box.default\">\n\t\t\t\t<div class=\"elementor-widget-container\">\n\t\t\t\t\t<div class=\"elementor-image-box-wrapper\"><figure class=\"elementor-image-box-img\"><a href=\"https:\/\/grotta.is\/en\/knattspyrnudeild\/aefingatafla\/\" tabindex=\"-1\"><img decoding=\"async\" width=\"1440\" height=\"1027\" data-src=\"https:\/\/grotta.is\/wp-content\/uploads\/2022\/07\/grotta_7flokkur_kk_knattspyrna_sumar_2022_4.jpg\" class=\"attachment-full size-full wp-image-385614 lazyload\" alt=\"\" data-srcset=\"https:\/\/grotta.is\/wp-content\/uploads\/2022\/07\/grotta_7flokkur_kk_knattspyrna_sumar_2022_4.jpg 1440w, https:\/\/grotta.is\/wp-content\/uploads\/2022\/07\/grotta_7flokkur_kk_knattspyrna_sumar_2022_4-300x214.jpg 300w, https:\/\/grotta.is\/wp-content\/uploads\/2022\/07\/grotta_7flokkur_kk_knattspyrna_sumar_2022_4-1024x730.jpg 1024w, https:\/\/grotta.is\/wp-content\/uploads\/2022\/07\/grotta_7flokkur_kk_knattspyrna_sumar_2022_4-768x548.jpg 768w, https:\/\/grotta.is\/wp-content\/uploads\/2022\/07\/grotta_7flokkur_kk_knattspyrna_sumar_2022_4-18x12.jpg 18w, https:\/\/grotta.is\/wp-content\/uploads\/2022\/07\/grotta_7flokkur_kk_knattspyrna_sumar_2022_4-600x428.jpg 600w\" data-sizes=\"(max-width: 1440px) 100vw, 1440px\" src=\"data:image\/gif;base64,R0lGODlhAQABAAAAACH5BAEKAAEALAAAAAABAAEAAAICTAEAOw==\" style=\"--smush-placeholder-width: 1440px; --smush-placeholder-aspect-ratio: 1440\/1027;\" \/><\/a><\/figure><div class=\"elementor-image-box-content\"><h3 class=\"elementor-image-box-title\"><a href=\"https:\/\/grotta.is\/en\/knattspyrnudeild\/aefingatafla\/\">Knattspyrna<\/a><\/h3><\/div><\/div>\t\t\t\t<\/div>\n\t\t\t\t<\/div>\n\t\t\t\t\t<\/div>\n\t\t<\/div>\n\t\t\t\t\t<\/div>\n\t\t<\/section>\n\t\t\t\t<section class=\"elementor-section elementor-top-section elementor-element elementor-element-6e25164 elementor-section-boxed elementor-section-height-default elementor-section-height-default\" data-id=\"6e25164\" data-element_type=\"section\">\n\t\t\t\t\t\t<div class=\"elementor-container elementor-column-gap-default\">\n\t\t\t\t\t<div class=\"elementor-column elementor-col-100 elementor-top-column elementor-element elementor-element-677f11c\" data-id=\"677f11c\" data-element_type=\"column\">\n\t\t\t<div class=\"elementor-widget-wrap elementor-element-populated\">\n\t\t\t\t\t\t<div class=\"elementor-element elementor-element-85d9331 elementor-position-top elementor-widget elementor-widget-image-box\" data-id=\"85d9331\" data-element_type=\"widget\" data-widget_type=\"image-box.default\">\n\t\t\t\t<div class=\"elementor-widget-container\">\n\t\t\t\t\t<div class=\"elementor-image-box-wrapper\"><figure class=\"elementor-image-box-img\"><a href=\"https:\/\/grotta.is\/en\/fimleikadeild\/aefingtafla\/\" tabindex=\"-1\"><img decoding=\"async\" width=\"1764\" height=\"1047\" data-src=\"https:\/\/grotta.is\/wp-content\/uploads\/2020\/03\/Fimleikar_Grotta_Jolamot_2019-2.jpg\" class=\"attachment-full size-full wp-image-912 lazyload\" alt=\"\" data-srcset=\"https:\/\/grotta.is\/wp-content\/uploads\/2020\/03\/Fimleikar_Grotta_Jolamot_2019-2.jpg 1764w, https:\/\/grotta.is\/wp-content\/uploads\/2020\/03\/Fimleikar_Grotta_Jolamot_2019-2-600x356.jpg 600w, https:\/\/grotta.is\/wp-content\/uploads\/2020\/03\/Fimleikar_Grotta_Jolamot_2019-2-300x178.jpg 300w, https:\/\/grotta.is\/wp-content\/uploads\/2020\/03\/Fimleikar_Grotta_Jolamot_2019-2-1024x608.jpg 1024w, https:\/\/grotta.is\/wp-content\/uploads\/2020\/03\/Fimleikar_Grotta_Jolamot_2019-2-768x456.jpg 768w, https:\/\/grotta.is\/wp-content\/uploads\/2020\/03\/Fimleikar_Grotta_Jolamot_2019-2-1536x912.jpg 1536w\" data-sizes=\"(max-width: 1764px) 100vw, 1764px\" src=\"data:image\/gif;base64,R0lGODlhAQABAAAAACH5BAEKAAEALAAAAAABAAEAAAICTAEAOw==\" style=\"--smush-placeholder-width: 1764px; --smush-placeholder-aspect-ratio: 1764\/1047;\" \/><\/a><\/figure><div class=\"elementor-image-box-content\"><h3 class=\"elementor-image-box-title\"><a href=\"https:\/\/grotta.is\/en\/fimleikadeild\/aefingtafla\/\">Fimleikar<\/a><\/h3><\/div><\/div>\t\t\t\t<\/div>\n\t\t\t\t<\/div>\n\t\t\t\t\t<\/div>\n\t\t<\/div>\n\t\t\t\t\t<\/div>\n\t\t<\/section>\n\t\t\t\t<\/div>","protected":false},"excerpt":{"rendered":"<p>Handknattleikur Knattspyrna Fimleikar<\/p>","protected":false},"author":2,"featured_media":0,"parent":0,"menu_order":0,"comment_status":"closed","ping_status":"closed","template":"","meta":{"footnotes":""},"class_list":["post-509","page","type-page","status-publish","hentry"],"yoast_head":"<!-- This site is optimized with the Yoast SEO plugin v24.3 - https:\/\/yoast.com\/wordpress\/plugins\/seo\/ -->\n<title>\u00c6fingat\u00f6flur - \u00cd\u00fer\u00f3ttaf\u00e9lagi\u00f0 Gr\u00f3tta<\/title>\n<meta name=\"robots\" content=\"index, follow, max-snippet:-1, max-image-preview:large, max-video-preview:-1\" \/>\n<link rel=\"canonical\" href=\"https:\/\/grotta.is\/en\/aefingatoflur\/\" \/>\n<meta property=\"og:locale\" content=\"en_US\" \/>\n<meta property=\"og:type\" content=\"article\" \/>\n<meta property=\"og:title\" content=\"\u00c6fingat\u00f6flur - \u00cd\u00fer\u00f3ttaf\u00e9lagi\u00f0 Gr\u00f3tta\" \/>\n<meta property=\"og:description\" content=\"Handknattleikur Knattspyrna Fimleikar\" \/>\n<meta property=\"og:url\" content=\"https:\/\/grotta.is\/en\/aefingatoflur\/\" \/>\n<meta property=\"og:site_name\" content=\"\u00cd\u00fer\u00f3ttaf\u00e9lagi\u00f0 Gr\u00f3tta\" \/>\n<meta property=\"article:publisher\" content=\"https:\/\/www.facebook.com\/grottasport\" \/>\n<meta property=\"article:modified_time\" content=\"2025-09-22T10:15:10+00:00\" \/>\n<meta property=\"og:image\" content=\"https:\/\/grotta.is\/wp-content\/uploads\/2024\/02\/Mynd-handbolti-kvk.jpg\" \/>\n<meta name=\"twitter:card\" content=\"summary_large_image\" \/>\n<meta name=\"twitter:label1\" content=\"Est. reading time\" \/>\n\t<meta name=\"twitter:data1\" content=\"1 minute\" \/>\n<script type=\"application\/ld+json\" class=\"yoast-schema-graph\">{\"@context\":\"https:\/\/schema.org\",\"@graph\":[{\"@type\":\"WebPage\",\"@id\":\"https:\/\/grotta.is\/aefingatoflur\/\",\"url\":\"https:\/\/grotta.is\/aefingatoflur\/\",\"name\":\"\u00c6fingat\u00f6flur - \u00cd\u00fer\u00f3ttaf\u00e9lagi\u00f0 Gr\u00f3tta\",\"isPartOf\":{\"@id\":\"https:\/\/grotta.is\/#website\"},\"primaryImageOfPage\":{\"@id\":\"https:\/\/grotta.is\/aefingatoflur\/#primaryimage\"},\"image\":{\"@id\":\"https:\/\/grotta.is\/aefingatoflur\/#primaryimage\"},\"thumbnailUrl\":\"https:\/\/grotta.is\/wp-content\/uploads\/2024\/02\/Mynd-handbolti-kvk.jpg\",\"datePublished\":\"2020-03-14T21:41:26+00:00\",\"dateModified\":\"2025-09-22T10:15:10+00:00\",\"breadcrumb\":{\"@id\":\"https:\/\/grotta.is\/aefingatoflur\/#breadcrumb\"},\"inLanguage\":\"en-US\",\"potentialAction\":[{\"@type\":\"ReadAction\",\"target\":[\"https:\/\/grotta.is\/aefingatoflur\/\"]}]},{\"@type\":\"ImageObject\",\"inLanguage\":\"en-US\",\"@id\":\"https:\/\/grotta.is\/aefingatoflur\/#primaryimage\",\"url\":\"https:\/\/grotta.is\/wp-content\/uploads\/2024\/02\/Mynd-handbolti-kvk.jpg\",\"contentUrl\":\"https:\/\/grotta.is\/wp-content\/uploads\/2024\/02\/Mynd-handbolti-kvk.jpg\"},{\"@type\":\"BreadcrumbList\",\"@id\":\"https:\/\/grotta.is\/aefingatoflur\/#breadcrumb\",\"itemListElement\":[{\"@type\":\"ListItem\",\"position\":1,\"name\":\"Home\",\"item\":\"https:\/\/grotta.is\/\"},{\"@type\":\"ListItem\",\"position\":2,\"name\":\"\u00c6fingat\u00f6flur\"}]},{\"@type\":\"WebSite\",\"@id\":\"https:\/\/grotta.is\/#website\",\"url\":\"https:\/\/grotta.is\/\",\"name\":\"\u00cd\u00fer\u00f3ttaf\u00e9lagi\u00f0 Gr\u00f3tta\",\"description\":\"\u00e1 Seltjarnarnesi\",\"publisher\":{\"@id\":\"https:\/\/grotta.is\/#organization\"},\"potentialAction\":[{\"@type\":\"SearchAction\",\"target\":{\"@type\":\"EntryPoint\",\"urlTemplate\":\"https:\/\/grotta.is\/?s={search_term_string}\"},\"query-input\":{\"@type\":\"PropertyValueSpecification\",\"valueRequired\":true,\"valueName\":\"search_term_string\"}}],\"inLanguage\":\"en-US\"},{\"@type\":\"Organization\",\"@id\":\"https:\/\/grotta.is\/#organization\",\"name\":\"\u00cd\u00fer\u00f3ttaf\u00e9lagi\u00f0 Gr\u00f3tta\",\"url\":\"https:\/\/grotta.is\/\",\"logo\":{\"@type\":\"ImageObject\",\"inLanguage\":\"en-US\",\"@id\":\"https:\/\/grotta.is\/#\/schema\/logo\/image\/\",\"url\":\"https:\/\/grotta.is\/wp-content\/uploads\/2020\/02\/ithrottafelagidgrotta_logo_512x512_transparent.png\",\"contentUrl\":\"https:\/\/grotta.is\/wp-content\/uploads\/2020\/02\/ithrottafelagidgrotta_logo_512x512_transparent.png\",\"width\":512,\"height\":512,\"caption\":\"\u00cd\u00fer\u00f3ttaf\u00e9lagi\u00f0 Gr\u00f3tta\"},\"image\":{\"@id\":\"https:\/\/grotta.is\/#\/schema\/logo\/image\/\"},\"sameAs\":[\"https:\/\/www.facebook.com\/grottasport\"]}]}<\/script>\n<!-- \/ Yoast SEO plugin. -->","yoast_head_json":{"title":"\u00c6fingat\u00f6flur - \u00cd\u00fer\u00f3ttaf\u00e9lagi\u00f0 Gr\u00f3tta","robots":{"index":"index","follow":"follow","max-snippet":"max-snippet:-1","max-image-preview":"max-image-preview:large","max-video-preview":"max-video-preview:-1"},"canonical":"https:\/\/grotta.is\/en\/aefingatoflur\/","og_locale":"en_US","og_type":"article","og_title":"\u00c6fingat\u00f6flur - \u00cd\u00fer\u00f3ttaf\u00e9lagi\u00f0 Gr\u00f3tta","og_description":"Handknattleikur Knattspyrna Fimleikar","og_url":"https:\/\/grotta.is\/en\/aefingatoflur\/","og_site_name":"\u00cd\u00fer\u00f3ttaf\u00e9lagi\u00f0 Gr\u00f3tta","article_publisher":"https:\/\/www.facebook.com\/grottasport","article_modified_time":"2025-09-22T10:15:10+00:00","og_image":[{"url":"https:\/\/grotta.is\/wp-content\/uploads\/2024\/02\/Mynd-handbolti-kvk.jpg","type":"","width":"","height":""}],"twitter_card":"summary_large_image","twitter_misc":{"Est. reading time":"1 minute"},"schema":{"@context":"https:\/\/schema.org","@graph":[{"@type":"WebPage","@id":"https:\/\/grotta.is\/aefingatoflur\/","url":"https:\/\/grotta.is\/aefingatoflur\/","name":"\u00c6fingat\u00f6flur - \u00cd\u00fer\u00f3ttaf\u00e9lagi\u00f0 Gr\u00f3tta","isPartOf":{"@id":"https:\/\/grotta.is\/#website"},"primaryImageOfPage":{"@id":"https:\/\/grotta.is\/aefingatoflur\/#primaryimage"},"image":{"@id":"https:\/\/grotta.is\/aefingatoflur\/#primaryimage"},"thumbnailUrl":"https:\/\/grotta.is\/wp-content\/uploads\/2024\/02\/Mynd-handbolti-kvk.jpg","datePublished":"2020-03-14T21:41:26+00:00","dateModified":"2025-09-22T10:15:10+00:00","breadcrumb":{"@id":"https:\/\/grotta.is\/aefingatoflur\/#breadcrumb"},"inLanguage":"en-US","potentialAction":[{"@type":"ReadAction","target":["https:\/\/grotta.is\/aefingatoflur\/"]}]},{"@type":"ImageObject","inLanguage":"en-US","@id":"https:\/\/grotta.is\/aefingatoflur\/#primaryimage","url":"https:\/\/grotta.is\/wp-content\/uploads\/2024\/02\/Mynd-handbolti-kvk.jpg","contentUrl":"https:\/\/grotta.is\/wp-content\/uploads\/2024\/02\/Mynd-handbolti-kvk.jpg"},{"@type":"BreadcrumbList","@id":"https:\/\/grotta.is\/aefingatoflur\/#breadcrumb","itemListElement":[{"@type":"ListItem","position":1,"name":"Home","item":"https:\/\/grotta.is\/"},{"@type":"ListItem","position":2,"name":"\u00c6fingat\u00f6flur"}]},{"@type":"WebSite","@id":"https:\/\/grotta.is\/#website","url":"https:\/\/grotta.is\/","name":"\u00cd\u00fer\u00f3ttaf\u00e9lagi\u00f0 Gr\u00f3tta","description":"\u00e1 Seltjarnarnesi","publisher":{"@id":"https:\/\/grotta.is\/#organization"},"potentialAction":[{"@type":"SearchAction","target":{"@type":"EntryPoint","urlTemplate":"https:\/\/grotta.is\/?s={search_term_string}"},"query-input":{"@type":"PropertyValueSpecification","valueRequired":true,"valueName":"search_term_string"}}],"inLanguage":"en-US"},{"@type":"Organization","@id":"https:\/\/grotta.is\/#organization","name":"\u00cd\u00fer\u00f3ttaf\u00e9lagi\u00f0 Gr\u00f3tta","url":"https:\/\/grotta.is\/","logo":{"@type":"ImageObject","inLanguage":"en-US","@id":"https:\/\/grotta.is\/#\/schema\/logo\/image\/","url":"https:\/\/grotta.is\/wp-content\/uploads\/2020\/02\/ithrottafelagidgrotta_logo_512x512_transparent.png","contentUrl":"https:\/\/grotta.is\/wp-content\/uploads\/2020\/02\/ithrottafelagidgrotta_logo_512x512_transparent.png","width":512,"height":512,"caption":"\u00cd\u00fer\u00f3ttaf\u00e9lagi\u00f0 Gr\u00f3tta"},"image":{"@id":"https:\/\/grotta.is\/#\/schema\/logo\/image\/"},"sameAs":["https:\/\/www.facebook.com\/grottasport"]}]}},"_links":{"self":[{"href":"https:\/\/grotta.is\/en\/wp-json\/wp\/v2\/pages\/509","targetHints":{"allow":["GET"]}}],"collection":[{"href":"https:\/\/grotta.is\/en\/wp-json\/wp\/v2\/pages"}],"about":[{"href":"https:\/\/grotta.is\/en\/wp-json\/wp\/v2\/types\/page"}],"author":[{"embeddable":true,"href":"https:\/\/grotta.is\/en\/wp-json\/wp\/v2\/users\/2"}],"replies":[{"embeddable":true,"href":"https:\/\/grotta.is\/en\/wp-json\/wp\/v2\/comments?post=509"}],"version-history":[{"count":208,"href":"https:\/\/grotta.is\/en\/wp-json\/wp\/v2\/pages\/509\/revisions"}],"predecessor-version":[{"id":575631,"href":"https:\/\/grotta.is\/en\/wp-json\/wp\/v2\/pages\/509\/revisions\/575631"}],"wp:attachment":[{"href":"https:\/\/grotta.is\/en\/wp-json\/wp\/v2\/media?parent=509"}],"curies":[{"name":"wp","href":"https:\/\/api.w.org\/{rel}","templated":true}]}}