{"id":4772,"date":"2020-05-10T18:21:22","date_gmt":"2020-05-10T18:21:22","guid":{"rendered":"https:\/\/grotta.is\/?page_id=4772"},"modified":"2020-05-20T13:01:49","modified_gmt":"2020-05-20T13:01:49","slug":"skilmalar","status":"publish","type":"page","link":"https:\/\/grotta.is\/en\/skilmalar\/","title":{"rendered":"Skilm\u00e1lar"},"content":{"rendered":"<p>Velkomin \u00e1 vefs\u00ed\u00f0u \u00cd\u00fer\u00f3ttaf\u00e9lagsins Gr\u00f3ttu <\/p><ul class=\"wp-block-list\"><li>Heimilsfang: \u00cd\u00fer\u00f3ttami\u00f0st\u00f6\u00f0in vi\u00f0 Su\u00f0urstr\u00f6nd<\/li><li>Kennitala: 700371-0779<\/li><li>VSK n\u00famer: 136022<\/li><li>T\u00f6lvup\u00f3stfang var\u00f0andi spurningar: gullijons@grotta.is<\/li><\/ul><p>Vinsamlegast lestu skilm\u00e1lana vandlega \u00e1\u00f0ur en \u00fe\u00fa verslar \u00ed gegnum grotta.is \u00fear sem \u00feeir innihalda mikilv\u00e6gar uppl\u00fdsingar. Me\u00f0 \u00fev\u00ed a\u00f0 nota vefverslun Gr\u00f3ttu sam\u00feykkir \u00fe\u00fa \u00feessa skilm\u00e1la. <\/p><p><strong>V\u00d6RUR TIL EINKANOTA<br><\/strong>Gr\u00f3ttu v\u00f6rurnar seldar \u00ed vefverslun grotta.is\/vefverslun til pers\u00f3nulegra nota eing\u00f6ngu. Undir engum kringumst\u00e6\u00f0um er heimilt a\u00f0 stunda endurs\u00f6lu \u00e1 v\u00f6rum Gr\u00f3ttu \u00e1n tilskilinna leyfa.<\/p><p><strong>GREI\u00d0SLULEI\u00d0IR<\/strong><br>Eftirfarandi grei\u00f0slulei\u00f0ir og kort er h\u00e6gt a\u00f0 nota \u00ed vefverslun Gr\u00f3ttu.<\/p><p>Kreditkort (\u00f6rugg grei\u00f0sla \u00ed gegnum vef\u00fej\u00f3n Borgunar)<br>\u2022 Visa<br>\u2022 Mastercard<br>\u2022 Amex<br>\u2022 Diners<\/p><p>Debetkort (\u00f6rugg grei\u00f0sla \u00ed gegnum vef\u00fej\u00f3n Borgunar)<br>\u2022 VISA Electron<br>\u2022 Maestro<\/p><p><strong>SKATTAR OG GJ\u00d6LD<\/strong><\/p><p>\u00d6ll ver\u00f0 \u00ed vefversluninni eru \u00ed \u00edslenskum kr\u00f3num og me\u00f0 vir\u00f0isaukaskatti \u00fear sem vi\u00f0 \u00e1. \u00dea\u00f0 ver\u00f0 gildir allt kaupferli\u00f0 og reikningar eru gefnir \u00fat me\u00f0 vir\u00f0isaukaskatti. Athugi\u00f0 a\u00f0 ver\u00f0breytingar eru ekki augl\u00fdstar fyrirfram.<\/p><p><strong>FERILL PANTANA<\/strong><\/p><p>\u00deegar \u00fe\u00fa hefur loki\u00f0 vi\u00f0 a\u00f0 panta \u00ed vefverslun f\u00e6r\u00f0u t\u00f6lvup\u00f3st me\u00f0 p\u00f6ntunarn\u00fameri og kvittun fyrir v\u00f6rukaupum. \u00deegar vara er kl\u00e1r til afhendingar berst \u00fe\u00e9r sta\u00f0festing \u00feess e\u00f0lis. Pantanir eru afgreiddar alla virka daga \u00feegar skrifstofa Gr\u00f3ttu er opin fr\u00e1 kl. 13:00 &#8211; 16:00.<\/p><p>Ef \u00fe\u00fa \u00fearft a\u00f0 breyta p\u00f6ntun eftir\u00e1 getur hlotist af \u00fev\u00ed vi\u00f0b\u00f3tarkostna\u00f0ur. Vinsamlegast v\u00edsi\u00f0 \u00ed p\u00f6ntunarn\u00famer ef breyta \u00fearf p\u00f6ntun og sendi\u00f0 fyrirspurn \u00e1 gullijons@grotta.is<\/p><p><strong>AFGREI\u00d0SLA PANTANA<\/strong><\/p><p>Afgrei\u00f0sla pantana fer fram \u00ed \u00ed\u00fer\u00f3ttah\u00fasi Gr\u00f3ttu nema um anna\u00f0 s\u00e9 sami\u00f0.<\/p><p>Reynt er eftir fremsta megni a\u00f0 afgrei\u00f0a allar pantanir n\u00e6sta virka dag eftir p\u00f6ntun. S\u00e9 varan ekki til \u00e1 lager mun starfsma\u00f0ur hafa samband og tilkynna um \u00e1\u00e6tla\u00f0an afhendingart\u00edma v\u00f6runnar. <\/p><p><strong>SKILAR\u00c9TTUR<\/strong><\/p><p>Skilafrestur er 14 dagar fr\u00e1 afhendingu v\u00f6ru. Nau\u00f0synlegt er a\u00f0 varan s\u00e9 \u00ed \u00f3uppteknum upprunalegum umb\u00fa\u00f0um. Ef vara er innsiglu\u00f0 m\u00e1 ekki rj\u00fafa innsigli\u00f0. Kvittun fyrir v\u00f6rukaupunum \u00fearf a\u00f0 fylgja me\u00f0.<\/p><p><strong>G\u00d6LLU\u00d0 VARA<\/strong><\/p><p>S\u00e9 vara g\u00f6llu\u00f0 er vi\u00f0skiptavinum bo\u00f0in n\u00fd vara \u00ed sta\u00f0inn og grei\u00f0ir Gr\u00f3tta allan kostna\u00f0 sem g\u00e6ti komi\u00f0 upp vi\u00f0 sendingu. Vinsamlegast sendi\u00f0 t\u00f6lvup\u00f3st gullijons@grotta.is var\u00f0andi galla\u00f0a v\u00f6ru.<\/p><p><strong>TR\u00daNA\u00d0UR<\/strong><\/p><p>Seljandi heitir kaupanda fullum tr\u00fana\u00f0i um allar \u00fe\u00e6r uppl\u00fdsingar sem kaupandi gefur upp \u00ed tengslum vi\u00f0 vi\u00f0skiptin. Uppl\u00fdsingar fr\u00e1 kaupanda ver\u00f0a ekki afhentar \u00feri\u00f0ja a\u00f0ila undir neinum kringumst\u00e6\u00f0um.<\/p><p><strong>\u00d6RYGGI<\/strong><\/p><p>\u00cd\u00fer\u00f3ttaf\u00e9lagi\u00f0 Gr\u00f3tta var\u00f0veitir ekki kreditkortan\u00famer sem gefin eru upp vi\u00f0 kaup \u00ed vefverslun. \u00deegar komi\u00f0 er a\u00f0 \u00fev\u00ed a\u00f0 gefa upp kortauppl\u00fdsingar og ganga fr\u00e1 grei\u00f0slu er vi\u00f0skiptavinur \u00e1 \u00f6ruggu vefsv\u00e6\u00f0i Borgunar. Allar grei\u00f0slur eru framkv\u00e6mdar \u00ed vottu\u00f0u umhverfi sem uppfyllir PCI DSS \u00f6ryggissta\u00f0al.<\/p><p>Vefur Gr\u00f3ttu notast vi\u00f0 SSL sk\u00edrteini sem tryggir \u00f6ryggi \u00ed gagnaflutningi og samskiptum. \u00dea\u00f0 tryggir a\u00f0 utana\u00f0komandi a\u00f0ilar geta ekki komist inn \u00ed uppl\u00fdsingar og g\u00f6gn sem streyma fr\u00e1 notendum vefsins.<\/p><p><strong>L\u00f6g og varnar\u00feing<\/strong><\/p><p>\u00deessir skilm\u00e1lar eru \u00ed samr\u00e6mi vi\u00f0 \u00edslensk l\u00f6g. R\u00edsi m\u00e1l vegna hans, skal \u00fea\u00f0 reki\u00f0 fyrir \u00edslenskum d\u00f3mst\u00f3li. Um skilm\u00e1la \u00feessa gilda \u00e1kv\u00e6\u00f0i laga um neytendasamninga nr 16\/2016 og \u00e1kv\u00e6\u00f0i laga um neytendakaup nr. 48\/2003. Allir frestir sem nefndir eru \u00ed l\u00f6gum nr. 16\/2016 byrja a\u00f0 l\u00ed\u00f0a \u00feegar m\u00f3ttaka v\u00f6ru \u00e1 s\u00e9r sta\u00f0.<\/p><p>ANNA\u00d0<br>Gr\u00f3tta \u00e1skilur s\u00e9r r\u00e9tt til a\u00f0 fella ni\u00f0ur p\u00f6ntun ef nau\u00f0synlegt reynist undir einhverjum kringumst\u00e6\u00f0um, \u00fea\u00f0 g\u00e6ti m.a. gerst vegna ranga ver\u00f0uppl\u00fdsinga \u00ed netverslun e\u00f0a a\u00f0 vara er ekki lengur f\u00e1anleg hj\u00e1 Gr\u00f3ttu. Vi\u00f0skiptavinur er uppl\u00fdstur um sl\u00edkt eins flj\u00f3tt og au\u00f0i\u00f0 er.<\/p><p>Skilm\u00e1lar \u00cd\u00fer\u00f3ttaf\u00e9lagsins Gr\u00f3ttu voru s\u00ed\u00f0ast uppf\u00e6r\u00f0ir 10. ma\u00ed 2020.<\/p>","protected":false},"excerpt":{"rendered":"<p>Velkomin \u00e1 vefs\u00ed\u00f0u \u00cd\u00fer\u00f3ttaf\u00e9lagsins Gr\u00f3ttu Heimilsfang: \u00cd\u00fer\u00f3ttami\u00f0st\u00f6\u00f0in vi\u00f0 Su\u00f0urstr\u00f6nd Kennitala: 700371-0779 VSK n\u00famer: 136022 T\u00f6lvup\u00f3stfang var\u00f0andi spurningar: gullijons@grotta.is Vinsamlegast lestu skilm\u00e1lana vandlega \u00e1\u00f0ur en \u00fe\u00fa verslar \u00ed gegnum grotta.is \u00fear [&hellip;]<\/p>","protected":false},"author":2,"featured_media":0,"parent":0,"menu_order":0,"comment_status":"closed","ping_status":"closed","template":"","meta":{"footnotes":""},"class_list":["post-4772","page","type-page","status-publish","hentry"],"yoast_head":"<!-- This site is optimized with the Yoast SEO plugin v24.3 - https:\/\/yoast.com\/wordpress\/plugins\/seo\/ -->\n<title>Skilm\u00e1lar - \u00cd\u00fer\u00f3ttaf\u00e9lagi\u00f0 Gr\u00f3tta<\/title>\n<meta name=\"robots\" content=\"index, follow, max-snippet:-1, max-image-preview:large, max-video-preview:-1\" \/>\n<link rel=\"canonical\" href=\"https:\/\/grotta.is\/en\/skilmalar\/\" \/>\n<meta property=\"og:locale\" content=\"en_US\" \/>\n<meta property=\"og:type\" content=\"article\" \/>\n<meta property=\"og:title\" content=\"Skilm\u00e1lar - \u00cd\u00fer\u00f3ttaf\u00e9lagi\u00f0 Gr\u00f3tta\" \/>\n<meta property=\"og:description\" content=\"Velkomin \u00e1 vefs\u00ed\u00f0u \u00cd\u00fer\u00f3ttaf\u00e9lagsins Gr\u00f3ttu Heimilsfang: \u00cd\u00fer\u00f3ttami\u00f0st\u00f6\u00f0in vi\u00f0 Su\u00f0urstr\u00f6nd Kennitala: 700371-0779 VSK n\u00famer: 136022 T\u00f6lvup\u00f3stfang var\u00f0andi spurningar: gullijons@grotta.is Vinsamlegast lestu skilm\u00e1lana vandlega \u00e1\u00f0ur en \u00fe\u00fa verslar \u00ed gegnum grotta.is \u00fear [&hellip;]\" \/>\n<meta property=\"og:url\" content=\"https:\/\/grotta.is\/en\/skilmalar\/\" \/>\n<meta property=\"og:site_name\" content=\"\u00cd\u00fer\u00f3ttaf\u00e9lagi\u00f0 Gr\u00f3tta\" \/>\n<meta property=\"article:publisher\" content=\"https:\/\/www.facebook.com\/grottasport\" \/>\n<meta property=\"article:modified_time\" content=\"2020-05-20T13:01:49+00:00\" \/>\n<meta name=\"twitter:card\" content=\"summary_large_image\" \/>\n<meta name=\"twitter:label1\" content=\"Est. reading time\" \/>\n\t<meta name=\"twitter:data1\" content=\"3 minutes\" \/>\n<script type=\"application\/ld+json\" class=\"yoast-schema-graph\">{\"@context\":\"https:\/\/schema.org\",\"@graph\":[{\"@type\":\"WebPage\",\"@id\":\"https:\/\/grotta.is\/skilmalar\/\",\"url\":\"https:\/\/grotta.is\/skilmalar\/\",\"name\":\"Skilm\u00e1lar - \u00cd\u00fer\u00f3ttaf\u00e9lagi\u00f0 Gr\u00f3tta\",\"isPartOf\":{\"@id\":\"https:\/\/grotta.is\/#website\"},\"datePublished\":\"2020-05-10T18:21:22+00:00\",\"dateModified\":\"2020-05-20T13:01:49+00:00\",\"breadcrumb\":{\"@id\":\"https:\/\/grotta.is\/skilmalar\/#breadcrumb\"},\"inLanguage\":\"en-US\",\"potentialAction\":[{\"@type\":\"ReadAction\",\"target\":[\"https:\/\/grotta.is\/skilmalar\/\"]}]},{\"@type\":\"BreadcrumbList\",\"@id\":\"https:\/\/grotta.is\/skilmalar\/#breadcrumb\",\"itemListElement\":[{\"@type\":\"ListItem\",\"position\":1,\"name\":\"Home\",\"item\":\"https:\/\/grotta.is\/\"},{\"@type\":\"ListItem\",\"position\":2,\"name\":\"Skilm\u00e1lar\"}]},{\"@type\":\"WebSite\",\"@id\":\"https:\/\/grotta.is\/#website\",\"url\":\"https:\/\/grotta.is\/\",\"name\":\"\u00cd\u00fer\u00f3ttaf\u00e9lagi\u00f0 Gr\u00f3tta\",\"description\":\"\u00e1 Seltjarnarnesi\",\"publisher\":{\"@id\":\"https:\/\/grotta.is\/#organization\"},\"potentialAction\":[{\"@type\":\"SearchAction\",\"target\":{\"@type\":\"EntryPoint\",\"urlTemplate\":\"https:\/\/grotta.is\/?s={search_term_string}\"},\"query-input\":{\"@type\":\"PropertyValueSpecification\",\"valueRequired\":true,\"valueName\":\"search_term_string\"}}],\"inLanguage\":\"en-US\"},{\"@type\":\"Organization\",\"@id\":\"https:\/\/grotta.is\/#organization\",\"name\":\"\u00cd\u00fer\u00f3ttaf\u00e9lagi\u00f0 Gr\u00f3tta\",\"url\":\"https:\/\/grotta.is\/\",\"logo\":{\"@type\":\"ImageObject\",\"inLanguage\":\"en-US\",\"@id\":\"https:\/\/grotta.is\/#\/schema\/logo\/image\/\",\"url\":\"https:\/\/grotta.is\/wp-content\/uploads\/2020\/02\/ithrottafelagidgrotta_logo_512x512_transparent.png\",\"contentUrl\":\"https:\/\/grotta.is\/wp-content\/uploads\/2020\/02\/ithrottafelagidgrotta_logo_512x512_transparent.png\",\"width\":512,\"height\":512,\"caption\":\"\u00cd\u00fer\u00f3ttaf\u00e9lagi\u00f0 Gr\u00f3tta\"},\"image\":{\"@id\":\"https:\/\/grotta.is\/#\/schema\/logo\/image\/\"},\"sameAs\":[\"https:\/\/www.facebook.com\/grottasport\"]}]}<\/script>\n<!-- \/ Yoast SEO plugin. -->","yoast_head_json":{"title":"Skilm\u00e1lar - \u00cd\u00fer\u00f3ttaf\u00e9lagi\u00f0 Gr\u00f3tta","robots":{"index":"index","follow":"follow","max-snippet":"max-snippet:-1","max-image-preview":"max-image-preview:large","max-video-preview":"max-video-preview:-1"},"canonical":"https:\/\/grotta.is\/en\/skilmalar\/","og_locale":"en_US","og_type":"article","og_title":"Skilm\u00e1lar - \u00cd\u00fer\u00f3ttaf\u00e9lagi\u00f0 Gr\u00f3tta","og_description":"Velkomin \u00e1 vefs\u00ed\u00f0u \u00cd\u00fer\u00f3ttaf\u00e9lagsins Gr\u00f3ttu Heimilsfang: \u00cd\u00fer\u00f3ttami\u00f0st\u00f6\u00f0in vi\u00f0 Su\u00f0urstr\u00f6nd Kennitala: 700371-0779 VSK n\u00famer: 136022 T\u00f6lvup\u00f3stfang var\u00f0andi spurningar: gullijons@grotta.is Vinsamlegast lestu skilm\u00e1lana vandlega \u00e1\u00f0ur en \u00fe\u00fa verslar \u00ed gegnum grotta.is \u00fear [&hellip;]","og_url":"https:\/\/grotta.is\/en\/skilmalar\/","og_site_name":"\u00cd\u00fer\u00f3ttaf\u00e9lagi\u00f0 Gr\u00f3tta","article_publisher":"https:\/\/www.facebook.com\/grottasport","article_modified_time":"2020-05-20T13:01:49+00:00","twitter_card":"summary_large_image","twitter_misc":{"Est. reading time":"3 minutes"},"schema":{"@context":"https:\/\/schema.org","@graph":[{"@type":"WebPage","@id":"https:\/\/grotta.is\/skilmalar\/","url":"https:\/\/grotta.is\/skilmalar\/","name":"Skilm\u00e1lar - \u00cd\u00fer\u00f3ttaf\u00e9lagi\u00f0 Gr\u00f3tta","isPartOf":{"@id":"https:\/\/grotta.is\/#website"},"datePublished":"2020-05-10T18:21:22+00:00","dateModified":"2020-05-20T13:01:49+00:00","breadcrumb":{"@id":"https:\/\/grotta.is\/skilmalar\/#breadcrumb"},"inLanguage":"en-US","potentialAction":[{"@type":"ReadAction","target":["https:\/\/grotta.is\/skilmalar\/"]}]},{"@type":"BreadcrumbList","@id":"https:\/\/grotta.is\/skilmalar\/#breadcrumb","itemListElement":[{"@type":"ListItem","position":1,"name":"Home","item":"https:\/\/grotta.is\/"},{"@type":"ListItem","position":2,"name":"Skilm\u00e1lar"}]},{"@type":"WebSite","@id":"https:\/\/grotta.is\/#website","url":"https:\/\/grotta.is\/","name":"\u00cd\u00fer\u00f3ttaf\u00e9lagi\u00f0 Gr\u00f3tta","description":"\u00e1 Seltjarnarnesi","publisher":{"@id":"https:\/\/grotta.is\/#organization"},"potentialAction":[{"@type":"SearchAction","target":{"@type":"EntryPoint","urlTemplate":"https:\/\/grotta.is\/?s={search_term_string}"},"query-input":{"@type":"PropertyValueSpecification","valueRequired":true,"valueName":"search_term_string"}}],"inLanguage":"en-US"},{"@type":"Organization","@id":"https:\/\/grotta.is\/#organization","name":"\u00cd\u00fer\u00f3ttaf\u00e9lagi\u00f0 Gr\u00f3tta","url":"https:\/\/grotta.is\/","logo":{"@type":"ImageObject","inLanguage":"en-US","@id":"https:\/\/grotta.is\/#\/schema\/logo\/image\/","url":"https:\/\/grotta.is\/wp-content\/uploads\/2020\/02\/ithrottafelagidgrotta_logo_512x512_transparent.png","contentUrl":"https:\/\/grotta.is\/wp-content\/uploads\/2020\/02\/ithrottafelagidgrotta_logo_512x512_transparent.png","width":512,"height":512,"caption":"\u00cd\u00fer\u00f3ttaf\u00e9lagi\u00f0 Gr\u00f3tta"},"image":{"@id":"https:\/\/grotta.is\/#\/schema\/logo\/image\/"},"sameAs":["https:\/\/www.facebook.com\/grottasport"]}]}},"_links":{"self":[{"href":"https:\/\/grotta.is\/en\/wp-json\/wp\/v2\/pages\/4772","targetHints":{"allow":["GET"]}}],"collection":[{"href":"https:\/\/grotta.is\/en\/wp-json\/wp\/v2\/pages"}],"about":[{"href":"https:\/\/grotta.is\/en\/wp-json\/wp\/v2\/types\/page"}],"author":[{"embeddable":true,"href":"https:\/\/grotta.is\/en\/wp-json\/wp\/v2\/users\/2"}],"replies":[{"embeddable":true,"href":"https:\/\/grotta.is\/en\/wp-json\/wp\/v2\/comments?post=4772"}],"version-history":[{"count":2,"href":"https:\/\/grotta.is\/en\/wp-json\/wp\/v2\/pages\/4772\/revisions"}],"predecessor-version":[{"id":7959,"href":"https:\/\/grotta.is\/en\/wp-json\/wp\/v2\/pages\/4772\/revisions\/7959"}],"wp:attachment":[{"href":"https:\/\/grotta.is\/en\/wp-json\/wp\/v2\/media?parent=4772"}],"curies":[{"name":"wp","href":"https:\/\/api.w.org\/{rel}","templated":true}]}}