{"id":4264,"date":"2020-05-07T19:52:52","date_gmt":"2020-05-07T19:52:52","guid":{"rendered":"https:\/\/grotta.is\/?page_id=4264"},"modified":"2020-05-11T21:57:53","modified_gmt":"2020-05-11T21:57:53","slug":"ljosmyndir-2016-17","status":"publish","type":"page","link":"https:\/\/grotta.is\/en\/handknattleiksdeild\/ljosmyndir-2016-17\/","title":{"rendered":"Handboltamyndir-2016-17"},"content":{"rendered":"<div data-elementor-type=\"wp-page\" data-elementor-id=\"4264\" class=\"elementor elementor-4264\" data-elementor-post-type=\"page\">\n\t\t\t\t\t\t<section class=\"elementor-section elementor-top-section elementor-element elementor-element-6ac1aed7 elementor-section-boxed elementor-section-height-default elementor-section-height-default\" data-id=\"6ac1aed7\" data-element_type=\"section\">\n\t\t\t\t\t\t<div class=\"elementor-container elementor-column-gap-default\">\n\t\t\t\t\t<div class=\"elementor-column elementor-col-100 elementor-top-column elementor-element elementor-element-e7df135\" data-id=\"e7df135\" data-element_type=\"column\">\n\t\t\t<div class=\"elementor-widget-wrap elementor-element-populated\">\n\t\t\t\t\t\t<div class=\"elementor-element elementor-element-503ecdfe elementor-widget elementor-widget-spacer\" data-id=\"503ecdfe\" data-element_type=\"widget\" data-widget_type=\"spacer.default\">\n\t\t\t\t<div class=\"elementor-widget-container\">\n\t\t\t\t\t\t\t<div class=\"elementor-spacer\">\n\t\t\t<div class=\"elementor-spacer-inner\"><\/div>\n\t\t<\/div>\n\t\t\t\t\t\t<\/div>\n\t\t\t\t<\/div>\n\t\t\t\t<div class=\"elementor-element elementor-element-4e55468 elementor-widget elementor-widget-heading\" data-id=\"4e55468\" data-element_type=\"widget\" data-widget_type=\"heading.default\">\n\t\t\t\t<div class=\"elementor-widget-container\">\n\t\t\t\t\t<h2 class=\"elementor-heading-title elementor-size-default\">\u00c1RI\u00d0 2016 - 2017<\/h2>\t\t\t\t<\/div>\n\t\t\t\t<\/div>\n\t\t\t\t<div class=\"elementor-element elementor-element-4cc2a4d9 elementor-widget elementor-widget-heading\" data-id=\"4cc2a4d9\" data-element_type=\"widget\" data-widget_type=\"heading.default\">\n\t\t\t\t<div class=\"elementor-widget-container\">\n\t\t\t\t\t<h5 class=\"elementor-heading-title elementor-size-default\">Lj\u00f3smyndir eftir Eyj\u00f3lfur Gar\u00f0arsson \u00a9 allur r\u00e9ttur \u00e1skilinn<\/h5>\t\t\t\t<\/div>\n\t\t\t\t<\/div>\n\t\t\t\t\t<\/div>\n\t\t<\/div>\n\t\t\t\t\t<\/div>\n\t\t<\/section>\n\t\t\t\t<section class=\"elementor-section elementor-top-section elementor-element elementor-element-60bd9a04 elementor-section-boxed elementor-section-height-default elementor-section-height-default\" data-id=\"60bd9a04\" data-element_type=\"section\">\n\t\t\t\t\t\t<div class=\"elementor-container elementor-column-gap-default\">\n\t\t\t\t\t<div class=\"elementor-column elementor-col-50 elementor-top-column elementor-element elementor-element-4d3c4ec\" data-id=\"4d3c4ec\" data-element_type=\"column\">\n\t\t\t<div class=\"elementor-widget-wrap elementor-element-populated\">\n\t\t\t\t\t\t<div class=\"elementor-element elementor-element-4b6a1cba elementor-widget elementor-widget-heading\" data-id=\"4b6a1cba\" data-element_type=\"widget\" data-widget_type=\"heading.default\">\n\t\t\t\t<div class=\"elementor-widget-container\">\n\t\t\t\t\t<h6 class=\"elementor-heading-title elementor-size-default\">MEISTARAFLOKKUR KARLA<\/h6>\t\t\t\t<\/div>\n\t\t\t\t<\/div>\n\t\t\t\t<div class=\"elementor-element elementor-element-4e07fa27 elementor-widget elementor-widget-text-editor\" data-id=\"4e07fa27\" data-element_type=\"widget\" data-widget_type=\"text-editor.default\">\n\t\t\t\t<div class=\"elementor-widget-container\">\n\t\t\t\t\t\t\t\t\t<ul><li><a href=\"https:\/\/goo.gl\/photos\/gi31RqDeQJNGEnWV7\">Gr\u00f3tta &#8211; Fram (08.09.2016)<\/a><\/li><li><a href=\"https:\/\/goo.gl\/photos\/iDCdxHSisHJioaf96\">Gr\u00f3tta &#8211; FH (19.09.2016)<\/a><\/li><li><a href=\"https:\/\/photos.app.goo.gl\/WTHnrXFpojtPz9rC7\">Gr\u00f3tta &#8211; Valur (01.10.2016)<\/a><\/li><li><a href=\"https:\/\/goo.gl\/photos\/JDsHRKMGaHYdyzRG7\">Gr\u00f3tta &#8211; \u00der\u00f3ttur Vogum (25.10.2016)<\/a><\/li><li><a href=\"https:\/\/goo.gl\/photos\/FfujScSeWSSmcxyG6\">Gr\u00f3tta &#8211; Akureyri (16.02.2017)<\/a><\/li><li><a href=\"https:\/\/goo.gl\/photos\/jUMbRA2tyKCiHXcf7\">Gr\u00f3tta &#8211; Selfoss (06.03.2017)<\/a><\/li><li><a href=\"https:\/\/goo.gl\/photos\/WTBC3KhgwUQ3bfz39\">Valur &#8211; Gr\u00f3tta (22.03.2017)<\/a><\/li><li><a href=\"https:\/\/goo.gl\/photos\/E8cvKV5NA8yNWnmC9\">Gr\u00f3tta &#8211; Fram (05.04.2017)<\/a><\/li><\/ul>\t\t\t\t\t\t\t\t<\/div>\n\t\t\t\t<\/div>\n\t\t\t\t<div class=\"elementor-element elementor-element-46152a49 elementor-widget elementor-widget-heading\" data-id=\"46152a49\" data-element_type=\"widget\" data-widget_type=\"heading.default\">\n\t\t\t\t<div class=\"elementor-widget-container\">\n\t\t\t\t\t<h6 class=\"elementor-heading-title elementor-size-default\">MEISTARAFLOKKUR KVENNA<\/h6>\t\t\t\t<\/div>\n\t\t\t\t<\/div>\n\t\t\t\t<div class=\"elementor-element elementor-element-21656555 elementor-widget elementor-widget-text-editor\" data-id=\"21656555\" data-element_type=\"widget\" data-widget_type=\"text-editor.default\">\n\t\t\t\t<div class=\"elementor-widget-container\">\n\t\t\t\t\t\t\t\t\t<ul><li><a href=\"https:\/\/goo.gl\/photos\/jj9zZtjdeJ3rC8Mk9\">Gr\u00f3tta &#8211; Stjarnan (02.09.2016)<\/a><\/li><li><a href=\"https:\/\/goo.gl\/photos\/QgPzUCXGrKgvNcde9\">Gr\u00f3tta &#8211; Selfoss (17.09.2016)<\/a><\/li><li><a href=\"https:\/\/goo.gl\/photos\/ns87xbv5AqRfV3dx7\">Gr\u00f3tta &#8211; Haukar (01.10.2016)<\/a><\/li><li><a href=\"https:\/\/goo.gl\/photos\/AxXTHyFNoTLpAS1NA\">Gr\u00f3tta &#8211; Fylkir (23.10.2016)<\/a><\/li><li><a href=\"https:\/\/goo.gl\/photos\/sEqWvUkUXpjgPMfb7\">Gr\u00f3tta &#8211; Selfoss (07.02.2017)<\/a><\/li><li><a href=\"https:\/\/goo.gl\/photos\/qceu8xdeZhhMVC2P7\">Gr\u00f3tta &#8211; Selfoss (25.03.2017)<\/a><\/li><li><a href=\"https:\/\/goo.gl\/photos\/ETWF3pfPFbYYzwgDA\">Gr\u00f3tta &#8211; Fylkir (01.04.2017)<\/a><\/li><\/ul>\t\t\t\t\t\t\t\t<\/div>\n\t\t\t\t<\/div>\n\t\t\t\t<div class=\"elementor-element elementor-element-56fd149e elementor-widget elementor-widget-heading\" data-id=\"56fd149e\" data-element_type=\"widget\" data-widget_type=\"heading.default\">\n\t\t\t\t<div class=\"elementor-widget-container\">\n\t\t\t\t\t<h4 class=\"elementor-heading-title elementor-size-default\">YNGRI FLOKKAR<\/h4>\t\t\t\t<\/div>\n\t\t\t\t<\/div>\n\t\t\t\t<div class=\"elementor-element elementor-element-4ec9e911 elementor-widget elementor-widget-heading\" data-id=\"4ec9e911\" data-element_type=\"widget\" data-widget_type=\"heading.default\">\n\t\t\t\t<div class=\"elementor-widget-container\">\n\t\t\t\t\t<h6 class=\"elementor-heading-title elementor-size-default\">3. FLOKKUR KVENNA<\/h6>\t\t\t\t<\/div>\n\t\t\t\t<\/div>\n\t\t\t\t<div class=\"elementor-element elementor-element-1c84a01d elementor-widget elementor-widget-text-editor\" data-id=\"1c84a01d\" data-element_type=\"widget\" data-widget_type=\"text-editor.default\">\n\t\t\t\t<div class=\"elementor-widget-container\">\n\t\t\t\t\t\t\t\t\t<ul><li><a href=\"https:\/\/goo.gl\/photos\/JFDdPzcu2VKxhjcB7\">Gr\u00f3tta &#8211; Fram (04.04.2017)<\/a><\/li><\/ul>\t\t\t\t\t\t\t\t<\/div>\n\t\t\t\t<\/div>\n\t\t\t\t<div class=\"elementor-element elementor-element-75a267dc elementor-widget elementor-widget-heading\" data-id=\"75a267dc\" data-element_type=\"widget\" data-widget_type=\"heading.default\">\n\t\t\t\t<div class=\"elementor-widget-container\">\n\t\t\t\t\t<h6 class=\"elementor-heading-title elementor-size-default\">3. FLOKKUR KARLA<\/h6>\t\t\t\t<\/div>\n\t\t\t\t<\/div>\n\t\t\t\t<div class=\"elementor-element elementor-element-34c11c00 elementor-widget elementor-widget-text-editor\" data-id=\"34c11c00\" data-element_type=\"widget\" data-widget_type=\"text-editor.default\">\n\t\t\t\t<div class=\"elementor-widget-container\">\n\t\t\t\t\t\t\t\t\t<ul><li><a href=\"https:\/\/goo.gl\/photos\/gGJJucvRJUbqgZzE8\">Gr\u00f3tta &#8211; \u00de\u00f3r (25.04.2017)<\/a><\/li><\/ul>\t\t\t\t\t\t\t\t<\/div>\n\t\t\t\t<\/div>\n\t\t\t\t<div class=\"elementor-element elementor-element-55cb80de elementor-widget elementor-widget-heading\" data-id=\"55cb80de\" data-element_type=\"widget\" data-widget_type=\"heading.default\">\n\t\t\t\t<div class=\"elementor-widget-container\">\n\t\t\t\t\t<h6 class=\"elementor-heading-title elementor-size-default\">4. FLOKKUR KVENNA<\/h6>\t\t\t\t<\/div>\n\t\t\t\t<\/div>\n\t\t\t\t<div class=\"elementor-element elementor-element-6a595389 elementor-widget elementor-widget-text-editor\" data-id=\"6a595389\" data-element_type=\"widget\" data-widget_type=\"text-editor.default\">\n\t\t\t\t<div class=\"elementor-widget-container\">\n\t\t\t\t\t\t\t\t\t<ul><li><a href=\"https:\/\/goo.gl\/photos\/XMbTM2Ks8xAPWYEe9\">Gr\u00f3tta &#8211; Fram (24.10.2016)<\/a><\/li><\/ul>\t\t\t\t\t\t\t\t<\/div>\n\t\t\t\t<\/div>\n\t\t\t\t<div class=\"elementor-element elementor-element-4fa86cf9 elementor-widget elementor-widget-heading\" data-id=\"4fa86cf9\" data-element_type=\"widget\" data-widget_type=\"heading.default\">\n\t\t\t\t<div class=\"elementor-widget-container\">\n\t\t\t\t\t<h6 class=\"elementor-heading-title elementor-size-default\">4. FLOKKUR KARLA<\/h6>\t\t\t\t<\/div>\n\t\t\t\t<\/div>\n\t\t\t\t<div class=\"elementor-element elementor-element-472807ad elementor-widget elementor-widget-text-editor\" data-id=\"472807ad\" data-element_type=\"widget\" data-widget_type=\"text-editor.default\">\n\t\t\t\t<div class=\"elementor-widget-container\">\n\t\t\t\t\t\t\t\t\t<ul><li><a href=\"https:\/\/goo.gl\/photos\/RVM78gbKL6MuT35h6\">Gr\u00f3tta &#8211; \u00cdR (14.02.2017)<\/a><\/li><\/ul>\t\t\t\t\t\t\t\t<\/div>\n\t\t\t\t<\/div>\n\t\t\t\t\t<\/div>\n\t\t<\/div>\n\t\t\t\t<div class=\"elementor-column elementor-col-50 elementor-top-column elementor-element elementor-element-62de3673\" data-id=\"62de3673\" data-element_type=\"column\">\n\t\t\t<div class=\"elementor-widget-wrap elementor-element-populated\">\n\t\t\t\t\t\t<div class=\"elementor-element elementor-element-27b2956f elementor-widget elementor-widget-image\" data-id=\"27b2956f\" data-element_type=\"widget\" data-widget_type=\"image.default\">\n\t\t\t\t<div class=\"elementor-widget-container\">\n\t\t\t\t\t\t\t\t\t\t\t\t\t\t\t\t<a href=\"https:\/\/grotta.is\/wp-content\/uploads\/2020\/05\/handknattleikur-mfl-kk-2016-17.jpg\" data-elementor-open-lightbox=\"yes\" data-elementor-lightbox-title=\"handknattleikur-mfl-kk-2016-17\" data-e-action-hash=\"#elementor-action%3Aaction%3Dlightbox%26settings%3DeyJpZCI6NDI2OCwidXJsIjoiaHR0cHM6XC9cL2dyb3R0YS5pc1wvd3AtY29udGVudFwvdXBsb2Fkc1wvMjAyMFwvMDVcL2hhbmRrbmF0dGxlaWt1ci1tZmwta2stMjAxNi0xNy5qcGcifQ%3D%3D\">\n\t\t\t\t\t\t\t<img fetchpriority=\"high\" decoding=\"async\" width=\"1024\" height=\"774\" src=\"https:\/\/grotta.is\/wp-content\/uploads\/2020\/05\/handknattleikur-mfl-kk-2016-17-1024x774.jpg\" class=\"attachment-large size-large wp-image-4268\" alt=\"\" srcset=\"https:\/\/grotta.is\/wp-content\/uploads\/2020\/05\/handknattleikur-mfl-kk-2016-17-1024x774.jpg 1024w, https:\/\/grotta.is\/wp-content\/uploads\/2020\/05\/handknattleikur-mfl-kk-2016-17-600x453.jpg 600w, https:\/\/grotta.is\/wp-content\/uploads\/2020\/05\/handknattleikur-mfl-kk-2016-17-300x227.jpg 300w, https:\/\/grotta.is\/wp-content\/uploads\/2020\/05\/handknattleikur-mfl-kk-2016-17-768x580.jpg 768w, https:\/\/grotta.is\/wp-content\/uploads\/2020\/05\/handknattleikur-mfl-kk-2016-17-1536x1161.jpg 1536w, https:\/\/grotta.is\/wp-content\/uploads\/2020\/05\/handknattleikur-mfl-kk-2016-17.jpg 1600w\" sizes=\"(max-width: 1024px) 100vw, 1024px\" \/>\t\t\t\t\t\t\t\t<\/a>\n\t\t\t\t\t\t\t\t\t\t\t\t\t\t\t<\/div>\n\t\t\t\t<\/div>\n\t\t\t\t<div class=\"elementor-element elementor-element-1ea148e7 elementor-widget elementor-widget-image\" data-id=\"1ea148e7\" data-element_type=\"widget\" data-widget_type=\"image.default\">\n\t\t\t\t<div class=\"elementor-widget-container\">\n\t\t\t\t\t\t\t\t\t\t\t\t\t\t\t\t<a href=\"https:\/\/grotta.is\/wp-content\/uploads\/2020\/05\/handknattleikur-mfl-kvk-2016-17.jpg\" data-elementor-open-lightbox=\"yes\" data-elementor-lightbox-title=\"handknattleikur-mfl-kvk-2016-17\" data-e-action-hash=\"#elementor-action%3Aaction%3Dlightbox%26settings%3DeyJpZCI6NDI2NiwidXJsIjoiaHR0cHM6XC9cL2dyb3R0YS5pc1wvd3AtY29udGVudFwvdXBsb2Fkc1wvMjAyMFwvMDVcL2hhbmRrbmF0dGxlaWt1ci1tZmwta3ZrLTIwMTYtMTcuanBnIn0%3D\">\n\t\t\t\t\t\t\t<img decoding=\"async\" width=\"1024\" height=\"564\" data-src=\"https:\/\/grotta.is\/wp-content\/uploads\/2020\/05\/handknattleikur-mfl-kvk-2016-17-1024x564.jpg\" class=\"attachment-large size-large wp-image-4266 lazyload\" alt=\"\" data-srcset=\"https:\/\/grotta.is\/wp-content\/uploads\/2020\/05\/handknattleikur-mfl-kvk-2016-17-1024x564.jpg 1024w, https:\/\/grotta.is\/wp-content\/uploads\/2020\/05\/handknattleikur-mfl-kvk-2016-17-600x330.jpg 600w, https:\/\/grotta.is\/wp-content\/uploads\/2020\/05\/handknattleikur-mfl-kvk-2016-17-300x165.jpg 300w, https:\/\/grotta.is\/wp-content\/uploads\/2020\/05\/handknattleikur-mfl-kvk-2016-17-768x423.jpg 768w, https:\/\/grotta.is\/wp-content\/uploads\/2020\/05\/handknattleikur-mfl-kvk-2016-17-1536x846.jpg 1536w, https:\/\/grotta.is\/wp-content\/uploads\/2020\/05\/handknattleikur-mfl-kvk-2016-17.jpg 1600w\" data-sizes=\"(max-width: 1024px) 100vw, 1024px\" src=\"data:image\/gif;base64,R0lGODlhAQABAAAAACH5BAEKAAEALAAAAAABAAEAAAICTAEAOw==\" style=\"--smush-placeholder-width: 1024px; --smush-placeholder-aspect-ratio: 1024\/564;\" \/>\t\t\t\t\t\t\t\t<\/a>\n\t\t\t\t\t\t\t\t\t\t\t\t\t\t\t<\/div>\n\t\t\t\t<\/div>\n\t\t\t\t<div class=\"elementor-element elementor-element-49bc47fe elementor-widget elementor-widget-image\" data-id=\"49bc47fe\" data-element_type=\"widget\" data-widget_type=\"image.default\">\n\t\t\t\t<div class=\"elementor-widget-container\">\n\t\t\t\t\t\t\t\t\t\t\t\t\t\t\t\t<a href=\"https:\/\/grotta.is\/wp-content\/uploads\/2020\/05\/handknattleikur-mfl-kk-2016-17b.jpg\" data-elementor-open-lightbox=\"yes\" data-elementor-lightbox-title=\"handknattleikur-mfl-kk-2016-17b\" data-e-action-hash=\"#elementor-action%3Aaction%3Dlightbox%26settings%3DeyJpZCI6NDI2NywidXJsIjoiaHR0cHM6XC9cL2dyb3R0YS5pc1wvd3AtY29udGVudFwvdXBsb2Fkc1wvMjAyMFwvMDVcL2hhbmRrbmF0dGxlaWt1ci1tZmwta2stMjAxNi0xN2IuanBnIn0%3D\">\n\t\t\t\t\t\t\t<img decoding=\"async\" width=\"1024\" height=\"787\" data-src=\"https:\/\/grotta.is\/wp-content\/uploads\/2020\/05\/handknattleikur-mfl-kk-2016-17b.jpg\" class=\"attachment-large size-large wp-image-4267 lazyload\" alt=\"\" data-srcset=\"https:\/\/grotta.is\/wp-content\/uploads\/2020\/05\/handknattleikur-mfl-kk-2016-17b.jpg 1600w, https:\/\/grotta.is\/wp-content\/uploads\/2020\/05\/handknattleikur-mfl-kk-2016-17b-600x461.jpg 600w\" data-sizes=\"(max-width: 1024px) 100vw, 1024px\" src=\"data:image\/gif;base64,R0lGODlhAQABAAAAACH5BAEKAAEALAAAAAABAAEAAAICTAEAOw==\" style=\"--smush-placeholder-width: 1024px; --smush-placeholder-aspect-ratio: 1024\/787;\" \/>\t\t\t\t\t\t\t\t<\/a>\n\t\t\t\t\t\t\t\t\t\t\t\t\t\t\t<\/div>\n\t\t\t\t<\/div>\n\t\t\t\t\t<\/div>\n\t\t<\/div>\n\t\t\t\t\t<\/div>\n\t\t<\/section>\n\t\t\t\t<section class=\"elementor-section elementor-top-section elementor-element elementor-element-7966796b elementor-section-boxed elementor-section-height-default elementor-section-height-default\" data-id=\"7966796b\" data-element_type=\"section\">\n\t\t\t\t\t\t<div class=\"elementor-container elementor-column-gap-default\">\n\t\t\t\t\t<div class=\"elementor-column elementor-col-100 elementor-top-column elementor-element elementor-element-55926ac3\" data-id=\"55926ac3\" data-element_type=\"column\">\n\t\t\t<div class=\"elementor-widget-wrap elementor-element-populated\">\n\t\t\t\t\t\t<div class=\"elementor-element elementor-element-1b74efee elementor-widget elementor-widget-heading\" data-id=\"1b74efee\" data-element_type=\"widget\" data-widget_type=\"heading.default\">\n\t\t\t\t<div class=\"elementor-widget-container\">\n\t\t\t\t\t<h6 class=\"elementor-heading-title elementor-size-default\">Lj\u00f3smyndir eftir Eyj\u00f3lfur Gar\u00f0arsson \u00a9 allur r\u00e9ttur \u00e1skilinn<\/h6>\t\t\t\t<\/div>\n\t\t\t\t<\/div>\n\t\t\t\t<div class=\"elementor-element elementor-element-292c12a7 elementor-widget elementor-widget-spacer\" data-id=\"292c12a7\" data-element_type=\"widget\" data-widget_type=\"spacer.default\">\n\t\t\t\t<div class=\"elementor-widget-container\">\n\t\t\t\t\t\t\t<div class=\"elementor-spacer\">\n\t\t\t<div class=\"elementor-spacer-inner\"><\/div>\n\t\t<\/div>\n\t\t\t\t\t\t<\/div>\n\t\t\t\t<\/div>\n\t\t\t\t\t<\/div>\n\t\t<\/div>\n\t\t\t\t\t<\/div>\n\t\t<\/section>\n\t\t\t\t<\/div>","protected":false},"excerpt":{"rendered":"<p>\u00c1RI\u00d0 2016 &#8211; 2017 Lj\u00f3smyndir eftir Eyj\u00f3lfur Gar\u00f0arsson \u00a9 allur r\u00e9ttur \u00e1skilinn MEISTARAFLOKKUR KARLA Gr\u00f3tta &#8211; Fram (08.09.2016) Gr\u00f3tta &#8211; FH (19.09.2016) Gr\u00f3tta &#8211; Valur (01.10.2016) Gr\u00f3tta &#8211; \u00der\u00f3ttur Vogum [&hellip;]<\/p>","protected":false},"author":7,"featured_media":0,"parent":533,"menu_order":0,"comment_status":"closed","ping_status":"closed","template":"elementor_header_footer","meta":{"footnotes":""},"class_list":["post-4264","page","type-page","status-publish","hentry"],"yoast_head":"<!-- This site is optimized with the Yoast SEO plugin v24.3 - https:\/\/yoast.com\/wordpress\/plugins\/seo\/ -->\n<title>Handboltamyndir-2016-17 - \u00cd\u00fer\u00f3ttaf\u00e9lagi\u00f0 Gr\u00f3tta<\/title>\n<meta name=\"robots\" content=\"index, follow, max-snippet:-1, max-image-preview:large, max-video-preview:-1\" \/>\n<link rel=\"canonical\" href=\"https:\/\/grotta.is\/en\/handknattleiksdeild\/ljosmyndir-2016-17\/\" \/>\n<meta property=\"og:locale\" content=\"en_US\" \/>\n<meta property=\"og:type\" content=\"article\" \/>\n<meta property=\"og:title\" content=\"Handboltamyndir-2016-17 - \u00cd\u00fer\u00f3ttaf\u00e9lagi\u00f0 Gr\u00f3tta\" \/>\n<meta property=\"og:description\" content=\"\u00c1RI\u00d0 2016 &#8211; 2017 Lj\u00f3smyndir eftir Eyj\u00f3lfur Gar\u00f0arsson \u00a9 allur r\u00e9ttur \u00e1skilinn MEISTARAFLOKKUR KARLA Gr\u00f3tta &#8211; Fram (08.09.2016) Gr\u00f3tta &#8211; FH (19.09.2016) Gr\u00f3tta &#8211; Valur (01.10.2016) Gr\u00f3tta &#8211; \u00der\u00f3ttur Vogum [&hellip;]\" \/>\n<meta property=\"og:url\" content=\"https:\/\/grotta.is\/en\/handknattleiksdeild\/ljosmyndir-2016-17\/\" \/>\n<meta property=\"og:site_name\" content=\"\u00cd\u00fer\u00f3ttaf\u00e9lagi\u00f0 Gr\u00f3tta\" \/>\n<meta property=\"article:publisher\" content=\"https:\/\/www.facebook.com\/grottasport\" \/>\n<meta property=\"article:modified_time\" content=\"2020-05-11T21:57:53+00:00\" \/>\n<meta property=\"og:image\" content=\"https:\/\/grotta.is\/wp-content\/uploads\/2020\/05\/handknattleikur-mfl-kk-2016-17-1024x774.jpg\" \/>\n<meta name=\"twitter:card\" content=\"summary_large_image\" \/>\n<meta name=\"twitter:label1\" content=\"Est. reading time\" \/>\n\t<meta name=\"twitter:data1\" content=\"1 minute\" \/>\n<script type=\"application\/ld+json\" class=\"yoast-schema-graph\">{\"@context\":\"https:\/\/schema.org\",\"@graph\":[{\"@type\":\"WebPage\",\"@id\":\"https:\/\/grotta.is\/handknattleiksdeild\/ljosmyndir-2016-17\/\",\"url\":\"https:\/\/grotta.is\/handknattleiksdeild\/ljosmyndir-2016-17\/\",\"name\":\"Handboltamyndir-2016-17 - \u00cd\u00fer\u00f3ttaf\u00e9lagi\u00f0 Gr\u00f3tta\",\"isPartOf\":{\"@id\":\"https:\/\/grotta.is\/#website\"},\"primaryImageOfPage\":{\"@id\":\"https:\/\/grotta.is\/handknattleiksdeild\/ljosmyndir-2016-17\/#primaryimage\"},\"image\":{\"@id\":\"https:\/\/grotta.is\/handknattleiksdeild\/ljosmyndir-2016-17\/#primaryimage\"},\"thumbnailUrl\":\"https:\/\/grotta.is\/wp-content\/uploads\/2020\/05\/handknattleikur-mfl-kk-2016-17-1024x774.jpg\",\"datePublished\":\"2020-05-07T19:52:52+00:00\",\"dateModified\":\"2020-05-11T21:57:53+00:00\",\"breadcrumb\":{\"@id\":\"https:\/\/grotta.is\/handknattleiksdeild\/ljosmyndir-2016-17\/#breadcrumb\"},\"inLanguage\":\"en-US\",\"potentialAction\":[{\"@type\":\"ReadAction\",\"target\":[\"https:\/\/grotta.is\/handknattleiksdeild\/ljosmyndir-2016-17\/\"]}]},{\"@type\":\"ImageObject\",\"inLanguage\":\"en-US\",\"@id\":\"https:\/\/grotta.is\/handknattleiksdeild\/ljosmyndir-2016-17\/#primaryimage\",\"url\":\"https:\/\/grotta.is\/wp-content\/uploads\/2020\/05\/handknattleikur-mfl-kk-2016-17-1024x774.jpg\",\"contentUrl\":\"https:\/\/grotta.is\/wp-content\/uploads\/2020\/05\/handknattleikur-mfl-kk-2016-17-1024x774.jpg\"},{\"@type\":\"BreadcrumbList\",\"@id\":\"https:\/\/grotta.is\/handknattleiksdeild\/ljosmyndir-2016-17\/#breadcrumb\",\"itemListElement\":[{\"@type\":\"ListItem\",\"position\":1,\"name\":\"Home\",\"item\":\"https:\/\/grotta.is\/\"},{\"@type\":\"ListItem\",\"position\":2,\"name\":\"Handknattleiksdeild Gr\u00f3ttu\",\"item\":\"https:\/\/grotta.is\/handknattleiksdeild\/\"},{\"@type\":\"ListItem\",\"position\":3,\"name\":\"Handboltamyndir-2016-17\"}]},{\"@type\":\"WebSite\",\"@id\":\"https:\/\/grotta.is\/#website\",\"url\":\"https:\/\/grotta.is\/\",\"name\":\"\u00cd\u00fer\u00f3ttaf\u00e9lagi\u00f0 Gr\u00f3tta\",\"description\":\"\u00e1 Seltjarnarnesi\",\"publisher\":{\"@id\":\"https:\/\/grotta.is\/#organization\"},\"potentialAction\":[{\"@type\":\"SearchAction\",\"target\":{\"@type\":\"EntryPoint\",\"urlTemplate\":\"https:\/\/grotta.is\/?s={search_term_string}\"},\"query-input\":{\"@type\":\"PropertyValueSpecification\",\"valueRequired\":true,\"valueName\":\"search_term_string\"}}],\"inLanguage\":\"en-US\"},{\"@type\":\"Organization\",\"@id\":\"https:\/\/grotta.is\/#organization\",\"name\":\"\u00cd\u00fer\u00f3ttaf\u00e9lagi\u00f0 Gr\u00f3tta\",\"url\":\"https:\/\/grotta.is\/\",\"logo\":{\"@type\":\"ImageObject\",\"inLanguage\":\"en-US\",\"@id\":\"https:\/\/grotta.is\/#\/schema\/logo\/image\/\",\"url\":\"https:\/\/grotta.is\/wp-content\/uploads\/2020\/02\/ithrottafelagidgrotta_logo_512x512_transparent.png\",\"contentUrl\":\"https:\/\/grotta.is\/wp-content\/uploads\/2020\/02\/ithrottafelagidgrotta_logo_512x512_transparent.png\",\"width\":512,\"height\":512,\"caption\":\"\u00cd\u00fer\u00f3ttaf\u00e9lagi\u00f0 Gr\u00f3tta\"},\"image\":{\"@id\":\"https:\/\/grotta.is\/#\/schema\/logo\/image\/\"},\"sameAs\":[\"https:\/\/www.facebook.com\/grottasport\"]}]}<\/script>\n<!-- \/ Yoast SEO plugin. -->","yoast_head_json":{"title":"Handboltamyndir-2016-17 - \u00cd\u00fer\u00f3ttaf\u00e9lagi\u00f0 Gr\u00f3tta","robots":{"index":"index","follow":"follow","max-snippet":"max-snippet:-1","max-image-preview":"max-image-preview:large","max-video-preview":"max-video-preview:-1"},"canonical":"https:\/\/grotta.is\/en\/handknattleiksdeild\/ljosmyndir-2016-17\/","og_locale":"en_US","og_type":"article","og_title":"Handboltamyndir-2016-17 - \u00cd\u00fer\u00f3ttaf\u00e9lagi\u00f0 Gr\u00f3tta","og_description":"\u00c1RI\u00d0 2016 &#8211; 2017 Lj\u00f3smyndir eftir Eyj\u00f3lfur Gar\u00f0arsson \u00a9 allur r\u00e9ttur \u00e1skilinn MEISTARAFLOKKUR KARLA Gr\u00f3tta &#8211; Fram (08.09.2016) Gr\u00f3tta &#8211; FH (19.09.2016) Gr\u00f3tta &#8211; Valur (01.10.2016) Gr\u00f3tta &#8211; \u00der\u00f3ttur Vogum [&hellip;]","og_url":"https:\/\/grotta.is\/en\/handknattleiksdeild\/ljosmyndir-2016-17\/","og_site_name":"\u00cd\u00fer\u00f3ttaf\u00e9lagi\u00f0 Gr\u00f3tta","article_publisher":"https:\/\/www.facebook.com\/grottasport","article_modified_time":"2020-05-11T21:57:53+00:00","og_image":[{"url":"https:\/\/grotta.is\/wp-content\/uploads\/2020\/05\/handknattleikur-mfl-kk-2016-17-1024x774.jpg","type":"","width":"","height":""}],"twitter_card":"summary_large_image","twitter_misc":{"Est. reading time":"1 minute"},"schema":{"@context":"https:\/\/schema.org","@graph":[{"@type":"WebPage","@id":"https:\/\/grotta.is\/handknattleiksdeild\/ljosmyndir-2016-17\/","url":"https:\/\/grotta.is\/handknattleiksdeild\/ljosmyndir-2016-17\/","name":"Handboltamyndir-2016-17 - \u00cd\u00fer\u00f3ttaf\u00e9lagi\u00f0 Gr\u00f3tta","isPartOf":{"@id":"https:\/\/grotta.is\/#website"},"primaryImageOfPage":{"@id":"https:\/\/grotta.is\/handknattleiksdeild\/ljosmyndir-2016-17\/#primaryimage"},"image":{"@id":"https:\/\/grotta.is\/handknattleiksdeild\/ljosmyndir-2016-17\/#primaryimage"},"thumbnailUrl":"https:\/\/grotta.is\/wp-content\/uploads\/2020\/05\/handknattleikur-mfl-kk-2016-17-1024x774.jpg","datePublished":"2020-05-07T19:52:52+00:00","dateModified":"2020-05-11T21:57:53+00:00","breadcrumb":{"@id":"https:\/\/grotta.is\/handknattleiksdeild\/ljosmyndir-2016-17\/#breadcrumb"},"inLanguage":"en-US","potentialAction":[{"@type":"ReadAction","target":["https:\/\/grotta.is\/handknattleiksdeild\/ljosmyndir-2016-17\/"]}]},{"@type":"ImageObject","inLanguage":"en-US","@id":"https:\/\/grotta.is\/handknattleiksdeild\/ljosmyndir-2016-17\/#primaryimage","url":"https:\/\/grotta.is\/wp-content\/uploads\/2020\/05\/handknattleikur-mfl-kk-2016-17-1024x774.jpg","contentUrl":"https:\/\/grotta.is\/wp-content\/uploads\/2020\/05\/handknattleikur-mfl-kk-2016-17-1024x774.jpg"},{"@type":"BreadcrumbList","@id":"https:\/\/grotta.is\/handknattleiksdeild\/ljosmyndir-2016-17\/#breadcrumb","itemListElement":[{"@type":"ListItem","position":1,"name":"Home","item":"https:\/\/grotta.is\/"},{"@type":"ListItem","position":2,"name":"Handknattleiksdeild Gr\u00f3ttu","item":"https:\/\/grotta.is\/handknattleiksdeild\/"},{"@type":"ListItem","position":3,"name":"Handboltamyndir-2016-17"}]},{"@type":"WebSite","@id":"https:\/\/grotta.is\/#website","url":"https:\/\/grotta.is\/","name":"\u00cd\u00fer\u00f3ttaf\u00e9lagi\u00f0 Gr\u00f3tta","description":"\u00e1 Seltjarnarnesi","publisher":{"@id":"https:\/\/grotta.is\/#organization"},"potentialAction":[{"@type":"SearchAction","target":{"@type":"EntryPoint","urlTemplate":"https:\/\/grotta.is\/?s={search_term_string}"},"query-input":{"@type":"PropertyValueSpecification","valueRequired":true,"valueName":"search_term_string"}}],"inLanguage":"en-US"},{"@type":"Organization","@id":"https:\/\/grotta.is\/#organization","name":"\u00cd\u00fer\u00f3ttaf\u00e9lagi\u00f0 Gr\u00f3tta","url":"https:\/\/grotta.is\/","logo":{"@type":"ImageObject","inLanguage":"en-US","@id":"https:\/\/grotta.is\/#\/schema\/logo\/image\/","url":"https:\/\/grotta.is\/wp-content\/uploads\/2020\/02\/ithrottafelagidgrotta_logo_512x512_transparent.png","contentUrl":"https:\/\/grotta.is\/wp-content\/uploads\/2020\/02\/ithrottafelagidgrotta_logo_512x512_transparent.png","width":512,"height":512,"caption":"\u00cd\u00fer\u00f3ttaf\u00e9lagi\u00f0 Gr\u00f3tta"},"image":{"@id":"https:\/\/grotta.is\/#\/schema\/logo\/image\/"},"sameAs":["https:\/\/www.facebook.com\/grottasport"]}]}},"_links":{"self":[{"href":"https:\/\/grotta.is\/en\/wp-json\/wp\/v2\/pages\/4264","targetHints":{"allow":["GET"]}}],"collection":[{"href":"https:\/\/grotta.is\/en\/wp-json\/wp\/v2\/pages"}],"about":[{"href":"https:\/\/grotta.is\/en\/wp-json\/wp\/v2\/types\/page"}],"author":[{"embeddable":true,"href":"https:\/\/grotta.is\/en\/wp-json\/wp\/v2\/users\/7"}],"replies":[{"embeddable":true,"href":"https:\/\/grotta.is\/en\/wp-json\/wp\/v2\/comments?post=4264"}],"version-history":[{"count":4,"href":"https:\/\/grotta.is\/en\/wp-json\/wp\/v2\/pages\/4264\/revisions"}],"predecessor-version":[{"id":5631,"href":"https:\/\/grotta.is\/en\/wp-json\/wp\/v2\/pages\/4264\/revisions\/5631"}],"up":[{"embeddable":true,"href":"https:\/\/grotta.is\/en\/wp-json\/wp\/v2\/pages\/533"}],"wp:attachment":[{"href":"https:\/\/grotta.is\/en\/wp-json\/wp\/v2\/media?parent=4264"}],"curies":[{"name":"wp","href":"https:\/\/api.w.org\/{rel}","templated":true}]}}