{"id":424920,"date":"2023-05-20T10:04:47","date_gmt":"2023-05-20T10:04:47","guid":{"rendered":"https:\/\/grotta.is\/?page_id=424920"},"modified":"2023-05-20T14:09:05","modified_gmt":"2023-05-20T14:09:05","slug":"verklagsreglur-grottu-vegna-fjaraflana","status":"publish","type":"page","link":"https:\/\/grotta.is\/en\/verklagsreglur-grottu-vegna-fjaraflana\/","title":{"rendered":"Verklagsreglur Gr\u00f3ttu vegna fj\u00e1raflana"},"content":{"rendered":"<p><strong>Markmi\u00f0<\/strong><\/p><p>Me\u00f0 \u00feessum reglum er \u00e6tlunin a\u00f0 samr\u00e6ma og marka stefnu um \u00fea\u00f0 hvernig sta\u00f0i\u00f0 skal a\u00f0 fj\u00e1r\u00f6flunum \u00ed nafni f\u00e9lagsins.<\/p><p><strong>Reglur<\/strong><\/p><p>A\u00f0alstj\u00f3rn og\/e\u00f0a fulltr\u00faar hennar veita leyfi fyrir \u00f6llum \u00feeim fj\u00e1r\u00f6flunum sem fara fram \u00ed nafni f\u00e9lagsins. Leita skal til skrifstofu Gr\u00f3ttu me\u00f0 uppl\u00fdsingar um e\u00f0li fj\u00e1r\u00f6flunar, t\u00edmal\u00ednu, tilefni fj\u00e1r\u00f6flunar, hver er \u00e1byrg\u00f0ara\u00f0ili, hvernig \u00e1g\u00f3\u00f0a er skipt, t\u00edmal\u00ednu o.fl. Er \u00fea\u00f0 gert \u00e1 \u00fear til ger\u00f0u ey\u00f0ubla\u00f0i sem fyllt er \u00fat og birtist \u00fea\u00f0 \u00fe\u00e1 hj\u00e1 skrifstofu f\u00e9lagsins. \u00cd kj\u00f6lfari\u00f0 er m\u00e1li\u00f0 teki\u00f0 til sko\u00f0unar og a\u00f0ilum kynnt ni\u00f0ursta\u00f0a. Gera m\u00e1 r\u00e1\u00f0 fyrir 2-3 virkum d\u00f6gum til afgrei\u00f0slu m\u00e1la.<\/p><p>Allir sem afla fj\u00e1r til starfsemi \u00cd\u00fer\u00f3ttaf\u00e9lagsins Gr\u00f3ttu, deilda \u00feess, unglingar\u00e1\u00f0a e\u00f0a h\u00f3pa\/flokka skulu vi\u00f0 fj\u00e1raflanir vera merktir f\u00e9laginu og gefa uppl\u00fdsingar fyrir hvern og til hva\u00f0a verkefnis fj\u00e1rsins er afla\u00f0.<\/p><p>Einstaklingur sem safna\u00f0 hefur f\u00e9 sem s\u00e9rstaklega er merkt honum h\u00e6ttir vi\u00f0 \u00fe\u00e1ttt\u00f6ku \u00ed fer\u00f0\/vi\u00f0bur\u00f0i af \u00f3vi\u00f0r\u00e1\u00f0anlegum s\u00f6kum \u00e1 ekki r\u00e9tt \u00e1 a\u00f0 f\u00e1 endurgreitt \u00feeim fj\u00e1rmunum sem safna\u00f0 er fyrir. \u00cd sl\u00edkum tilvikum rennur f\u00e9\u00f0 sem merkt var vi\u00f0komandi einstaklingi \u00ed sameiginlegan sj\u00f3\u00f0. <\/p><p>Ef f\u00e9 hefur veri\u00f0 lagt inn \u00ed verkefni\u00f0 \u00e1n s\u00f6fnunar vegna einstaklingsins \u00e1 vi\u00f0komandi r\u00e9tt \u00e1 endurgrei\u00f0slu.<\/p><p>Ey\u00f0ubla\u00f0 til \u00fatfyllingar er \u00ed afgrei\u00f0slu skrifstofu Gr\u00f3ttu en einnig er h\u00e6gt a\u00f0 fylla \u00fat eftirfarandi <a href=\"https:\/\/forms.office.com\/pages\/responsepage.aspx?id=86EzHWPWik6HPzKl5Z3J3iH529yERfFJo4Mrd_yWE4JUMlhPSkY5TzdWN0dYUFQyOVFDT01WVUpBWC4u\" target=\"_blank\" rel=\"noreferrer noopener\">form h\u00e9r<\/a>.<\/p>","protected":false},"excerpt":{"rendered":"<p>Markmi\u00f0 Me\u00f0 \u00feessum reglum er \u00e6tlunin a\u00f0 samr\u00e6ma og marka stefnu um \u00fea\u00f0 hvernig sta\u00f0i\u00f0 skal a\u00f0 fj\u00e1r\u00f6flunum \u00ed nafni f\u00e9lagsins. Reglur A\u00f0alstj\u00f3rn og\/e\u00f0a fulltr\u00faar hennar veita leyfi fyrir \u00f6llum [&hellip;]<\/p>","protected":false},"author":2,"featured_media":0,"parent":0,"menu_order":0,"comment_status":"closed","ping_status":"closed","template":"","meta":{"footnotes":""},"class_list":["post-424920","page","type-page","status-publish","hentry"],"yoast_head":"<!-- This site is optimized with the Yoast SEO plugin v24.3 - https:\/\/yoast.com\/wordpress\/plugins\/seo\/ -->\n<title>Verklagsreglur Gr\u00f3ttu vegna fj\u00e1raflana - \u00cd\u00fer\u00f3ttaf\u00e9lagi\u00f0 Gr\u00f3tta<\/title>\n<meta name=\"robots\" content=\"index, follow, max-snippet:-1, max-image-preview:large, max-video-preview:-1\" \/>\n<link rel=\"canonical\" href=\"https:\/\/grotta.is\/en\/verklagsreglur-grottu-vegna-fjaraflana\/\" \/>\n<meta property=\"og:locale\" content=\"en_US\" \/>\n<meta property=\"og:type\" content=\"article\" \/>\n<meta property=\"og:title\" content=\"Verklagsreglur Gr\u00f3ttu vegna fj\u00e1raflana - \u00cd\u00fer\u00f3ttaf\u00e9lagi\u00f0 Gr\u00f3tta\" \/>\n<meta property=\"og:description\" content=\"Markmi\u00f0 Me\u00f0 \u00feessum reglum er \u00e6tlunin a\u00f0 samr\u00e6ma og marka stefnu um \u00fea\u00f0 hvernig sta\u00f0i\u00f0 skal a\u00f0 fj\u00e1r\u00f6flunum \u00ed nafni f\u00e9lagsins. Reglur A\u00f0alstj\u00f3rn og\/e\u00f0a fulltr\u00faar hennar veita leyfi fyrir \u00f6llum [&hellip;]\" \/>\n<meta property=\"og:url\" content=\"https:\/\/grotta.is\/en\/verklagsreglur-grottu-vegna-fjaraflana\/\" \/>\n<meta property=\"og:site_name\" content=\"\u00cd\u00fer\u00f3ttaf\u00e9lagi\u00f0 Gr\u00f3tta\" \/>\n<meta property=\"article:publisher\" content=\"https:\/\/www.facebook.com\/grottasport\" \/>\n<meta property=\"article:modified_time\" content=\"2023-05-20T14:09:05+00:00\" \/>\n<meta name=\"twitter:card\" content=\"summary_large_image\" \/>\n<meta name=\"twitter:label1\" content=\"Est. reading time\" \/>\n\t<meta name=\"twitter:data1\" content=\"2 minutes\" \/>\n<script type=\"application\/ld+json\" class=\"yoast-schema-graph\">{\"@context\":\"https:\/\/schema.org\",\"@graph\":[{\"@type\":\"WebPage\",\"@id\":\"https:\/\/grotta.is\/verklagsreglur-grottu-vegna-fjaraflana\/\",\"url\":\"https:\/\/grotta.is\/verklagsreglur-grottu-vegna-fjaraflana\/\",\"name\":\"Verklagsreglur Gr\u00f3ttu vegna fj\u00e1raflana - \u00cd\u00fer\u00f3ttaf\u00e9lagi\u00f0 Gr\u00f3tta\",\"isPartOf\":{\"@id\":\"https:\/\/grotta.is\/#website\"},\"datePublished\":\"2023-05-20T10:04:47+00:00\",\"dateModified\":\"2023-05-20T14:09:05+00:00\",\"breadcrumb\":{\"@id\":\"https:\/\/grotta.is\/verklagsreglur-grottu-vegna-fjaraflana\/#breadcrumb\"},\"inLanguage\":\"en-US\",\"potentialAction\":[{\"@type\":\"ReadAction\",\"target\":[\"https:\/\/grotta.is\/verklagsreglur-grottu-vegna-fjaraflana\/\"]}]},{\"@type\":\"BreadcrumbList\",\"@id\":\"https:\/\/grotta.is\/verklagsreglur-grottu-vegna-fjaraflana\/#breadcrumb\",\"itemListElement\":[{\"@type\":\"ListItem\",\"position\":1,\"name\":\"Home\",\"item\":\"https:\/\/grotta.is\/\"},{\"@type\":\"ListItem\",\"position\":2,\"name\":\"Verklagsreglur Gr\u00f3ttu vegna fj\u00e1raflana\"}]},{\"@type\":\"WebSite\",\"@id\":\"https:\/\/grotta.is\/#website\",\"url\":\"https:\/\/grotta.is\/\",\"name\":\"\u00cd\u00fer\u00f3ttaf\u00e9lagi\u00f0 Gr\u00f3tta\",\"description\":\"\u00e1 Seltjarnarnesi\",\"publisher\":{\"@id\":\"https:\/\/grotta.is\/#organization\"},\"potentialAction\":[{\"@type\":\"SearchAction\",\"target\":{\"@type\":\"EntryPoint\",\"urlTemplate\":\"https:\/\/grotta.is\/?s={search_term_string}\"},\"query-input\":{\"@type\":\"PropertyValueSpecification\",\"valueRequired\":true,\"valueName\":\"search_term_string\"}}],\"inLanguage\":\"en-US\"},{\"@type\":\"Organization\",\"@id\":\"https:\/\/grotta.is\/#organization\",\"name\":\"\u00cd\u00fer\u00f3ttaf\u00e9lagi\u00f0 Gr\u00f3tta\",\"url\":\"https:\/\/grotta.is\/\",\"logo\":{\"@type\":\"ImageObject\",\"inLanguage\":\"en-US\",\"@id\":\"https:\/\/grotta.is\/#\/schema\/logo\/image\/\",\"url\":\"https:\/\/grotta.is\/wp-content\/uploads\/2020\/02\/ithrottafelagidgrotta_logo_512x512_transparent.png\",\"contentUrl\":\"https:\/\/grotta.is\/wp-content\/uploads\/2020\/02\/ithrottafelagidgrotta_logo_512x512_transparent.png\",\"width\":512,\"height\":512,\"caption\":\"\u00cd\u00fer\u00f3ttaf\u00e9lagi\u00f0 Gr\u00f3tta\"},\"image\":{\"@id\":\"https:\/\/grotta.is\/#\/schema\/logo\/image\/\"},\"sameAs\":[\"https:\/\/www.facebook.com\/grottasport\"]}]}<\/script>\n<!-- \/ Yoast SEO plugin. -->","yoast_head_json":{"title":"Verklagsreglur Gr\u00f3ttu vegna fj\u00e1raflana - \u00cd\u00fer\u00f3ttaf\u00e9lagi\u00f0 Gr\u00f3tta","robots":{"index":"index","follow":"follow","max-snippet":"max-snippet:-1","max-image-preview":"max-image-preview:large","max-video-preview":"max-video-preview:-1"},"canonical":"https:\/\/grotta.is\/en\/verklagsreglur-grottu-vegna-fjaraflana\/","og_locale":"en_US","og_type":"article","og_title":"Verklagsreglur Gr\u00f3ttu vegna fj\u00e1raflana - \u00cd\u00fer\u00f3ttaf\u00e9lagi\u00f0 Gr\u00f3tta","og_description":"Markmi\u00f0 Me\u00f0 \u00feessum reglum er \u00e6tlunin a\u00f0 samr\u00e6ma og marka stefnu um \u00fea\u00f0 hvernig sta\u00f0i\u00f0 skal a\u00f0 fj\u00e1r\u00f6flunum \u00ed nafni f\u00e9lagsins. Reglur A\u00f0alstj\u00f3rn og\/e\u00f0a fulltr\u00faar hennar veita leyfi fyrir \u00f6llum [&hellip;]","og_url":"https:\/\/grotta.is\/en\/verklagsreglur-grottu-vegna-fjaraflana\/","og_site_name":"\u00cd\u00fer\u00f3ttaf\u00e9lagi\u00f0 Gr\u00f3tta","article_publisher":"https:\/\/www.facebook.com\/grottasport","article_modified_time":"2023-05-20T14:09:05+00:00","twitter_card":"summary_large_image","twitter_misc":{"Est. reading time":"2 minutes"},"schema":{"@context":"https:\/\/schema.org","@graph":[{"@type":"WebPage","@id":"https:\/\/grotta.is\/verklagsreglur-grottu-vegna-fjaraflana\/","url":"https:\/\/grotta.is\/verklagsreglur-grottu-vegna-fjaraflana\/","name":"Verklagsreglur Gr\u00f3ttu vegna fj\u00e1raflana - \u00cd\u00fer\u00f3ttaf\u00e9lagi\u00f0 Gr\u00f3tta","isPartOf":{"@id":"https:\/\/grotta.is\/#website"},"datePublished":"2023-05-20T10:04:47+00:00","dateModified":"2023-05-20T14:09:05+00:00","breadcrumb":{"@id":"https:\/\/grotta.is\/verklagsreglur-grottu-vegna-fjaraflana\/#breadcrumb"},"inLanguage":"en-US","potentialAction":[{"@type":"ReadAction","target":["https:\/\/grotta.is\/verklagsreglur-grottu-vegna-fjaraflana\/"]}]},{"@type":"BreadcrumbList","@id":"https:\/\/grotta.is\/verklagsreglur-grottu-vegna-fjaraflana\/#breadcrumb","itemListElement":[{"@type":"ListItem","position":1,"name":"Home","item":"https:\/\/grotta.is\/"},{"@type":"ListItem","position":2,"name":"Verklagsreglur Gr\u00f3ttu vegna fj\u00e1raflana"}]},{"@type":"WebSite","@id":"https:\/\/grotta.is\/#website","url":"https:\/\/grotta.is\/","name":"\u00cd\u00fer\u00f3ttaf\u00e9lagi\u00f0 Gr\u00f3tta","description":"\u00e1 Seltjarnarnesi","publisher":{"@id":"https:\/\/grotta.is\/#organization"},"potentialAction":[{"@type":"SearchAction","target":{"@type":"EntryPoint","urlTemplate":"https:\/\/grotta.is\/?s={search_term_string}"},"query-input":{"@type":"PropertyValueSpecification","valueRequired":true,"valueName":"search_term_string"}}],"inLanguage":"en-US"},{"@type":"Organization","@id":"https:\/\/grotta.is\/#organization","name":"\u00cd\u00fer\u00f3ttaf\u00e9lagi\u00f0 Gr\u00f3tta","url":"https:\/\/grotta.is\/","logo":{"@type":"ImageObject","inLanguage":"en-US","@id":"https:\/\/grotta.is\/#\/schema\/logo\/image\/","url":"https:\/\/grotta.is\/wp-content\/uploads\/2020\/02\/ithrottafelagidgrotta_logo_512x512_transparent.png","contentUrl":"https:\/\/grotta.is\/wp-content\/uploads\/2020\/02\/ithrottafelagidgrotta_logo_512x512_transparent.png","width":512,"height":512,"caption":"\u00cd\u00fer\u00f3ttaf\u00e9lagi\u00f0 Gr\u00f3tta"},"image":{"@id":"https:\/\/grotta.is\/#\/schema\/logo\/image\/"},"sameAs":["https:\/\/www.facebook.com\/grottasport"]}]}},"_links":{"self":[{"href":"https:\/\/grotta.is\/en\/wp-json\/wp\/v2\/pages\/424920","targetHints":{"allow":["GET"]}}],"collection":[{"href":"https:\/\/grotta.is\/en\/wp-json\/wp\/v2\/pages"}],"about":[{"href":"https:\/\/grotta.is\/en\/wp-json\/wp\/v2\/types\/page"}],"author":[{"embeddable":true,"href":"https:\/\/grotta.is\/en\/wp-json\/wp\/v2\/users\/2"}],"replies":[{"embeddable":true,"href":"https:\/\/grotta.is\/en\/wp-json\/wp\/v2\/comments?post=424920"}],"version-history":[{"count":2,"href":"https:\/\/grotta.is\/en\/wp-json\/wp\/v2\/pages\/424920\/revisions"}],"predecessor-version":[{"id":425079,"href":"https:\/\/grotta.is\/en\/wp-json\/wp\/v2\/pages\/424920\/revisions\/425079"}],"wp:attachment":[{"href":"https:\/\/grotta.is\/en\/wp-json\/wp\/v2\/media?parent=424920"}],"curies":[{"name":"wp","href":"https:\/\/api.w.org\/{rel}","templated":true}]}}