{"id":414804,"date":"2023-02-24T08:23:59","date_gmt":"2023-02-24T08:23:59","guid":{"rendered":"https:\/\/grotta.is\/?page_id=414804"},"modified":"2024-03-12T15:00:09","modified_gmt":"2024-03-12T15:00:09","slug":"sumarstorf-hja-grottu","status":"publish","type":"page","link":"https:\/\/grotta.is\/en\/sumarstorf-hja-grottu\/","title":{"rendered":"Sumarst\u00f6rf hj\u00e1 Gr\u00f3ttu"},"content":{"rendered":"<div data-elementor-type=\"wp-page\" data-elementor-id=\"414804\" class=\"elementor elementor-414804\" data-elementor-post-type=\"page\">\n\t\t\t\t\t\t<section class=\"elementor-section elementor-top-section elementor-element elementor-element-4017e600 elementor-section-boxed elementor-section-height-default elementor-section-height-default\" data-id=\"4017e600\" data-element_type=\"section\">\n\t\t\t\t\t\t<div class=\"elementor-container elementor-column-gap-default\">\n\t\t\t\t\t<div class=\"elementor-column elementor-col-100 elementor-top-column elementor-element elementor-element-270b5f4e\" data-id=\"270b5f4e\" data-element_type=\"column\">\n\t\t\t<div class=\"elementor-widget-wrap elementor-element-populated\">\n\t\t\t\t\t\t<div class=\"elementor-element elementor-element-6841196 elementor-widget elementor-widget-text-editor\" data-id=\"6841196\" data-element_type=\"widget\" data-widget_type=\"text-editor.default\">\n\t\t\t\t<div class=\"elementor-widget-container\">\n\t\t\t\t\t\t\t\t\t<p>\u00cd\u00fer\u00f3ttaf\u00e9lagi\u00f0 Gr\u00f3tta augl\u00fdsir laus sumarst\u00f6rf 2024 til ums\u00f3knar fyrir ungt f\u00f3lk.<\/p>\n<h3>Verkefnastj\u00f3ri sumarn\u00e1mskei\u00f0a Gr\u00f3ttu<\/h3>\n<p>\u00cd\u00fer\u00f3ttaf\u00e9lagi\u00f0 Gr\u00f3tta b\u00fd\u00f0ur upp\u00e1 sumarn\u00e1mskei\u00f0 fyrir krakka \u00e1 fj\u00f6lbreyttum aldri. Starf verkefnastj\u00f3ra er \u00e1byrg\u00f0arstarf en \u00ed \u00fev\u00ed felst skipulagning og umsj\u00f3n allra sumarn\u00e1mskei\u00f0a Gr\u00f3ttu 2024. \u00c6skilegt er a\u00f0 vi\u00f0komandi geti hafi\u00f0 st\u00f6rf sem fyrst og unni\u00f0 er til 23. \u00e1g\u00fast 2024.<\/p>\n<p><strong> Helstu verkefni:<\/strong> Skipulagning og umsj\u00f3n allra sumarn\u00e1mskei\u00f0a Gr\u00f3ttu. Umsj\u00f3n me\u00f0 r\u00e1\u00f0ningum flokkstj\u00f3ra \u00ed samstarfi vi\u00f0 vi\u00f0 verkefnastj\u00f3ra Gr\u00f3ttu, lei\u00f0s\u00f6gn \u00feeirra og eftirlit. \u00c1byrg\u00f0 \u00e1 st\u00f6rfum flokkstj\u00f3ra, st\u00fdring verkefna og \u00e1byrg\u00f0 \u00e1 vi\u00f0veruskr\u00e1ningu h\u00f3pa.<\/p>\n<p><strong>Starfst\u00edmabil <\/strong><\/p>\n<ul>\n<li>13. ma\u00ed &#8211; 12. j\u00fal\u00ed.<\/li>\n<li>6. &#8211; 23. \u00e1g\u00fast.<\/li>\n<li>E\u00f0a eftir samkomulagi.<\/li>\n<li>Sumarfr\u00ed&nbsp; 13. j\u00fal\u00ed &#8211; 5. \u00e1g\u00fast.<\/li>\n<\/ul>\n<p><strong>H\u00e6fniskr\u00f6fur <\/strong><\/p>\n<ul>\n<li>Ums\u00e6kjendur skulu vera 20 \u00e1ra og eldri (f\u00e6dd 2004 og eldri).<\/li>\n<li>G\u00f3\u00f0 \u00fej\u00f3nustulund og h\u00e6fni \u00ed mannlegum samskiptum<\/li>\n<li>G\u00f3\u00f0 fyrirmynd og heilbrig\u00f0ur l\u00edfsst\u00edll<\/li>\n<li>Stundv\u00edsi og samviskusemi<\/li>\n<li>Hreint sakavottor\u00f0<\/li>\n<\/ul>\n<p>Menntun, \u00feekking og\/e\u00f0a reynsla tengd t\u00f3mstundastarfi, kennslu e\u00f0a \u00ed\u00fer\u00f3ttum.<\/p>\n<p><strong>Ums\u00e6kjendur skulu s\u00e6kja um ofangreint starf \u00e1 heimas\u00ed\u00f0u <a href=\"https:\/\/alfred.is\/vinnustadir\/ithrottafelagid-grotta-1\/storf\" target=\"_blank\" rel=\"noopener\">www.alfred.is<\/a> | Ums\u00f3knarfrestur er til og me\u00f0 18. mars 2024.<\/strong><\/p>\t\t\t\t\t\t\t\t<\/div>\n\t\t\t\t<\/div>\n\t\t\t\t<div class=\"elementor-element elementor-element-c6f9043 elementor-widget elementor-widget-text-editor\" data-id=\"c6f9043\" data-element_type=\"widget\" data-widget_type=\"text-editor.default\">\n\t\t\t\t<div class=\"elementor-widget-container\">\n\t\t\t\t\t\t\t\t\t<h3>Flokkstj\u00f3rar sumarn\u00e1mskei\u00f0a<\/h3><p>Starf flokkstj\u00f3ra felst \u00ed a\u00f0 hafa umsj\u00f3n me\u00f0 og skipuleggja daglegt starf \u00e1 sumarn\u00e1mskei\u00f0um \u00ed samvinnu vi\u00f0 verkefnastj\u00f3ra.<\/p><p>Hann annast \u00fe\u00e1ttt\u00f6ku, lei\u00f0s\u00f6gn og skipulagningu \u00e1 n\u00e1mskei\u00f0inu fyrir b\u00f6rn \u00e1 aldrinum:\u00a0<\/p><ul><li>Leikjan\u00e1mskei\u00f0 (b\u00f6rn f\u00e6dd 2017 og 2016).<\/li><li>\u00c6vint\u00fdran\u00e1mskei\u00f0 (b\u00f6rn f\u00e6dd 2015 og 2014).<\/li><li>Survivorn\u00e1mskei\u00f0 (b\u00f6rn f\u00e6dd 2013-2011).<\/li><li>Sm\u00ed\u00f0av\u00f6llur (b\u00f6rn f\u00e6dd 2015 og eldri).<\/li><\/ul><p><strong>Helstu verkefni:<\/strong><\/p><p>Flokkstj\u00f3rar skipuleggja og st\u00fdra sumarn\u00e1mskei\u00f0um Gr\u00f3ttu \u00ed samvinnu vi\u00f0 verkefnastj\u00f3ra. Hafa umsj\u00f3n og skipuleggja daglegt starf. \u00de\u00e1tttaka og lei\u00f0s\u00f6gn \u00e1 h\u00f3pastarfi \u00e1 vettvangi. Vinnur \u00ed samstarfi vi\u00f0 starfsmenn, foreldra\/forsj\u00e1ra\u00f0ila og a\u00f0ra sem koma a\u00f0 starfi sumarn\u00e1mskei\u00f0anna. Undirb\u00faningur og fr\u00e1gangur \u00ed upphafi\/lok dags.<\/p><p><strong>Starfst\u00edmabil:<\/strong><\/p><ul><li>20. ma\u00ed -12. j\u00fal\u00ed.<\/li><li>6. &#8211; 16. \u00e1g\u00fast 2024.<\/li><li>Sumarfr\u00ed 13. j\u00fal\u00ed &#8211; 5. \u00e1g\u00fast.<\/li><\/ul><p><strong>H\u00e6fniskr\u00f6fur:\u00a0 <\/strong><\/p><ul><li>Ums\u00e6kjendur skulu vera 20 \u00e1ra og eldri (f\u00e6dd 2004 og eldri).<\/li><li>G\u00f3\u00f0 \u00fej\u00f3nustulund og h\u00e6fni \u00ed mannlegum samskiptum.<\/li><li>G\u00f3\u00f0 fyrirmynd og heilbrig\u00f0ur l\u00edfsst\u00edll. Stundv\u00edsi og samviskusemi.<\/li><li>Hreint sakavottor\u00f0.<\/li><\/ul><p><strong>Ums\u00e6kjendur skulu s\u00e6kja um ofangreind st\u00f6rf \u00e1 heimas\u00ed\u00f0u <a href=\"https:\/\/alfred.is\/vinnustadir\/ithrottafelagid-grotta-1\/storf\" target=\"_blank\" rel=\"noopener\">www.alfred.is<\/a> | Ums\u00f3knarfrestur er til og me\u00f0 18. mars 2024.\u00a0<\/strong><\/p><p>Ums\u00e6kjendur athugi\u00f0 a\u00f0 starfsmenn kunna a\u00f0 vera fluttir \u00e1 milli verkefna og starfsst\u00f6\u00f0va \u00ed samr\u00e1\u00f0i vi\u00f0 yfirmenn.<\/p>\t\t\t\t\t\t\t\t<\/div>\n\t\t\t\t<\/div>\n\t\t\t\t<div class=\"elementor-element elementor-element-b9fc8b6 elementor-widget-divider--view-line elementor-widget elementor-widget-divider\" data-id=\"b9fc8b6\" data-element_type=\"widget\" data-widget_type=\"divider.default\">\n\t\t\t\t<div class=\"elementor-widget-container\">\n\t\t\t\t\t\t\t<div class=\"elementor-divider\">\n\t\t\t<span class=\"elementor-divider-separator\">\n\t\t\t\t\t\t<\/span>\n\t\t<\/div>\n\t\t\t\t\t\t<\/div>\n\t\t\t\t<\/div>\n\t\t\t\t<div class=\"elementor-element elementor-element-052a064 elementor-widget elementor-widget-text-editor\" data-id=\"052a064\" data-element_type=\"widget\" data-widget_type=\"text-editor.default\">\n\t\t\t\t<div class=\"elementor-widget-container\">\n\t\t\t\t\t\t\t\t\t<h3>Lei\u00f0beinendur \u00e1 sumarn\u00e1mskei\u00f0um Gr\u00f3ttu<\/h3><p>\u00cd\u00fer\u00f3ttaf\u00e9lagi\u00f0 Gr\u00f3tta vill r\u00e1\u00f0a ungt f\u00f3lk 18 \u00e1ra og eldri (f\u00e6dd 2006 og eldri) \u00ed st\u00f6rf lei\u00f0beinanda \u00e1 sumarn\u00e1mskei\u00f0um f\u00e9lagsins.<\/p><p><strong>Helstu verkefni:\u00a0<\/strong>Lei\u00f0beina b\u00f6rnum \u00e1 sumarn\u00e1mskei\u00f0um Gr\u00f3ttu.<\/p><p><strong>Starfst\u00edmabil<\/strong><\/p><ul><li>10. j\u00fan\u00ed &#8211; 12. j\u00fal\u00ed.<\/li><li>6. \u00e1g\u00fast &#8211; 16. \u00e1g\u00fast.<\/li><li>Sumarfr\u00ed 13. j\u00fal\u00ed &#8211; 5. \u00e1g\u00fast.<\/li><\/ul><p><strong>Starfssvi\u00f0:<\/strong><\/p><ul><li>Lei\u00f0beina b\u00f6rnum \u00ed leik og starfi.<\/li><li>Samr\u00e1\u00f0 og samvinna vi\u00f0 b\u00f6rn og starfsf\u00f3lk.<\/li><li>Samskipti og samstarf vi\u00f0 foreldra, starfsf\u00f3lk sumarn\u00e1mskei\u00f0a og a\u00f0ra sem koma a\u00f0 starfi sumarn\u00e1mskei\u00f0anna.<\/li><\/ul><p><strong>H\u00e6fniskr\u00f6fur:<\/strong><\/p><ul><li>Ums\u00e6kjendur skulu vera 18 \u00e1ra og eldri (f\u00e6dd 2006 og eldri)<\/li><li>G\u00f3\u00f0 \u00fej\u00f3nustulund og h\u00e6fni \u00ed mannlegum samskiptum<\/li><li>G\u00f3\u00f0 fyrirmynd og heilbrig\u00f0ur l\u00edfsst\u00edll<\/li><li>Stundv\u00edsi og samviskusemi\u00a0<\/li><li><span style=\"font-size: 1rem;\">Hreint sakavottor\u00f0<\/span><\/li><\/ul><p>Ums\u00e6kjendur skulu s\u00e6kja um ofangreind st\u00f6rf \u00e1 heimas\u00ed\u00f0u <a href=\"https:\/\/alfred.is\/vinnustadir\/ithrottafelagid-grotta-1\/storf\" target=\"_blank\" rel=\"noopener\">www.alfred.is<\/a> | Ums\u00f3knarfrestur er til og me\u00f0 18. mars 2024.<\/p><p>Ums\u00e6kjendur athugi\u00f0 a\u00f0 starfsmenn kunna a\u00f0 vera fluttir \u00e1 milli verkefna og starfsst\u00f6\u00f0va \u00ed samr\u00e1\u00f0i vi\u00f0 yfirmenn.<\/p>\t\t\t\t\t\t\t\t<\/div>\n\t\t\t\t<\/div>\n\t\t\t\t<div class=\"elementor-element elementor-element-c8aef04 elementor-widget-divider--view-line elementor-widget elementor-widget-divider\" data-id=\"c8aef04\" data-element_type=\"widget\" data-widget_type=\"divider.default\">\n\t\t\t\t<div class=\"elementor-widget-container\">\n\t\t\t\t\t\t\t<div class=\"elementor-divider\">\n\t\t\t<span class=\"elementor-divider-separator\">\n\t\t\t\t\t\t<\/span>\n\t\t<\/div>\n\t\t\t\t\t\t<\/div>\n\t\t\t\t<\/div>\n\t\t\t\t<div class=\"elementor-element elementor-element-45de781 elementor-widget elementor-widget-text-editor\" data-id=\"45de781\" data-element_type=\"widget\" data-widget_type=\"text-editor.default\">\n\t\t\t\t<div class=\"elementor-widget-container\">\n\t\t\t\t\t\t\t\t\t<h3>Lei\u00f0beinendur \u00ed fimleika- og leikjask\u00f3la Gr\u00f3ttu<\/h3><p>\u00cd\u00fer\u00f3ttaf\u00e9lagi\u00f0 Gr\u00f3tta vill r\u00e1\u00f0a ungt f\u00f3lk 18 \u00e1ra og eldri (f\u00e6dd 2006 og eldri) \u00ed st\u00f6rf lei\u00f0beinanda \u00ed fimleika- og leikjask\u00f3la Gr\u00f3ttu.<\/p><p><strong>Helstu verkefni:<\/strong> Lei\u00f0beina b\u00f6rnum \u00ed fimleika- og leikjask\u00f3la Gr\u00f3ttu<\/p><p><strong>Starfst\u00edmabil<\/strong><\/p><ul><li>10. j\u00fan\u00ed &#8211; 12. j\u00fal\u00ed.<\/li><li>6. \u00e1g\u00fast &#8211; 16. \u00e1g\u00fast.<\/li><li>Sumarfr\u00ed\u00a0 13. j\u00fal\u00ed &#8211; 5. \u00e1g\u00fast.<\/li><\/ul><p><strong>Starfssvi\u00f0:<\/strong> Lei\u00f0beina b\u00f6rnum \u00ed fimleikum, leik og starfi. Samr\u00e1\u00f0 og samvinna vi\u00f0 b\u00f6rn og starfsf\u00f3lk. Samskipti og samstarf vi\u00f0 foreldra og a\u00f0ra sem koma a\u00f0 starfi fimleika- og leikjask\u00f3lans.<\/p><p><strong>H\u00e6fniskr\u00f6fur:<\/strong><\/p><ul><li>Ums\u00e6kjendur skulu vera 18 \u00e1ra og eldri (f\u00e6dd 2006 og eldri)<\/li><li>G\u00f3\u00f0 \u00fej\u00f3nustulund og h\u00e6fni \u00ed mannlegum samskiptum<\/li><li>G\u00f3\u00f0 fyrirmynd og heilbrig\u00f0ur l\u00edfsst\u00edll<\/li><li>Stundv\u00edsi og samviskusemi<\/li><li>Hreint sakavottor\u00f0<\/li><\/ul><p>Ums\u00e6kjendur skulu s\u00e6kja um ofangreind st\u00f6rf \u00e1 heimas\u00ed\u00f0u <a href=\"https:\/\/alfred.is\/vinnustadir\/ithrottafelagid-grotta-1\/storf\" target=\"_blank\" rel=\"noopener\">www.alfred.is<\/a> | Ums\u00f3knarfrestur er til og me\u00f0 18. mars 2024.<\/p>\t\t\t\t\t\t\t\t<\/div>\n\t\t\t\t<\/div>\n\t\t\t\t<div class=\"elementor-element elementor-element-3bb57c2 elementor-widget-divider--view-line elementor-widget elementor-widget-divider\" data-id=\"3bb57c2\" data-element_type=\"widget\" data-widget_type=\"divider.default\">\n\t\t\t\t<div class=\"elementor-widget-container\">\n\t\t\t\t\t\t\t<div class=\"elementor-divider\">\n\t\t\t<span class=\"elementor-divider-separator\">\n\t\t\t\t\t\t<\/span>\n\t\t<\/div>\n\t\t\t\t\t\t<\/div>\n\t\t\t\t<\/div>\n\t\t\t\t<div class=\"elementor-element elementor-element-193d24e elementor-widget elementor-widget-text-editor\" data-id=\"193d24e\" data-element_type=\"widget\" data-widget_type=\"text-editor.default\">\n\t\t\t\t<div class=\"elementor-widget-container\">\n\t\t\t\t\t\t\t\t\t<h3>Lei\u00f0beinendur \u00ed handbolta- og afrekssk\u00f3la Gr\u00f3ttu<\/h3>\n<p>\u00cd\u00fer\u00f3ttaf\u00e9lagi\u00f0 Gr\u00f3tta vill r\u00e1\u00f0a ungt f\u00f3lk 18 \u00e1ra og eldri (f\u00e6dd 2006 og eldri) \u00ed st\u00f6rf&nbsp; lei\u00f0beinanda \u00ed handbolta- og afrekssk\u00f3la Gr\u00f3ttu.<\/p>\n<p><strong>Helstu verkefni:<\/strong> Lei\u00f0beina b\u00f6rnum \u00ed handbolta- og afrekssk\u00f3la Gr\u00f3ttu.<\/p>\n<p><strong> Starfst\u00edmabil<\/strong><\/p>\n<ul>\n<li>29. j\u00fan\u00ed &#8211; 21. \u00e1g\u00fast.<\/li>\n<\/ul>\n<p><strong>Starfssvi\u00f0:<\/strong> Lei\u00f0beina b\u00f6rnum \u00ed handbolta og fleiru. Samr\u00e1\u00f0 og samvinna vi\u00f0 b\u00f6rn og starfsf\u00f3lk. Samskipti og samstarf vi\u00f0 foreldra, starfsf\u00f3lk sumarn\u00e1mskei\u00f0a og a\u00f0ra sem koma a\u00f0 starfi handbolta- og afrekssk\u00f3lans.<\/p>\n<p><strong>H\u00e6fniskr\u00f6fur:<\/strong><\/p>\n<ul>\n<li>Ums\u00e6kjendur skulu vera 18 \u00e1ra og eldri (f\u00e6dd 2006 og eldri)<\/li>\n<li>G\u00f3\u00f0 \u00fej\u00f3nustulund og h\u00e6fni \u00ed mannlegum samskiptum<\/li>\n<li>G\u00f3\u00f0 fyrirmynd og heilbrig\u00f0ur l\u00edfsst\u00edll<\/li>\n<li>Stundv\u00edsi og samviskusemi<\/li>\n<li>Hreint sakavottor\u00f0<\/li><\/ul>\n<p>Ums\u00e6kjendur skulu s\u00e6kja um ofangreind st\u00f6rf \u00e1 heimas\u00ed\u00f0u <a href=\"https:\/\/alfred.is\/vinnustadir\/ithrottafelagid-grotta-1\/storf\" target=\"_blank\" rel=\"noopener\">www.alfred.is<\/a> | Ums\u00f3knarfrestur er til og me\u00f0 18. mars 2024.<\/p>\t\t\t\t\t\t\t\t<\/div>\n\t\t\t\t<\/div>\n\t\t\t\t<div class=\"elementor-element elementor-element-07192ce elementor-widget-divider--view-line elementor-widget elementor-widget-divider\" data-id=\"07192ce\" data-element_type=\"widget\" data-widget_type=\"divider.default\">\n\t\t\t\t<div class=\"elementor-widget-container\">\n\t\t\t\t\t\t\t<div class=\"elementor-divider\">\n\t\t\t<span class=\"elementor-divider-separator\">\n\t\t\t\t\t\t<\/span>\n\t\t<\/div>\n\t\t\t\t\t\t<\/div>\n\t\t\t\t<\/div>\n\t\t\t\t<div class=\"elementor-element elementor-element-3823d92 elementor-widget elementor-widget-text-editor\" data-id=\"3823d92\" data-element_type=\"widget\" data-widget_type=\"text-editor.default\">\n\t\t\t\t<div class=\"elementor-widget-container\">\n\t\t\t\t\t\t\t\t\t<h3>Lei\u00f0beinendur \u00ed knattspyrnusk\u00f3la Gr\u00f3ttu<\/h3>\n<p>\u00cd\u00fer\u00f3ttaf\u00e9lagi\u00f0 Gr\u00f3tta vill r\u00e1\u00f0a ungt f\u00f3lk 18 \u00e1ra og eldri (f\u00e6dd 2006 og eldri) \u00ed st\u00f6rf&nbsp; lei\u00f0beinanda \u00ed knattspyrnusk\u00f3la Gr\u00f3ttu.<\/p>\n<p><strong>Helstu verkefni:&nbsp;<\/strong>Lei\u00f0beina b\u00f6rnum \u00ed knattspyrnusk\u00f3la Gr\u00f3ttu.<\/p>\n<p><strong>Starfst\u00edmabil<\/strong><\/p>\n<ul>\n<li>10. j\u00fan\u00ed &#8211; 26. j\u00fal\u00ed.<\/li>\n<\/ul>\n<p><strong>Starfssvi\u00f0:&nbsp;<\/strong><\/p>\n<ul>\n<li>Lei\u00f0beina b\u00f6rnum \u00ed f\u00f3tbolta og fleiru.<\/li>\n<li>Samr\u00e1\u00f0 og samvinna vi\u00f0 b\u00f6rn og starfsf\u00f3lk.<\/li>\n<li>Samskipti og samstarf vi\u00f0 foreldra, starfsf\u00f3lk sumarn\u00e1mskei\u00f0a og a\u00f0ra sem koma a\u00f0 starfi handbolta- og afrekssk\u00f3lans.<\/li>\n<\/ul>\n<p><strong>H\u00e6fniskr\u00f6fur:<\/strong><\/p>\n<ul>\n<li>Ums\u00e6kjendur skulu vera 18 \u00e1ra og eldri (f\u00e6dd 2006 og eldri)<\/li>\n<li>G\u00f3\u00f0 \u00fej\u00f3nustulund og h\u00e6fni \u00ed mannlegum samskiptum<\/li>\n<li>G\u00f3\u00f0 fyrirmynd og heilbrig\u00f0ur l\u00edfsst\u00edll<\/li>\n<li>Stundv\u00edsi og samviskusemi<\/li>\n<li>Hreint sakavottor\u00f0<\/li><\/ul>\n<p><strong>Ums\u00e6kjendur skulu s\u00e6kja um ofangreind st\u00f6rf \u00e1 heimas\u00ed\u00f0u <a href=\"https:\/\/alfred.is\/vinnustadir\/ithrottafelagid-grotta-1\/storf\" target=\"_blank\" rel=\"noopener\">www.alfred.is<\/a> | Ums\u00f3knarfrestur er til og me\u00f0 18. mars 2024.<\/strong><\/p>\t\t\t\t\t\t\t\t<\/div>\n\t\t\t\t<\/div>\n\t\t\t\t\t<\/div>\n\t\t<\/div>\n\t\t\t\t\t<\/div>\n\t\t<\/section>\n\t\t\t\t<\/div>","protected":false},"excerpt":{"rendered":"<p>\u00cd\u00fer\u00f3ttaf\u00e9lagi\u00f0 Gr\u00f3tta augl\u00fdsir laus sumarst\u00f6rf 2024 til ums\u00f3knar fyrir ungt f\u00f3lk. Verkefnastj\u00f3ri sumarn\u00e1mskei\u00f0a Gr\u00f3ttu \u00cd\u00fer\u00f3ttaf\u00e9lagi\u00f0 Gr\u00f3tta b\u00fd\u00f0ur upp\u00e1 sumarn\u00e1mskei\u00f0 fyrir krakka \u00e1 fj\u00f6lbreyttum aldri. Starf verkefnastj\u00f3ra er \u00e1byrg\u00f0arstarf en \u00ed [&hellip;]<\/p>","protected":false},"author":2,"featured_media":0,"parent":0,"menu_order":0,"comment_status":"closed","ping_status":"closed","template":"","meta":{"footnotes":""},"class_list":["post-414804","page","type-page","status-publish","hentry"],"yoast_head":"<!-- This site is optimized with the Yoast SEO plugin v24.3 - https:\/\/yoast.com\/wordpress\/plugins\/seo\/ -->\n<title>Sumarst\u00f6rf hj\u00e1 Gr\u00f3ttu - \u00cd\u00fer\u00f3ttaf\u00e9lagi\u00f0 Gr\u00f3tta<\/title>\n<meta name=\"robots\" content=\"index, follow, max-snippet:-1, max-image-preview:large, max-video-preview:-1\" \/>\n<link rel=\"canonical\" href=\"https:\/\/grotta.is\/en\/sumarstorf-hja-grottu\/\" \/>\n<meta property=\"og:locale\" content=\"en_US\" \/>\n<meta property=\"og:type\" content=\"article\" \/>\n<meta property=\"og:title\" content=\"Sumarst\u00f6rf hj\u00e1 Gr\u00f3ttu - \u00cd\u00fer\u00f3ttaf\u00e9lagi\u00f0 Gr\u00f3tta\" \/>\n<meta property=\"og:description\" content=\"\u00cd\u00fer\u00f3ttaf\u00e9lagi\u00f0 Gr\u00f3tta augl\u00fdsir laus sumarst\u00f6rf 2024 til ums\u00f3knar fyrir ungt f\u00f3lk. Verkefnastj\u00f3ri sumarn\u00e1mskei\u00f0a Gr\u00f3ttu \u00cd\u00fer\u00f3ttaf\u00e9lagi\u00f0 Gr\u00f3tta b\u00fd\u00f0ur upp\u00e1 sumarn\u00e1mskei\u00f0 fyrir krakka \u00e1 fj\u00f6lbreyttum aldri. Starf verkefnastj\u00f3ra er \u00e1byrg\u00f0arstarf en \u00ed [&hellip;]\" \/>\n<meta property=\"og:url\" content=\"https:\/\/grotta.is\/en\/sumarstorf-hja-grottu\/\" \/>\n<meta property=\"og:site_name\" content=\"\u00cd\u00fer\u00f3ttaf\u00e9lagi\u00f0 Gr\u00f3tta\" \/>\n<meta property=\"article:publisher\" content=\"https:\/\/www.facebook.com\/grottasport\" \/>\n<meta property=\"article:modified_time\" content=\"2024-03-12T15:00:09+00:00\" \/>\n<meta name=\"twitter:card\" content=\"summary_large_image\" \/>\n<meta name=\"twitter:label1\" content=\"Est. reading time\" \/>\n\t<meta name=\"twitter:data1\" content=\"5 minutes\" \/>\n<script type=\"application\/ld+json\" class=\"yoast-schema-graph\">{\"@context\":\"https:\/\/schema.org\",\"@graph\":[{\"@type\":\"WebPage\",\"@id\":\"https:\/\/grotta.is\/sumarstorf-hja-grottu\/\",\"url\":\"https:\/\/grotta.is\/sumarstorf-hja-grottu\/\",\"name\":\"Sumarst\u00f6rf hj\u00e1 Gr\u00f3ttu - \u00cd\u00fer\u00f3ttaf\u00e9lagi\u00f0 Gr\u00f3tta\",\"isPartOf\":{\"@id\":\"https:\/\/grotta.is\/#website\"},\"datePublished\":\"2023-02-24T08:23:59+00:00\",\"dateModified\":\"2024-03-12T15:00:09+00:00\",\"breadcrumb\":{\"@id\":\"https:\/\/grotta.is\/sumarstorf-hja-grottu\/#breadcrumb\"},\"inLanguage\":\"en-US\",\"potentialAction\":[{\"@type\":\"ReadAction\",\"target\":[\"https:\/\/grotta.is\/sumarstorf-hja-grottu\/\"]}]},{\"@type\":\"BreadcrumbList\",\"@id\":\"https:\/\/grotta.is\/sumarstorf-hja-grottu\/#breadcrumb\",\"itemListElement\":[{\"@type\":\"ListItem\",\"position\":1,\"name\":\"Home\",\"item\":\"https:\/\/grotta.is\/\"},{\"@type\":\"ListItem\",\"position\":2,\"name\":\"Sumarst\u00f6rf hj\u00e1 Gr\u00f3ttu\"}]},{\"@type\":\"WebSite\",\"@id\":\"https:\/\/grotta.is\/#website\",\"url\":\"https:\/\/grotta.is\/\",\"name\":\"\u00cd\u00fer\u00f3ttaf\u00e9lagi\u00f0 Gr\u00f3tta\",\"description\":\"\u00e1 Seltjarnarnesi\",\"publisher\":{\"@id\":\"https:\/\/grotta.is\/#organization\"},\"potentialAction\":[{\"@type\":\"SearchAction\",\"target\":{\"@type\":\"EntryPoint\",\"urlTemplate\":\"https:\/\/grotta.is\/?s={search_term_string}\"},\"query-input\":{\"@type\":\"PropertyValueSpecification\",\"valueRequired\":true,\"valueName\":\"search_term_string\"}}],\"inLanguage\":\"en-US\"},{\"@type\":\"Organization\",\"@id\":\"https:\/\/grotta.is\/#organization\",\"name\":\"\u00cd\u00fer\u00f3ttaf\u00e9lagi\u00f0 Gr\u00f3tta\",\"url\":\"https:\/\/grotta.is\/\",\"logo\":{\"@type\":\"ImageObject\",\"inLanguage\":\"en-US\",\"@id\":\"https:\/\/grotta.is\/#\/schema\/logo\/image\/\",\"url\":\"https:\/\/grotta.is\/wp-content\/uploads\/2020\/02\/ithrottafelagidgrotta_logo_512x512_transparent.png\",\"contentUrl\":\"https:\/\/grotta.is\/wp-content\/uploads\/2020\/02\/ithrottafelagidgrotta_logo_512x512_transparent.png\",\"width\":512,\"height\":512,\"caption\":\"\u00cd\u00fer\u00f3ttaf\u00e9lagi\u00f0 Gr\u00f3tta\"},\"image\":{\"@id\":\"https:\/\/grotta.is\/#\/schema\/logo\/image\/\"},\"sameAs\":[\"https:\/\/www.facebook.com\/grottasport\"]}]}<\/script>\n<!-- \/ Yoast SEO plugin. -->","yoast_head_json":{"title":"Sumarst\u00f6rf hj\u00e1 Gr\u00f3ttu - \u00cd\u00fer\u00f3ttaf\u00e9lagi\u00f0 Gr\u00f3tta","robots":{"index":"index","follow":"follow","max-snippet":"max-snippet:-1","max-image-preview":"max-image-preview:large","max-video-preview":"max-video-preview:-1"},"canonical":"https:\/\/grotta.is\/en\/sumarstorf-hja-grottu\/","og_locale":"en_US","og_type":"article","og_title":"Sumarst\u00f6rf hj\u00e1 Gr\u00f3ttu - \u00cd\u00fer\u00f3ttaf\u00e9lagi\u00f0 Gr\u00f3tta","og_description":"\u00cd\u00fer\u00f3ttaf\u00e9lagi\u00f0 Gr\u00f3tta augl\u00fdsir laus sumarst\u00f6rf 2024 til ums\u00f3knar fyrir ungt f\u00f3lk. Verkefnastj\u00f3ri sumarn\u00e1mskei\u00f0a Gr\u00f3ttu \u00cd\u00fer\u00f3ttaf\u00e9lagi\u00f0 Gr\u00f3tta b\u00fd\u00f0ur upp\u00e1 sumarn\u00e1mskei\u00f0 fyrir krakka \u00e1 fj\u00f6lbreyttum aldri. Starf verkefnastj\u00f3ra er \u00e1byrg\u00f0arstarf en \u00ed [&hellip;]","og_url":"https:\/\/grotta.is\/en\/sumarstorf-hja-grottu\/","og_site_name":"\u00cd\u00fer\u00f3ttaf\u00e9lagi\u00f0 Gr\u00f3tta","article_publisher":"https:\/\/www.facebook.com\/grottasport","article_modified_time":"2024-03-12T15:00:09+00:00","twitter_card":"summary_large_image","twitter_misc":{"Est. reading time":"5 minutes"},"schema":{"@context":"https:\/\/schema.org","@graph":[{"@type":"WebPage","@id":"https:\/\/grotta.is\/sumarstorf-hja-grottu\/","url":"https:\/\/grotta.is\/sumarstorf-hja-grottu\/","name":"Sumarst\u00f6rf hj\u00e1 Gr\u00f3ttu - \u00cd\u00fer\u00f3ttaf\u00e9lagi\u00f0 Gr\u00f3tta","isPartOf":{"@id":"https:\/\/grotta.is\/#website"},"datePublished":"2023-02-24T08:23:59+00:00","dateModified":"2024-03-12T15:00:09+00:00","breadcrumb":{"@id":"https:\/\/grotta.is\/sumarstorf-hja-grottu\/#breadcrumb"},"inLanguage":"en-US","potentialAction":[{"@type":"ReadAction","target":["https:\/\/grotta.is\/sumarstorf-hja-grottu\/"]}]},{"@type":"BreadcrumbList","@id":"https:\/\/grotta.is\/sumarstorf-hja-grottu\/#breadcrumb","itemListElement":[{"@type":"ListItem","position":1,"name":"Home","item":"https:\/\/grotta.is\/"},{"@type":"ListItem","position":2,"name":"Sumarst\u00f6rf hj\u00e1 Gr\u00f3ttu"}]},{"@type":"WebSite","@id":"https:\/\/grotta.is\/#website","url":"https:\/\/grotta.is\/","name":"\u00cd\u00fer\u00f3ttaf\u00e9lagi\u00f0 Gr\u00f3tta","description":"\u00e1 Seltjarnarnesi","publisher":{"@id":"https:\/\/grotta.is\/#organization"},"potentialAction":[{"@type":"SearchAction","target":{"@type":"EntryPoint","urlTemplate":"https:\/\/grotta.is\/?s={search_term_string}"},"query-input":{"@type":"PropertyValueSpecification","valueRequired":true,"valueName":"search_term_string"}}],"inLanguage":"en-US"},{"@type":"Organization","@id":"https:\/\/grotta.is\/#organization","name":"\u00cd\u00fer\u00f3ttaf\u00e9lagi\u00f0 Gr\u00f3tta","url":"https:\/\/grotta.is\/","logo":{"@type":"ImageObject","inLanguage":"en-US","@id":"https:\/\/grotta.is\/#\/schema\/logo\/image\/","url":"https:\/\/grotta.is\/wp-content\/uploads\/2020\/02\/ithrottafelagidgrotta_logo_512x512_transparent.png","contentUrl":"https:\/\/grotta.is\/wp-content\/uploads\/2020\/02\/ithrottafelagidgrotta_logo_512x512_transparent.png","width":512,"height":512,"caption":"\u00cd\u00fer\u00f3ttaf\u00e9lagi\u00f0 Gr\u00f3tta"},"image":{"@id":"https:\/\/grotta.is\/#\/schema\/logo\/image\/"},"sameAs":["https:\/\/www.facebook.com\/grottasport"]}]}},"_links":{"self":[{"href":"https:\/\/grotta.is\/en\/wp-json\/wp\/v2\/pages\/414804","targetHints":{"allow":["GET"]}}],"collection":[{"href":"https:\/\/grotta.is\/en\/wp-json\/wp\/v2\/pages"}],"about":[{"href":"https:\/\/grotta.is\/en\/wp-json\/wp\/v2\/types\/page"}],"author":[{"embeddable":true,"href":"https:\/\/grotta.is\/en\/wp-json\/wp\/v2\/users\/2"}],"replies":[{"embeddable":true,"href":"https:\/\/grotta.is\/en\/wp-json\/wp\/v2\/comments?post=414804"}],"version-history":[{"count":84,"href":"https:\/\/grotta.is\/en\/wp-json\/wp\/v2\/pages\/414804\/revisions"}],"predecessor-version":[{"id":572712,"href":"https:\/\/grotta.is\/en\/wp-json\/wp\/v2\/pages\/414804\/revisions\/572712"}],"wp:attachment":[{"href":"https:\/\/grotta.is\/en\/wp-json\/wp\/v2\/media?parent=414804"}],"curies":[{"name":"wp","href":"https:\/\/api.w.org\/{rel}","templated":true}]}}