{"id":372808,"date":"2022-03-29T12:07:01","date_gmt":"2022-03-29T12:07:01","guid":{"rendered":"https:\/\/grotta.is\/?page_id=372808"},"modified":"2022-11-07T16:14:44","modified_gmt":"2022-11-07T16:14:44","slug":"fraedsla","status":"publish","type":"page","link":"https:\/\/grotta.is\/en\/fraedsla\/","title":{"rendered":"Fr\u00e6\u00f0sla"},"content":{"rendered":"<p>\u00cd\u00fer\u00f3ttaf\u00e9lagi\u00f0 Gr\u00f3tta leggur miki\u00f0 upp \u00far a\u00f0 veita i\u00f0kendum, foreldrum, \u00fej\u00e1lfurum og starfsm\u00f6nnum g\u00f3\u00f0a fr\u00e6\u00f0slu \u00e1 m\u00f6rgum svi\u00f0um innan \u00ed\u00fer\u00f3ttahreyfingarinnar. H\u00e9r fyrir ne\u00f0an er listi yfir fr\u00e6\u00f0sluefni Gr\u00f3ttu:<\/p><p>Fyrirspurnir og a\u00f0rar athugasemdir vinsamlegast sendi\u00f0 t\u00f6lvup\u00f3st \u00e1 <a href=\"mailto:grotta@grotta.is\" target=\"_blank\" rel=\"noreferrer noopener\">grotta@grotta.is<\/a><\/p><h2 class=\"wp-block-heading\">Fr\u00e6\u00f0sluefni Gr\u00f3ttu<\/h2><ul class=\"wp-block-list\"><li><a href=\"https:\/\/www.samskiptaradgjafi.is\/_files\/ugd\/48e44a_d4ea92bf07774bb1aab4f310deb56510.pdf\">Vi\u00f0brag\u00f0s\u00e1\u00e6tlun (\u00fatgefi\u00f0 2022)<\/a><\/li><li><a href=\"https:\/\/grotta.is\/wp-content\/uploads\/2020\/04\/Forvarnarstefna-Gr%C3%B3ttu.pdf\">Forvarnarstefna Gr\u00f3ttu<\/a> (\u00fatgefi\u00f0 2008)<\/li><li><a href=\"https:\/\/grotta.is\/wp-content\/uploads\/2022\/09\/Jafnrettisaaetlun-ithrottafelagsins-Grottu-2022.pdf\">Jafnr\u00e9ttis\u00e1\u00e6tlun<\/a><\/li><li><a href=\"https:\/\/grotta.is\/wp-content\/uploads\/2022\/03\/Sidareglur-Grottu.pdf\" target=\"_blank\" rel=\"noreferrer noopener\">Si\u00f0areglur Gr\u00f3ttu<\/a><\/li><li><a href=\"https:\/\/grotta.is\/wp-content\/uploads\/2020\/04\/Vi%C3%B0brag%C3%B0s%C3%A1%C3%A6tlun-vegna-tilkynninga-um-einelti-kynbundna-%C3%8D%C3%BEr%C3%B3ttaf%C3%A9lagi%C3%B0-Gr%C3%B3tta.pdf\" target=\"_blank\" rel=\"noreferrer noopener\">Vi\u00f0brag\u00f0s\u00e1\u00e6tlun vegna tilkynninga um einelti, kynbundna \u00e1reitni, kynfer\u00f0islega \u00e1reitni e\u00f0a anna\u00f0 ofbeldi<\/a><\/li><li><a href=\"https:\/\/grotta.is\/wp-content\/uploads\/2022\/09\/Grotta-fyrirmyndarfelag-ISI-2022-handbok-adalstjornar.final_.pdf\" target=\"_blank\" rel=\"noreferrer noopener\">Handb\u00f3k A\u00f0alstj\u00f3rnar (2022)<\/a><\/li><li><a href=\"https:\/\/grotta.is\/wp-content\/uploads\/2022\/09\/Foreldrahandbo\u0301k-Gro\u0301ttu-2022.pdf\">Foreldrahandb\u00f3k &#8211; Handknattleiksdeild Gr\u00f3ttu<\/a><\/li><\/ul><p><\/p><h2 class=\"wp-block-heading\">Anna\u00f0 fr\u00e6\u00f0sluefni<\/h2><ul class=\"wp-block-list\"><li><a href=\"https:\/\/www.ksi.is\/fraedsla\/heilbrigdismal\/ekki-harka-af-ther-hofudhogg\/\" target=\"_blank\" rel=\"noreferrer noopener\">Ekki harka af \u00fe\u00e9r h\u00f6fu\u00f0h\u00f6gg (myndb\u00f6nd af vefs\u00ed\u00f0u KS\u00cd)<\/a><\/li><li><a href=\"https:\/\/grotta.is\/wp-content\/uploads\/2022\/03\/heilahristingur-leidbeiningar-ksi.pdf\" target=\"_blank\" rel=\"noreferrer noopener\">Heilahristingur (b\u00e6klingur)<\/a><\/li><li><a href=\"https:\/\/isi.is\/library\/Skrar\/Fraedslusvid\/Fraedslubaeklingar\/Kynfer%c3%b0islegt%20ofbeldi%20%c3%ad%20%c3%ad%c3%ber%c3%b3ttum\" target=\"_blank\" rel=\"noreferrer noopener\">Kynfer\u00f0islegt ofbeldi \u00ed \u00ed\u00fer\u00f3ttum (b\u00e6klingur)<\/a><\/li><li><a href=\"https:\/\/www.samskiptaradgjafi.is\/\" target=\"_blank\" rel=\"noreferrer noopener\">Samskiptar\u00e1\u00f0gjafi \u00ed\u00fer\u00f3tta- og \u00e6skul\u00fd\u00f0sstarfs. <\/a>Allir geta leita\u00f0 til samskiptar\u00e1\u00f0gjafa var\u00f0andi einelti e\u00f0a ofbeldi sem \u00feeir telja sig hafa or\u00f0i\u00f0 fyrir \u00ed s\u00ednu \u00ed\u00fer\u00f3tta- e\u00f0a \u00e6skul\u00fd\u00f0sstarfi.<\/li><li><a href=\"https:\/\/www.synumkarakter.is\/\" target=\"_blank\" rel=\"noreferrer noopener\">S\u00fdnum karakter &#8211; vefs\u00ed\u00f0a um \u00fej\u00e1lfun s\u00e1lr\u00e6nnar og f\u00e9lagslegrar f\u00e6rni barna og ungmenna \u00ed \u00ed\u00fer\u00f3ttum.<\/a><\/li><li><a href=\"https:\/\/www.aev.is\/\" target=\"_blank\" rel=\"noreferrer noopener\">\u00c6skul\u00fd\u00f0svettvangurinn. <\/a>Vefs\u00ed\u00f0a sem vinnur a\u00f0 sameiginlegum hagsmunam\u00e1lum barna og ungmenna \u00ed\u00fer\u00f3tta- og \u00e6skul\u00fd\u00f0sstarfi.<\/li><\/ul><h2 class=\"wp-block-heading\">Hugarfarsmyndb\u00f6nd Gr\u00f3ttu<\/h2><div style=\"height:13px\" aria-hidden=\"true\" class=\"wp-block-spacer\"><\/div><div class=\"wp-block-columns is-layout-flex wp-container-core-columns-is-layout-9d6595d7 wp-block-columns-is-layout-flex\"><div class=\"wp-block-column is-layout-flow wp-block-column-is-layout-flow\"><figure class=\"wp-block-embed is-type-video is-provider-youtube wp-block-embed-youtube wp-embed-aspect-16-9 wp-has-aspect-ratio\"><div class=\"wp-block-embed__wrapper\">\n<iframe title=\"Sj\u00e1lfstraust  (Anna Steinsen \/ Hugarfarmyndb\u00f6nd Gr\u00f3ttu)\" width=\"500\" height=\"281\" data-src=\"https:\/\/www.youtube.com\/embed\/NPHBHmAAMQc?feature=oembed\" frameborder=\"0\" allow=\"accelerometer; autoplay; clipboard-write; encrypted-media; gyroscope; picture-in-picture; web-share\" referrerpolicy=\"strict-origin-when-cross-origin\" allowfullscreen src=\"data:image\/gif;base64,R0lGODlhAQABAAAAACH5BAEKAAEALAAAAAABAAEAAAICTAEAOw==\" class=\"lazyload\" data-load-mode=\"1\"><\/iframe>\n<\/div><\/figure>\n\n<figure class=\"wp-block-embed is-type-video is-provider-youtube wp-block-embed-youtube wp-embed-aspect-16-9 wp-has-aspect-ratio\"><div class=\"wp-block-embed__wrapper\">\n<iframe title=\"G\u00f3\u00f0ur li\u00f0sf\u00e9lagi   (Anna Lilja Bj\u00f6rnsd\u00f3ttir \/ Hugarfarmyndb\u00f6nd Gr\u00f3ttu)\" width=\"500\" height=\"281\" data-src=\"https:\/\/www.youtube.com\/embed\/PYdLZTOhpuQ?feature=oembed\" frameborder=\"0\" allow=\"accelerometer; autoplay; clipboard-write; encrypted-media; gyroscope; picture-in-picture; web-share\" referrerpolicy=\"strict-origin-when-cross-origin\" allowfullscreen src=\"data:image\/gif;base64,R0lGODlhAQABAAAAACH5BAEKAAEALAAAAAABAAEAAAICTAEAOw==\" class=\"lazyload\" data-load-mode=\"1\"><\/iframe>\n<\/div><\/figure>\n\n<figure class=\"wp-block-embed is-type-video is-provider-youtube wp-block-embed-youtube wp-embed-aspect-16-9 wp-has-aspect-ratio\"><div class=\"wp-block-embed__wrapper\">\n<iframe title=\"Hva\u00f0 skiptir m\u00e1li var\u00f0andi vell\u00ed\u00f0an og velgegni? (Anna Lilja Bj\u00f6rnsd\u00f3ttir \/ Hugarfarmyndb\u00f6nd Gr\u00f3ttu)\" width=\"500\" height=\"281\" data-src=\"https:\/\/www.youtube.com\/embed\/1S_xrE9LNPs?feature=oembed\" frameborder=\"0\" allow=\"accelerometer; autoplay; clipboard-write; encrypted-media; gyroscope; picture-in-picture; web-share\" referrerpolicy=\"strict-origin-when-cross-origin\" allowfullscreen src=\"data:image\/gif;base64,R0lGODlhAQABAAAAACH5BAEKAAEALAAAAAABAAEAAAICTAEAOw==\" class=\"lazyload\" data-load-mode=\"1\"><\/iframe>\n<\/div><\/figure><\/div>\n\n<div class=\"wp-block-column is-layout-flow wp-block-column-is-layout-flow\"><figure class=\"wp-block-embed is-type-video is-provider-youtube wp-block-embed-youtube wp-embed-aspect-16-9 wp-has-aspect-ratio\"><div class=\"wp-block-embed__wrapper\">\n<iframe title=\"Styrkleikar m\u00ednir (J\u00f3n Halld\u00f3rsson \/ Hugarfarmyndb\u00f6nd Gr\u00f3ttu)\" width=\"500\" height=\"281\" data-src=\"https:\/\/www.youtube.com\/embed\/IMp6Lhnb94E?feature=oembed\" frameborder=\"0\" allow=\"accelerometer; autoplay; clipboard-write; encrypted-media; gyroscope; picture-in-picture; web-share\" referrerpolicy=\"strict-origin-when-cross-origin\" allowfullscreen src=\"data:image\/gif;base64,R0lGODlhAQABAAAAACH5BAEKAAEALAAAAAABAAEAAAICTAEAOw==\" class=\"lazyload\" data-load-mode=\"1\"><\/iframe>\n<\/div><\/figure>\n\n<figure class=\"wp-block-embed is-type-video is-provider-youtube wp-block-embed-youtube wp-embed-aspect-16-9 wp-has-aspect-ratio\"><div class=\"wp-block-embed__wrapper\">\n<iframe title=\"J\u00e1kv\u00e6\u00f0ir og neikv\u00e6\u00f0ir lei\u00f0togar  (Anna Lilja Bj\u00f6rnsd\u00f3ttir \/ Hugarfarmyndb\u00f6nd Gr\u00f3ttu)\" width=\"500\" height=\"281\" data-src=\"https:\/\/www.youtube.com\/embed\/-CrJi97GWpQ?feature=oembed\" frameborder=\"0\" allow=\"accelerometer; autoplay; clipboard-write; encrypted-media; gyroscope; picture-in-picture; web-share\" referrerpolicy=\"strict-origin-when-cross-origin\" allowfullscreen src=\"data:image\/gif;base64,R0lGODlhAQABAAAAACH5BAEKAAEALAAAAAABAAEAAAICTAEAOw==\" class=\"lazyload\" data-load-mode=\"1\"><\/iframe>\n<\/div><\/figure>\n\n<figure class=\"wp-block-embed is-type-video is-provider-youtube wp-block-embed-youtube wp-embed-aspect-16-9 wp-has-aspect-ratio\"><div class=\"wp-block-embed__wrapper\">\n<iframe title=\"Hugrekki (Anna Steinsen \/ Hugarfarmyndb\u00f6nd Gr\u00f3ttu)\" width=\"500\" height=\"281\" data-src=\"https:\/\/www.youtube.com\/embed\/nAm0MmD_N4k?feature=oembed\" frameborder=\"0\" allow=\"accelerometer; autoplay; clipboard-write; encrypted-media; gyroscope; picture-in-picture; web-share\" referrerpolicy=\"strict-origin-when-cross-origin\" allowfullscreen src=\"data:image\/gif;base64,R0lGODlhAQABAAAAACH5BAEKAAEALAAAAAABAAEAAAICTAEAOw==\" class=\"lazyload\" data-load-mode=\"1\"><\/iframe>\n<\/div><\/figure><\/div><\/div>","protected":false},"excerpt":{"rendered":"<p>\u00cd\u00fer\u00f3ttaf\u00e9lagi\u00f0 Gr\u00f3tta leggur miki\u00f0 upp \u00far a\u00f0 veita i\u00f0kendum, foreldrum, \u00fej\u00e1lfurum og starfsm\u00f6nnum g\u00f3\u00f0a fr\u00e6\u00f0slu \u00e1 m\u00f6rgum svi\u00f0um innan \u00ed\u00fer\u00f3ttahreyfingarinnar. H\u00e9r fyrir ne\u00f0an er listi yfir fr\u00e6\u00f0sluefni Gr\u00f3ttu: Fyrirspurnir og [&hellip;]<\/p>","protected":false},"author":2,"featured_media":0,"parent":0,"menu_order":0,"comment_status":"closed","ping_status":"closed","template":"","meta":{"footnotes":""},"class_list":["post-372808","page","type-page","status-publish","hentry"],"yoast_head":"<!-- This site is optimized with the Yoast SEO plugin v24.3 - https:\/\/yoast.com\/wordpress\/plugins\/seo\/ -->\n<title>Fr\u00e6\u00f0sla - \u00cd\u00fer\u00f3ttaf\u00e9lagi\u00f0 Gr\u00f3tta<\/title>\n<meta name=\"robots\" content=\"index, follow, max-snippet:-1, max-image-preview:large, max-video-preview:-1\" \/>\n<link rel=\"canonical\" href=\"https:\/\/grotta.is\/en\/fraedsla\/\" \/>\n<meta property=\"og:locale\" content=\"en_US\" \/>\n<meta property=\"og:type\" content=\"article\" \/>\n<meta property=\"og:title\" content=\"Fr\u00e6\u00f0sla - \u00cd\u00fer\u00f3ttaf\u00e9lagi\u00f0 Gr\u00f3tta\" \/>\n<meta property=\"og:description\" content=\"\u00cd\u00fer\u00f3ttaf\u00e9lagi\u00f0 Gr\u00f3tta leggur miki\u00f0 upp \u00far a\u00f0 veita i\u00f0kendum, foreldrum, \u00fej\u00e1lfurum og starfsm\u00f6nnum g\u00f3\u00f0a fr\u00e6\u00f0slu \u00e1 m\u00f6rgum svi\u00f0um innan \u00ed\u00fer\u00f3ttahreyfingarinnar. H\u00e9r fyrir ne\u00f0an er listi yfir fr\u00e6\u00f0sluefni Gr\u00f3ttu: Fyrirspurnir og [&hellip;]\" \/>\n<meta property=\"og:url\" content=\"https:\/\/grotta.is\/en\/fraedsla\/\" \/>\n<meta property=\"og:site_name\" content=\"\u00cd\u00fer\u00f3ttaf\u00e9lagi\u00f0 Gr\u00f3tta\" \/>\n<meta property=\"article:publisher\" content=\"https:\/\/www.facebook.com\/grottasport\" \/>\n<meta property=\"article:modified_time\" content=\"2022-11-07T16:14:44+00:00\" \/>\n<meta name=\"twitter:card\" content=\"summary_large_image\" \/>\n<meta name=\"twitter:label1\" content=\"Est. reading time\" \/>\n\t<meta name=\"twitter:data1\" content=\"1 minute\" \/>\n<script type=\"application\/ld+json\" class=\"yoast-schema-graph\">{\"@context\":\"https:\/\/schema.org\",\"@graph\":[{\"@type\":\"WebPage\",\"@id\":\"https:\/\/grotta.is\/fraedsla\/\",\"url\":\"https:\/\/grotta.is\/fraedsla\/\",\"name\":\"Fr\u00e6\u00f0sla - \u00cd\u00fer\u00f3ttaf\u00e9lagi\u00f0 Gr\u00f3tta\",\"isPartOf\":{\"@id\":\"https:\/\/grotta.is\/#website\"},\"datePublished\":\"2022-03-29T12:07:01+00:00\",\"dateModified\":\"2022-11-07T16:14:44+00:00\",\"breadcrumb\":{\"@id\":\"https:\/\/grotta.is\/fraedsla\/#breadcrumb\"},\"inLanguage\":\"en-US\",\"potentialAction\":[{\"@type\":\"ReadAction\",\"target\":[\"https:\/\/grotta.is\/fraedsla\/\"]}]},{\"@type\":\"BreadcrumbList\",\"@id\":\"https:\/\/grotta.is\/fraedsla\/#breadcrumb\",\"itemListElement\":[{\"@type\":\"ListItem\",\"position\":1,\"name\":\"Home\",\"item\":\"https:\/\/grotta.is\/\"},{\"@type\":\"ListItem\",\"position\":2,\"name\":\"Fr\u00e6\u00f0sla\"}]},{\"@type\":\"WebSite\",\"@id\":\"https:\/\/grotta.is\/#website\",\"url\":\"https:\/\/grotta.is\/\",\"name\":\"\u00cd\u00fer\u00f3ttaf\u00e9lagi\u00f0 Gr\u00f3tta\",\"description\":\"\u00e1 Seltjarnarnesi\",\"publisher\":{\"@id\":\"https:\/\/grotta.is\/#organization\"},\"potentialAction\":[{\"@type\":\"SearchAction\",\"target\":{\"@type\":\"EntryPoint\",\"urlTemplate\":\"https:\/\/grotta.is\/?s={search_term_string}\"},\"query-input\":{\"@type\":\"PropertyValueSpecification\",\"valueRequired\":true,\"valueName\":\"search_term_string\"}}],\"inLanguage\":\"en-US\"},{\"@type\":\"Organization\",\"@id\":\"https:\/\/grotta.is\/#organization\",\"name\":\"\u00cd\u00fer\u00f3ttaf\u00e9lagi\u00f0 Gr\u00f3tta\",\"url\":\"https:\/\/grotta.is\/\",\"logo\":{\"@type\":\"ImageObject\",\"inLanguage\":\"en-US\",\"@id\":\"https:\/\/grotta.is\/#\/schema\/logo\/image\/\",\"url\":\"https:\/\/grotta.is\/wp-content\/uploads\/2020\/02\/ithrottafelagidgrotta_logo_512x512_transparent.png\",\"contentUrl\":\"https:\/\/grotta.is\/wp-content\/uploads\/2020\/02\/ithrottafelagidgrotta_logo_512x512_transparent.png\",\"width\":512,\"height\":512,\"caption\":\"\u00cd\u00fer\u00f3ttaf\u00e9lagi\u00f0 Gr\u00f3tta\"},\"image\":{\"@id\":\"https:\/\/grotta.is\/#\/schema\/logo\/image\/\"},\"sameAs\":[\"https:\/\/www.facebook.com\/grottasport\"]}]}<\/script>\n<!-- \/ Yoast SEO plugin. -->","yoast_head_json":{"title":"Fr\u00e6\u00f0sla - \u00cd\u00fer\u00f3ttaf\u00e9lagi\u00f0 Gr\u00f3tta","robots":{"index":"index","follow":"follow","max-snippet":"max-snippet:-1","max-image-preview":"max-image-preview:large","max-video-preview":"max-video-preview:-1"},"canonical":"https:\/\/grotta.is\/en\/fraedsla\/","og_locale":"en_US","og_type":"article","og_title":"Fr\u00e6\u00f0sla - \u00cd\u00fer\u00f3ttaf\u00e9lagi\u00f0 Gr\u00f3tta","og_description":"\u00cd\u00fer\u00f3ttaf\u00e9lagi\u00f0 Gr\u00f3tta leggur miki\u00f0 upp \u00far a\u00f0 veita i\u00f0kendum, foreldrum, \u00fej\u00e1lfurum og starfsm\u00f6nnum g\u00f3\u00f0a fr\u00e6\u00f0slu \u00e1 m\u00f6rgum svi\u00f0um innan \u00ed\u00fer\u00f3ttahreyfingarinnar. H\u00e9r fyrir ne\u00f0an er listi yfir fr\u00e6\u00f0sluefni Gr\u00f3ttu: Fyrirspurnir og [&hellip;]","og_url":"https:\/\/grotta.is\/en\/fraedsla\/","og_site_name":"\u00cd\u00fer\u00f3ttaf\u00e9lagi\u00f0 Gr\u00f3tta","article_publisher":"https:\/\/www.facebook.com\/grottasport","article_modified_time":"2022-11-07T16:14:44+00:00","twitter_card":"summary_large_image","twitter_misc":{"Est. reading time":"1 minute"},"schema":{"@context":"https:\/\/schema.org","@graph":[{"@type":"WebPage","@id":"https:\/\/grotta.is\/fraedsla\/","url":"https:\/\/grotta.is\/fraedsla\/","name":"Fr\u00e6\u00f0sla - \u00cd\u00fer\u00f3ttaf\u00e9lagi\u00f0 Gr\u00f3tta","isPartOf":{"@id":"https:\/\/grotta.is\/#website"},"datePublished":"2022-03-29T12:07:01+00:00","dateModified":"2022-11-07T16:14:44+00:00","breadcrumb":{"@id":"https:\/\/grotta.is\/fraedsla\/#breadcrumb"},"inLanguage":"en-US","potentialAction":[{"@type":"ReadAction","target":["https:\/\/grotta.is\/fraedsla\/"]}]},{"@type":"BreadcrumbList","@id":"https:\/\/grotta.is\/fraedsla\/#breadcrumb","itemListElement":[{"@type":"ListItem","position":1,"name":"Home","item":"https:\/\/grotta.is\/"},{"@type":"ListItem","position":2,"name":"Fr\u00e6\u00f0sla"}]},{"@type":"WebSite","@id":"https:\/\/grotta.is\/#website","url":"https:\/\/grotta.is\/","name":"\u00cd\u00fer\u00f3ttaf\u00e9lagi\u00f0 Gr\u00f3tta","description":"\u00e1 Seltjarnarnesi","publisher":{"@id":"https:\/\/grotta.is\/#organization"},"potentialAction":[{"@type":"SearchAction","target":{"@type":"EntryPoint","urlTemplate":"https:\/\/grotta.is\/?s={search_term_string}"},"query-input":{"@type":"PropertyValueSpecification","valueRequired":true,"valueName":"search_term_string"}}],"inLanguage":"en-US"},{"@type":"Organization","@id":"https:\/\/grotta.is\/#organization","name":"\u00cd\u00fer\u00f3ttaf\u00e9lagi\u00f0 Gr\u00f3tta","url":"https:\/\/grotta.is\/","logo":{"@type":"ImageObject","inLanguage":"en-US","@id":"https:\/\/grotta.is\/#\/schema\/logo\/image\/","url":"https:\/\/grotta.is\/wp-content\/uploads\/2020\/02\/ithrottafelagidgrotta_logo_512x512_transparent.png","contentUrl":"https:\/\/grotta.is\/wp-content\/uploads\/2020\/02\/ithrottafelagidgrotta_logo_512x512_transparent.png","width":512,"height":512,"caption":"\u00cd\u00fer\u00f3ttaf\u00e9lagi\u00f0 Gr\u00f3tta"},"image":{"@id":"https:\/\/grotta.is\/#\/schema\/logo\/image\/"},"sameAs":["https:\/\/www.facebook.com\/grottasport"]}]}},"_links":{"self":[{"href":"https:\/\/grotta.is\/en\/wp-json\/wp\/v2\/pages\/372808","targetHints":{"allow":["GET"]}}],"collection":[{"href":"https:\/\/grotta.is\/en\/wp-json\/wp\/v2\/pages"}],"about":[{"href":"https:\/\/grotta.is\/en\/wp-json\/wp\/v2\/types\/page"}],"author":[{"embeddable":true,"href":"https:\/\/grotta.is\/en\/wp-json\/wp\/v2\/users\/2"}],"replies":[{"embeddable":true,"href":"https:\/\/grotta.is\/en\/wp-json\/wp\/v2\/comments?post=372808"}],"version-history":[{"count":23,"href":"https:\/\/grotta.is\/en\/wp-json\/wp\/v2\/pages\/372808\/revisions"}],"predecessor-version":[{"id":401537,"href":"https:\/\/grotta.is\/en\/wp-json\/wp\/v2\/pages\/372808\/revisions\/401537"}],"wp:attachment":[{"href":"https:\/\/grotta.is\/en\/wp-json\/wp\/v2\/media?parent=372808"}],"curies":[{"name":"wp","href":"https:\/\/api.w.org\/{rel}","templated":true}]}}