{"id":355819,"date":"2021-08-30T23:25:20","date_gmt":"2021-08-30T23:25:20","guid":{"rendered":"https:\/\/grotta.is\/?page_id=355819"},"modified":"2022-03-30T22:19:25","modified_gmt":"2022-03-30T22:19:25","slug":"skraning","status":"publish","type":"page","link":"https:\/\/grotta.is\/en\/skraning\/","title":{"rendered":"Skr\u00e1ning"},"content":{"rendered":"<div data-elementor-type=\"wp-page\" data-elementor-id=\"355819\" class=\"elementor elementor-355819\" data-elementor-post-type=\"page\">\n\t\t\t\t\t\t<section class=\"elementor-section elementor-top-section elementor-element elementor-element-6970039 elementor-section-boxed elementor-section-height-default elementor-section-height-default\" data-id=\"6970039\" data-element_type=\"section\">\n\t\t\t\t\t\t<div class=\"elementor-container elementor-column-gap-default\">\n\t\t\t\t\t<div class=\"elementor-column elementor-col-100 elementor-top-column elementor-element elementor-element-1cbb909\" data-id=\"1cbb909\" data-element_type=\"column\">\n\t\t\t<div class=\"elementor-widget-wrap elementor-element-populated\">\n\t\t\t\t\t\t<div class=\"elementor-element elementor-element-0b937cb elementor-widget elementor-widget-spacer\" data-id=\"0b937cb\" data-element_type=\"widget\" data-widget_type=\"spacer.default\">\n\t\t\t\t<div class=\"elementor-widget-container\">\n\t\t\t\t\t\t\t<div class=\"elementor-spacer\">\n\t\t\t<div class=\"elementor-spacer-inner\"><\/div>\n\t\t<\/div>\n\t\t\t\t\t\t<\/div>\n\t\t\t\t<\/div>\n\t\t\t\t<div class=\"elementor-element elementor-element-86217de elementor-widget elementor-widget-heading\" data-id=\"86217de\" data-element_type=\"widget\" data-widget_type=\"heading.default\">\n\t\t\t\t<div class=\"elementor-widget-container\">\n\t\t\t\t\t<h2 class=\"elementor-heading-title elementor-size-default\">Skr\u00e1ning i\u00f0kenda \u00ed Gr\u00f3ttu<\/h2>\t\t\t\t<\/div>\n\t\t\t\t<\/div>\n\t\t\t\t<div class=\"elementor-element elementor-element-5b007f7 elementor-widget elementor-widget-spacer\" data-id=\"5b007f7\" data-element_type=\"widget\" data-widget_type=\"spacer.default\">\n\t\t\t\t<div class=\"elementor-widget-container\">\n\t\t\t\t\t\t\t<div class=\"elementor-spacer\">\n\t\t\t<div class=\"elementor-spacer-inner\"><\/div>\n\t\t<\/div>\n\t\t\t\t\t\t<\/div>\n\t\t\t\t<\/div>\n\t\t\t\t<div class=\"elementor-element elementor-element-c3e6126 elementor-widget elementor-widget-text-editor\" data-id=\"c3e6126\" data-element_type=\"widget\" data-widget_type=\"text-editor.default\">\n\t\t\t\t<div class=\"elementor-widget-container\">\n\t\t\t\t\t\t\t\t\t<p>K\u00e6ru forr\u00e1\u00f0amenn, i\u00f0kendur og anna\u00f0 Gr\u00f3ttuf\u00f3lk.<\/p><p>S\u00fa breyting hefur or\u00f0i\u00f0 \u00e1 a\u00f0 n\u00fa fara allar skr\u00e1ningar \u00ed f\u00e9lagi\u00f0 \u00ed gegnum Sportabler. \u00d6ll samskipti milli \u00fej\u00e1lfara og foreldra fara fram \u00ed gegnum forriti\u00f0 og \u00fev\u00ed mikilv\u00e6gt a\u00f0 kynna s\u00e9r vel og s\u00e6kja forriti\u00f0. Viljum vi\u00f0 bi\u00f0ja ykkur a\u00f0 yfirfara vel allar uppl\u00fdsingar (netf\u00f6ng og s\u00edma) en skr\u00e1ningar eru eru \u00e1kve\u00f0i\u00f0 \u00f6ryggist\u00e6ki og mikilv\u00e6gt a\u00f0 r\u00e9ttar uppl\u00fdsingar s\u00e9u til sta\u00f0ar \u00feegar n\u00e1 \u00fearf \u00ed a\u00f0standendur.<\/p><p>H\u00e6gt er a\u00f0 sko\u00f0a \u00f6ll n\u00e1mskei\u00f0 sem \u00ed bo\u00f0i eru \u00e1 <a href=\"https:\/\/www.sportabler.com\/shop\/grotta\" target=\"_blank\" rel=\"noopener\">sportabler.com\/shop\/grotta<\/a> og einnig er h\u00e6gt a\u00f0 velja hverja deild fyrir sig. Sj\u00e1 yfirflokka \u00e1 Gr\u00f3ttu s\u00ed\u00f0u Sportabler: fimleikar, f\u00f3tbolti og handbolti.<\/p><p>Athugi\u00f0! Mikilv\u00e6gt er a\u00f0 kynna s\u00e9r n\u00e1nari uppl\u00fdsingar h\u00e9r a\u00f0 ne\u00f0an m.a. eru lei\u00f0beiningar fyrir notkun fr\u00edstundastyrks sem og skr\u00e1ningar- og notendalei\u00f0beiningar fyrir Sportabler.<\/p>\t\t\t\t\t\t\t\t<\/div>\n\t\t\t\t<\/div>\n\t\t\t\t<div class=\"elementor-element elementor-element-7513764 elementor-widget elementor-widget-image\" data-id=\"7513764\" data-element_type=\"widget\" data-widget_type=\"image.default\">\n\t\t\t\t<div class=\"elementor-widget-container\">\n\t\t\t\t\t\t\t\t\t\t\t\t\t\t\t<img fetchpriority=\"high\" decoding=\"async\" width=\"1816\" height=\"431\" src=\"https:\/\/grotta.is\/wp-content\/uploads\/2021\/08\/Grotta_sportabler_banner.png\" class=\"attachment-full size-full wp-image-355825\" alt=\"\" srcset=\"https:\/\/grotta.is\/wp-content\/uploads\/2021\/08\/Grotta_sportabler_banner.png 1816w, https:\/\/grotta.is\/wp-content\/uploads\/2021\/08\/Grotta_sportabler_banner-300x71.png 300w, https:\/\/grotta.is\/wp-content\/uploads\/2021\/08\/Grotta_sportabler_banner-1024x243.png 1024w, https:\/\/grotta.is\/wp-content\/uploads\/2021\/08\/Grotta_sportabler_banner-768x182.png 768w, https:\/\/grotta.is\/wp-content\/uploads\/2021\/08\/Grotta_sportabler_banner-1536x365.png 1536w, https:\/\/grotta.is\/wp-content\/uploads\/2021\/08\/Grotta_sportabler_banner-18x4.png 18w, https:\/\/grotta.is\/wp-content\/uploads\/2021\/08\/Grotta_sportabler_banner-600x142.png 600w\" sizes=\"(max-width: 1816px) 100vw, 1816px\" \/>\t\t\t\t\t\t\t\t\t\t\t\t\t\t\t<\/div>\n\t\t\t\t<\/div>\n\t\t\t\t<div class=\"elementor-element elementor-element-651810f elementor-widget elementor-widget-text-editor\" data-id=\"651810f\" data-element_type=\"widget\" data-widget_type=\"text-editor.default\">\n\t\t\t\t<div class=\"elementor-widget-container\">\n\t\t\t\t\t\t\t\t\t<h4><strong>Lei\u00f0beiningar fyrir innsk\u00e1ningu:<\/strong><\/h4><ul><li>Til \u00feess a\u00f0 gerast notandi \u00fearf forr\u00e1\u00f0ama\u00f0ur a\u00f0 n\u00fdskr\u00e1 sig \u00e1 og s\u00e6kja Sportabler snjallforriti\u00f0.<\/li><li>Fyrsta skrefi\u00f0 er a\u00f0 fara \u00e1 skr\u00e1ningars\u00ed\u00f0u f\u00e9lagsins Gr\u00f3ttu \u00e1 <a href=\"https:\/\/www.sportabler.com\/shop\/grotta\" target=\"_blank\" rel=\"noopener\">sportabler.com\/shop\/grotta<\/a><\/li><li>N\u00e6st \u00fearftu a\u00f0 skr\u00e1 \u00feig inn \u00ed h\u00e6gra horninu uppi &#8222;Innskr\u00e1 \u00ed Sportabler&#8220; (sj\u00e1 mynd fyrir ofan &#8211; gylltur hnappur).<\/li><li>Ef \u00fe\u00fa ert n\u00fa \u00feegar me\u00f0 Sportabler a\u00f0gang \u00fe\u00e1 notar \u00fe\u00fa hann til a\u00f0 skr\u00e1 \u00feig inn. En ef \u00fe\u00fa ert <strong>ekki<\/strong> me\u00f0 Sportabler a\u00f0gang \u00fe\u00e1 velur \u00fe\u00fa <strong>n\u00fdskr\u00e1<\/strong> ne\u00f0st \u00ed h\u00e6gra horninu (sj\u00e1 mynd fyrir ne\u00f0an).<\/li><\/ul><p><a href=\"https:\/\/grotta.is\/en\/skraning\/attachment\/grotta_sportabler_2\/\"><img decoding=\"async\" class=\"alignnone wp-image-355829 lazyload\" data-src=\"https:\/\/grotta.is\/wp-content\/uploads\/2021\/08\/Grotta_sportabler_2.png\" alt=\"\" width=\"500\" height=\"523\" data-srcset=\"https:\/\/grotta.is\/wp-content\/uploads\/2021\/08\/Grotta_sportabler_2.png 712w, https:\/\/grotta.is\/wp-content\/uploads\/2021\/08\/Grotta_sportabler_2-287x300.png 287w, https:\/\/grotta.is\/wp-content\/uploads\/2021\/08\/Grotta_sportabler_2-11x12.png 11w, https:\/\/grotta.is\/wp-content\/uploads\/2021\/08\/Grotta_sportabler_2-600x628.png 600w\" data-sizes=\"(max-width: 500px) 100vw, 500px\" src=\"data:image\/gif;base64,R0lGODlhAQABAAAAACH5BAEKAAEALAAAAAABAAEAAAICTAEAOw==\" style=\"--smush-placeholder-width: 500px; --smush-placeholder-aspect-ratio: 500\/523;\" \/><\/a><\/p><p><strong>ATHUGI\u00d0! Mikilv\u00e6gt er a\u00f0 \u00fe\u00fa skr\u00e1ir \u00feig inn sem \u00fe\u00fa sj\u00e1lfur en ekki sem barni\u00f0 \u00feitt.<\/strong><\/p><p>Ef n\u00fdskr\u00e1ning er valin \u00fe\u00e1 \u00fearftu a\u00f0 setja inn t\u00f6lvup\u00f3st og kennit\u00f6lu (sj\u00e1 mynd fyrir ne\u00f0an). \u00deegar \u00fe\u00fa smellir \u00e1 &#8222;Senda bo\u00f0&#8220; f\u00e6r\u00f0u sta\u00f0festingarp\u00f3st \u00ed t\u00f6lvup\u00f3sti og fylgir \u00fev\u00ed ferli, velur lykilor\u00f0 og ert \u00fe\u00e1 kominn me\u00f0 a\u00f0gang. Stundum gerist \u00fea\u00f0 a\u00f0 sta\u00f0festingarp\u00f3stur endi \u00ed ruslh\u00f3lfi (spam\/junk mail) \u00ed t\u00f6lvup\u00f3stinum.<\/p><p><a href=\"https:\/\/grotta.is\/en\/skraning\/attachment\/grotta_sportabler_3\/\"><img decoding=\"async\" class=\"alignnone wp-image-355830 lazyload\" data-src=\"https:\/\/grotta.is\/wp-content\/uploads\/2021\/08\/Grotta_sportabler_3.png\" alt=\"\" width=\"500\" height=\"519\" data-srcset=\"https:\/\/grotta.is\/wp-content\/uploads\/2021\/08\/Grotta_sportabler_3.png 683w, https:\/\/grotta.is\/wp-content\/uploads\/2021\/08\/Grotta_sportabler_3-289x300.png 289w, https:\/\/grotta.is\/wp-content\/uploads\/2021\/08\/Grotta_sportabler_3-12x12.png 12w, https:\/\/grotta.is\/wp-content\/uploads\/2021\/08\/Grotta_sportabler_3-600x623.png 600w\" data-sizes=\"(max-width: 500px) 100vw, 500px\" src=\"data:image\/gif;base64,R0lGODlhAQABAAAAACH5BAEKAAEALAAAAAABAAEAAAICTAEAOw==\" style=\"--smush-placeholder-width: 500px; --smush-placeholder-aspect-ratio: 500\/519;\" \/><\/a><\/p><p>Ef \u00fea\u00f0 kemur enginn sta\u00f0festingarp\u00f3stur \u00e1 netfangi\u00f0 hj\u00e1 \u00fe\u00e9r e\u00f0a villubo\u00f0 kemur upp \u00fe\u00e1 er best a\u00f0 hafa samband vi\u00f0 \u00fej\u00f3nustuver Sportabler \u00fear sem \u00f6ll m\u00e1l eru leyst. Gylltur hnappur, sta\u00f0settur ne\u00f0st \u00ed h\u00e6gra horninu \u00e1 sportabler s\u00ed\u00f0unni. Sj\u00e1 mynd <img decoding=\"async\" class=\"alignnone wp-image-355834 lazyload\" data-src=\"https:\/\/grotta.is\/wp-content\/uploads\/2021\/08\/Grotta_sportabler_4.png\" alt=\"\" width=\"50\" height=\"45\" data-wp-editing=\"1\" data-srcset=\"https:\/\/grotta.is\/wp-content\/uploads\/2021\/08\/Grotta_sportabler_4.png 143w, https:\/\/grotta.is\/wp-content\/uploads\/2021\/08\/Grotta_sportabler_4-13x12.png 13w\" data-sizes=\"(max-width: 50px) 100vw, 50px\" src=\"data:image\/gif;base64,R0lGODlhAQABAAAAACH5BAEKAAEALAAAAAABAAEAAAICTAEAOw==\" style=\"--smush-placeholder-width: 50px; --smush-placeholder-aspect-ratio: 50\/45;\" \/>.<\/p><p>\u00deegar allt er klappa\u00f0 og kl\u00e1rt \u00fe\u00e1 tekur vi\u00f0 innskr\u00e1ningarferli.<\/p><ul><li>\u00deegar \u00fe\u00fa skr\u00e1ir \u00feig inn ertu be\u00f0inn um a\u00f0 au\u00f0kenna \u00feig. \u00cd kj\u00f6lfari\u00f0 lendir \u00fe\u00fa inn \u00e1 island.is \u00fear sem \u00fe\u00fa getur au\u00f0kennt \u00feig me\u00f0 rafr\u00e6num skilr\u00edkjum e\u00f0a \u00edslykli.<\/li><li>\u00deegar \u00fe\u00fa l\u00fdkur vi\u00f0 au\u00f0kenningu \u00fe\u00e1 fer\u00f0u beint inn \u00e1 vefverslunina og getur keypt \u00fe\u00e1 \u00fej\u00f3nustu sem er \u00ed bo\u00f0i.<\/li><li>Gott er a\u00f0 vita a\u00f0 \u00feetta ferli \u00fearf bara a\u00f0 ganga \u00ed gegnum einu sinni eftir n\u00fdskr\u00e1ningu. Efst vinstra megin s\u00e9r\u00f0u sj\u00e1lfan \u00feig og b\u00f6rnin \u00fe\u00edn og uppi \u00ed h\u00e6gra horninu s\u00e9r\u00f0u yfirlit yfir reikninga og \u00e1skriftir sem \u00fe\u00fa hefur keypt (sj\u00e1 mynd fyrir ne\u00f0an)<\/li><\/ul>\t\t\t\t\t\t\t\t<\/div>\n\t\t\t\t<\/div>\n\t\t\t\t<div class=\"elementor-element elementor-element-ee51f25 elementor-widget elementor-widget-image\" data-id=\"ee51f25\" data-element_type=\"widget\" data-widget_type=\"image.default\">\n\t\t\t\t<div class=\"elementor-widget-container\">\n\t\t\t\t\t\t\t\t\t\t\t\t\t\t\t<img decoding=\"async\" width=\"1788\" height=\"376\" data-src=\"https:\/\/grotta.is\/wp-content\/uploads\/2021\/08\/Grotta_sportabler_5.PNG.png\" class=\"attachment-full size-full wp-image-355842 lazyload\" alt=\"\" data-srcset=\"https:\/\/grotta.is\/wp-content\/uploads\/2021\/08\/Grotta_sportabler_5.PNG.png 1788w, https:\/\/grotta.is\/wp-content\/uploads\/2021\/08\/Grotta_sportabler_5.PNG-300x63.png 300w, https:\/\/grotta.is\/wp-content\/uploads\/2021\/08\/Grotta_sportabler_5.PNG-1024x215.png 1024w, https:\/\/grotta.is\/wp-content\/uploads\/2021\/08\/Grotta_sportabler_5.PNG-768x162.png 768w, https:\/\/grotta.is\/wp-content\/uploads\/2021\/08\/Grotta_sportabler_5.PNG-1536x323.png 1536w, https:\/\/grotta.is\/wp-content\/uploads\/2021\/08\/Grotta_sportabler_5.PNG-18x4.png 18w, https:\/\/grotta.is\/wp-content\/uploads\/2021\/08\/Grotta_sportabler_5.PNG-600x126.png 600w\" data-sizes=\"(max-width: 1788px) 100vw, 1788px\" src=\"data:image\/gif;base64,R0lGODlhAQABAAAAACH5BAEKAAEALAAAAAABAAEAAAICTAEAOw==\" style=\"--smush-placeholder-width: 1788px; --smush-placeholder-aspect-ratio: 1788\/376;\" \/>\t\t\t\t\t\t\t\t\t\t\t\t\t\t\t<\/div>\n\t\t\t\t<\/div>\n\t\t\t\t<div class=\"elementor-element elementor-element-d5039be elementor-widget elementor-widget-text-editor\" data-id=\"d5039be\" data-element_type=\"widget\" data-widget_type=\"text-editor.default\">\n\t\t\t\t<div class=\"elementor-widget-container\">\n\t\t\t\t\t\t\t\t\t<h4><strong>Lei\u00f0beiningar fyrir kaup \u00e1 \u00fej\u00f3nustu \u00ed vefverslun:<\/strong><\/h4><p>N\u00e6sta skref er a\u00f0 finna \u00fe\u00e1 \u00fej\u00f3nustu sem \u00fe\u00fa vilt kaupa fyrir sj\u00e1lfan \u00feig e\u00f0a barni\u00f0 \u00feitt. H\u00e6gt er a\u00f0 nota fr\u00edstundastyrk, grei\u00f0sludreifingu og systkinaafsl\u00e1tt \u00ed kaupferlinu.<\/p><ul><li><strong>Skref 1<\/strong> &#8211; Velja hva\u00f0a i\u00f0kanda \u00fe\u00fa ert a\u00f0 kaupa \u00fej\u00f3nustuna fyrir. ATH g\u00e6ti\u00f0 a\u00f0 \u00fev\u00ed a\u00f0 r\u00e9tt \u00ed\u00fer\u00f3ttagrein\/\u00fej\u00f3nusta s\u00e9 valin<\/li><li><strong>Skref 2<\/strong> &#8211; Ef \u00f6nnur \u00fej\u00f3nusta hefur veri\u00f0 keypt sem fellur undir skilm\u00e1la systkina e\u00f0a fj\u00f6lgreinaafsl\u00e1tt kemur hann \u00ed skrefi 2 \u00ed kaupferli. ATH. afsl\u00e1tturinn reiknast \u00fe\u00f3 ekki af fyrstu skr\u00e1ningu en vi\u00f0skiptavinur f\u00e6r sendan k\u00fapon sem n\u00fdttur er vi\u00f0 n\u00e6stu skr\u00e1ningu\/ar.<\/li><li><strong>Skref 3<\/strong> &#8211; \u00cd \u00feessu skrefi velur \u00fe\u00fa hvort \u00fe\u00fa viljir nota fr\u00edstundastyrk e\u00f0a ekki. ATH \u00feessi m\u00f6guleiki kemur ekki upp ef \u00fej\u00f3nustan sem er til s\u00f6lu b\u00fd\u00f0ur ekki upp \u00e1 fr\u00edstundastyrk. (Ef vali\u00f0 er a\u00f0 r\u00e1\u00f0stafa fr\u00edstundastyrk ver\u00f0ur notandi sj\u00e1lfkrafa be\u00f0in um a\u00f0 au\u00f0kenna sig me\u00f0 rafr\u00e6num skilr\u00edkjum)<\/li><li><strong>Skref 4<\/strong> &#8211; \u00cd skrefi 4 s\u00e9r\u00f0u hva\u00f0 \u00fe\u00fa \u00e1tt mikinn fr\u00edstundastyrk inni og \u00ed l\u00ednunni fyrir ne\u00f0an velur \u00fe\u00fa \u00fe\u00e1 upph\u00e6\u00f0 sem \u00fe\u00fa vilt r\u00e1\u00f0stafa.<\/li><li><strong>Skref 5<\/strong> &#8211; H\u00e9rna b\u00fd\u00f0ur f\u00e9lagi\u00f0 upp \u00e1 grei\u00f0sludreifingu (ef vi\u00f0 \u00e1).<\/li><li><strong>Skref 6<\/strong> &#8211; H\u00e9rna er grei\u00f0slulei\u00f0 valin. Val um kredit-\/ debit kort e\u00f0a grei\u00f0sluse\u00f0il.<\/li><\/ul><p>H\u00e6gra meginn \u00ed kaupferlinu er svo kvittun sem \u00fe\u00fa s\u00e9r\u00f0 hvernig upph\u00e6\u00f0in reiknast eftir notkun \u00e1 fr\u00edstundastyrk, systkinaafsl\u00e6tti og grei\u00f0sludreifingu.<\/p><p>Smelltu <a href=\"http:\/\/help.sportabler.com\/en\/support\/home\" target=\"_blank\" rel=\"noopener\">H\u00c9R<\/a> fyrir frekari Sportabler lei\u00f0beiningar (athugi\u00f0 er \u00e1 ensku).<\/p><p><strong>A\u00f0sto\u00f0:<\/strong> Ef ykkur vantar a\u00f0sto\u00f0 e\u00f0a hafi\u00f0 spurningar \u00fe\u00e1 er \u00fej\u00f3nustuver Sportabler <a href=\"https:\/\/www.sportabler.com\/home\">sportabler.com\/home<\/a> alltaf opi\u00f0.<\/p>\t\t\t\t\t\t\t\t<\/div>\n\t\t\t\t<\/div>\n\t\t\t\t\t<\/div>\n\t\t<\/div>\n\t\t\t\t\t<\/div>\n\t\t<\/section>\n\t\t\t\t<\/div>","protected":false},"excerpt":{"rendered":"<p>Skr\u00e1ning i\u00f0kenda \u00ed Gr\u00f3ttu K\u00e6ru forr\u00e1\u00f0amenn, i\u00f0kendur og anna\u00f0 Gr\u00f3ttuf\u00f3lk. S\u00fa breyting hefur or\u00f0i\u00f0 \u00e1 a\u00f0 n\u00fa fara allar skr\u00e1ningar \u00ed f\u00e9lagi\u00f0 \u00ed gegnum Sportabler. \u00d6ll samskipti milli \u00fej\u00e1lfara og [&hellip;]<\/p>","protected":false},"author":2,"featured_media":0,"parent":0,"menu_order":0,"comment_status":"closed","ping_status":"closed","template":"full-width.php","meta":{"footnotes":""},"class_list":["post-355819","page","type-page","status-publish","hentry"],"yoast_head":"<!-- This site is optimized with the Yoast SEO plugin v24.3 - https:\/\/yoast.com\/wordpress\/plugins\/seo\/ -->\n<title>Skr\u00e1ning - \u00cd\u00fer\u00f3ttaf\u00e9lagi\u00f0 Gr\u00f3tta<\/title>\n<meta name=\"robots\" content=\"index, follow, max-snippet:-1, max-image-preview:large, max-video-preview:-1\" \/>\n<link rel=\"canonical\" href=\"https:\/\/grotta.is\/en\/skraning\/\" \/>\n<meta property=\"og:locale\" content=\"en_US\" \/>\n<meta property=\"og:type\" content=\"article\" \/>\n<meta property=\"og:title\" content=\"Skr\u00e1ning - \u00cd\u00fer\u00f3ttaf\u00e9lagi\u00f0 Gr\u00f3tta\" \/>\n<meta property=\"og:description\" content=\"Skr\u00e1ning i\u00f0kenda \u00ed Gr\u00f3ttu K\u00e6ru forr\u00e1\u00f0amenn, i\u00f0kendur og anna\u00f0 Gr\u00f3ttuf\u00f3lk. S\u00fa breyting hefur or\u00f0i\u00f0 \u00e1 a\u00f0 n\u00fa fara allar skr\u00e1ningar \u00ed f\u00e9lagi\u00f0 \u00ed gegnum Sportabler. \u00d6ll samskipti milli \u00fej\u00e1lfara og [&hellip;]\" \/>\n<meta property=\"og:url\" content=\"https:\/\/grotta.is\/en\/skraning\/\" \/>\n<meta property=\"og:site_name\" content=\"\u00cd\u00fer\u00f3ttaf\u00e9lagi\u00f0 Gr\u00f3tta\" \/>\n<meta property=\"article:publisher\" content=\"https:\/\/www.facebook.com\/grottasport\" \/>\n<meta property=\"article:modified_time\" content=\"2022-03-30T22:19:25+00:00\" \/>\n<meta property=\"og:image\" content=\"https:\/\/grotta.is\/wp-content\/uploads\/2021\/08\/Grotta_sportabler_banner.png\" \/>\n<meta name=\"twitter:card\" content=\"summary_large_image\" \/>\n<meta name=\"twitter:label1\" content=\"Est. reading time\" \/>\n\t<meta name=\"twitter:data1\" content=\"5 minutes\" \/>\n<script type=\"application\/ld+json\" class=\"yoast-schema-graph\">{\"@context\":\"https:\/\/schema.org\",\"@graph\":[{\"@type\":\"WebPage\",\"@id\":\"https:\/\/grotta.is\/skraning\/\",\"url\":\"https:\/\/grotta.is\/skraning\/\",\"name\":\"Skr\u00e1ning - \u00cd\u00fer\u00f3ttaf\u00e9lagi\u00f0 Gr\u00f3tta\",\"isPartOf\":{\"@id\":\"https:\/\/grotta.is\/#website\"},\"primaryImageOfPage\":{\"@id\":\"https:\/\/grotta.is\/skraning\/#primaryimage\"},\"image\":{\"@id\":\"https:\/\/grotta.is\/skraning\/#primaryimage\"},\"thumbnailUrl\":\"https:\/\/grotta.is\/wp-content\/uploads\/2021\/08\/Grotta_sportabler_banner.png\",\"datePublished\":\"2021-08-30T23:25:20+00:00\",\"dateModified\":\"2022-03-30T22:19:25+00:00\",\"breadcrumb\":{\"@id\":\"https:\/\/grotta.is\/skraning\/#breadcrumb\"},\"inLanguage\":\"en-US\",\"potentialAction\":[{\"@type\":\"ReadAction\",\"target\":[\"https:\/\/grotta.is\/skraning\/\"]}]},{\"@type\":\"ImageObject\",\"inLanguage\":\"en-US\",\"@id\":\"https:\/\/grotta.is\/skraning\/#primaryimage\",\"url\":\"https:\/\/grotta.is\/wp-content\/uploads\/2021\/08\/Grotta_sportabler_banner.png\",\"contentUrl\":\"https:\/\/grotta.is\/wp-content\/uploads\/2021\/08\/Grotta_sportabler_banner.png\"},{\"@type\":\"BreadcrumbList\",\"@id\":\"https:\/\/grotta.is\/skraning\/#breadcrumb\",\"itemListElement\":[{\"@type\":\"ListItem\",\"position\":1,\"name\":\"Home\",\"item\":\"https:\/\/grotta.is\/\"},{\"@type\":\"ListItem\",\"position\":2,\"name\":\"Skr\u00e1ning\"}]},{\"@type\":\"WebSite\",\"@id\":\"https:\/\/grotta.is\/#website\",\"url\":\"https:\/\/grotta.is\/\",\"name\":\"\u00cd\u00fer\u00f3ttaf\u00e9lagi\u00f0 Gr\u00f3tta\",\"description\":\"\u00e1 Seltjarnarnesi\",\"publisher\":{\"@id\":\"https:\/\/grotta.is\/#organization\"},\"potentialAction\":[{\"@type\":\"SearchAction\",\"target\":{\"@type\":\"EntryPoint\",\"urlTemplate\":\"https:\/\/grotta.is\/?s={search_term_string}\"},\"query-input\":{\"@type\":\"PropertyValueSpecification\",\"valueRequired\":true,\"valueName\":\"search_term_string\"}}],\"inLanguage\":\"en-US\"},{\"@type\":\"Organization\",\"@id\":\"https:\/\/grotta.is\/#organization\",\"name\":\"\u00cd\u00fer\u00f3ttaf\u00e9lagi\u00f0 Gr\u00f3tta\",\"url\":\"https:\/\/grotta.is\/\",\"logo\":{\"@type\":\"ImageObject\",\"inLanguage\":\"en-US\",\"@id\":\"https:\/\/grotta.is\/#\/schema\/logo\/image\/\",\"url\":\"https:\/\/grotta.is\/wp-content\/uploads\/2020\/02\/ithrottafelagidgrotta_logo_512x512_transparent.png\",\"contentUrl\":\"https:\/\/grotta.is\/wp-content\/uploads\/2020\/02\/ithrottafelagidgrotta_logo_512x512_transparent.png\",\"width\":512,\"height\":512,\"caption\":\"\u00cd\u00fer\u00f3ttaf\u00e9lagi\u00f0 Gr\u00f3tta\"},\"image\":{\"@id\":\"https:\/\/grotta.is\/#\/schema\/logo\/image\/\"},\"sameAs\":[\"https:\/\/www.facebook.com\/grottasport\"]}]}<\/script>\n<!-- \/ Yoast SEO plugin. -->","yoast_head_json":{"title":"Skr\u00e1ning - \u00cd\u00fer\u00f3ttaf\u00e9lagi\u00f0 Gr\u00f3tta","robots":{"index":"index","follow":"follow","max-snippet":"max-snippet:-1","max-image-preview":"max-image-preview:large","max-video-preview":"max-video-preview:-1"},"canonical":"https:\/\/grotta.is\/en\/skraning\/","og_locale":"en_US","og_type":"article","og_title":"Skr\u00e1ning - \u00cd\u00fer\u00f3ttaf\u00e9lagi\u00f0 Gr\u00f3tta","og_description":"Skr\u00e1ning i\u00f0kenda \u00ed Gr\u00f3ttu K\u00e6ru forr\u00e1\u00f0amenn, i\u00f0kendur og anna\u00f0 Gr\u00f3ttuf\u00f3lk. S\u00fa breyting hefur or\u00f0i\u00f0 \u00e1 a\u00f0 n\u00fa fara allar skr\u00e1ningar \u00ed f\u00e9lagi\u00f0 \u00ed gegnum Sportabler. \u00d6ll samskipti milli \u00fej\u00e1lfara og [&hellip;]","og_url":"https:\/\/grotta.is\/en\/skraning\/","og_site_name":"\u00cd\u00fer\u00f3ttaf\u00e9lagi\u00f0 Gr\u00f3tta","article_publisher":"https:\/\/www.facebook.com\/grottasport","article_modified_time":"2022-03-30T22:19:25+00:00","og_image":[{"url":"https:\/\/grotta.is\/wp-content\/uploads\/2021\/08\/Grotta_sportabler_banner.png","type":"","width":"","height":""}],"twitter_card":"summary_large_image","twitter_misc":{"Est. reading time":"5 minutes"},"schema":{"@context":"https:\/\/schema.org","@graph":[{"@type":"WebPage","@id":"https:\/\/grotta.is\/skraning\/","url":"https:\/\/grotta.is\/skraning\/","name":"Skr\u00e1ning - \u00cd\u00fer\u00f3ttaf\u00e9lagi\u00f0 Gr\u00f3tta","isPartOf":{"@id":"https:\/\/grotta.is\/#website"},"primaryImageOfPage":{"@id":"https:\/\/grotta.is\/skraning\/#primaryimage"},"image":{"@id":"https:\/\/grotta.is\/skraning\/#primaryimage"},"thumbnailUrl":"https:\/\/grotta.is\/wp-content\/uploads\/2021\/08\/Grotta_sportabler_banner.png","datePublished":"2021-08-30T23:25:20+00:00","dateModified":"2022-03-30T22:19:25+00:00","breadcrumb":{"@id":"https:\/\/grotta.is\/skraning\/#breadcrumb"},"inLanguage":"en-US","potentialAction":[{"@type":"ReadAction","target":["https:\/\/grotta.is\/skraning\/"]}]},{"@type":"ImageObject","inLanguage":"en-US","@id":"https:\/\/grotta.is\/skraning\/#primaryimage","url":"https:\/\/grotta.is\/wp-content\/uploads\/2021\/08\/Grotta_sportabler_banner.png","contentUrl":"https:\/\/grotta.is\/wp-content\/uploads\/2021\/08\/Grotta_sportabler_banner.png"},{"@type":"BreadcrumbList","@id":"https:\/\/grotta.is\/skraning\/#breadcrumb","itemListElement":[{"@type":"ListItem","position":1,"name":"Home","item":"https:\/\/grotta.is\/"},{"@type":"ListItem","position":2,"name":"Skr\u00e1ning"}]},{"@type":"WebSite","@id":"https:\/\/grotta.is\/#website","url":"https:\/\/grotta.is\/","name":"\u00cd\u00fer\u00f3ttaf\u00e9lagi\u00f0 Gr\u00f3tta","description":"\u00e1 Seltjarnarnesi","publisher":{"@id":"https:\/\/grotta.is\/#organization"},"potentialAction":[{"@type":"SearchAction","target":{"@type":"EntryPoint","urlTemplate":"https:\/\/grotta.is\/?s={search_term_string}"},"query-input":{"@type":"PropertyValueSpecification","valueRequired":true,"valueName":"search_term_string"}}],"inLanguage":"en-US"},{"@type":"Organization","@id":"https:\/\/grotta.is\/#organization","name":"\u00cd\u00fer\u00f3ttaf\u00e9lagi\u00f0 Gr\u00f3tta","url":"https:\/\/grotta.is\/","logo":{"@type":"ImageObject","inLanguage":"en-US","@id":"https:\/\/grotta.is\/#\/schema\/logo\/image\/","url":"https:\/\/grotta.is\/wp-content\/uploads\/2020\/02\/ithrottafelagidgrotta_logo_512x512_transparent.png","contentUrl":"https:\/\/grotta.is\/wp-content\/uploads\/2020\/02\/ithrottafelagidgrotta_logo_512x512_transparent.png","width":512,"height":512,"caption":"\u00cd\u00fer\u00f3ttaf\u00e9lagi\u00f0 Gr\u00f3tta"},"image":{"@id":"https:\/\/grotta.is\/#\/schema\/logo\/image\/"},"sameAs":["https:\/\/www.facebook.com\/grottasport"]}]}},"_links":{"self":[{"href":"https:\/\/grotta.is\/en\/wp-json\/wp\/v2\/pages\/355819","targetHints":{"allow":["GET"]}}],"collection":[{"href":"https:\/\/grotta.is\/en\/wp-json\/wp\/v2\/pages"}],"about":[{"href":"https:\/\/grotta.is\/en\/wp-json\/wp\/v2\/types\/page"}],"author":[{"embeddable":true,"href":"https:\/\/grotta.is\/en\/wp-json\/wp\/v2\/users\/2"}],"replies":[{"embeddable":true,"href":"https:\/\/grotta.is\/en\/wp-json\/wp\/v2\/comments?post=355819"}],"version-history":[{"count":22,"href":"https:\/\/grotta.is\/en\/wp-json\/wp\/v2\/pages\/355819\/revisions"}],"predecessor-version":[{"id":373255,"href":"https:\/\/grotta.is\/en\/wp-json\/wp\/v2\/pages\/355819\/revisions\/373255"}],"wp:attachment":[{"href":"https:\/\/grotta.is\/en\/wp-json\/wp\/v2\/media?parent=355819"}],"curies":[{"name":"wp","href":"https:\/\/api.w.org\/{rel}","templated":true}]}}