{"id":30435,"date":"2020-09-17T12:30:59","date_gmt":"2020-09-17T12:30:59","guid":{"rendered":"https:\/\/grotta.is\/?page_id=30435"},"modified":"2020-09-30T23:35:49","modified_gmt":"2020-09-30T23:35:49","slug":"ljosmyndir-2019-2020","status":"publish","type":"page","link":"https:\/\/grotta.is\/en\/handknattleiksdeild\/ljosmyndir-2019-2020\/","title":{"rendered":"Handboltamyndir-2019-20"},"content":{"rendered":"<div data-elementor-type=\"wp-page\" data-elementor-id=\"30435\" class=\"elementor elementor-30435\" data-elementor-post-type=\"page\">\n\t\t\t\t\t\t<section class=\"elementor-section elementor-top-section elementor-element elementor-element-28969433 elementor-section-boxed elementor-section-height-default elementor-section-height-default\" data-id=\"28969433\" data-element_type=\"section\">\n\t\t\t\t\t\t<div class=\"elementor-container elementor-column-gap-default\">\n\t\t\t\t\t<div class=\"elementor-column elementor-col-100 elementor-top-column elementor-element elementor-element-6ac7cd2e\" data-id=\"6ac7cd2e\" data-element_type=\"column\">\n\t\t\t<div class=\"elementor-widget-wrap elementor-element-populated\">\n\t\t\t\t\t\t<div class=\"elementor-element elementor-element-698c0c82 elementor-widget elementor-widget-spacer\" data-id=\"698c0c82\" data-element_type=\"widget\" data-widget_type=\"spacer.default\">\n\t\t\t\t<div class=\"elementor-widget-container\">\n\t\t\t\t\t\t\t<div class=\"elementor-spacer\">\n\t\t\t<div class=\"elementor-spacer-inner\"><\/div>\n\t\t<\/div>\n\t\t\t\t\t\t<\/div>\n\t\t\t\t<\/div>\n\t\t\t\t<div class=\"elementor-element elementor-element-20215061 elementor-widget elementor-widget-heading\" data-id=\"20215061\" data-element_type=\"widget\" data-widget_type=\"heading.default\">\n\t\t\t\t<div class=\"elementor-widget-container\">\n\t\t\t\t\t<h2 class=\"elementor-heading-title elementor-size-default\">\u00c1RI\u00d0 2019 - 2020<\/h2>\t\t\t\t<\/div>\n\t\t\t\t<\/div>\n\t\t\t\t<div class=\"elementor-element elementor-element-f6fd7f2 elementor-widget elementor-widget-heading\" data-id=\"f6fd7f2\" data-element_type=\"widget\" data-widget_type=\"heading.default\">\n\t\t\t\t<div class=\"elementor-widget-container\">\n\t\t\t\t\t<h5 class=\"elementor-heading-title elementor-size-default\">Lj\u00f3smyndir eftir Eyj\u00f3lfur Gar\u00f0arsson \u00a9 allur r\u00e9ttur \u00e1skilinn<\/h5>\t\t\t\t<\/div>\n\t\t\t\t<\/div>\n\t\t\t\t\t<\/div>\n\t\t<\/div>\n\t\t\t\t\t<\/div>\n\t\t<\/section>\n\t\t\t\t<section class=\"elementor-section elementor-top-section elementor-element elementor-element-39dbcb98 elementor-section-boxed elementor-section-height-default elementor-section-height-default\" data-id=\"39dbcb98\" data-element_type=\"section\">\n\t\t\t\t\t\t<div class=\"elementor-container elementor-column-gap-default\">\n\t\t\t\t\t<div class=\"elementor-column elementor-col-50 elementor-top-column elementor-element elementor-element-af395a1\" data-id=\"af395a1\" data-element_type=\"column\">\n\t\t\t<div class=\"elementor-widget-wrap elementor-element-populated\">\n\t\t\t\t\t\t<div class=\"elementor-element elementor-element-6f092b68 elementor-widget elementor-widget-heading\" data-id=\"6f092b68\" data-element_type=\"widget\" data-widget_type=\"heading.default\">\n\t\t\t\t<div class=\"elementor-widget-container\">\n\t\t\t\t\t<h6 class=\"elementor-heading-title elementor-size-default\">MEISTARAFLOKKUR KARLA<\/h6>\t\t\t\t<\/div>\n\t\t\t\t<\/div>\n\t\t\t\t<div class=\"elementor-element elementor-element-5306c66c elementor-widget elementor-widget-text-editor\" data-id=\"5306c66c\" data-element_type=\"widget\" data-widget_type=\"text-editor.default\">\n\t\t\t\t<div class=\"elementor-widget-container\">\n\t\t\t\t\t\t\t\t\t<ul><li><a href=\"https:\/\/photos.app.goo.gl\/C2pesywtuVRZQMGx7\">Gr\u00f3tta &#8211; \u00de\u00f3r (04.10.2019)<\/a><\/li><li><a href=\"https:\/\/photos.app.goo.gl\/qvQWGSW757depbkv9\">Gr\u00f3tta &#8211; Valur U (18.10.2019)<\/a><\/li><li><a href=\"https:\/\/photos.app.goo.gl\/Hf45qAkpwiqT2yon8\">Gr\u00f3tta &#8211; Stjarnan U (08.11.2019)<\/a><\/li><li><a href=\"https:\/\/photos.app.goo.gl\/1EoPqw6YUUpGVatn9\">Gr\u00f3tta &#8211; FH U (29.11.2019)<\/a><\/li><li><a href=\"https:\/\/photos.app.goo.gl\/4jAR7ePp4KFnaw8m8\">Gr\u00f3tta &#8211; KA U (28.02.2020)<\/a><\/li><li><a href=\"https:\/\/photos.app.goo.gl\/fsBDSUBj8Tqr6yFd9\">Gr\u00f3tta &#8211; Fj\u00f6lnir U (14.02.2020)<\/a><\/li><li><a href=\"https:\/\/photos.app.goo.gl\/EnQGmHh2sBRu7bc99\">Gr\u00f3tta &#8211; V\u00edkingur (31.01.2020)<\/a><\/li><\/ul>\t\t\t\t\t\t\t\t<\/div>\n\t\t\t\t<\/div>\n\t\t\t\t<div class=\"elementor-element elementor-element-5523367 elementor-widget elementor-widget-heading\" data-id=\"5523367\" data-element_type=\"widget\" data-widget_type=\"heading.default\">\n\t\t\t\t<div class=\"elementor-widget-container\">\n\t\t\t\t\t<h6 class=\"elementor-heading-title elementor-size-default\">MEISTARAFLOKKUR KVENNA<\/h6>\t\t\t\t<\/div>\n\t\t\t\t<\/div>\n\t\t\t\t<div class=\"elementor-element elementor-element-5f8b571c elementor-widget elementor-widget-text-editor\" data-id=\"5f8b571c\" data-element_type=\"widget\" data-widget_type=\"text-editor.default\">\n\t\t\t\t<div class=\"elementor-widget-container\">\n\t\t\t\t\t\t\t\t\t<ul><li><a href=\"https:\/\/photos.app.goo.gl\/bLQVSYWZgR4efwrQ8\">Gr\u00f3tta &#8211; Valur U (04.10.2019)<\/a><\/li><li><a href=\"https:\/\/photos.app.goo.gl\/yi58NnVFu1E2Zba67\">Gr\u00f3tta &#8211; Stjarnan U (13.09.2019)<\/a><\/li><li><a href=\"https:\/\/photos.app.goo.gl\/i8cs7dS3KazzBCzn7\">Gr\u00f3tta &#8211; Fj\u00f6lnir (01.11.2019)<\/a><\/li><li><a href=\"https:\/\/photos.app.goo.gl\/2vEKzwzuq6GurHpZA\">Gr\u00f3tta &#8211; Fylkir (18.10.2019)<\/a><\/li><li><a href=\"https:\/\/photos.app.goo.gl\/5tgyscXLEdiLFTsq9\">Gr\u00f3tta &#8211; FH (29.11.2019)<\/a><\/li><li><a href=\"https:\/\/photos.app.goo.gl\/kuoqf4xX9mEj65qX9\">Gr\u00f3tta &#8211; HK U (28.02.2020)<\/a><\/li><li><a href=\"https:\/\/photos.app.goo.gl\/JobPzJDiLE4f85pi6\">Gr\u00f3tta &#8211; V\u00edkingur (31.01.2020)<\/a><\/li><li><a href=\"https:\/\/photos.app.goo.gl\/CStT6UokvBH7pNiQ8\">Gr\u00f3tta &#8211; \u00cdR (14.02.2020)<\/a><\/li><\/ul>\t\t\t\t\t\t\t\t<\/div>\n\t\t\t\t<\/div>\n\t\t\t\t<div class=\"elementor-element elementor-element-235a4d5 elementor-widget elementor-widget-heading\" data-id=\"235a4d5\" data-element_type=\"widget\" data-widget_type=\"heading.default\">\n\t\t\t\t<div class=\"elementor-widget-container\">\n\t\t\t\t\t<h4 class=\"elementor-heading-title elementor-size-default\">YNGRI FLOKKAR<\/h4>\t\t\t\t<\/div>\n\t\t\t\t<\/div>\n\t\t\t\t<div class=\"elementor-element elementor-element-7f376be4 elementor-widget elementor-widget-heading\" data-id=\"7f376be4\" data-element_type=\"widget\" data-widget_type=\"heading.default\">\n\t\t\t\t<div class=\"elementor-widget-container\">\n\t\t\t\t\t<h6 class=\"elementor-heading-title elementor-size-default\">3. FLOKKUR KVENNA<\/h6>\t\t\t\t<\/div>\n\t\t\t\t<\/div>\n\t\t\t\t<div class=\"elementor-element elementor-element-43673f51 elementor-widget elementor-widget-text-editor\" data-id=\"43673f51\" data-element_type=\"widget\" data-widget_type=\"text-editor.default\">\n\t\t\t\t<div class=\"elementor-widget-container\">\n\t\t\t\t\t\t\t\t\t<ul><li><a href=\"https:\/\/photos.app.goo.gl\/iXZk18R99FjUZ6j79\">Gr\u00f3tta &#8211; Stjarnan (27.10.2019)<\/a><\/li><\/ul>\t\t\t\t\t\t\t\t<\/div>\n\t\t\t\t<\/div>\n\t\t\t\t<div class=\"elementor-element elementor-element-4f232b89 elementor-widget elementor-widget-heading\" data-id=\"4f232b89\" data-element_type=\"widget\" data-widget_type=\"heading.default\">\n\t\t\t\t<div class=\"elementor-widget-container\">\n\t\t\t\t\t<h6 class=\"elementor-heading-title elementor-size-default\">3. FLOKKUR KARLA<\/h6>\t\t\t\t<\/div>\n\t\t\t\t<\/div>\n\t\t\t\t<div class=\"elementor-element elementor-element-7934c0de elementor-widget elementor-widget-text-editor\" data-id=\"7934c0de\" data-element_type=\"widget\" data-widget_type=\"text-editor.default\">\n\t\t\t\t<div class=\"elementor-widget-container\">\n\t\t\t\t\t\t\t\t\t<ul><li><a href=\"https:\/\/photos.app.goo.gl\/2jCZ2kk281QSfaGa6\">Gr\u00f3tta &#8211; Fram (22.09.2019)<\/a><\/li><li><a href=\"https:\/\/photos.app.goo.gl\/SNsiW132UmaRYSHm8\">Gr\u00f3tta &#8211; FH (11.11.2019)<\/a><\/li><li><a href=\"https:\/\/photos.app.goo.gl\/P1JwTn7z9NekGXVT8\">Gr\u00f3tta &#8211; Selfoss (17.12.2019)<\/a><\/li><li><a href=\"https:\/\/photos.app.goo.gl\/SNsiW132UmaRYSHm8\">Gr\u00f3tta &#8211; FH (11.11.2019)<\/a><\/li><li><a href=\"https:\/\/photos.app.goo.gl\/hC4bSMjxStEjkTsb8\">Gr\u00f3tta &#8211; V\u00edkingur (23.02.2020)<\/a><\/li><\/ul>\t\t\t\t\t\t\t\t<\/div>\n\t\t\t\t<\/div>\n\t\t\t\t<div class=\"elementor-element elementor-element-189444da elementor-widget elementor-widget-heading\" data-id=\"189444da\" data-element_type=\"widget\" data-widget_type=\"heading.default\">\n\t\t\t\t<div class=\"elementor-widget-container\">\n\t\t\t\t\t<h6 class=\"elementor-heading-title elementor-size-default\">4. FLOKKUR KVENNA<\/h6>\t\t\t\t<\/div>\n\t\t\t\t<\/div>\n\t\t\t\t<div class=\"elementor-element elementor-element-65fb6605 elementor-widget elementor-widget-text-editor\" data-id=\"65fb6605\" data-element_type=\"widget\" data-widget_type=\"text-editor.default\">\n\t\t\t\t<div class=\"elementor-widget-container\">\n\t\t\t\t\t\t\t\t\t<ul><li><a href=\"https:\/\/photos.app.goo.gl\/rEteZrFdmnf69BhJ7\">Gr\u00f3tta &#8211; \u00cdBV (12.10.2019)<\/a><\/li><\/ul>\t\t\t\t\t\t\t\t<\/div>\n\t\t\t\t<\/div>\n\t\t\t\t<div class=\"elementor-element elementor-element-6f57bfff elementor-widget elementor-widget-heading\" data-id=\"6f57bfff\" data-element_type=\"widget\" data-widget_type=\"heading.default\">\n\t\t\t\t<div class=\"elementor-widget-container\">\n\t\t\t\t\t<h6 class=\"elementor-heading-title elementor-size-default\">4. FLOKKUR KARLA<\/h6>\t\t\t\t<\/div>\n\t\t\t\t<\/div>\n\t\t\t\t<div class=\"elementor-element elementor-element-28b244d6 elementor-widget elementor-widget-text-editor\" data-id=\"28b244d6\" data-element_type=\"widget\" data-widget_type=\"text-editor.default\">\n\t\t\t\t<div class=\"elementor-widget-container\">\n\t\t\t\t\t\t\t\t\t<ul><li><a href=\"https:\/\/photos.app.goo.gl\/QoRoWU637N1B2JS77\">Gr\u00f3tta\/KR &#8211; Fj\u00f6lnir\/Fylkir (13.10.2019)<\/a><\/li><li><a href=\"https:\/\/photos.app.goo.gl\/wnYkaWZh5yaQEeVH6\">Gr\u00f3tta\/KR &#8211; Selfoss (12.10.2019)<\/a><\/li><li><a href=\"https:\/\/photos.app.goo.gl\/aHCGsyFvzV5rQnGp9\">Gr\u00f3tta\/KR &#8211; Haukar (08.10.2019)<\/a><\/li><li><a href=\"https:\/\/photos.app.goo.gl\/JpFzgoEVRdm3kUqK7\">Gr\u00f3tta\/KR &#8211; Haukar (22.01.2020)<\/a><\/li><li><a href=\"https:\/\/photos.app.goo.gl\/ZocG5PmXG2PwMeAh6\">Gr\u00f3tta\/KR &#8211; HK (04.02.2020)<\/a><\/li><\/ul>\t\t\t\t\t\t\t\t<\/div>\n\t\t\t\t<\/div>\n\t\t\t\t<div class=\"elementor-element elementor-element-350e0e01 elementor-widget elementor-widget-heading\" data-id=\"350e0e01\" data-element_type=\"widget\" data-widget_type=\"heading.default\">\n\t\t\t\t<div class=\"elementor-widget-container\">\n\t\t\t\t\t<h6 class=\"elementor-heading-title elementor-size-default\">ANNA\u00d0<\/h6>\t\t\t\t<\/div>\n\t\t\t\t<\/div>\n\t\t\t\t<div class=\"elementor-element elementor-element-3c9075d3 elementor-widget elementor-widget-text-editor\" data-id=\"3c9075d3\" data-element_type=\"widget\" data-widget_type=\"text-editor.default\">\n\t\t\t\t<div class=\"elementor-widget-container\">\n\t\t\t\t\t\t\t\t\t<ul><li><a href=\"https:\/\/photos.app.goo.gl\/i5sPr9yywtGXiLd17\">Kr\u00eda &#8211; \u00cdBV U (06.10.2019)<\/a><\/li><li><a href=\"https:\/\/photos.app.goo.gl\/HHptaDMReXjNp8Jc6\">Kr\u00eda &#8211; Afturelding U (29.10.2019)<\/a><\/li><li><a href=\"https:\/\/photos.app.goo.gl\/SDtqpCjgVSPwKXFW8\">Kr\u00eda &#8211; HK U (10.03.2020)<\/a><\/li><\/ul>\t\t\t\t\t\t\t\t<\/div>\n\t\t\t\t<\/div>\n\t\t\t\t\t<\/div>\n\t\t<\/div>\n\t\t\t\t<div class=\"elementor-column elementor-col-50 elementor-top-column elementor-element elementor-element-5fb2b392\" data-id=\"5fb2b392\" data-element_type=\"column\">\n\t\t\t<div class=\"elementor-widget-wrap elementor-element-populated\">\n\t\t\t\t\t\t<div class=\"elementor-element elementor-element-f6785a1 elementor-widget elementor-widget-image\" data-id=\"f6785a1\" data-element_type=\"widget\" data-widget_type=\"image.default\">\n\t\t\t\t<div class=\"elementor-widget-container\">\n\t\t\t\t\t\t\t\t\t\t\t\t\t\t\t\t<a href=\"https:\/\/grotta.is\/wp-content\/uploads\/2020\/05\/Grotta_Handbolti_mfl_kk_21.jpg\" data-elementor-open-lightbox=\"yes\" data-elementor-lightbox-title=\"Grotta_Handbolti_mfl_kk_21\" data-e-action-hash=\"#elementor-action%3Aaction%3Dlightbox%26settings%3DeyJpZCI6MzY3MywidXJsIjoiaHR0cHM6XC9cL2dyb3R0YS5pc1wvd3AtY29udGVudFwvdXBsb2Fkc1wvMjAyMFwvMDVcL0dyb3R0YV9IYW5kYm9sdGlfbWZsX2trXzIxLmpwZyJ9\">\n\t\t\t\t\t\t\t<img fetchpriority=\"high\" decoding=\"async\" width=\"731\" height=\"1024\" src=\"https:\/\/grotta.is\/wp-content\/uploads\/2020\/05\/Grotta_Handbolti_mfl_kk_21.jpg\" class=\"attachment-large size-large wp-image-3673\" alt=\"\" \/>\t\t\t\t\t\t\t\t<\/a>\n\t\t\t\t\t\t\t\t\t\t\t\t\t\t\t<\/div>\n\t\t\t\t<\/div>\n\t\t\t\t<div class=\"elementor-element elementor-element-73e2e16 elementor-widget elementor-widget-image\" data-id=\"73e2e16\" data-element_type=\"widget\" data-widget_type=\"image.default\">\n\t\t\t\t<div class=\"elementor-widget-container\">\n\t\t\t\t\t\t\t\t\t\t\t\t\t\t\t\t<a href=\"https:\/\/grotta.is\/wp-content\/uploads\/2018\/10\/grotta_handbolti_mflkvk-11.jpg\" data-elementor-open-lightbox=\"yes\" data-elementor-lightbox-title=\"grotta_handbolti_mflkvk (11)\" data-e-action-hash=\"#elementor-action%3Aaction%3Dlightbox%26settings%3DeyJpZCI6MjYwMCwidXJsIjoiaHR0cHM6XC9cL2dyb3R0YS5pc1wvd3AtY29udGVudFwvdXBsb2Fkc1wvMjAxOFwvMTBcL2dyb3R0YV9oYW5kYm9sdGlfbWZsa3ZrLTExLmpwZyJ9\">\n\t\t\t\t\t\t\t<img decoding=\"async\" width=\"1024\" height=\"731\" data-src=\"https:\/\/grotta.is\/wp-content\/uploads\/2018\/10\/grotta_handbolti_mflkvk-11.jpg\" class=\"attachment-large size-large wp-image-2600 lazyload\" alt=\"\" src=\"data:image\/gif;base64,R0lGODlhAQABAAAAACH5BAEKAAEALAAAAAABAAEAAAICTAEAOw==\" style=\"--smush-placeholder-width: 1024px; --smush-placeholder-aspect-ratio: 1024\/731;\" \/>\t\t\t\t\t\t\t\t<\/a>\n\t\t\t\t\t\t\t\t\t\t\t\t\t\t\t<\/div>\n\t\t\t\t<\/div>\n\t\t\t\t<div class=\"elementor-element elementor-element-3b4f291b elementor-widget elementor-widget-image\" data-id=\"3b4f291b\" data-element_type=\"widget\" data-widget_type=\"image.default\">\n\t\t\t\t<div class=\"elementor-widget-container\">\n\t\t\t\t\t\t\t\t\t\t\t\t\t\t\t\t<a href=\"https:\/\/grotta.is\/wp-content\/uploads\/2020\/05\/Grotta_Handbolti_mfl_kk_20.jpg\" data-elementor-open-lightbox=\"yes\" data-elementor-lightbox-title=\"Grotta_Handbolti_mfl_kk_20\" data-e-action-hash=\"#elementor-action%3Aaction%3Dlightbox%26settings%3DeyJpZCI6MzY3MiwidXJsIjoiaHR0cHM6XC9cL2dyb3R0YS5pc1wvd3AtY29udGVudFwvdXBsb2Fkc1wvMjAyMFwvMDVcL0dyb3R0YV9IYW5kYm9sdGlfbWZsX2trXzIwLmpwZyJ9\">\n\t\t\t\t\t\t\t<img decoding=\"async\" width=\"1024\" height=\"731\" data-src=\"https:\/\/grotta.is\/wp-content\/uploads\/2020\/05\/Grotta_Handbolti_mfl_kk_20.jpg\" class=\"attachment-large size-large wp-image-3672 lazyload\" alt=\"\" src=\"data:image\/gif;base64,R0lGODlhAQABAAAAACH5BAEKAAEALAAAAAABAAEAAAICTAEAOw==\" style=\"--smush-placeholder-width: 1024px; --smush-placeholder-aspect-ratio: 1024\/731;\" \/>\t\t\t\t\t\t\t\t<\/a>\n\t\t\t\t\t\t\t\t\t\t\t\t\t\t\t<\/div>\n\t\t\t\t<\/div>\n\t\t\t\t\t<\/div>\n\t\t<\/div>\n\t\t\t\t\t<\/div>\n\t\t<\/section>\n\t\t\t\t<section class=\"elementor-section elementor-top-section elementor-element elementor-element-36a782b8 elementor-section-boxed elementor-section-height-default elementor-section-height-default\" data-id=\"36a782b8\" data-element_type=\"section\">\n\t\t\t\t\t\t<div class=\"elementor-container elementor-column-gap-default\">\n\t\t\t\t\t<div class=\"elementor-column elementor-col-100 elementor-top-column elementor-element elementor-element-7a51deee\" data-id=\"7a51deee\" data-element_type=\"column\">\n\t\t\t<div class=\"elementor-widget-wrap elementor-element-populated\">\n\t\t\t\t\t\t<div class=\"elementor-element elementor-element-27f93166 elementor-widget elementor-widget-heading\" data-id=\"27f93166\" data-element_type=\"widget\" data-widget_type=\"heading.default\">\n\t\t\t\t<div class=\"elementor-widget-container\">\n\t\t\t\t\t<h6 class=\"elementor-heading-title elementor-size-default\">Lj\u00f3smyndir eftir Eyj\u00f3lfur Gar\u00f0arsson \u00a9 allur r\u00e9ttur \u00e1skilinn<\/h6>\t\t\t\t<\/div>\n\t\t\t\t<\/div>\n\t\t\t\t<div class=\"elementor-element elementor-element-132813a8 elementor-widget elementor-widget-spacer\" data-id=\"132813a8\" data-element_type=\"widget\" data-widget_type=\"spacer.default\">\n\t\t\t\t<div class=\"elementor-widget-container\">\n\t\t\t\t\t\t\t<div class=\"elementor-spacer\">\n\t\t\t<div class=\"elementor-spacer-inner\"><\/div>\n\t\t<\/div>\n\t\t\t\t\t\t<\/div>\n\t\t\t\t<\/div>\n\t\t\t\t\t<\/div>\n\t\t<\/div>\n\t\t\t\t\t<\/div>\n\t\t<\/section>\n\t\t\t\t<\/div>","protected":false},"excerpt":{"rendered":"<p>\u00c1RI\u00d0 2019 &#8211; 2020 Lj\u00f3smyndir eftir Eyj\u00f3lfur Gar\u00f0arsson \u00a9 allur r\u00e9ttur \u00e1skilinn MEISTARAFLOKKUR KARLA Gr\u00f3tta &#8211; \u00de\u00f3r (04.10.2019) Gr\u00f3tta &#8211; Valur U (18.10.2019) Gr\u00f3tta &#8211; Stjarnan U (08.11.2019) Gr\u00f3tta &#8211; [&hellip;]<\/p>","protected":false},"author":2,"featured_media":0,"parent":533,"menu_order":0,"comment_status":"closed","ping_status":"closed","template":"elementor_header_footer","meta":{"footnotes":""},"class_list":["post-30435","page","type-page","status-publish","hentry"],"yoast_head":"<!-- This site is optimized with the Yoast SEO plugin v24.3 - https:\/\/yoast.com\/wordpress\/plugins\/seo\/ -->\n<title>Handboltamyndir-2019-20 - \u00cd\u00fer\u00f3ttaf\u00e9lagi\u00f0 Gr\u00f3tta<\/title>\n<meta name=\"robots\" content=\"index, follow, max-snippet:-1, max-image-preview:large, max-video-preview:-1\" \/>\n<link rel=\"canonical\" href=\"https:\/\/grotta.is\/en\/handknattleiksdeild\/ljosmyndir-2019-2020\/\" \/>\n<meta property=\"og:locale\" content=\"en_US\" \/>\n<meta property=\"og:type\" content=\"article\" \/>\n<meta property=\"og:title\" content=\"Handboltamyndir-2019-20 - \u00cd\u00fer\u00f3ttaf\u00e9lagi\u00f0 Gr\u00f3tta\" \/>\n<meta property=\"og:description\" content=\"\u00c1RI\u00d0 2019 &#8211; 2020 Lj\u00f3smyndir eftir Eyj\u00f3lfur Gar\u00f0arsson \u00a9 allur r\u00e9ttur \u00e1skilinn MEISTARAFLOKKUR KARLA Gr\u00f3tta &#8211; \u00de\u00f3r (04.10.2019) Gr\u00f3tta &#8211; Valur U (18.10.2019) Gr\u00f3tta &#8211; Stjarnan U (08.11.2019) Gr\u00f3tta &#8211; [&hellip;]\" \/>\n<meta property=\"og:url\" content=\"https:\/\/grotta.is\/en\/handknattleiksdeild\/ljosmyndir-2019-2020\/\" \/>\n<meta property=\"og:site_name\" content=\"\u00cd\u00fer\u00f3ttaf\u00e9lagi\u00f0 Gr\u00f3tta\" \/>\n<meta property=\"article:publisher\" content=\"https:\/\/www.facebook.com\/grottasport\" \/>\n<meta property=\"article:modified_time\" content=\"2020-09-30T23:35:49+00:00\" \/>\n<meta property=\"og:image\" content=\"https:\/\/grotta.is\/wp-content\/uploads\/2020\/05\/Grotta_Handbolti_mfl_kk_21.jpg\" \/>\n<meta name=\"twitter:card\" content=\"summary_large_image\" \/>\n<meta name=\"twitter:label1\" content=\"Est. reading time\" \/>\n\t<meta name=\"twitter:data1\" content=\"1 minute\" \/>\n<script type=\"application\/ld+json\" class=\"yoast-schema-graph\">{\"@context\":\"https:\/\/schema.org\",\"@graph\":[{\"@type\":\"WebPage\",\"@id\":\"https:\/\/grotta.is\/handknattleiksdeild\/ljosmyndir-2019-2020\/\",\"url\":\"https:\/\/grotta.is\/handknattleiksdeild\/ljosmyndir-2019-2020\/\",\"name\":\"Handboltamyndir-2019-20 - \u00cd\u00fer\u00f3ttaf\u00e9lagi\u00f0 Gr\u00f3tta\",\"isPartOf\":{\"@id\":\"https:\/\/grotta.is\/#website\"},\"primaryImageOfPage\":{\"@id\":\"https:\/\/grotta.is\/handknattleiksdeild\/ljosmyndir-2019-2020\/#primaryimage\"},\"image\":{\"@id\":\"https:\/\/grotta.is\/handknattleiksdeild\/ljosmyndir-2019-2020\/#primaryimage\"},\"thumbnailUrl\":\"https:\/\/grotta.is\/wp-content\/uploads\/2020\/05\/Grotta_Handbolti_mfl_kk_21.jpg\",\"datePublished\":\"2020-09-17T12:30:59+00:00\",\"dateModified\":\"2020-09-30T23:35:49+00:00\",\"breadcrumb\":{\"@id\":\"https:\/\/grotta.is\/handknattleiksdeild\/ljosmyndir-2019-2020\/#breadcrumb\"},\"inLanguage\":\"en-US\",\"potentialAction\":[{\"@type\":\"ReadAction\",\"target\":[\"https:\/\/grotta.is\/handknattleiksdeild\/ljosmyndir-2019-2020\/\"]}]},{\"@type\":\"ImageObject\",\"inLanguage\":\"en-US\",\"@id\":\"https:\/\/grotta.is\/handknattleiksdeild\/ljosmyndir-2019-2020\/#primaryimage\",\"url\":\"https:\/\/grotta.is\/wp-content\/uploads\/2020\/05\/Grotta_Handbolti_mfl_kk_21.jpg\",\"contentUrl\":\"https:\/\/grotta.is\/wp-content\/uploads\/2020\/05\/Grotta_Handbolti_mfl_kk_21.jpg\"},{\"@type\":\"BreadcrumbList\",\"@id\":\"https:\/\/grotta.is\/handknattleiksdeild\/ljosmyndir-2019-2020\/#breadcrumb\",\"itemListElement\":[{\"@type\":\"ListItem\",\"position\":1,\"name\":\"Home\",\"item\":\"https:\/\/grotta.is\/\"},{\"@type\":\"ListItem\",\"position\":2,\"name\":\"Handknattleiksdeild Gr\u00f3ttu\",\"item\":\"https:\/\/grotta.is\/handknattleiksdeild\/\"},{\"@type\":\"ListItem\",\"position\":3,\"name\":\"Handboltamyndir-2019-20\"}]},{\"@type\":\"WebSite\",\"@id\":\"https:\/\/grotta.is\/#website\",\"url\":\"https:\/\/grotta.is\/\",\"name\":\"\u00cd\u00fer\u00f3ttaf\u00e9lagi\u00f0 Gr\u00f3tta\",\"description\":\"\u00e1 Seltjarnarnesi\",\"publisher\":{\"@id\":\"https:\/\/grotta.is\/#organization\"},\"potentialAction\":[{\"@type\":\"SearchAction\",\"target\":{\"@type\":\"EntryPoint\",\"urlTemplate\":\"https:\/\/grotta.is\/?s={search_term_string}\"},\"query-input\":{\"@type\":\"PropertyValueSpecification\",\"valueRequired\":true,\"valueName\":\"search_term_string\"}}],\"inLanguage\":\"en-US\"},{\"@type\":\"Organization\",\"@id\":\"https:\/\/grotta.is\/#organization\",\"name\":\"\u00cd\u00fer\u00f3ttaf\u00e9lagi\u00f0 Gr\u00f3tta\",\"url\":\"https:\/\/grotta.is\/\",\"logo\":{\"@type\":\"ImageObject\",\"inLanguage\":\"en-US\",\"@id\":\"https:\/\/grotta.is\/#\/schema\/logo\/image\/\",\"url\":\"https:\/\/grotta.is\/wp-content\/uploads\/2020\/02\/ithrottafelagidgrotta_logo_512x512_transparent.png\",\"contentUrl\":\"https:\/\/grotta.is\/wp-content\/uploads\/2020\/02\/ithrottafelagidgrotta_logo_512x512_transparent.png\",\"width\":512,\"height\":512,\"caption\":\"\u00cd\u00fer\u00f3ttaf\u00e9lagi\u00f0 Gr\u00f3tta\"},\"image\":{\"@id\":\"https:\/\/grotta.is\/#\/schema\/logo\/image\/\"},\"sameAs\":[\"https:\/\/www.facebook.com\/grottasport\"]}]}<\/script>\n<!-- \/ Yoast SEO plugin. -->","yoast_head_json":{"title":"Handboltamyndir-2019-20 - \u00cd\u00fer\u00f3ttaf\u00e9lagi\u00f0 Gr\u00f3tta","robots":{"index":"index","follow":"follow","max-snippet":"max-snippet:-1","max-image-preview":"max-image-preview:large","max-video-preview":"max-video-preview:-1"},"canonical":"https:\/\/grotta.is\/en\/handknattleiksdeild\/ljosmyndir-2019-2020\/","og_locale":"en_US","og_type":"article","og_title":"Handboltamyndir-2019-20 - \u00cd\u00fer\u00f3ttaf\u00e9lagi\u00f0 Gr\u00f3tta","og_description":"\u00c1RI\u00d0 2019 &#8211; 2020 Lj\u00f3smyndir eftir Eyj\u00f3lfur Gar\u00f0arsson \u00a9 allur r\u00e9ttur \u00e1skilinn MEISTARAFLOKKUR KARLA Gr\u00f3tta &#8211; \u00de\u00f3r (04.10.2019) Gr\u00f3tta &#8211; Valur U (18.10.2019) Gr\u00f3tta &#8211; Stjarnan U (08.11.2019) Gr\u00f3tta &#8211; [&hellip;]","og_url":"https:\/\/grotta.is\/en\/handknattleiksdeild\/ljosmyndir-2019-2020\/","og_site_name":"\u00cd\u00fer\u00f3ttaf\u00e9lagi\u00f0 Gr\u00f3tta","article_publisher":"https:\/\/www.facebook.com\/grottasport","article_modified_time":"2020-09-30T23:35:49+00:00","og_image":[{"url":"https:\/\/grotta.is\/wp-content\/uploads\/2020\/05\/Grotta_Handbolti_mfl_kk_21.jpg","type":"","width":"","height":""}],"twitter_card":"summary_large_image","twitter_misc":{"Est. reading time":"1 minute"},"schema":{"@context":"https:\/\/schema.org","@graph":[{"@type":"WebPage","@id":"https:\/\/grotta.is\/handknattleiksdeild\/ljosmyndir-2019-2020\/","url":"https:\/\/grotta.is\/handknattleiksdeild\/ljosmyndir-2019-2020\/","name":"Handboltamyndir-2019-20 - \u00cd\u00fer\u00f3ttaf\u00e9lagi\u00f0 Gr\u00f3tta","isPartOf":{"@id":"https:\/\/grotta.is\/#website"},"primaryImageOfPage":{"@id":"https:\/\/grotta.is\/handknattleiksdeild\/ljosmyndir-2019-2020\/#primaryimage"},"image":{"@id":"https:\/\/grotta.is\/handknattleiksdeild\/ljosmyndir-2019-2020\/#primaryimage"},"thumbnailUrl":"https:\/\/grotta.is\/wp-content\/uploads\/2020\/05\/Grotta_Handbolti_mfl_kk_21.jpg","datePublished":"2020-09-17T12:30:59+00:00","dateModified":"2020-09-30T23:35:49+00:00","breadcrumb":{"@id":"https:\/\/grotta.is\/handknattleiksdeild\/ljosmyndir-2019-2020\/#breadcrumb"},"inLanguage":"en-US","potentialAction":[{"@type":"ReadAction","target":["https:\/\/grotta.is\/handknattleiksdeild\/ljosmyndir-2019-2020\/"]}]},{"@type":"ImageObject","inLanguage":"en-US","@id":"https:\/\/grotta.is\/handknattleiksdeild\/ljosmyndir-2019-2020\/#primaryimage","url":"https:\/\/grotta.is\/wp-content\/uploads\/2020\/05\/Grotta_Handbolti_mfl_kk_21.jpg","contentUrl":"https:\/\/grotta.is\/wp-content\/uploads\/2020\/05\/Grotta_Handbolti_mfl_kk_21.jpg"},{"@type":"BreadcrumbList","@id":"https:\/\/grotta.is\/handknattleiksdeild\/ljosmyndir-2019-2020\/#breadcrumb","itemListElement":[{"@type":"ListItem","position":1,"name":"Home","item":"https:\/\/grotta.is\/"},{"@type":"ListItem","position":2,"name":"Handknattleiksdeild Gr\u00f3ttu","item":"https:\/\/grotta.is\/handknattleiksdeild\/"},{"@type":"ListItem","position":3,"name":"Handboltamyndir-2019-20"}]},{"@type":"WebSite","@id":"https:\/\/grotta.is\/#website","url":"https:\/\/grotta.is\/","name":"\u00cd\u00fer\u00f3ttaf\u00e9lagi\u00f0 Gr\u00f3tta","description":"\u00e1 Seltjarnarnesi","publisher":{"@id":"https:\/\/grotta.is\/#organization"},"potentialAction":[{"@type":"SearchAction","target":{"@type":"EntryPoint","urlTemplate":"https:\/\/grotta.is\/?s={search_term_string}"},"query-input":{"@type":"PropertyValueSpecification","valueRequired":true,"valueName":"search_term_string"}}],"inLanguage":"en-US"},{"@type":"Organization","@id":"https:\/\/grotta.is\/#organization","name":"\u00cd\u00fer\u00f3ttaf\u00e9lagi\u00f0 Gr\u00f3tta","url":"https:\/\/grotta.is\/","logo":{"@type":"ImageObject","inLanguage":"en-US","@id":"https:\/\/grotta.is\/#\/schema\/logo\/image\/","url":"https:\/\/grotta.is\/wp-content\/uploads\/2020\/02\/ithrottafelagidgrotta_logo_512x512_transparent.png","contentUrl":"https:\/\/grotta.is\/wp-content\/uploads\/2020\/02\/ithrottafelagidgrotta_logo_512x512_transparent.png","width":512,"height":512,"caption":"\u00cd\u00fer\u00f3ttaf\u00e9lagi\u00f0 Gr\u00f3tta"},"image":{"@id":"https:\/\/grotta.is\/#\/schema\/logo\/image\/"},"sameAs":["https:\/\/www.facebook.com\/grottasport"]}]}},"_links":{"self":[{"href":"https:\/\/grotta.is\/en\/wp-json\/wp\/v2\/pages\/30435","targetHints":{"allow":["GET"]}}],"collection":[{"href":"https:\/\/grotta.is\/en\/wp-json\/wp\/v2\/pages"}],"about":[{"href":"https:\/\/grotta.is\/en\/wp-json\/wp\/v2\/types\/page"}],"author":[{"embeddable":true,"href":"https:\/\/grotta.is\/en\/wp-json\/wp\/v2\/users\/2"}],"replies":[{"embeddable":true,"href":"https:\/\/grotta.is\/en\/wp-json\/wp\/v2\/comments?post=30435"}],"version-history":[{"count":7,"href":"https:\/\/grotta.is\/en\/wp-json\/wp\/v2\/pages\/30435\/revisions"}],"predecessor-version":[{"id":66413,"href":"https:\/\/grotta.is\/en\/wp-json\/wp\/v2\/pages\/30435\/revisions\/66413"}],"up":[{"embeddable":true,"href":"https:\/\/grotta.is\/en\/wp-json\/wp\/v2\/pages\/533"}],"wp:attachment":[{"href":"https:\/\/grotta.is\/en\/wp-json\/wp\/v2\/media?parent=30435"}],"curies":[{"name":"wp","href":"https:\/\/api.w.org\/{rel}","templated":true}]}}