{"id":2894,"date":"2020-04-28T09:33:19","date_gmt":"2020-04-28T09:33:19","guid":{"rendered":"https:\/\/grotta.is\/?page_id=2894"},"modified":"2025-09-30T13:32:28","modified_gmt":"2025-09-30T13:32:28","slug":"aefingagjold","status":"publish","type":"page","link":"https:\/\/grotta.is\/en\/knattspyrnudeild\/aefingagjold\/","title":{"rendered":"\u00c6fingagj\u00f6ld"},"content":{"rendered":"<div data-elementor-type=\"wp-page\" data-elementor-id=\"2894\" class=\"elementor elementor-2894\" data-elementor-post-type=\"page\">\n\t\t\t\t\t\t<section class=\"elementor-section elementor-top-section elementor-element elementor-element-38f76d3 elementor-section-boxed elementor-section-height-default elementor-section-height-default\" data-id=\"38f76d3\" data-element_type=\"section\">\n\t\t\t\t\t\t<div class=\"elementor-container elementor-column-gap-default\">\n\t\t\t\t\t<div class=\"elementor-column elementor-col-100 elementor-top-column elementor-element elementor-element-c8ba3c5\" data-id=\"c8ba3c5\" data-element_type=\"column\">\n\t\t\t<div class=\"elementor-widget-wrap elementor-element-populated\">\n\t\t\t\t\t\t<div class=\"elementor-element elementor-element-190387d elementor-widget elementor-widget-heading\" data-id=\"190387d\" data-element_type=\"widget\" data-widget_type=\"heading.default\">\n\t\t\t\t<div class=\"elementor-widget-container\">\n\t\t\t\t\t<h2 class=\"elementor-heading-title elementor-size-default\">\u00c6FINGAGJ\u00d6LD 2025-2026<\/h2>\t\t\t\t<\/div>\n\t\t\t\t<\/div>\n\t\t\t\t<div class=\"elementor-element elementor-element-5857ccc elementor-widget elementor-widget-heading\" data-id=\"5857ccc\" data-element_type=\"widget\" data-widget_type=\"heading.default\">\n\t\t\t\t<div class=\"elementor-widget-container\">\n\t\t\t\t\t<h5 class=\"elementor-heading-title elementor-size-default\">KNATTSPYRNUDEILD GR\u00d3TTU<\/h5>\t\t\t\t<\/div>\n\t\t\t\t<\/div>\n\t\t\t\t<div class=\"elementor-element elementor-element-4cf4484 elementor-widget elementor-widget-text-editor\" data-id=\"4cf4484\" data-element_type=\"widget\" data-widget_type=\"text-editor.default\">\n\t\t\t\t<div class=\"elementor-widget-container\">\n\t\t\t\t\t\t\t\t\t<div style=\"border: 0px; font-variant-numeric: inherit; font-variant-east-asian: inherit; font-variant-alternates: inherit; font-variant-position: inherit; font-stretch: inherit; font-size: 12pt; line-height: inherit; font-family: Aptos, Aptos_EmbeddedFont, Aptos_MSFontService, Calibri, Helvetica, sans-serif; font-optical-sizing: inherit; font-size-adjust: inherit; font-kerning: inherit; font-feature-settings: inherit; font-variation-settings: inherit; margin: 0px 0px 1em; padding: 0px; vertical-align: baseline;\"><span style=\"font-size: 12pt; font-weight: var( --e-global-typography-text-font-weight );\">\u00cd bo\u00f0i er fyrir n\u00fdja i\u00f0kendur a\u00f0 pr\u00f3fa \u00e6fingar \u00ed knattspyrnudeild \u00ed eina viku \u00e1\u00f0ur en i\u00f0kendur eru skr\u00e1\u00f0ir. L\u00e1ta \u00fearf yfir\u00fej\u00e1lfara knattspyrnudeildar vita \u00e1 t\u00f6lvup\u00f3stfangi\u00f0 <a href=\"mailto:peturmarh@grotta.is\">peturmarh@grotta.is<\/a> ef<\/span><span style=\"font-size: 12pt; font-weight: var( --e-global-typography-text-font-weight );\">\u00a0i\u00f0kendur vilja n\u00fdta s\u00e9r \u00feetta.<\/span><\/div><div style=\"border: 0px; font-variant-numeric: inherit; font-variant-east-asian: inherit; font-variant-alternates: inherit; font-variant-position: inherit; font-stretch: inherit; font-size: 12pt; line-height: inherit; font-family: Aptos, Aptos_EmbeddedFont, Aptos_MSFontService, Calibri, Helvetica, sans-serif; font-optical-sizing: inherit; font-size-adjust: inherit; font-kerning: inherit; font-feature-settings: inherit; font-variation-settings: inherit; margin: 0px 0px 1em; padding: 0px; vertical-align: baseline; color: #242424;\"><span style=\"border: 0px; font: inherit; margin: 0px; padding: 0px; vertical-align: baseline; color: black;\">Ef i\u00f0kandi h\u00e6ttir \u00fearf a\u00f0 l\u00e1ta skrifstofu vita me\u00f0 \u00fev\u00ed a\u00f0 senda p\u00f3st \u00e1 t\u00f6lvup\u00f3stfangi\u00f0\u00a0<\/span><span style=\"border: 0px; font: inherit; margin: 0px; padding: 0px; vertical-align: baseline; color: #000d89;\"><a style=\"border: 0px; font: inherit; margin: 0px; padding: 0px; vertical-align: baseline;\" href=\"mailto:grotta@grotta.is\" data-linkindex=\"0\">grotta@grotta.is<\/a><\/span><span style=\"border: 0px; font: inherit; margin: 0px; padding: 0px; vertical-align: baseline; color: black;\">\u00a0e\u00f0a \u00ed s\u00edma 561-1136 og upps\u00f6gn tekur gildi fr\u00e1 og me\u00f0 n\u00e6stu m\u00e1na\u00f0arm\u00f3tum. Vinsamlegast athugi\u00f0 a\u00f0 \u00fea\u00f0 er \u00e1 \u00e1byrg\u00f0 foreldra\/forr\u00e1\u00f0amanna a\u00f0 l\u00e1ta vita til a\u00f0 stoppa grei\u00f0slur.<\/span><\/div>\t\t\t\t\t\t\t\t<\/div>\n\t\t\t\t<\/div>\n\t\t\t\t\t<\/div>\n\t\t<\/div>\n\t\t\t\t\t<\/div>\n\t\t<\/section>\n\t\t\t\t<section class=\"elementor-section elementor-top-section elementor-element elementor-element-c90d64f elementor-section-boxed elementor-section-height-default elementor-section-height-default\" data-id=\"c90d64f\" data-element_type=\"section\">\n\t\t\t\t\t\t<div class=\"elementor-container elementor-column-gap-default\">\n\t\t\t\t\t<div class=\"elementor-column elementor-col-100 elementor-top-column elementor-element elementor-element-ec2a54f\" data-id=\"ec2a54f\" data-element_type=\"column\">\n\t\t\t<div class=\"elementor-widget-wrap elementor-element-populated\">\n\t\t\t\t\t\t<div class=\"elementor-element elementor-element-b4cf5c8 elementor-widget elementor-widget-image\" data-id=\"b4cf5c8\" data-element_type=\"widget\" data-widget_type=\"image.default\">\n\t\t\t\t<div class=\"elementor-widget-container\">\n\t\t\t\t\t\t\t\t\t\t\t\t\t\t\t<img fetchpriority=\"high\" decoding=\"async\" width=\"608\" height=\"681\" src=\"https:\/\/grotta.is\/wp-content\/uploads\/2025\/09\/gjold-fotb.png\" class=\"attachment-large size-large wp-image-575672\" alt=\"\" srcset=\"https:\/\/grotta.is\/wp-content\/uploads\/2025\/09\/gjold-fotb.png 608w, https:\/\/grotta.is\/wp-content\/uploads\/2025\/09\/gjold-fotb-268x300.png 268w, https:\/\/grotta.is\/wp-content\/uploads\/2025\/09\/gjold-fotb-11x12.png 11w, https:\/\/grotta.is\/wp-content\/uploads\/2025\/09\/gjold-fotb-600x672.png 600w\" sizes=\"(max-width: 608px) 100vw, 608px\" \/>\t\t\t\t\t\t\t\t\t\t\t\t\t\t\t<\/div>\n\t\t\t\t<\/div>\n\t\t\t\t\t<\/div>\n\t\t<\/div>\n\t\t\t\t\t<\/div>\n\t\t<\/section>\n\t\t\t\t<section class=\"elementor-section elementor-top-section elementor-element elementor-element-d872a49 elementor-section-boxed elementor-section-height-default elementor-section-height-default\" data-id=\"d872a49\" data-element_type=\"section\">\n\t\t\t\t\t\t<div class=\"elementor-container elementor-column-gap-default\">\n\t\t\t\t\t<div class=\"elementor-column elementor-col-100 elementor-top-column elementor-element elementor-element-291884b\" data-id=\"291884b\" data-element_type=\"column\">\n\t\t\t<div class=\"elementor-widget-wrap elementor-element-populated\">\n\t\t\t\t\t\t<div class=\"elementor-element elementor-element-3144b8d elementor-widget elementor-widget-text-editor\" data-id=\"3144b8d\" data-element_type=\"widget\" data-widget_type=\"text-editor.default\">\n\t\t\t\t<div class=\"elementor-widget-container\">\n\t\t\t\t\t\t\t\t\t<div style=\"border: 0px; font-variant-numeric: inherit; font-variant-east-asian: inherit; font-variant-alternates: inherit; font-variant-position: inherit; font-stretch: inherit; font-size: 12pt; line-height: inherit; font-family: Aptos, Aptos_EmbeddedFont, Aptos_MSFontService, Calibri, Helvetica, sans-serif; font-optical-sizing: inherit; font-size-adjust: inherit; font-kerning: inherit; font-feature-settings: inherit; font-variation-settings: inherit; margin: 0px 0px 1em; padding: 0px; vertical-align: baseline; color: black !important;\"><span style=\"border: 0px; font-style: inherit; font-variant: inherit; font-weight: bolder; font-stretch: inherit; font-size: inherit; line-height: inherit; font-family: inherit; font-optical-sizing: inherit; font-size-adjust: inherit; font-kerning: inherit; font-feature-settings: inherit; font-variation-settings: inherit; margin: 0px; padding: 0px; vertical-align: baseline; color: inherit;\">NI\u00d0URGREI\u00d0SLUR<br><\/span><span style=\"border: 0px; font: inherit; margin: 0px; padding: 0px; vertical-align: baseline; color: inherit;\"><u>Systkinaafsl\u00e1ttur:<br><\/u>Innan knattspyrnudeildar er veittur 10% systkinaafsl\u00e1ttur. &nbsp;Vinsamlegast athugi\u00f0 a\u00f0 ekki er veittur systkinaafsl\u00e1ttur af s\u00e9rst\u00f6kum n\u00e1mskei\u00f0um einungis af \u00e6fingagj\u00f6ldunum.<\/span><\/div>\n<div style=\"border: 0px; font-variant-numeric: inherit; font-variant-east-asian: inherit; font-variant-alternates: inherit; font-variant-position: inherit; font-stretch: inherit; font-size: 12pt; line-height: inherit; font-family: Aptos, Aptos_EmbeddedFont, Aptos_MSFontService, Calibri, Helvetica, sans-serif; font-optical-sizing: inherit; font-size-adjust: inherit; font-kerning: inherit; font-feature-settings: inherit; font-variation-settings: inherit; margin: 0px 0px 1em; padding: 0px; vertical-align: baseline; color: #242424;\"><span style=\"border: 0px; font: inherit; margin: 0px; padding: 0px; vertical-align: baseline; color: black !important;\"><u>Fr\u00edstundastyrkur:<br><\/u><\/span><span style=\"border: 0px; font: inherit; margin: 0px; padding: 0px; vertical-align: baseline; color: black !important;\">Ath. a\u00f0 Seltjarnarnesb\u00e6r veitir fr\u00edstundastyrk til barna \u00e1 Seltjarnarnesi og Reykjarv\u00edkurborg til barna \u00ed Reykjav\u00edk. \u00dea\u00f0 eru foreldrar sem f\u00e1 hann til r\u00e1\u00f0st\u00f6funar og \u00fea\u00f0 er \u00e1 \u00e1byrg\u00f0 foreldra a\u00f0 fylgjast me\u00f0 \u00fev\u00ed hvort hann s\u00e9 n\u00fdttur e\u00f0a ekki.<br>Foreldrar\/forr\u00e1\u00f0amenn \u00feurfa a\u00f0 ganga fr\u00e1 grei\u00f0slum \u00e6fingagjalda \u00ed gegnum \u2018Abler\u2019. Til a\u00f0 n\u00fdta ni\u00f0urgrei\u00f0slu \u00feurfa Seltirningar a\u00f0 fara inn \u00ed kerfi\u00f0 \u00ed gegnum \u201eM\u00ednar s\u00ed\u00f0ur\u201c \u00e1&nbsp;<\/span><span style=\"border: 0px; font: inherit; margin: 0px; padding: 0px; vertical-align: baseline; color: #000d89 !important;\"><a id=\"OWAa22d288d-cccc-888d-967b-e6bec80f0f96\" style=\"border: 0px; font: inherit; margin: 0px; padding: 0px; vertical-align: baseline;\" href=\"http:\/\/seltjarnarnes.is\/\" target=\"_blank\" rel=\"noopener noreferrer\" data-auth=\"NotApplicable\" data-linkindex=\"1\">seltjarnarnes.is<\/a><\/span><span style=\"border: 0px; font: inherit; margin: 0px; padding: 0px; vertical-align: baseline; color: black !important;\">&nbsp;en \u00edb\u00faar \u00far \u00f6\u00f0rum sveitarf\u00e9l\u00f6gum geta haka\u00f0 \u00ed \u201en\u00fdta fr\u00edstundastyrk\u201c \u00ed gegnum Abler.&nbsp;<br>ATH! R\u00e1\u00f0st\u00f6fun fr\u00edstundastyrks er endanleg. Ekki er h\u00e6gt a\u00f0 endurgrei\u00f0a e\u00f0a bakf\u00e6ra styrk ef foreldri\/ forr\u00e1\u00f0af\u00f3lk hefur r\u00e1\u00f0stafa\u00f0 styrk til f\u00e9lags \u00e1 grundvelli Fr\u00edstundakortsins<\/span><br><span style=\"border: 0px; font: inherit; margin: 0px; padding: 0px; vertical-align: baseline; color: black !important;\"><br><\/span><span style=\"border: 0px; font: inherit; margin: 0px; padding: 0px; vertical-align: baseline; color: black !important;\">M\u00f3tagj\u00f6ld eru EKKI innifalin, \u00feau ver\u00f0a innheimt s\u00e9r.&nbsp;<br>Ekki er greiddur styrkur vegna fer\u00f0alaga.<\/span><\/div>\n<div style=\"border: 0px; font-variant-numeric: inherit; font-variant-east-asian: inherit; font-variant-alternates: inherit; font-variant-position: inherit; font-stretch: inherit; font-size: 12pt; line-height: inherit; font-family: Aptos, Aptos_EmbeddedFont, Aptos_MSFontService, Calibri, Helvetica, sans-serif; font-optical-sizing: inherit; font-size-adjust: inherit; font-kerning: inherit; font-feature-settings: inherit; font-variation-settings: inherit; margin: 0px 0px 1em; padding: 0px; vertical-align: baseline; color: black !important;\"><span style=\"border: 0px; font-style: inherit; font-variant: inherit; font-weight: bolder; font-stretch: inherit; font-size: inherit; line-height: inherit; font-family: inherit; font-optical-sizing: inherit; font-size-adjust: inherit; font-kerning: inherit; font-feature-settings: inherit; font-variation-settings: inherit; margin: 0px; padding: 0px; vertical-align: baseline; color: inherit;\">ANNA\u00d0<\/span><\/div>\n<div style=\"border: 0px; font-variant-numeric: inherit; font-variant-east-asian: inherit; font-variant-alternates: inherit; font-variant-position: inherit; font-stretch: inherit; font-size: 12pt; line-height: inherit; font-family: Aptos, Aptos_EmbeddedFont, Aptos_MSFontService, Calibri, Helvetica, sans-serif; font-optical-sizing: inherit; font-size-adjust: inherit; font-kerning: inherit; font-feature-settings: inherit; font-variation-settings: inherit; margin: 0px 0px 1em; padding: 0px; vertical-align: baseline; color: black !important;\"><span style=\"border: 0px; font: inherit; margin: 0px; padding: 0px; vertical-align: baseline; color: inherit;\">Vilji grei\u00f0andi koma athugasemdum \u00e1 framf\u00e6ri um \u00e6fingagj\u00f6ld, t.d. v\u00e9fengja upph\u00e6\u00f0 gjaldanna e\u00f0a tilvist, sendi\u00f0 \u00fe\u00e1 fyrirspurn \u00e1 grotta@grotta.is&nbsp;e\u00f0a hafi\u00f0 samband vi\u00f0 skrifstofu \u00e1 augl\u00fdstum skrifstofut\u00edma \u00ed s\u00edma 561-1136. Ekki ganga fr\u00e1 grei\u00f0slum fyrr en b\u00fai\u00f0 er a\u00f0 leysa \u00far \u00e1greinings\/vafam\u00e1lum.<\/span><\/div>\n<div><span style=\"border: 0px; font: inherit; margin: 0px; padding: 0px; vertical-align: baseline; color: inherit;\">&nbsp;<\/span><\/div>\t\t\t\t\t\t\t\t<\/div>\n\t\t\t\t<\/div>\n\t\t\t\t\t<\/div>\n\t\t<\/div>\n\t\t\t\t\t<\/div>\n\t\t<\/section>\n\t\t\t\t<\/div>","protected":false},"excerpt":{"rendered":"<p>\u00c6FINGAGJ\u00d6LD 2025-2026 KNATTSPYRNUDEILD GR\u00d3TTU \u00cd bo\u00f0i er fyrir n\u00fdja i\u00f0kendur a\u00f0 pr\u00f3fa \u00e6fingar \u00ed knattspyrnudeild \u00ed eina viku \u00e1\u00f0ur en i\u00f0kendur eru skr\u00e1\u00f0ir. L\u00e1ta \u00fearf yfir\u00fej\u00e1lfara knattspyrnudeildar vita \u00e1 t\u00f6lvup\u00f3stfangi\u00f0 [&hellip;]<\/p>","protected":false},"author":2,"featured_media":0,"parent":235,"menu_order":0,"comment_status":"closed","ping_status":"closed","template":"","meta":{"footnotes":""},"class_list":["post-2894","page","type-page","status-publish","hentry"],"yoast_head":"<!-- This site is optimized with the Yoast SEO plugin v24.3 - https:\/\/yoast.com\/wordpress\/plugins\/seo\/ -->\n<title>\u00c6fingagj\u00f6ld - \u00cd\u00fer\u00f3ttaf\u00e9lagi\u00f0 Gr\u00f3tta<\/title>\n<meta name=\"robots\" content=\"index, follow, max-snippet:-1, max-image-preview:large, max-video-preview:-1\" \/>\n<link rel=\"canonical\" href=\"https:\/\/grotta.is\/en\/knattspyrnudeild\/aefingagjold\/\" \/>\n<meta property=\"og:locale\" content=\"en_US\" \/>\n<meta property=\"og:type\" content=\"article\" \/>\n<meta property=\"og:title\" content=\"\u00c6fingagj\u00f6ld - \u00cd\u00fer\u00f3ttaf\u00e9lagi\u00f0 Gr\u00f3tta\" \/>\n<meta property=\"og:description\" content=\"\u00c6FINGAGJ\u00d6LD 2025-2026 KNATTSPYRNUDEILD GR\u00d3TTU \u00cd bo\u00f0i er fyrir n\u00fdja i\u00f0kendur a\u00f0 pr\u00f3fa \u00e6fingar \u00ed knattspyrnudeild \u00ed eina viku \u00e1\u00f0ur en i\u00f0kendur eru skr\u00e1\u00f0ir. L\u00e1ta \u00fearf yfir\u00fej\u00e1lfara knattspyrnudeildar vita \u00e1 t\u00f6lvup\u00f3stfangi\u00f0 [&hellip;]\" \/>\n<meta property=\"og:url\" content=\"https:\/\/grotta.is\/en\/knattspyrnudeild\/aefingagjold\/\" \/>\n<meta property=\"og:site_name\" content=\"\u00cd\u00fer\u00f3ttaf\u00e9lagi\u00f0 Gr\u00f3tta\" \/>\n<meta property=\"article:publisher\" content=\"https:\/\/www.facebook.com\/grottasport\" \/>\n<meta property=\"article:modified_time\" content=\"2025-09-30T13:32:28+00:00\" \/>\n<meta property=\"og:image\" content=\"https:\/\/grotta.is\/wp-content\/uploads\/2025\/09\/gjold-fotb.png\" \/>\n\t<meta property=\"og:image:width\" content=\"608\" \/>\n\t<meta property=\"og:image:height\" content=\"681\" \/>\n\t<meta property=\"og:image:type\" content=\"image\/png\" \/>\n<meta name=\"twitter:card\" content=\"summary_large_image\" \/>\n<meta name=\"twitter:label1\" content=\"Est. reading time\" \/>\n\t<meta name=\"twitter:data1\" content=\"2 minutes\" \/>\n<script type=\"application\/ld+json\" class=\"yoast-schema-graph\">{\"@context\":\"https:\/\/schema.org\",\"@graph\":[{\"@type\":\"WebPage\",\"@id\":\"https:\/\/grotta.is\/knattspyrnudeild\/aefingagjold\/\",\"url\":\"https:\/\/grotta.is\/knattspyrnudeild\/aefingagjold\/\",\"name\":\"\u00c6fingagj\u00f6ld - \u00cd\u00fer\u00f3ttaf\u00e9lagi\u00f0 Gr\u00f3tta\",\"isPartOf\":{\"@id\":\"https:\/\/grotta.is\/#website\"},\"primaryImageOfPage\":{\"@id\":\"https:\/\/grotta.is\/knattspyrnudeild\/aefingagjold\/#primaryimage\"},\"image\":{\"@id\":\"https:\/\/grotta.is\/knattspyrnudeild\/aefingagjold\/#primaryimage\"},\"thumbnailUrl\":\"https:\/\/grotta.is\/wp-content\/uploads\/2025\/09\/gjold-fotb.png\",\"datePublished\":\"2020-04-28T09:33:19+00:00\",\"dateModified\":\"2025-09-30T13:32:28+00:00\",\"breadcrumb\":{\"@id\":\"https:\/\/grotta.is\/knattspyrnudeild\/aefingagjold\/#breadcrumb\"},\"inLanguage\":\"en-US\",\"potentialAction\":[{\"@type\":\"ReadAction\",\"target\":[\"https:\/\/grotta.is\/knattspyrnudeild\/aefingagjold\/\"]}]},{\"@type\":\"ImageObject\",\"inLanguage\":\"en-US\",\"@id\":\"https:\/\/grotta.is\/knattspyrnudeild\/aefingagjold\/#primaryimage\",\"url\":\"https:\/\/grotta.is\/wp-content\/uploads\/2025\/09\/gjold-fotb.png\",\"contentUrl\":\"https:\/\/grotta.is\/wp-content\/uploads\/2025\/09\/gjold-fotb.png\"},{\"@type\":\"BreadcrumbList\",\"@id\":\"https:\/\/grotta.is\/knattspyrnudeild\/aefingagjold\/#breadcrumb\",\"itemListElement\":[{\"@type\":\"ListItem\",\"position\":1,\"name\":\"Home\",\"item\":\"https:\/\/grotta.is\/\"},{\"@type\":\"ListItem\",\"position\":2,\"name\":\"Knattspyrnudeild Gr\u00f3ttu\",\"item\":\"https:\/\/grotta.is\/knattspyrnudeild\/\"},{\"@type\":\"ListItem\",\"position\":3,\"name\":\"\u00c6fingagj\u00f6ld\"}]},{\"@type\":\"WebSite\",\"@id\":\"https:\/\/grotta.is\/#website\",\"url\":\"https:\/\/grotta.is\/\",\"name\":\"\u00cd\u00fer\u00f3ttaf\u00e9lagi\u00f0 Gr\u00f3tta\",\"description\":\"\u00e1 Seltjarnarnesi\",\"publisher\":{\"@id\":\"https:\/\/grotta.is\/#organization\"},\"potentialAction\":[{\"@type\":\"SearchAction\",\"target\":{\"@type\":\"EntryPoint\",\"urlTemplate\":\"https:\/\/grotta.is\/?s={search_term_string}\"},\"query-input\":{\"@type\":\"PropertyValueSpecification\",\"valueRequired\":true,\"valueName\":\"search_term_string\"}}],\"inLanguage\":\"en-US\"},{\"@type\":\"Organization\",\"@id\":\"https:\/\/grotta.is\/#organization\",\"name\":\"\u00cd\u00fer\u00f3ttaf\u00e9lagi\u00f0 Gr\u00f3tta\",\"url\":\"https:\/\/grotta.is\/\",\"logo\":{\"@type\":\"ImageObject\",\"inLanguage\":\"en-US\",\"@id\":\"https:\/\/grotta.is\/#\/schema\/logo\/image\/\",\"url\":\"https:\/\/grotta.is\/wp-content\/uploads\/2020\/02\/ithrottafelagidgrotta_logo_512x512_transparent.png\",\"contentUrl\":\"https:\/\/grotta.is\/wp-content\/uploads\/2020\/02\/ithrottafelagidgrotta_logo_512x512_transparent.png\",\"width\":512,\"height\":512,\"caption\":\"\u00cd\u00fer\u00f3ttaf\u00e9lagi\u00f0 Gr\u00f3tta\"},\"image\":{\"@id\":\"https:\/\/grotta.is\/#\/schema\/logo\/image\/\"},\"sameAs\":[\"https:\/\/www.facebook.com\/grottasport\"]}]}<\/script>\n<!-- \/ Yoast SEO plugin. -->","yoast_head_json":{"title":"\u00c6fingagj\u00f6ld - \u00cd\u00fer\u00f3ttaf\u00e9lagi\u00f0 Gr\u00f3tta","robots":{"index":"index","follow":"follow","max-snippet":"max-snippet:-1","max-image-preview":"max-image-preview:large","max-video-preview":"max-video-preview:-1"},"canonical":"https:\/\/grotta.is\/en\/knattspyrnudeild\/aefingagjold\/","og_locale":"en_US","og_type":"article","og_title":"\u00c6fingagj\u00f6ld - \u00cd\u00fer\u00f3ttaf\u00e9lagi\u00f0 Gr\u00f3tta","og_description":"\u00c6FINGAGJ\u00d6LD 2025-2026 KNATTSPYRNUDEILD GR\u00d3TTU \u00cd bo\u00f0i er fyrir n\u00fdja i\u00f0kendur a\u00f0 pr\u00f3fa \u00e6fingar \u00ed knattspyrnudeild \u00ed eina viku \u00e1\u00f0ur en i\u00f0kendur eru skr\u00e1\u00f0ir. L\u00e1ta \u00fearf yfir\u00fej\u00e1lfara knattspyrnudeildar vita \u00e1 t\u00f6lvup\u00f3stfangi\u00f0 [&hellip;]","og_url":"https:\/\/grotta.is\/en\/knattspyrnudeild\/aefingagjold\/","og_site_name":"\u00cd\u00fer\u00f3ttaf\u00e9lagi\u00f0 Gr\u00f3tta","article_publisher":"https:\/\/www.facebook.com\/grottasport","article_modified_time":"2025-09-30T13:32:28+00:00","og_image":[{"width":608,"height":681,"url":"https:\/\/grotta.is\/wp-content\/uploads\/2025\/09\/gjold-fotb.png","type":"image\/png"}],"twitter_card":"summary_large_image","twitter_misc":{"Est. reading time":"2 minutes"},"schema":{"@context":"https:\/\/schema.org","@graph":[{"@type":"WebPage","@id":"https:\/\/grotta.is\/knattspyrnudeild\/aefingagjold\/","url":"https:\/\/grotta.is\/knattspyrnudeild\/aefingagjold\/","name":"\u00c6fingagj\u00f6ld - \u00cd\u00fer\u00f3ttaf\u00e9lagi\u00f0 Gr\u00f3tta","isPartOf":{"@id":"https:\/\/grotta.is\/#website"},"primaryImageOfPage":{"@id":"https:\/\/grotta.is\/knattspyrnudeild\/aefingagjold\/#primaryimage"},"image":{"@id":"https:\/\/grotta.is\/knattspyrnudeild\/aefingagjold\/#primaryimage"},"thumbnailUrl":"https:\/\/grotta.is\/wp-content\/uploads\/2025\/09\/gjold-fotb.png","datePublished":"2020-04-28T09:33:19+00:00","dateModified":"2025-09-30T13:32:28+00:00","breadcrumb":{"@id":"https:\/\/grotta.is\/knattspyrnudeild\/aefingagjold\/#breadcrumb"},"inLanguage":"en-US","potentialAction":[{"@type":"ReadAction","target":["https:\/\/grotta.is\/knattspyrnudeild\/aefingagjold\/"]}]},{"@type":"ImageObject","inLanguage":"en-US","@id":"https:\/\/grotta.is\/knattspyrnudeild\/aefingagjold\/#primaryimage","url":"https:\/\/grotta.is\/wp-content\/uploads\/2025\/09\/gjold-fotb.png","contentUrl":"https:\/\/grotta.is\/wp-content\/uploads\/2025\/09\/gjold-fotb.png"},{"@type":"BreadcrumbList","@id":"https:\/\/grotta.is\/knattspyrnudeild\/aefingagjold\/#breadcrumb","itemListElement":[{"@type":"ListItem","position":1,"name":"Home","item":"https:\/\/grotta.is\/"},{"@type":"ListItem","position":2,"name":"Knattspyrnudeild Gr\u00f3ttu","item":"https:\/\/grotta.is\/knattspyrnudeild\/"},{"@type":"ListItem","position":3,"name":"\u00c6fingagj\u00f6ld"}]},{"@type":"WebSite","@id":"https:\/\/grotta.is\/#website","url":"https:\/\/grotta.is\/","name":"\u00cd\u00fer\u00f3ttaf\u00e9lagi\u00f0 Gr\u00f3tta","description":"\u00e1 Seltjarnarnesi","publisher":{"@id":"https:\/\/grotta.is\/#organization"},"potentialAction":[{"@type":"SearchAction","target":{"@type":"EntryPoint","urlTemplate":"https:\/\/grotta.is\/?s={search_term_string}"},"query-input":{"@type":"PropertyValueSpecification","valueRequired":true,"valueName":"search_term_string"}}],"inLanguage":"en-US"},{"@type":"Organization","@id":"https:\/\/grotta.is\/#organization","name":"\u00cd\u00fer\u00f3ttaf\u00e9lagi\u00f0 Gr\u00f3tta","url":"https:\/\/grotta.is\/","logo":{"@type":"ImageObject","inLanguage":"en-US","@id":"https:\/\/grotta.is\/#\/schema\/logo\/image\/","url":"https:\/\/grotta.is\/wp-content\/uploads\/2020\/02\/ithrottafelagidgrotta_logo_512x512_transparent.png","contentUrl":"https:\/\/grotta.is\/wp-content\/uploads\/2020\/02\/ithrottafelagidgrotta_logo_512x512_transparent.png","width":512,"height":512,"caption":"\u00cd\u00fer\u00f3ttaf\u00e9lagi\u00f0 Gr\u00f3tta"},"image":{"@id":"https:\/\/grotta.is\/#\/schema\/logo\/image\/"},"sameAs":["https:\/\/www.facebook.com\/grottasport"]}]}},"_links":{"self":[{"href":"https:\/\/grotta.is\/en\/wp-json\/wp\/v2\/pages\/2894","targetHints":{"allow":["GET"]}}],"collection":[{"href":"https:\/\/grotta.is\/en\/wp-json\/wp\/v2\/pages"}],"about":[{"href":"https:\/\/grotta.is\/en\/wp-json\/wp\/v2\/types\/page"}],"author":[{"embeddable":true,"href":"https:\/\/grotta.is\/en\/wp-json\/wp\/v2\/users\/2"}],"replies":[{"embeddable":true,"href":"https:\/\/grotta.is\/en\/wp-json\/wp\/v2\/comments?post=2894"}],"version-history":[{"count":33,"href":"https:\/\/grotta.is\/en\/wp-json\/wp\/v2\/pages\/2894\/revisions"}],"predecessor-version":[{"id":575675,"href":"https:\/\/grotta.is\/en\/wp-json\/wp\/v2\/pages\/2894\/revisions\/575675"}],"up":[{"embeddable":true,"href":"https:\/\/grotta.is\/en\/wp-json\/wp\/v2\/pages\/235"}],"wp:attachment":[{"href":"https:\/\/grotta.is\/en\/wp-json\/wp\/v2\/media?parent=2894"}],"curies":[{"name":"wp","href":"https:\/\/api.w.org\/{rel}","templated":true}]}}