{"id":2887,"date":"2020-04-28T09:25:58","date_gmt":"2020-04-28T09:25:58","guid":{"rendered":"https:\/\/grotta.is\/?page_id=2887"},"modified":"2025-08-08T14:03:23","modified_gmt":"2025-08-08T14:03:23","slug":"aefingagjold","status":"publish","type":"page","link":"https:\/\/grotta.is\/en\/handknattleiksdeild\/aefingagjold\/","title":{"rendered":"\u00c6fingagj\u00f6ld"},"content":{"rendered":"<div data-elementor-type=\"wp-page\" data-elementor-id=\"2887\" class=\"elementor elementor-2887\" data-elementor-post-type=\"page\">\n\t\t\t\t\t\t<section class=\"elementor-section elementor-top-section elementor-element elementor-element-90f22ff elementor-section-boxed elementor-section-height-default elementor-section-height-default\" data-id=\"90f22ff\" data-element_type=\"section\">\n\t\t\t\t\t\t<div class=\"elementor-container elementor-column-gap-default\">\n\t\t\t\t\t<div class=\"elementor-column elementor-col-100 elementor-top-column elementor-element elementor-element-6ee7612\" data-id=\"6ee7612\" data-element_type=\"column\">\n\t\t\t<div class=\"elementor-widget-wrap elementor-element-populated\">\n\t\t\t\t\t\t<div class=\"elementor-element elementor-element-afdb7fb elementor-widget elementor-widget-heading\" data-id=\"afdb7fb\" data-element_type=\"widget\" data-widget_type=\"heading.default\">\n\t\t\t\t<div class=\"elementor-widget-container\">\n\t\t\t\t\t<h2 class=\"elementor-heading-title elementor-size-default\">\u00c6FINGAGJ\u00d6LD 2025-2026<\/h2>\t\t\t\t<\/div>\n\t\t\t\t<\/div>\n\t\t\t\t<div class=\"elementor-element elementor-element-0223000 elementor-widget elementor-widget-heading\" data-id=\"0223000\" data-element_type=\"widget\" data-widget_type=\"heading.default\">\n\t\t\t\t<div class=\"elementor-widget-container\">\n\t\t\t\t\t<h5 class=\"elementor-heading-title elementor-size-default\">HANDKNATTLEIKSDEILD GR\u00d3TTU<\/h5>\t\t\t\t<\/div>\n\t\t\t\t<\/div>\n\t\t\t\t\t<\/div>\n\t\t<\/div>\n\t\t\t\t\t<\/div>\n\t\t<\/section>\n\t\t\t\t<section class=\"elementor-section elementor-top-section elementor-element elementor-element-381e9b9 elementor-section-boxed elementor-section-height-default elementor-section-height-default\" data-id=\"381e9b9\" data-element_type=\"section\">\n\t\t\t\t\t\t<div class=\"elementor-container elementor-column-gap-default\">\n\t\t\t\t\t<div class=\"elementor-column elementor-col-100 elementor-top-column elementor-element elementor-element-46551df\" data-id=\"46551df\" data-element_type=\"column\">\n\t\t\t<div class=\"elementor-widget-wrap elementor-element-populated\">\n\t\t\t\t\t\t<div class=\"elementor-element elementor-element-ee9f47d elementor-widget__width-initial elementor-widget elementor-widget-text-editor\" data-id=\"ee9f47d\" data-element_type=\"widget\" data-widget_type=\"text-editor.default\">\n\t\t\t\t<div class=\"elementor-widget-container\">\n\t\t\t\t\t\t\t\t\t<p class=\"MsoNormal\"><span style=\"color: var( --e-global-color-text ); font-family: var( --e-global-typography-text-font-family ), Sans-serif; font-weight: var( --e-global-typography-text-font-weight ); font-size: 1rem;\">\u00cd bo\u00f0i er fyrir n\u00fdja i\u00f0kendur a\u00f0 pr\u00f3fa \u00e6fingar \u00ed handknattleiksdeild \u00ed eina\u00a0<\/span><span style=\"color: var( --e-global-color-text ); font-family: var( --e-global-typography-text-font-family ), Sans-serif; font-weight: var( --e-global-typography-text-font-weight ); font-size: 1rem;\">viku \u00e1\u00f0ur en i\u00f0kendur eru skr\u00e1\u00f0ir. L\u00e1ta \u00fearf yfir\u00fej\u00e1lfara handknattleiksdeildar\u00a0<\/span><span style=\"color: var( --e-global-color-text ); font-family: var( --e-global-typography-text-font-family ), Sans-serif; font-weight: var( --e-global-typography-text-font-weight ); font-size: 1rem;\">vita \u00e1 t\u00f6lvup\u00f3stfangi\u00f0 andri@grotta.is ef i\u00f0kendur vilja n\u00fdta s\u00e9r \u00feetta.<\/span><\/p><p class=\"MsoNormal\"><span lang=\"IS\">E<i>f i\u00f0kandi h\u00e6ttir \u00fearf a\u00f0 l\u00e1ta skrifstofu vita me\u00f0 \u00fev\u00ed a\u00f0 senda p\u00f3st \u00e1 t\u00f6lvup\u00f3stfangi\u00f0<br \/><\/i><\/span><a href=\"mailto:grotta@grotta.is\"><i>grotta@grotta.is<\/i><\/a><span lang=\"IS\"><i> e\u00f0a \u00ed s\u00edma 561-1136 og upps\u00f6gn tekur gildi fr\u00e1 og me\u00f0 n\u00e6stu m\u00e1na\u00f0arm\u00f3tum.<br \/>Vinsamlegast athugi\u00f0 a\u00f0 \u00fea\u00f0 er \u00e1 \u00e1byrg\u00f0 foreldra\/forr\u00e1\u00f0amanna a\u00f0 l\u00e1ta vita til<br \/>a\u00f0 stoppa grei\u00f0slur.<\/i><\/span><\/p>\t\t\t\t\t\t\t\t<\/div>\n\t\t\t\t<\/div>\n\t\t\t\t\t<\/div>\n\t\t<\/div>\n\t\t\t\t\t<\/div>\n\t\t<\/section>\n\t\t\t\t<section class=\"elementor-section elementor-top-section elementor-element elementor-element-c8e8079 elementor-section-boxed elementor-section-height-default elementor-section-height-default\" data-id=\"c8e8079\" data-element_type=\"section\">\n\t\t\t\t\t\t<div class=\"elementor-container elementor-column-gap-default\">\n\t\t\t\t\t<div class=\"elementor-column elementor-col-100 elementor-top-column elementor-element elementor-element-e7a64a1\" data-id=\"e7a64a1\" data-element_type=\"column\">\n\t\t\t<div class=\"elementor-widget-wrap elementor-element-populated\">\n\t\t\t\t\t\t<div class=\"elementor-element elementor-element-19e5e20 elementor-widget elementor-widget-image\" data-id=\"19e5e20\" data-element_type=\"widget\" data-widget_type=\"image.default\">\n\t\t\t\t<div class=\"elementor-widget-container\">\n\t\t\t\t\t\t\t\t\t\t\t\t\t\t\t<img fetchpriority=\"high\" decoding=\"async\" width=\"528\" height=\"499\" src=\"https:\/\/grotta.is\/wp-content\/uploads\/2025\/08\/AEfingagjold-hkd-25-26.jpg\" class=\"attachment-large size-large wp-image-575451\" alt=\"\" srcset=\"https:\/\/grotta.is\/wp-content\/uploads\/2025\/08\/AEfingagjold-hkd-25-26.jpg 528w, https:\/\/grotta.is\/wp-content\/uploads\/2025\/08\/AEfingagjold-hkd-25-26-300x284.jpg 300w, https:\/\/grotta.is\/wp-content\/uploads\/2025\/08\/AEfingagjold-hkd-25-26-13x12.jpg 13w\" sizes=\"(max-width: 528px) 100vw, 528px\" \/>\t\t\t\t\t\t\t\t\t\t\t\t\t\t\t<\/div>\n\t\t\t\t<\/div>\n\t\t\t\t\t<\/div>\n\t\t<\/div>\n\t\t\t\t\t<\/div>\n\t\t<\/section>\n\t\t\t\t<section class=\"elementor-section elementor-top-section elementor-element elementor-element-313a932 elementor-section-boxed elementor-section-height-default elementor-section-height-default\" data-id=\"313a932\" data-element_type=\"section\">\n\t\t\t\t\t\t<div class=\"elementor-container elementor-column-gap-default\">\n\t\t\t\t\t<div class=\"elementor-column elementor-col-100 elementor-top-column elementor-element elementor-element-e70ef62\" data-id=\"e70ef62\" data-element_type=\"column\">\n\t\t\t<div class=\"elementor-widget-wrap elementor-element-populated\">\n\t\t\t\t\t\t<div class=\"elementor-element elementor-element-74199b0 elementor-widget elementor-widget-text-editor\" data-id=\"74199b0\" data-element_type=\"widget\" data-widget_type=\"text-editor.default\">\n\t\t\t\t<div class=\"elementor-widget-container\">\n\t\t\t\t\t\t\t\t\t<p><b>NI\u00d0URGREI\u00d0SLUR<br \/><\/b><u style=\"color: var( --e-global-color-text ); font-family: var( --e-global-typography-text-font-family ), Sans-serif; font-weight: var( --e-global-typography-text-font-weight ); font-size: 1rem;\"><span lang=\"IS\">Systkinaafsl\u00e1ttur:<br \/><\/span><\/u><span style=\"color: var( --e-global-color-text ); font-family: var( --e-global-typography-text-font-family ), Sans-serif; font-weight: var( --e-global-typography-text-font-weight ); font-size: 1rem;\">Innan handknattleiksdeildar er veittur 10% systkinaafsl\u00e1ttur. \u00a0Vinsamlegast athugi\u00f0 a\u00f0 ekki er veittur systkinaafsl\u00e1ttur af s\u00e9rst\u00f6kum n\u00e1mskei\u00f0um einungis af \u00e6fingagj\u00f6ldunum.<\/span><\/p><p><u><span lang=\"IS\">Fr\u00edstundastyrkur:<br \/><\/span><\/u><span style=\"color: var( --e-global-color-text ); font-family: var( --e-global-typography-text-font-family ), Sans-serif; font-weight: var( --e-global-typography-text-font-weight ); font-size: 1rem;\">Ath. a\u00f0 Seltjarnarnesb\u00e6r veitir fr\u00edstundastyrk til barna \u00e1 Seltjarnarnesi og Reykjarv\u00edkurborg til barna \u00ed Reykjav\u00edk. \u00dea\u00f0 eru foreldrar sem f\u00e1 hann til r\u00e1\u00f0st\u00f6funar og \u00fea\u00f0 er \u00e1 \u00e1byrg\u00f0 foreldra a\u00f0 fylgjast me\u00f0 \u00fev\u00ed hvort hann s\u00e9 n\u00fdttur e\u00f0a ekki.<br \/><\/span><span lang=\"IS\" style=\"color: var( --e-global-color-text ); font-family: var( --e-global-typography-text-font-family ), Sans-serif; font-weight: var( --e-global-typography-text-font-weight ); font-size: 1rem;\">Foreldrar\/forr\u00e1\u00f0amenn \u00feurfa a\u00f0 ganga fr\u00e1 grei\u00f0slum \u00e6fingagjalda \u00ed gegnum \u2018Abler\u2019. Til a\u00f0 n\u00fdta ni\u00f0urgrei\u00f0slu \u00feurfa Seltirningar a\u00f0 fara inn \u00ed kerfi\u00f0 \u00ed gegnum \u201eM\u00ednar s\u00ed\u00f0ur\u201c \u00e1\u00a0<\/span><a style=\"font-family: var( --e-global-typography-text-font-family ), Sans-serif; font-weight: var( --e-global-typography-text-font-weight ); background-color: #ffffff; font-size: 1rem;\" href=\"http:\/\/seltjarnarnes.is\/\" target=\"_blank\" rel=\"noopener\">seltjarnarnes.is<\/a><span lang=\"IS\" style=\"color: var( --e-global-color-text ); font-family: var( --e-global-typography-text-font-family ), Sans-serif; font-weight: var( --e-global-typography-text-font-weight ); font-size: 1rem;\">\u00a0en \u00edb\u00faar \u00far \u00f6\u00f0rum sveitarf\u00e9l\u00f6gum geta haka\u00f0 \u00ed \u201en\u00fdta fr\u00edstundastyrk\u201c \u00ed gegnum Abler.\u00a0<br \/><\/span><span style=\"color: var( --e-global-color-text ); font-family: var( --e-global-typography-text-font-family ), Sans-serif; font-size: 1rem; font-weight: var( --e-global-typography-text-font-weight );\">ATH! R\u00e1\u00f0st\u00f6fun fr\u00edstundastyrks er endanleg. Ekki er h\u00e6gt a\u00f0 endurgrei\u00f0a e\u00f0a bakf\u00e6ra styrk ef foreldri\/ forr\u00e1\u00f0af\u00f3lk hefur r\u00e1\u00f0stafa\u00f0 styrk til f\u00e9lags \u00e1 grundvelli Fr\u00edstundakortsins.<\/span><\/p><p><b>ANNA\u00d0<br \/><\/b><span style=\"color: var( --e-global-color-text ); font-family: var( --e-global-typography-text-font-family ), Sans-serif; font-weight: var( --e-global-typography-text-font-weight ); font-size: 1rem;\">Vilji grei\u00f0andi koma athugasemdum \u00e1 framf\u00e6ri um \u00e6fingagj\u00f6ld, t.d. v\u00e9fengja upph\u00e6\u00f0 gjaldanna e\u00f0a tilvist, sendi\u00f0 \u00fe\u00e1 fyrirspurn \u00e1 grotta@grotta.is\u00a0e\u00f0a hafi\u00f0 samband vi\u00f0 skrifstofu \u00e1 augl\u00fdstum skrifstofut\u00edma \u00ed s\u00edma 561-1136. Ekki ganga fr\u00e1 grei\u00f0slum fyrr en b\u00fai\u00f0 er a\u00f0 leysa \u00far \u00e1greinings\/vafam\u00e1lum.<\/span><\/p>\t\t\t\t\t\t\t\t<\/div>\n\t\t\t\t<\/div>\n\t\t\t\t\t<\/div>\n\t\t<\/div>\n\t\t\t\t\t<\/div>\n\t\t<\/section>\n\t\t\t\t<\/div>","protected":false},"excerpt":{"rendered":"<p>\u00c6FINGAGJ\u00d6LD 2025-2026 HANDKNATTLEIKSDEILD GR\u00d3TTU \u00cd bo\u00f0i er fyrir n\u00fdja i\u00f0kendur a\u00f0 pr\u00f3fa \u00e6fingar \u00ed handknattleiksdeild \u00ed eina\u00a0viku \u00e1\u00f0ur en i\u00f0kendur eru skr\u00e1\u00f0ir. L\u00e1ta \u00fearf yfir\u00fej\u00e1lfara handknattleiksdeildar\u00a0vita \u00e1 t\u00f6lvup\u00f3stfangi\u00f0 andri@grotta.is ef [&hellip;]<\/p>","protected":false},"author":2,"featured_media":0,"parent":533,"menu_order":0,"comment_status":"closed","ping_status":"closed","template":"","meta":{"footnotes":""},"class_list":["post-2887","page","type-page","status-publish","hentry"],"yoast_head":"<!-- This site is optimized with the Yoast SEO plugin v24.3 - https:\/\/yoast.com\/wordpress\/plugins\/seo\/ -->\n<title>\u00c6fingagj\u00f6ld - \u00cd\u00fer\u00f3ttaf\u00e9lagi\u00f0 Gr\u00f3tta<\/title>\n<meta name=\"robots\" content=\"index, follow, max-snippet:-1, max-image-preview:large, max-video-preview:-1\" \/>\n<link rel=\"canonical\" href=\"https:\/\/grotta.is\/en\/handknattleiksdeild\/aefingagjold\/\" \/>\n<meta property=\"og:locale\" content=\"en_US\" \/>\n<meta property=\"og:type\" content=\"article\" \/>\n<meta property=\"og:title\" content=\"\u00c6fingagj\u00f6ld - \u00cd\u00fer\u00f3ttaf\u00e9lagi\u00f0 Gr\u00f3tta\" \/>\n<meta property=\"og:description\" content=\"\u00c6FINGAGJ\u00d6LD 2025-2026 HANDKNATTLEIKSDEILD GR\u00d3TTU \u00cd bo\u00f0i er fyrir n\u00fdja i\u00f0kendur a\u00f0 pr\u00f3fa \u00e6fingar \u00ed handknattleiksdeild \u00ed eina\u00a0viku \u00e1\u00f0ur en i\u00f0kendur eru skr\u00e1\u00f0ir. L\u00e1ta \u00fearf yfir\u00fej\u00e1lfara handknattleiksdeildar\u00a0vita \u00e1 t\u00f6lvup\u00f3stfangi\u00f0 andri@grotta.is ef [&hellip;]\" \/>\n<meta property=\"og:url\" content=\"https:\/\/grotta.is\/en\/handknattleiksdeild\/aefingagjold\/\" \/>\n<meta property=\"og:site_name\" content=\"\u00cd\u00fer\u00f3ttaf\u00e9lagi\u00f0 Gr\u00f3tta\" \/>\n<meta property=\"article:publisher\" content=\"https:\/\/www.facebook.com\/grottasport\" \/>\n<meta property=\"article:modified_time\" content=\"2025-08-08T14:03:23+00:00\" \/>\n<meta property=\"og:image\" content=\"https:\/\/grotta.is\/wp-content\/uploads\/2025\/08\/AEfingagjold-hkd-25-26.jpg\" \/>\n\t<meta property=\"og:image:width\" content=\"528\" \/>\n\t<meta property=\"og:image:height\" content=\"499\" \/>\n\t<meta property=\"og:image:type\" content=\"image\/jpeg\" \/>\n<meta name=\"twitter:card\" content=\"summary_large_image\" \/>\n<meta name=\"twitter:label1\" content=\"Est. reading time\" \/>\n\t<meta name=\"twitter:data1\" content=\"2 minutes\" \/>\n<script type=\"application\/ld+json\" class=\"yoast-schema-graph\">{\"@context\":\"https:\/\/schema.org\",\"@graph\":[{\"@type\":\"WebPage\",\"@id\":\"https:\/\/grotta.is\/handknattleiksdeild\/aefingagjold\/\",\"url\":\"https:\/\/grotta.is\/handknattleiksdeild\/aefingagjold\/\",\"name\":\"\u00c6fingagj\u00f6ld - \u00cd\u00fer\u00f3ttaf\u00e9lagi\u00f0 Gr\u00f3tta\",\"isPartOf\":{\"@id\":\"https:\/\/grotta.is\/#website\"},\"primaryImageOfPage\":{\"@id\":\"https:\/\/grotta.is\/handknattleiksdeild\/aefingagjold\/#primaryimage\"},\"image\":{\"@id\":\"https:\/\/grotta.is\/handknattleiksdeild\/aefingagjold\/#primaryimage\"},\"thumbnailUrl\":\"https:\/\/grotta.is\/wp-content\/uploads\/2025\/08\/AEfingagjold-hkd-25-26.jpg\",\"datePublished\":\"2020-04-28T09:25:58+00:00\",\"dateModified\":\"2025-08-08T14:03:23+00:00\",\"breadcrumb\":{\"@id\":\"https:\/\/grotta.is\/handknattleiksdeild\/aefingagjold\/#breadcrumb\"},\"inLanguage\":\"en-US\",\"potentialAction\":[{\"@type\":\"ReadAction\",\"target\":[\"https:\/\/grotta.is\/handknattleiksdeild\/aefingagjold\/\"]}]},{\"@type\":\"ImageObject\",\"inLanguage\":\"en-US\",\"@id\":\"https:\/\/grotta.is\/handknattleiksdeild\/aefingagjold\/#primaryimage\",\"url\":\"https:\/\/grotta.is\/wp-content\/uploads\/2025\/08\/AEfingagjold-hkd-25-26.jpg\",\"contentUrl\":\"https:\/\/grotta.is\/wp-content\/uploads\/2025\/08\/AEfingagjold-hkd-25-26.jpg\"},{\"@type\":\"BreadcrumbList\",\"@id\":\"https:\/\/grotta.is\/handknattleiksdeild\/aefingagjold\/#breadcrumb\",\"itemListElement\":[{\"@type\":\"ListItem\",\"position\":1,\"name\":\"Home\",\"item\":\"https:\/\/grotta.is\/\"},{\"@type\":\"ListItem\",\"position\":2,\"name\":\"Handknattleiksdeild Gr\u00f3ttu\",\"item\":\"https:\/\/grotta.is\/handknattleiksdeild\/\"},{\"@type\":\"ListItem\",\"position\":3,\"name\":\"\u00c6fingagj\u00f6ld\"}]},{\"@type\":\"WebSite\",\"@id\":\"https:\/\/grotta.is\/#website\",\"url\":\"https:\/\/grotta.is\/\",\"name\":\"\u00cd\u00fer\u00f3ttaf\u00e9lagi\u00f0 Gr\u00f3tta\",\"description\":\"\u00e1 Seltjarnarnesi\",\"publisher\":{\"@id\":\"https:\/\/grotta.is\/#organization\"},\"potentialAction\":[{\"@type\":\"SearchAction\",\"target\":{\"@type\":\"EntryPoint\",\"urlTemplate\":\"https:\/\/grotta.is\/?s={search_term_string}\"},\"query-input\":{\"@type\":\"PropertyValueSpecification\",\"valueRequired\":true,\"valueName\":\"search_term_string\"}}],\"inLanguage\":\"en-US\"},{\"@type\":\"Organization\",\"@id\":\"https:\/\/grotta.is\/#organization\",\"name\":\"\u00cd\u00fer\u00f3ttaf\u00e9lagi\u00f0 Gr\u00f3tta\",\"url\":\"https:\/\/grotta.is\/\",\"logo\":{\"@type\":\"ImageObject\",\"inLanguage\":\"en-US\",\"@id\":\"https:\/\/grotta.is\/#\/schema\/logo\/image\/\",\"url\":\"https:\/\/grotta.is\/wp-content\/uploads\/2020\/02\/ithrottafelagidgrotta_logo_512x512_transparent.png\",\"contentUrl\":\"https:\/\/grotta.is\/wp-content\/uploads\/2020\/02\/ithrottafelagidgrotta_logo_512x512_transparent.png\",\"width\":512,\"height\":512,\"caption\":\"\u00cd\u00fer\u00f3ttaf\u00e9lagi\u00f0 Gr\u00f3tta\"},\"image\":{\"@id\":\"https:\/\/grotta.is\/#\/schema\/logo\/image\/\"},\"sameAs\":[\"https:\/\/www.facebook.com\/grottasport\"]}]}<\/script>\n<!-- \/ Yoast SEO plugin. -->","yoast_head_json":{"title":"\u00c6fingagj\u00f6ld - \u00cd\u00fer\u00f3ttaf\u00e9lagi\u00f0 Gr\u00f3tta","robots":{"index":"index","follow":"follow","max-snippet":"max-snippet:-1","max-image-preview":"max-image-preview:large","max-video-preview":"max-video-preview:-1"},"canonical":"https:\/\/grotta.is\/en\/handknattleiksdeild\/aefingagjold\/","og_locale":"en_US","og_type":"article","og_title":"\u00c6fingagj\u00f6ld - \u00cd\u00fer\u00f3ttaf\u00e9lagi\u00f0 Gr\u00f3tta","og_description":"\u00c6FINGAGJ\u00d6LD 2025-2026 HANDKNATTLEIKSDEILD GR\u00d3TTU \u00cd bo\u00f0i er fyrir n\u00fdja i\u00f0kendur a\u00f0 pr\u00f3fa \u00e6fingar \u00ed handknattleiksdeild \u00ed eina\u00a0viku \u00e1\u00f0ur en i\u00f0kendur eru skr\u00e1\u00f0ir. L\u00e1ta \u00fearf yfir\u00fej\u00e1lfara handknattleiksdeildar\u00a0vita \u00e1 t\u00f6lvup\u00f3stfangi\u00f0 andri@grotta.is ef [&hellip;]","og_url":"https:\/\/grotta.is\/en\/handknattleiksdeild\/aefingagjold\/","og_site_name":"\u00cd\u00fer\u00f3ttaf\u00e9lagi\u00f0 Gr\u00f3tta","article_publisher":"https:\/\/www.facebook.com\/grottasport","article_modified_time":"2025-08-08T14:03:23+00:00","og_image":[{"width":528,"height":499,"url":"https:\/\/grotta.is\/wp-content\/uploads\/2025\/08\/AEfingagjold-hkd-25-26.jpg","type":"image\/jpeg"}],"twitter_card":"summary_large_image","twitter_misc":{"Est. reading time":"2 minutes"},"schema":{"@context":"https:\/\/schema.org","@graph":[{"@type":"WebPage","@id":"https:\/\/grotta.is\/handknattleiksdeild\/aefingagjold\/","url":"https:\/\/grotta.is\/handknattleiksdeild\/aefingagjold\/","name":"\u00c6fingagj\u00f6ld - \u00cd\u00fer\u00f3ttaf\u00e9lagi\u00f0 Gr\u00f3tta","isPartOf":{"@id":"https:\/\/grotta.is\/#website"},"primaryImageOfPage":{"@id":"https:\/\/grotta.is\/handknattleiksdeild\/aefingagjold\/#primaryimage"},"image":{"@id":"https:\/\/grotta.is\/handknattleiksdeild\/aefingagjold\/#primaryimage"},"thumbnailUrl":"https:\/\/grotta.is\/wp-content\/uploads\/2025\/08\/AEfingagjold-hkd-25-26.jpg","datePublished":"2020-04-28T09:25:58+00:00","dateModified":"2025-08-08T14:03:23+00:00","breadcrumb":{"@id":"https:\/\/grotta.is\/handknattleiksdeild\/aefingagjold\/#breadcrumb"},"inLanguage":"en-US","potentialAction":[{"@type":"ReadAction","target":["https:\/\/grotta.is\/handknattleiksdeild\/aefingagjold\/"]}]},{"@type":"ImageObject","inLanguage":"en-US","@id":"https:\/\/grotta.is\/handknattleiksdeild\/aefingagjold\/#primaryimage","url":"https:\/\/grotta.is\/wp-content\/uploads\/2025\/08\/AEfingagjold-hkd-25-26.jpg","contentUrl":"https:\/\/grotta.is\/wp-content\/uploads\/2025\/08\/AEfingagjold-hkd-25-26.jpg"},{"@type":"BreadcrumbList","@id":"https:\/\/grotta.is\/handknattleiksdeild\/aefingagjold\/#breadcrumb","itemListElement":[{"@type":"ListItem","position":1,"name":"Home","item":"https:\/\/grotta.is\/"},{"@type":"ListItem","position":2,"name":"Handknattleiksdeild Gr\u00f3ttu","item":"https:\/\/grotta.is\/handknattleiksdeild\/"},{"@type":"ListItem","position":3,"name":"\u00c6fingagj\u00f6ld"}]},{"@type":"WebSite","@id":"https:\/\/grotta.is\/#website","url":"https:\/\/grotta.is\/","name":"\u00cd\u00fer\u00f3ttaf\u00e9lagi\u00f0 Gr\u00f3tta","description":"\u00e1 Seltjarnarnesi","publisher":{"@id":"https:\/\/grotta.is\/#organization"},"potentialAction":[{"@type":"SearchAction","target":{"@type":"EntryPoint","urlTemplate":"https:\/\/grotta.is\/?s={search_term_string}"},"query-input":{"@type":"PropertyValueSpecification","valueRequired":true,"valueName":"search_term_string"}}],"inLanguage":"en-US"},{"@type":"Organization","@id":"https:\/\/grotta.is\/#organization","name":"\u00cd\u00fer\u00f3ttaf\u00e9lagi\u00f0 Gr\u00f3tta","url":"https:\/\/grotta.is\/","logo":{"@type":"ImageObject","inLanguage":"en-US","@id":"https:\/\/grotta.is\/#\/schema\/logo\/image\/","url":"https:\/\/grotta.is\/wp-content\/uploads\/2020\/02\/ithrottafelagidgrotta_logo_512x512_transparent.png","contentUrl":"https:\/\/grotta.is\/wp-content\/uploads\/2020\/02\/ithrottafelagidgrotta_logo_512x512_transparent.png","width":512,"height":512,"caption":"\u00cd\u00fer\u00f3ttaf\u00e9lagi\u00f0 Gr\u00f3tta"},"image":{"@id":"https:\/\/grotta.is\/#\/schema\/logo\/image\/"},"sameAs":["https:\/\/www.facebook.com\/grottasport"]}]}},"_links":{"self":[{"href":"https:\/\/grotta.is\/en\/wp-json\/wp\/v2\/pages\/2887","targetHints":{"allow":["GET"]}}],"collection":[{"href":"https:\/\/grotta.is\/en\/wp-json\/wp\/v2\/pages"}],"about":[{"href":"https:\/\/grotta.is\/en\/wp-json\/wp\/v2\/types\/page"}],"author":[{"embeddable":true,"href":"https:\/\/grotta.is\/en\/wp-json\/wp\/v2\/users\/2"}],"replies":[{"embeddable":true,"href":"https:\/\/grotta.is\/en\/wp-json\/wp\/v2\/comments?post=2887"}],"version-history":[{"count":78,"href":"https:\/\/grotta.is\/en\/wp-json\/wp\/v2\/pages\/2887\/revisions"}],"predecessor-version":[{"id":575468,"href":"https:\/\/grotta.is\/en\/wp-json\/wp\/v2\/pages\/2887\/revisions\/575468"}],"up":[{"embeddable":true,"href":"https:\/\/grotta.is\/en\/wp-json\/wp\/v2\/pages\/533"}],"wp:attachment":[{"href":"https:\/\/grotta.is\/en\/wp-json\/wp\/v2\/media?parent=2887"}],"curies":[{"name":"wp","href":"https:\/\/api.w.org\/{rel}","templated":true}]}}