{"id":2326,"date":"2020-04-21T09:15:43","date_gmt":"2020-04-21T09:15:43","guid":{"rendered":"https:\/\/grotta.is\/?page_id=2326"},"modified":"2020-04-21T09:16:55","modified_gmt":"2020-04-21T09:16:55","slug":"saga","status":"publish","type":"page","link":"https:\/\/grotta.is\/en\/knattspyrnudeild\/saga\/","title":{"rendered":"Saga Knattspyrnudeildar Gr\u00f3ttu"},"content":{"rendered":"<div data-elementor-type=\"wp-page\" data-elementor-id=\"2326\" class=\"elementor elementor-2326\" data-elementor-post-type=\"page\">\n\t\t\t\t\t\t<section class=\"elementor-section elementor-top-section elementor-element elementor-element-24c69fb elementor-section-boxed elementor-section-height-default elementor-section-height-default\" data-id=\"24c69fb\" data-element_type=\"section\">\n\t\t\t\t\t\t<div class=\"elementor-container elementor-column-gap-default\">\n\t\t\t\t\t<div class=\"elementor-column elementor-col-100 elementor-top-column elementor-element elementor-element-7acb304\" data-id=\"7acb304\" data-element_type=\"column\">\n\t\t\t<div class=\"elementor-widget-wrap elementor-element-populated\">\n\t\t\t\t\t\t<div class=\"elementor-element elementor-element-b764e06 elementor-widget elementor-widget-text-editor\" data-id=\"b764e06\" data-element_type=\"widget\" data-widget_type=\"text-editor.default\">\n\t\t\t\t<div class=\"elementor-widget-container\">\n\t\t\t\t\t\t\t\t\t<p>Gar\u00f0ar Gu\u00f0mundsson \u00e1hugama\u00f0ur um knattspyrnu kalla\u00f0i saman nokkra drengi \u00e1 Seltjarnarnesi \u00e1ri\u00f0 1966 og h\u00f3f skipulag\u00f0ar \u00e6fingar sem marka upphaf \u00cd\u00fer\u00f3ttaf\u00e9lagsins Gr\u00f3ttu.<\/p><p>Gar\u00f0ar var allt \u00ed \u00f6llu. \u00c1samt stj\u00f3rnarst\u00f6rfum, sem gjaldkeri, ritari og forma\u00f0ur, \u00fej\u00e1lfa\u00f0i hann alla str\u00e1kana af Seltjarnarnesinu \u00e1 grasfl\u00f6t vi\u00f0 hli\u00f0ina \u00e1 h\u00fasinu s\u00ednu, en \u00feeir voru r\u00famlega 120. Skortur \u00e1 a\u00f0st\u00f6\u00f0u og n\u00e1b\u00fdli vi\u00f0 KR komu ni\u00f0ur \u00e1 uppbygginarstarfinu og meistarflokkur Gr\u00f3ttu \u00e1tti erfitt uppdr\u00e1ttar.<\/p><p>\u00c1ri\u00f0 1985 t\u00f3k Stef\u00e1n \u00c1g\u00fastsson vi\u00f0 formennsku og var honum \u00e6tla\u00f0 a\u00f0 binda endi \u00e1 erfileikat\u00edmabil sem haf\u00f0i veri\u00f0 \u00ed gangi.<\/p><p>Tveimur \u00e1rum s\u00ed\u00f0ar ur\u00f0u kynsl\u00f3\u00f0askipti \u00ed knattspyrnudeildinni. Stef\u00e1n l\u00e9t af formennsku og vi\u00f0 t\u00f3k stj\u00f3rn sem Sigurlaug Bjarnad\u00f3ttir, Steinn J\u00f3nsson og Gu\u00f0mundur Hannesson s\u00e1tu \u00ed. Eitt af fyrstu verkum n\u00fdrrar stj\u00f3rnar var a\u00f0 r\u00e1\u00f0a L\u00e1rus Gr\u00e9tarsson sem \u00fej\u00e1lfara. L\u00e1rus t\u00f3k vi\u00f0 yngri flokkum f\u00e9lagsins og t\u00f3ku hj\u00f3lin \u00fe\u00e1 a\u00f0 sn\u00faast. Li\u00f0 Gr\u00f3ttu t\u00f3ku a\u00f0 sigra leiki og m\u00f3t og me\u00f0 \u00fev\u00ed j\u00f3kst \u00e1s\u00f3kn \u00ed knattspyrnuna, b\u00e6\u00f0i me\u00f0al i\u00f0kenda og foreldra.<\/p><p>\u00c1ri\u00f0 1990 n\u00e1\u00f0ist svo \u00e1kve\u00f0inn h\u00e1punktur \u00ed \u00feessari \u00fer\u00f3un \u00feegar 5. flokkur n\u00e1\u00f0i fimmta s\u00e6ti \u00ed \u00cdslandsm\u00f3tinu. A\u00f0 sj\u00e1lfs\u00f6g\u00f0u t\u00f3ku forr\u00e1\u00f0amenn annarra f\u00e9laga eftir sl\u00edkum \u00e1rangri og f\u00f3r svo a\u00f0 lokum a\u00f0 L\u00e1rus f\u00f3r fr\u00e1 f\u00e9laginu.<\/p><p>Vi\u00f0 stafi L\u00e1rusar t\u00f3k J\u00fal\u00edus J\u00fal\u00edusson, sem \u00e1n efa hefur veri\u00f0 einn \u00e1sts\u00e6lasti unglinga\u00fej\u00e1lfarinn \u00ed s\u00f6gu f\u00e9lagsins, en J\u00fal\u00edus hefur ali\u00f0 upp heila kynsl\u00f3\u00f0 knattspyrnumanna undir merkjum Gr\u00f3ttu.<\/p><p>\u00c1ri\u00f0 1990 l\u00e9t Gu\u00f0mundur Hannesson af st\u00f6rfum sem forma\u00f0ur og sta\u00f0 hans t\u00f3k Steinn J\u00f3nsson, en Sigurlaug h\u00e9lt \u00e1fram sem gjaldkeri. Vi\u00f0 t\u00f3k bl\u00f3maskei\u00f0, en \u00e1 \u00e1runum 1990-1992 f\u00f3r li\u00f0i\u00f0 upp \u00far 4. deild og n\u00e1\u00f0i 3. s\u00e6ti \u00ed \u00feri\u00f0ju deildinni.<\/p><p>\u00c1ri\u00f0 1996 ur\u00f0u mikil vonbrig\u00f0i \u00feegar Gr\u00f3tta f\u00e9ll aftur ni\u00f0ur \u00ed 4. deild. Vi\u00f0 \u00fea\u00f0 grisja\u00f0ist miki\u00f0 \u00far meistaraflokki og lag\u00f0ist hann af um skei\u00f0. \u00c1ri\u00f0 2000 fengu Haraldur Eyvinds og Magn\u00fas \u00d6rn Gu\u00f0mundsson leyfi hj\u00e1 Gr\u00f3ttu til a\u00f0 skr\u00e1 aftur li\u00f0 til keppni undir merkjum Gr\u00f3ttu og sj\u00e1 jafnframt um rekstur flokksins. Haraldur er sonur Sigurlaugar sem \u00e1\u00f0ur var \u00ed stj\u00f3rninni og Magn\u00fas er sonur Gu\u00f0mundar fyrrverandi formanns knattspyrnudeildarinnar. J\u00fal\u00edus J\u00fal\u00edusson var fenginn til a\u00f0 \u00fej\u00e1lfa h\u00f3pinn og h\u00f3a\u00f0 var \u00ed h\u00f3p Gr\u00f3ttustr\u00e1ka sem allir voru \u00e1 meistaraflokksaldri. Vi\u00f0 t\u00f3ku 4 \u00e1r \u00fear sem Gr\u00f3tta komst alltaf \u00ed \u00farslitakeppnina \u00ed 4. deild, en n\u00e1\u00f0i \u00fev\u00ed mi\u00f0ur aldrei \u00feeim \u00e1rangri a\u00f0 komast upp \u00ed 3. deildina.<\/p><p>A\u00f0 fj\u00f3rum \u00e1rum li\u00f0num meistaraflokkurinn aftur or\u00f0inn hluti af rekstri knattspyrnudeildar. \u00de\u00e1 var \u00c1smundur Haraldsson r\u00e1\u00f0inn spilandi \u00fej\u00e1lfari li\u00f0sins og vi\u00f0 t\u00f3ku n\u00fdtt bl\u00f3maskei\u00f0. Gr\u00f3tta hefur s\u00ed\u00f0an komist tvisvar \u00ed 1. deild og spilar \u00fear \u00feegar \u00feetta er rita\u00f0.<\/p><p>Unglinga- og barnastarf hefur veri\u00f0 me\u00f0 besta m\u00f3ti. Mikil \u00e1hersla er l\u00f6g\u00f0 \u00e1 gott uppbygginarstarf \u00ed yngri flokkum og h\u00e1tt menntunarstig \u00fej\u00e1lfara. Gr\u00f3tta unni\u00f0 titla \u00e1 m\u00f3tum um allt land og kvennaf\u00f3tboltinn er \u00ed \u00f6rum vexti. A\u00f0sta\u00f0an hefur batna\u00f0 og \u00f6ll umgj\u00f6r\u00f0 \u00ed kringum knattspyrnudeildina er til fyrirmyndar.<\/p><p>N\u00faverandi stj\u00f3rn hefur seti\u00f0 lengi og unni\u00f0 mj\u00f6g gott starf.<\/p>\t\t\t\t\t\t\t\t<\/div>\n\t\t\t\t<\/div>\n\t\t\t\t\t<\/div>\n\t\t<\/div>\n\t\t\t\t\t<\/div>\n\t\t<\/section>\n\t\t\t\t<\/div>","protected":false},"excerpt":{"rendered":"<p>Gar\u00f0ar Gu\u00f0mundsson \u00e1hugama\u00f0ur um knattspyrnu kalla\u00f0i saman nokkra drengi \u00e1 Seltjarnarnesi \u00e1ri\u00f0 1966 og h\u00f3f skipulag\u00f0ar \u00e6fingar sem marka upphaf \u00cd\u00fer\u00f3ttaf\u00e9lagsins Gr\u00f3ttu. Gar\u00f0ar var allt \u00ed \u00f6llu. \u00c1samt stj\u00f3rnarst\u00f6rfum, sem [&hellip;]<\/p>","protected":false},"author":2,"featured_media":0,"parent":235,"menu_order":0,"comment_status":"closed","ping_status":"closed","template":"","meta":{"footnotes":""},"class_list":["post-2326","page","type-page","status-publish","hentry"],"yoast_head":"<!-- This site is optimized with the Yoast SEO plugin v24.3 - https:\/\/yoast.com\/wordpress\/plugins\/seo\/ -->\n<title>Saga Knattspyrnudeildar Gr\u00f3ttu - \u00cd\u00fer\u00f3ttaf\u00e9lagi\u00f0 Gr\u00f3tta<\/title>\n<meta name=\"robots\" content=\"index, follow, max-snippet:-1, max-image-preview:large, max-video-preview:-1\" \/>\n<link rel=\"canonical\" href=\"https:\/\/grotta.is\/en\/knattspyrnudeild\/saga\/\" \/>\n<meta property=\"og:locale\" content=\"en_US\" \/>\n<meta property=\"og:type\" content=\"article\" \/>\n<meta property=\"og:title\" content=\"Saga Knattspyrnudeildar Gr\u00f3ttu - \u00cd\u00fer\u00f3ttaf\u00e9lagi\u00f0 Gr\u00f3tta\" \/>\n<meta property=\"og:description\" content=\"Gar\u00f0ar Gu\u00f0mundsson \u00e1hugama\u00f0ur um knattspyrnu kalla\u00f0i saman nokkra drengi \u00e1 Seltjarnarnesi \u00e1ri\u00f0 1966 og h\u00f3f skipulag\u00f0ar \u00e6fingar sem marka upphaf \u00cd\u00fer\u00f3ttaf\u00e9lagsins Gr\u00f3ttu. Gar\u00f0ar var allt \u00ed \u00f6llu. \u00c1samt stj\u00f3rnarst\u00f6rfum, sem [&hellip;]\" \/>\n<meta property=\"og:url\" content=\"https:\/\/grotta.is\/en\/knattspyrnudeild\/saga\/\" \/>\n<meta property=\"og:site_name\" content=\"\u00cd\u00fer\u00f3ttaf\u00e9lagi\u00f0 Gr\u00f3tta\" \/>\n<meta property=\"article:publisher\" content=\"https:\/\/www.facebook.com\/grottasport\" \/>\n<meta property=\"article:modified_time\" content=\"2020-04-21T09:16:55+00:00\" \/>\n<meta name=\"twitter:card\" content=\"summary_large_image\" \/>\n<meta name=\"twitter:label1\" content=\"Est. reading time\" \/>\n\t<meta name=\"twitter:data1\" content=\"3 minutes\" \/>\n<script type=\"application\/ld+json\" class=\"yoast-schema-graph\">{\"@context\":\"https:\/\/schema.org\",\"@graph\":[{\"@type\":\"WebPage\",\"@id\":\"https:\/\/grotta.is\/knattspyrnudeild\/saga\/\",\"url\":\"https:\/\/grotta.is\/knattspyrnudeild\/saga\/\",\"name\":\"Saga Knattspyrnudeildar Gr\u00f3ttu - \u00cd\u00fer\u00f3ttaf\u00e9lagi\u00f0 Gr\u00f3tta\",\"isPartOf\":{\"@id\":\"https:\/\/grotta.is\/#website\"},\"datePublished\":\"2020-04-21T09:15:43+00:00\",\"dateModified\":\"2020-04-21T09:16:55+00:00\",\"breadcrumb\":{\"@id\":\"https:\/\/grotta.is\/knattspyrnudeild\/saga\/#breadcrumb\"},\"inLanguage\":\"en-US\",\"potentialAction\":[{\"@type\":\"ReadAction\",\"target\":[\"https:\/\/grotta.is\/knattspyrnudeild\/saga\/\"]}]},{\"@type\":\"BreadcrumbList\",\"@id\":\"https:\/\/grotta.is\/knattspyrnudeild\/saga\/#breadcrumb\",\"itemListElement\":[{\"@type\":\"ListItem\",\"position\":1,\"name\":\"Home\",\"item\":\"https:\/\/grotta.is\/\"},{\"@type\":\"ListItem\",\"position\":2,\"name\":\"Knattspyrnudeild Gr\u00f3ttu\",\"item\":\"https:\/\/grotta.is\/knattspyrnudeild\/\"},{\"@type\":\"ListItem\",\"position\":3,\"name\":\"Saga Knattspyrnudeildar Gr\u00f3ttu\"}]},{\"@type\":\"WebSite\",\"@id\":\"https:\/\/grotta.is\/#website\",\"url\":\"https:\/\/grotta.is\/\",\"name\":\"\u00cd\u00fer\u00f3ttaf\u00e9lagi\u00f0 Gr\u00f3tta\",\"description\":\"\u00e1 Seltjarnarnesi\",\"publisher\":{\"@id\":\"https:\/\/grotta.is\/#organization\"},\"potentialAction\":[{\"@type\":\"SearchAction\",\"target\":{\"@type\":\"EntryPoint\",\"urlTemplate\":\"https:\/\/grotta.is\/?s={search_term_string}\"},\"query-input\":{\"@type\":\"PropertyValueSpecification\",\"valueRequired\":true,\"valueName\":\"search_term_string\"}}],\"inLanguage\":\"en-US\"},{\"@type\":\"Organization\",\"@id\":\"https:\/\/grotta.is\/#organization\",\"name\":\"\u00cd\u00fer\u00f3ttaf\u00e9lagi\u00f0 Gr\u00f3tta\",\"url\":\"https:\/\/grotta.is\/\",\"logo\":{\"@type\":\"ImageObject\",\"inLanguage\":\"en-US\",\"@id\":\"https:\/\/grotta.is\/#\/schema\/logo\/image\/\",\"url\":\"https:\/\/grotta.is\/wp-content\/uploads\/2020\/02\/ithrottafelagidgrotta_logo_512x512_transparent.png\",\"contentUrl\":\"https:\/\/grotta.is\/wp-content\/uploads\/2020\/02\/ithrottafelagidgrotta_logo_512x512_transparent.png\",\"width\":512,\"height\":512,\"caption\":\"\u00cd\u00fer\u00f3ttaf\u00e9lagi\u00f0 Gr\u00f3tta\"},\"image\":{\"@id\":\"https:\/\/grotta.is\/#\/schema\/logo\/image\/\"},\"sameAs\":[\"https:\/\/www.facebook.com\/grottasport\"]}]}<\/script>\n<!-- \/ Yoast SEO plugin. -->","yoast_head_json":{"title":"Saga Knattspyrnudeildar Gr\u00f3ttu - \u00cd\u00fer\u00f3ttaf\u00e9lagi\u00f0 Gr\u00f3tta","robots":{"index":"index","follow":"follow","max-snippet":"max-snippet:-1","max-image-preview":"max-image-preview:large","max-video-preview":"max-video-preview:-1"},"canonical":"https:\/\/grotta.is\/en\/knattspyrnudeild\/saga\/","og_locale":"en_US","og_type":"article","og_title":"Saga Knattspyrnudeildar Gr\u00f3ttu - \u00cd\u00fer\u00f3ttaf\u00e9lagi\u00f0 Gr\u00f3tta","og_description":"Gar\u00f0ar Gu\u00f0mundsson \u00e1hugama\u00f0ur um knattspyrnu kalla\u00f0i saman nokkra drengi \u00e1 Seltjarnarnesi \u00e1ri\u00f0 1966 og h\u00f3f skipulag\u00f0ar \u00e6fingar sem marka upphaf \u00cd\u00fer\u00f3ttaf\u00e9lagsins Gr\u00f3ttu. Gar\u00f0ar var allt \u00ed \u00f6llu. \u00c1samt stj\u00f3rnarst\u00f6rfum, sem [&hellip;]","og_url":"https:\/\/grotta.is\/en\/knattspyrnudeild\/saga\/","og_site_name":"\u00cd\u00fer\u00f3ttaf\u00e9lagi\u00f0 Gr\u00f3tta","article_publisher":"https:\/\/www.facebook.com\/grottasport","article_modified_time":"2020-04-21T09:16:55+00:00","twitter_card":"summary_large_image","twitter_misc":{"Est. reading time":"3 minutes"},"schema":{"@context":"https:\/\/schema.org","@graph":[{"@type":"WebPage","@id":"https:\/\/grotta.is\/knattspyrnudeild\/saga\/","url":"https:\/\/grotta.is\/knattspyrnudeild\/saga\/","name":"Saga Knattspyrnudeildar Gr\u00f3ttu - \u00cd\u00fer\u00f3ttaf\u00e9lagi\u00f0 Gr\u00f3tta","isPartOf":{"@id":"https:\/\/grotta.is\/#website"},"datePublished":"2020-04-21T09:15:43+00:00","dateModified":"2020-04-21T09:16:55+00:00","breadcrumb":{"@id":"https:\/\/grotta.is\/knattspyrnudeild\/saga\/#breadcrumb"},"inLanguage":"en-US","potentialAction":[{"@type":"ReadAction","target":["https:\/\/grotta.is\/knattspyrnudeild\/saga\/"]}]},{"@type":"BreadcrumbList","@id":"https:\/\/grotta.is\/knattspyrnudeild\/saga\/#breadcrumb","itemListElement":[{"@type":"ListItem","position":1,"name":"Home","item":"https:\/\/grotta.is\/"},{"@type":"ListItem","position":2,"name":"Knattspyrnudeild Gr\u00f3ttu","item":"https:\/\/grotta.is\/knattspyrnudeild\/"},{"@type":"ListItem","position":3,"name":"Saga Knattspyrnudeildar Gr\u00f3ttu"}]},{"@type":"WebSite","@id":"https:\/\/grotta.is\/#website","url":"https:\/\/grotta.is\/","name":"\u00cd\u00fer\u00f3ttaf\u00e9lagi\u00f0 Gr\u00f3tta","description":"\u00e1 Seltjarnarnesi","publisher":{"@id":"https:\/\/grotta.is\/#organization"},"potentialAction":[{"@type":"SearchAction","target":{"@type":"EntryPoint","urlTemplate":"https:\/\/grotta.is\/?s={search_term_string}"},"query-input":{"@type":"PropertyValueSpecification","valueRequired":true,"valueName":"search_term_string"}}],"inLanguage":"en-US"},{"@type":"Organization","@id":"https:\/\/grotta.is\/#organization","name":"\u00cd\u00fer\u00f3ttaf\u00e9lagi\u00f0 Gr\u00f3tta","url":"https:\/\/grotta.is\/","logo":{"@type":"ImageObject","inLanguage":"en-US","@id":"https:\/\/grotta.is\/#\/schema\/logo\/image\/","url":"https:\/\/grotta.is\/wp-content\/uploads\/2020\/02\/ithrottafelagidgrotta_logo_512x512_transparent.png","contentUrl":"https:\/\/grotta.is\/wp-content\/uploads\/2020\/02\/ithrottafelagidgrotta_logo_512x512_transparent.png","width":512,"height":512,"caption":"\u00cd\u00fer\u00f3ttaf\u00e9lagi\u00f0 Gr\u00f3tta"},"image":{"@id":"https:\/\/grotta.is\/#\/schema\/logo\/image\/"},"sameAs":["https:\/\/www.facebook.com\/grottasport"]}]}},"_links":{"self":[{"href":"https:\/\/grotta.is\/en\/wp-json\/wp\/v2\/pages\/2326","targetHints":{"allow":["GET"]}}],"collection":[{"href":"https:\/\/grotta.is\/en\/wp-json\/wp\/v2\/pages"}],"about":[{"href":"https:\/\/grotta.is\/en\/wp-json\/wp\/v2\/types\/page"}],"author":[{"embeddable":true,"href":"https:\/\/grotta.is\/en\/wp-json\/wp\/v2\/users\/2"}],"replies":[{"embeddable":true,"href":"https:\/\/grotta.is\/en\/wp-json\/wp\/v2\/comments?post=2326"}],"version-history":[{"count":4,"href":"https:\/\/grotta.is\/en\/wp-json\/wp\/v2\/pages\/2326\/revisions"}],"predecessor-version":[{"id":2330,"href":"https:\/\/grotta.is\/en\/wp-json\/wp\/v2\/pages\/2326\/revisions\/2330"}],"up":[{"embeddable":true,"href":"https:\/\/grotta.is\/en\/wp-json\/wp\/v2\/pages\/235"}],"wp:attachment":[{"href":"https:\/\/grotta.is\/en\/wp-json\/wp\/v2\/media?parent=2326"}],"curies":[{"name":"wp","href":"https:\/\/api.w.org\/{rel}","templated":true}]}}