{"id":2303,"date":"2020-04-20T21:40:26","date_gmt":"2020-04-20T21:40:26","guid":{"rendered":"https:\/\/grotta.is\/?page_id=2303"},"modified":"2020-04-20T21:52:33","modified_gmt":"2020-04-20T21:52:33","slug":"reglur","status":"publish","type":"page","link":"https:\/\/grotta.is\/en\/fimleikadeild\/reglur\/","title":{"rendered":"Reglur"},"content":{"rendered":"<div data-elementor-type=\"wp-page\" data-elementor-id=\"2303\" class=\"elementor elementor-2303\" data-elementor-post-type=\"page\">\n\t\t\t\t\t\t<section class=\"elementor-section elementor-top-section elementor-element elementor-element-a898f7d elementor-section-boxed elementor-section-height-default elementor-section-height-default\" data-id=\"a898f7d\" data-element_type=\"section\">\n\t\t\t\t\t\t<div class=\"elementor-container elementor-column-gap-default\">\n\t\t\t\t\t<div class=\"elementor-column elementor-col-100 elementor-top-column elementor-element elementor-element-e3a2eab\" data-id=\"e3a2eab\" data-element_type=\"column\">\n\t\t\t<div class=\"elementor-widget-wrap elementor-element-populated\">\n\t\t\t\t\t\t<div class=\"elementor-element elementor-element-5f61e3a elementor-widget elementor-widget-spacer\" data-id=\"5f61e3a\" data-element_type=\"widget\" data-widget_type=\"spacer.default\">\n\t\t\t\t<div class=\"elementor-widget-container\">\n\t\t\t\t\t\t\t<div class=\"elementor-spacer\">\n\t\t\t<div class=\"elementor-spacer-inner\"><\/div>\n\t\t<\/div>\n\t\t\t\t\t\t<\/div>\n\t\t\t\t<\/div>\n\t\t\t\t<div class=\"elementor-element elementor-element-27c6795 elementor-widget elementor-widget-heading\" data-id=\"27c6795\" data-element_type=\"widget\" data-widget_type=\"heading.default\">\n\t\t\t\t<div class=\"elementor-widget-container\">\n\t\t\t\t\t<h2 class=\"elementor-heading-title elementor-size-default\">FIMLEIKADEILD GR\u00d3TTU<\/h2>\t\t\t\t<\/div>\n\t\t\t\t<\/div>\n\t\t\t\t<div class=\"elementor-element elementor-element-b7fa5ba elementor-widget elementor-widget-spacer\" data-id=\"b7fa5ba\" data-element_type=\"widget\" data-widget_type=\"spacer.default\">\n\t\t\t\t<div class=\"elementor-widget-container\">\n\t\t\t\t\t\t\t<div class=\"elementor-spacer\">\n\t\t\t<div class=\"elementor-spacer-inner\"><\/div>\n\t\t<\/div>\n\t\t\t\t\t\t<\/div>\n\t\t\t\t<\/div>\n\t\t\t\t\t<\/div>\n\t\t<\/div>\n\t\t\t\t\t<\/div>\n\t\t<\/section>\n\t\t\t\t<section class=\"elementor-section elementor-top-section elementor-element elementor-element-58d5e57 elementor-section-boxed elementor-section-height-default elementor-section-height-default\" data-id=\"58d5e57\" data-element_type=\"section\">\n\t\t\t\t\t\t<div class=\"elementor-container elementor-column-gap-default\">\n\t\t\t\t\t<div class=\"elementor-column elementor-col-50 elementor-top-column elementor-element elementor-element-40cb106\" data-id=\"40cb106\" data-element_type=\"column\">\n\t\t\t<div class=\"elementor-widget-wrap elementor-element-populated\">\n\t\t\t\t\t\t<div class=\"elementor-element elementor-element-22709a9 elementor-widget elementor-widget-heading\" data-id=\"22709a9\" data-element_type=\"widget\" data-widget_type=\"heading.default\">\n\t\t\t\t<div class=\"elementor-widget-container\">\n\t\t\t\t\t<h4 class=\"elementor-heading-title elementor-size-default\">REGLUR \u00cd FIMLEIKASAL<\/h4>\t\t\t\t<\/div>\n\t\t\t\t<\/div>\n\t\t\t\t<div class=\"elementor-element elementor-element-013ad2b elementor-widget elementor-widget-text-editor\" data-id=\"013ad2b\" data-element_type=\"widget\" data-widget_type=\"text-editor.default\">\n\t\t\t\t<div class=\"elementor-widget-container\">\n\t\t\t\t\t\t\t\t\t<ol><li>I\u00f0kendur skulu m\u00e6ttir \u00e1 \u00e6fingu \u00e1 r\u00e9ttum t\u00edma.<\/li><li>\u00datisk\u00f3 skal setja upp \u00ed sk\u00f3geymslu og f\u00f6t skulu hengd upp \u00e1 snaga \u00ed b\u00faningsklefum.<\/li><li>Engin \u00e1byrg\u00f0 er tekin \u00e1 ver\u00f0m\u00e6tum, sk\u00f3m e\u00f0a f\u00f6tum. Vi\u00f0 m\u00e6lum eindregi\u00f0 me\u00f0 a\u00f0 merkja fatna\u00f0 me\u00f0 nafni og s\u00edman\u00fameri.<\/li><li>Stranglega banna\u00f0 er a\u00f0 fara me\u00f0 drykki e\u00f0a matv\u00f6ru, inn \u00ed \u00ed\u00fer\u00f3ttasal og b\u00faningsklefa.<\/li><li>Ganga skal snyrtilega um b\u00faningsklefa og matarafg\u00f6ngum og rusli hent \u00ed ruslatunnur.<\/li><li>A\u00f0 loknum \u00e6fingum yfirgefa i\u00f0kendur salinn.<\/li><li>\u00d6ll l\u00e6ti, \u00e1t\u00f6k e\u00f0a hrindingar \u00ed b\u00fanings- og ba\u00f0klefum eru stranglega banna\u00f0ar. Bera skal vir\u00f0ingu fyrir starfsm\u00f6nnum og i\u00f0kendum Gr\u00f3ttu.<\/li><li>Enginn h\u00f3pur m\u00e1 fara inn \u00ed fimleikasal fyrr en \u00fej\u00e1lfari s\u00e6kir h\u00f3pinn \u00ed b\u00faningsklefann.<\/li><li>\u00c1 fimleika\u00e6fingu skal kl\u00e6\u00f0ast \u00fear til ger\u00f0um fimleikafatna\u00f0i og s\u00edtt h\u00e1r bundi\u00f0 \u00ed teygju.<\/li><li>Bera skal vir\u00f0ingu fyrir \u00f6llum \u00ed\u00fer\u00f3tta\u00e1h\u00f6ldum \u00ed fimleikasalnum. \u00cd lok hvers \u00e6fingat\u00edma skal \u00fej\u00e1lfari sj\u00e1 um a\u00f0 i\u00f0kendur gangi snyrtilega fr\u00e1 \u00f6llum \u00e1h\u00f6ldum og d\u00fdnum \u00e1 sama sta\u00f0 og \u00feau voru tekin.<\/li><li>\u00d6ll me\u00f0fer\u00f0 gler\u00edl\u00e1ta \u00ed b\u00faningsklefum og fimleikasal er stranglega b\u00f6nnu\u00f0.<\/li><li>I\u00f0kendur skulu hl\u00fd\u00f0a tilm\u00e6lum alls starfsf\u00f3lks Gr\u00f3ttu.<\/li><\/ol>\t\t\t\t\t\t\t\t<\/div>\n\t\t\t\t<\/div>\n\t\t\t\t\t<\/div>\n\t\t<\/div>\n\t\t\t\t<div class=\"elementor-column elementor-col-50 elementor-top-column elementor-element elementor-element-04fb73a\" data-id=\"04fb73a\" data-element_type=\"column\">\n\t\t\t<div class=\"elementor-widget-wrap elementor-element-populated\">\n\t\t\t\t\t\t<div class=\"elementor-element elementor-element-4b24fbd elementor-widget elementor-widget-heading\" data-id=\"4b24fbd\" data-element_type=\"widget\" data-widget_type=\"heading.default\">\n\t\t\t\t<div class=\"elementor-widget-container\">\n\t\t\t\t\t<h4 class=\"elementor-heading-title elementor-size-default\">REGLUR \u00deJ\u00c1LFARA<\/h4>\t\t\t\t<\/div>\n\t\t\t\t<\/div>\n\t\t\t\t<div class=\"elementor-element elementor-element-5a599bc elementor-widget elementor-widget-text-editor\" data-id=\"5a599bc\" data-element_type=\"widget\" data-widget_type=\"text-editor.default\">\n\t\t\t\t<div class=\"elementor-widget-container\">\n\t\t\t\t\t\t\t\t\t<ol><li>\u00dej\u00e1lfarar Gr\u00f3ttu s\u00fdna hver \u00f6\u00f0rum, i\u00f0kendum s\u00ednum og foreldrum\/forr\u00e1\u00f0am\u00f6nnum vir\u00f0ingu<\/li><li>\u00dej\u00e1lfarar Gr\u00f3ttu m\u00e6ta snyrtilega til fara, \u00ed vi\u00f0eigandi \u00ed\u00fer\u00f3ttafatna\u00f0i. Notkun fars\u00edma \u00ed salnum er b\u00f6nnu\u00f0. S\u00edtt h\u00e1r er \u00ed teygju \u00e1 me\u00f0an \u00fej\u00e1lfun \u00e1 s\u00e9r sta\u00f0.<\/li><li>\u00dej\u00e1lfara Gr\u00f3ttu m\u00e6ta t\u00edu m\u00edn\u00fatum fyrir \u00e6fingat\u00edmann. \u00deannig erum vi\u00f0 tilb\u00fain \u00feegar \u00e6fingin hefst. I\u00f0kendur eru s\u00f3ttir inn \u00ed klefa \u00feegar t\u00edminn byrjar, ekki \u00feegar t\u00edminn \u00e1 a\u00f0 vera byrja\u00f0ur. S\u00fdnum \u00e1byrg\u00f0, verum til fyrirmyndar.<\/li><li>\u00dej\u00e1lfarar Gr\u00f3ttu sitja ekki \u00e1 me\u00f0an kennslu stendur.<\/li><li>Frj\u00e1ls leikt\u00edmi er ekki \u00ed bo\u00f0i en h\u00e6gt er a\u00f0 leyfa i\u00f0kendum a\u00f0 leika s\u00e9r ef \u00fea\u00f0 er gert me\u00f0 skipul\u00f6g\u00f0um h\u00e6tti.<\/li><li>\u00dej\u00e1lfarar Gr\u00f3ttu leysa \u00e1greining sem upp kann a\u00f0 koma fyrir utan salinn, ekki inn \u00ed sal fyrir framan i\u00f0kendurna.<\/li><li>\u00dej\u00e1lfarar Gr\u00f3ttu tileinka s\u00e9r kurteisi, jafnvel \u00feegar h\u00fan er ekki endurgoldin.<\/li><li>\u00cd lok hvers \u00e6fingat\u00edma skal \u00fej\u00e1lfari sj\u00e1 um a\u00f0 i\u00f0kendur gangi snyrtilega fr\u00e1 \u00f6llum \u00e1h\u00f6ldum og d\u00fdnum \u00e1 sama sta\u00f0 og \u00feau voru tekin.<\/li><li>Ef upp koma erfi\u00f0 m\u00e1l sem vi\u00f0 getum ekki leyst e\u00f0a eigum ekki svar vi\u00f0 v\u00edsum vi\u00f0 \u00e1 yfir\u00fej\u00e1lfara e\u00f0a framkv\u00e6mdastj\u00f3ra fimleikadeildarinnar<\/li><\/ol>\t\t\t\t\t\t\t\t<\/div>\n\t\t\t\t<\/div>\n\t\t\t\t\t<\/div>\n\t\t<\/div>\n\t\t\t\t\t<\/div>\n\t\t<\/section>\n\t\t\t\t<section class=\"elementor-section elementor-top-section elementor-element elementor-element-9c6c7d2 elementor-section-boxed elementor-section-height-default elementor-section-height-default\" data-id=\"9c6c7d2\" data-element_type=\"section\">\n\t\t\t\t\t\t<div class=\"elementor-container elementor-column-gap-default\">\n\t\t\t\t\t<div class=\"elementor-column elementor-col-100 elementor-top-column elementor-element elementor-element-aa129f0\" data-id=\"aa129f0\" data-element_type=\"column\">\n\t\t\t<div class=\"elementor-widget-wrap elementor-element-populated\">\n\t\t\t\t\t\t<div class=\"elementor-element elementor-element-348e654 elementor-widget elementor-widget-spacer\" data-id=\"348e654\" data-element_type=\"widget\" data-widget_type=\"spacer.default\">\n\t\t\t\t<div class=\"elementor-widget-container\">\n\t\t\t\t\t\t\t<div class=\"elementor-spacer\">\n\t\t\t<div class=\"elementor-spacer-inner\"><\/div>\n\t\t<\/div>\n\t\t\t\t\t\t<\/div>\n\t\t\t\t<\/div>\n\t\t\t\t<div class=\"elementor-element elementor-element-0ceea68 elementor-align-left elementor-widget elementor-widget-raven-breadcrumbs\" data-id=\"0ceea68\" data-element_type=\"widget\" data-widget_type=\"raven-breadcrumbs.default\">\n\t\t\t\t<div class=\"elementor-widget-container\">\n\t\t\t\t\t<div class=\"raven-breadcrumbs raven-breadcrumbs-default\"><div class=\"breadcrumb\">\t\t\t\t<div class=\"breadcrumb-item active\" aria-current=\"page\"><span>Home<\/span><\/div>\r\n\r\n\t\t\t\t<\/div><\/div>\t\t\t\t<\/div>\n\t\t\t\t<\/div>\n\t\t\t\t\t<\/div>\n\t\t<\/div>\n\t\t\t\t\t<\/div>\n\t\t<\/section>\n\t\t\t\t<\/div>","protected":false},"excerpt":{"rendered":"<p>FIMLEIKADEILD GR\u00d3TTU REGLUR \u00cd FIMLEIKASAL I\u00f0kendur skulu m\u00e6ttir \u00e1 \u00e6fingu \u00e1 r\u00e9ttum t\u00edma. \u00datisk\u00f3 skal setja upp \u00ed sk\u00f3geymslu og f\u00f6t skulu hengd upp \u00e1 snaga \u00ed b\u00faningsklefum. Engin \u00e1byrg\u00f0 [&hellip;]<\/p>","protected":false},"author":2,"featured_media":0,"parent":1123,"menu_order":0,"comment_status":"closed","ping_status":"closed","template":"elementor_header_footer","meta":{"footnotes":""},"class_list":["post-2303","page","type-page","status-publish","hentry"],"yoast_head":"<!-- This site is optimized with the Yoast SEO plugin v24.3 - https:\/\/yoast.com\/wordpress\/plugins\/seo\/ -->\n<title>Reglur - \u00cd\u00fer\u00f3ttaf\u00e9lagi\u00f0 Gr\u00f3tta<\/title>\n<meta name=\"robots\" content=\"index, follow, max-snippet:-1, max-image-preview:large, max-video-preview:-1\" \/>\n<link rel=\"canonical\" href=\"https:\/\/grotta.is\/en\/fimleikadeild\/reglur\/\" \/>\n<meta property=\"og:locale\" content=\"en_US\" \/>\n<meta property=\"og:type\" content=\"article\" \/>\n<meta property=\"og:title\" content=\"Reglur - \u00cd\u00fer\u00f3ttaf\u00e9lagi\u00f0 Gr\u00f3tta\" \/>\n<meta property=\"og:description\" content=\"FIMLEIKADEILD GR\u00d3TTU REGLUR \u00cd FIMLEIKASAL I\u00f0kendur skulu m\u00e6ttir \u00e1 \u00e6fingu \u00e1 r\u00e9ttum t\u00edma. \u00datisk\u00f3 skal setja upp \u00ed sk\u00f3geymslu og f\u00f6t skulu hengd upp \u00e1 snaga \u00ed b\u00faningsklefum. Engin \u00e1byrg\u00f0 [&hellip;]\" \/>\n<meta property=\"og:url\" content=\"https:\/\/grotta.is\/en\/fimleikadeild\/reglur\/\" \/>\n<meta property=\"og:site_name\" content=\"\u00cd\u00fer\u00f3ttaf\u00e9lagi\u00f0 Gr\u00f3tta\" \/>\n<meta property=\"article:publisher\" content=\"https:\/\/www.facebook.com\/grottasport\" \/>\n<meta property=\"article:modified_time\" content=\"2020-04-20T21:52:33+00:00\" \/>\n<meta name=\"twitter:card\" content=\"summary_large_image\" \/>\n<meta name=\"twitter:label1\" content=\"Est. reading time\" \/>\n\t<meta name=\"twitter:data1\" content=\"2 minutes\" \/>\n<script type=\"application\/ld+json\" class=\"yoast-schema-graph\">{\"@context\":\"https:\/\/schema.org\",\"@graph\":[{\"@type\":\"WebPage\",\"@id\":\"https:\/\/grotta.is\/fimleikadeild\/reglur\/\",\"url\":\"https:\/\/grotta.is\/fimleikadeild\/reglur\/\",\"name\":\"Reglur - \u00cd\u00fer\u00f3ttaf\u00e9lagi\u00f0 Gr\u00f3tta\",\"isPartOf\":{\"@id\":\"https:\/\/grotta.is\/#website\"},\"datePublished\":\"2020-04-20T21:40:26+00:00\",\"dateModified\":\"2020-04-20T21:52:33+00:00\",\"breadcrumb\":{\"@id\":\"https:\/\/grotta.is\/fimleikadeild\/reglur\/#breadcrumb\"},\"inLanguage\":\"en-US\",\"potentialAction\":[{\"@type\":\"ReadAction\",\"target\":[\"https:\/\/grotta.is\/fimleikadeild\/reglur\/\"]}]},{\"@type\":\"BreadcrumbList\",\"@id\":\"https:\/\/grotta.is\/fimleikadeild\/reglur\/#breadcrumb\",\"itemListElement\":[{\"@type\":\"ListItem\",\"position\":1,\"name\":\"Home\",\"item\":\"https:\/\/grotta.is\/\"},{\"@type\":\"ListItem\",\"position\":2,\"name\":\"Fimleikadeild Gr\u00f3ttu\",\"item\":\"https:\/\/grotta.is\/fimleikadeild\/\"},{\"@type\":\"ListItem\",\"position\":3,\"name\":\"Reglur\"}]},{\"@type\":\"WebSite\",\"@id\":\"https:\/\/grotta.is\/#website\",\"url\":\"https:\/\/grotta.is\/\",\"name\":\"\u00cd\u00fer\u00f3ttaf\u00e9lagi\u00f0 Gr\u00f3tta\",\"description\":\"\u00e1 Seltjarnarnesi\",\"publisher\":{\"@id\":\"https:\/\/grotta.is\/#organization\"},\"potentialAction\":[{\"@type\":\"SearchAction\",\"target\":{\"@type\":\"EntryPoint\",\"urlTemplate\":\"https:\/\/grotta.is\/?s={search_term_string}\"},\"query-input\":{\"@type\":\"PropertyValueSpecification\",\"valueRequired\":true,\"valueName\":\"search_term_string\"}}],\"inLanguage\":\"en-US\"},{\"@type\":\"Organization\",\"@id\":\"https:\/\/grotta.is\/#organization\",\"name\":\"\u00cd\u00fer\u00f3ttaf\u00e9lagi\u00f0 Gr\u00f3tta\",\"url\":\"https:\/\/grotta.is\/\",\"logo\":{\"@type\":\"ImageObject\",\"inLanguage\":\"en-US\",\"@id\":\"https:\/\/grotta.is\/#\/schema\/logo\/image\/\",\"url\":\"https:\/\/grotta.is\/wp-content\/uploads\/2020\/02\/ithrottafelagidgrotta_logo_512x512_transparent.png\",\"contentUrl\":\"https:\/\/grotta.is\/wp-content\/uploads\/2020\/02\/ithrottafelagidgrotta_logo_512x512_transparent.png\",\"width\":512,\"height\":512,\"caption\":\"\u00cd\u00fer\u00f3ttaf\u00e9lagi\u00f0 Gr\u00f3tta\"},\"image\":{\"@id\":\"https:\/\/grotta.is\/#\/schema\/logo\/image\/\"},\"sameAs\":[\"https:\/\/www.facebook.com\/grottasport\"]}]}<\/script>\n<!-- \/ Yoast SEO plugin. -->","yoast_head_json":{"title":"Reglur - \u00cd\u00fer\u00f3ttaf\u00e9lagi\u00f0 Gr\u00f3tta","robots":{"index":"index","follow":"follow","max-snippet":"max-snippet:-1","max-image-preview":"max-image-preview:large","max-video-preview":"max-video-preview:-1"},"canonical":"https:\/\/grotta.is\/en\/fimleikadeild\/reglur\/","og_locale":"en_US","og_type":"article","og_title":"Reglur - \u00cd\u00fer\u00f3ttaf\u00e9lagi\u00f0 Gr\u00f3tta","og_description":"FIMLEIKADEILD GR\u00d3TTU REGLUR \u00cd FIMLEIKASAL I\u00f0kendur skulu m\u00e6ttir \u00e1 \u00e6fingu \u00e1 r\u00e9ttum t\u00edma. \u00datisk\u00f3 skal setja upp \u00ed sk\u00f3geymslu og f\u00f6t skulu hengd upp \u00e1 snaga \u00ed b\u00faningsklefum. Engin \u00e1byrg\u00f0 [&hellip;]","og_url":"https:\/\/grotta.is\/en\/fimleikadeild\/reglur\/","og_site_name":"\u00cd\u00fer\u00f3ttaf\u00e9lagi\u00f0 Gr\u00f3tta","article_publisher":"https:\/\/www.facebook.com\/grottasport","article_modified_time":"2020-04-20T21:52:33+00:00","twitter_card":"summary_large_image","twitter_misc":{"Est. reading time":"2 minutes"},"schema":{"@context":"https:\/\/schema.org","@graph":[{"@type":"WebPage","@id":"https:\/\/grotta.is\/fimleikadeild\/reglur\/","url":"https:\/\/grotta.is\/fimleikadeild\/reglur\/","name":"Reglur - \u00cd\u00fer\u00f3ttaf\u00e9lagi\u00f0 Gr\u00f3tta","isPartOf":{"@id":"https:\/\/grotta.is\/#website"},"datePublished":"2020-04-20T21:40:26+00:00","dateModified":"2020-04-20T21:52:33+00:00","breadcrumb":{"@id":"https:\/\/grotta.is\/fimleikadeild\/reglur\/#breadcrumb"},"inLanguage":"en-US","potentialAction":[{"@type":"ReadAction","target":["https:\/\/grotta.is\/fimleikadeild\/reglur\/"]}]},{"@type":"BreadcrumbList","@id":"https:\/\/grotta.is\/fimleikadeild\/reglur\/#breadcrumb","itemListElement":[{"@type":"ListItem","position":1,"name":"Home","item":"https:\/\/grotta.is\/"},{"@type":"ListItem","position":2,"name":"Fimleikadeild Gr\u00f3ttu","item":"https:\/\/grotta.is\/fimleikadeild\/"},{"@type":"ListItem","position":3,"name":"Reglur"}]},{"@type":"WebSite","@id":"https:\/\/grotta.is\/#website","url":"https:\/\/grotta.is\/","name":"\u00cd\u00fer\u00f3ttaf\u00e9lagi\u00f0 Gr\u00f3tta","description":"\u00e1 Seltjarnarnesi","publisher":{"@id":"https:\/\/grotta.is\/#organization"},"potentialAction":[{"@type":"SearchAction","target":{"@type":"EntryPoint","urlTemplate":"https:\/\/grotta.is\/?s={search_term_string}"},"query-input":{"@type":"PropertyValueSpecification","valueRequired":true,"valueName":"search_term_string"}}],"inLanguage":"en-US"},{"@type":"Organization","@id":"https:\/\/grotta.is\/#organization","name":"\u00cd\u00fer\u00f3ttaf\u00e9lagi\u00f0 Gr\u00f3tta","url":"https:\/\/grotta.is\/","logo":{"@type":"ImageObject","inLanguage":"en-US","@id":"https:\/\/grotta.is\/#\/schema\/logo\/image\/","url":"https:\/\/grotta.is\/wp-content\/uploads\/2020\/02\/ithrottafelagidgrotta_logo_512x512_transparent.png","contentUrl":"https:\/\/grotta.is\/wp-content\/uploads\/2020\/02\/ithrottafelagidgrotta_logo_512x512_transparent.png","width":512,"height":512,"caption":"\u00cd\u00fer\u00f3ttaf\u00e9lagi\u00f0 Gr\u00f3tta"},"image":{"@id":"https:\/\/grotta.is\/#\/schema\/logo\/image\/"},"sameAs":["https:\/\/www.facebook.com\/grottasport"]}]}},"_links":{"self":[{"href":"https:\/\/grotta.is\/en\/wp-json\/wp\/v2\/pages\/2303","targetHints":{"allow":["GET"]}}],"collection":[{"href":"https:\/\/grotta.is\/en\/wp-json\/wp\/v2\/pages"}],"about":[{"href":"https:\/\/grotta.is\/en\/wp-json\/wp\/v2\/types\/page"}],"author":[{"embeddable":true,"href":"https:\/\/grotta.is\/en\/wp-json\/wp\/v2\/users\/2"}],"replies":[{"embeddable":true,"href":"https:\/\/grotta.is\/en\/wp-json\/wp\/v2\/comments?post=2303"}],"version-history":[{"count":4,"href":"https:\/\/grotta.is\/en\/wp-json\/wp\/v2\/pages\/2303\/revisions"}],"predecessor-version":[{"id":2309,"href":"https:\/\/grotta.is\/en\/wp-json\/wp\/v2\/pages\/2303\/revisions\/2309"}],"up":[{"embeddable":true,"href":"https:\/\/grotta.is\/en\/wp-json\/wp\/v2\/pages\/1123"}],"wp:attachment":[{"href":"https:\/\/grotta.is\/en\/wp-json\/wp\/v2\/media?parent=2303"}],"curies":[{"name":"wp","href":"https:\/\/api.w.org\/{rel}","templated":true}]}}