{"id":2276,"date":"2020-04-20T20:01:12","date_gmt":"2020-04-20T20:01:12","guid":{"rendered":"https:\/\/grotta.is\/?page_id=2276"},"modified":"2025-12-16T10:39:27","modified_gmt":"2025-12-16T10:39:27","slug":"aefingagjold","status":"publish","type":"page","link":"https:\/\/grotta.is\/en\/fimleikadeild\/aefingagjold\/","title":{"rendered":"\u00c6fingagj\u00f6ld"},"content":{"rendered":"<div data-elementor-type=\"wp-page\" data-elementor-id=\"2276\" class=\"elementor elementor-2276\" data-elementor-post-type=\"page\">\n\t\t\t\t\t\t<section class=\"elementor-section elementor-top-section elementor-element elementor-element-eb99365 elementor-section-boxed elementor-section-height-default elementor-section-height-default\" data-id=\"eb99365\" data-element_type=\"section\">\n\t\t\t\t\t\t<div class=\"elementor-container elementor-column-gap-default\">\n\t\t\t\t\t<div class=\"elementor-column elementor-col-100 elementor-top-column elementor-element elementor-element-88cf397\" data-id=\"88cf397\" data-element_type=\"column\">\n\t\t\t<div class=\"elementor-widget-wrap elementor-element-populated\">\n\t\t\t\t\t\t<div class=\"elementor-element elementor-element-1810339 elementor-widget elementor-widget-heading\" data-id=\"1810339\" data-element_type=\"widget\" data-widget_type=\"heading.default\">\n\t\t\t\t<div class=\"elementor-widget-container\">\n\t\t\t\t\t<h2 class=\"elementor-heading-title elementor-size-default\">VER\u00d0SKR\u00c1 FYRIR VOR\u00d6NN 2026<\/h2>\t\t\t\t<\/div>\n\t\t\t\t<\/div>\n\t\t\t\t<div class=\"elementor-element elementor-element-067bbf1 elementor-widget elementor-widget-heading\" data-id=\"067bbf1\" data-element_type=\"widget\" data-widget_type=\"heading.default\">\n\t\t\t\t<div class=\"elementor-widget-container\">\n\t\t\t\t\t<h4 class=\"elementor-heading-title elementor-size-default\">FIMLEIKADEILD GR\u00d3TTU<\/h4>\t\t\t\t<\/div>\n\t\t\t\t<\/div>\n\t\t\t\t<div class=\"elementor-element elementor-element-a4a86cb elementor-widget elementor-widget-image\" data-id=\"a4a86cb\" data-element_type=\"widget\" data-widget_type=\"image.default\">\n\t\t\t\t<div class=\"elementor-widget-container\">\n\t\t\t\t\t\t\t\t\t\t\t\t\t\t\t<img fetchpriority=\"high\" decoding=\"async\" width=\"656\" height=\"817\" src=\"https:\/\/grotta.is\/wp-content\/uploads\/2025\/12\/gj-ld-26-fimleikar.png\" class=\"attachment-full size-full wp-image-575902\" alt=\"\" srcset=\"https:\/\/grotta.is\/wp-content\/uploads\/2025\/12\/gj-ld-26-fimleikar.png 656w, https:\/\/grotta.is\/wp-content\/uploads\/2025\/12\/gj-ld-26-fimleikar-241x300.png 241w, https:\/\/grotta.is\/wp-content\/uploads\/2025\/12\/gj-ld-26-fimleikar-10x12.png 10w, https:\/\/grotta.is\/wp-content\/uploads\/2025\/12\/gj-ld-26-fimleikar-600x747.png 600w\" sizes=\"(max-width: 656px) 100vw, 656px\" \/>\t\t\t\t\t\t\t\t\t\t\t\t\t\t\t<\/div>\n\t\t\t\t<\/div>\n\t\t\t\t<div class=\"elementor-element elementor-element-a3a4d67 elementor-widget elementor-widget-heading\" data-id=\"a3a4d67\" data-element_type=\"widget\" data-widget_type=\"heading.default\">\n\t\t\t\t<div class=\"elementor-widget-container\">\n\t\t\t\t\t<h4 class=\"elementor-heading-title elementor-size-default\">Skilm\u00e1lar \u00e6fingagjalda<\/h4>\t\t\t\t<\/div>\n\t\t\t\t<\/div>\n\t\t\t\t<div class=\"elementor-element elementor-element-50cd22b elementor-widget elementor-widget-text-editor\" data-id=\"50cd22b\" data-element_type=\"widget\" data-widget_type=\"text-editor.default\">\n\t\t\t\t<div class=\"elementor-widget-container\">\n\t\t\t\t\t\t\t\t\t<ul>\n<li>M\u00f3tagj\u00f6ld eru ekki innifalin \u00ed \u00e6fingagj\u00f6ldunum.<\/li>\n<li>Fimleikaf\u00e9lagi\u00f0 Gr\u00f3tta \u00e1skilur s\u00e9r r\u00e9tt til a\u00f0 fella ni\u00f0ur n\u00e1mskei\u00f0 og endurgrei\u00f0a i\u00f0kendum, ef ekki f\u00e6st n\u00e6g \u00fe\u00e1tttaka.<\/li>\n<li>I\u00f0kendur geta ekki hafi\u00f0 \u00e6fingar \u00e1 n\u00e1mskei\u00f0i (\u00f6nn\/sumarn\u00e1mskei\u00f0) n\u00e9 teki\u00f0 \u00fe\u00e1tt \u00ed m\u00f3tum fyrir h\u00f6nd f\u00e9lagsins nema vera skuldlausir vi\u00f0 f\u00e9lagi\u00f0 e\u00f0a hafa \u00e1\u00f0ur sami\u00f0 um uppgj\u00f6r eldri skulda.<\/li>\n<li>Forskr\u00e1ningargjald er \u00f3afturkr\u00e6ft nema a\u00f0 fimleikadeildin \u00feurfi a\u00f0 neita i\u00f0kendum um pl\u00e1ss e\u00f0a fella ni\u00f0ur n\u00e1mskei\u00f0.<\/li>\n<\/ul>\t\t\t\t\t\t\t\t<\/div>\n\t\t\t\t<\/div>\n\t\t\t\t<div class=\"elementor-element elementor-element-146d95c elementor-widget elementor-widget-heading\" data-id=\"146d95c\" data-element_type=\"widget\" data-widget_type=\"heading.default\">\n\t\t\t\t<div class=\"elementor-widget-container\">\n\t\t\t\t\t<h4 class=\"elementor-heading-title elementor-size-default\">Systkinaafsl\u00e1ttur<\/h4>\t\t\t\t<\/div>\n\t\t\t\t<\/div>\n\t\t\t\t<div class=\"elementor-element elementor-element-5bc8e7b elementor-widget elementor-widget-text-editor\" data-id=\"5bc8e7b\" data-element_type=\"widget\" data-widget_type=\"text-editor.default\">\n\t\t\t\t<div class=\"elementor-widget-container\">\n\t\t\t\t\t\t\t\t\t<p>Innan fimleikadeildar er veittur 10% systkinaafsl\u00e1ttur. \u00a0Vinsamlegast athugi\u00f0 a\u00f0 ekki er veittur systkinaafsl\u00e1ttur af s\u00e9rst\u00f6kum n\u00e1mskei\u00f0um einungis af \u00e6fingagj\u00f6ldunum.<\/p>\t\t\t\t\t\t\t\t<\/div>\n\t\t\t\t<\/div>\n\t\t\t\t<div class=\"elementor-element elementor-element-e4d9c96 elementor-widget elementor-widget-heading\" data-id=\"e4d9c96\" data-element_type=\"widget\" data-widget_type=\"heading.default\">\n\t\t\t\t<div class=\"elementor-widget-container\">\n\t\t\t\t\t<h4 class=\"elementor-heading-title elementor-size-default\">Ni\u00f0urgrei\u00f0slur<\/h4>\t\t\t\t<\/div>\n\t\t\t\t<\/div>\n\t\t\t\t<div class=\"elementor-element elementor-element-0830822 elementor-widget elementor-widget-text-editor\" data-id=\"0830822\" data-element_type=\"widget\" data-widget_type=\"text-editor.default\">\n\t\t\t\t<div class=\"elementor-widget-container\">\n\t\t\t\t\t\t\t\t\t<p>FR\u00cdSTUNDASTYRKUR<br \/>Ath. a\u00f0 Seltjarnarnesb\u00e6r veitir fr\u00edstundastyrk til barna \u00e1 Seltjarnarnesi og Reykjarv\u00edkurborg til barna \u00ed Reykjav\u00edk. \u00dea\u00f0 eru foreldrar sem f\u00e1 hann til r\u00e1\u00f0st\u00f6funnar og \u00fea\u00f0 er \u00e1 \u00e1byrg\u00f0 foreldra a\u00f0 fylgjast me\u00f0 \u00fev\u00ed hvort hann s\u00e9 n\u00fdttur e\u00f0a ekki. Fimleikadeild Gr\u00f3ttu hefur ekki \u00fe\u00e6r uppl\u00fdsingar sem \u00fearf til a\u00f0 vita hvort barn \u00e1 r\u00e9tt \u00e1 styrk e\u00f0a ekki.<\/p><p>Foreldrar\/forr\u00e1\u00f0amenn \u00feurfa a\u00f0 ganga fr\u00e1 grei\u00f0slum \u00e6fingagjalda \u00ed gegnum \u2018Sportabler\u2019. Til a\u00f0 n\u00fdta ni\u00f0urgrei\u00f0slu \u00feurfa Seltirningar a\u00f0 fara inn \u00ed kerfi\u00f0 \u00ed gegnum \u201eM\u00ednar s\u00ed\u00f0ur\u201c \u00e1 seltjarnarnes.is en \u00edb\u00faar \u00far \u00f6\u00f0rum sveitarf\u00e9l\u00f6gum geta haka\u00f0 \u00ed &#8222;n\u00fdta fr\u00edstundastyrk&#8220; \u00ed gegnum Sportabler.<\/p><p>ATH! R\u00e1\u00f0st\u00f6fun fr\u00edstundastyrks er endanleg. Ekki er h\u00e6gt a\u00f0 endurgrei\u00f0a e\u00f0a bakf\u00e6ra styrk ef foreldri\/ forr\u00e1\u00f0af\u00f3lk hefur r\u00e1\u00f0stafa\u00f0 styrk til f\u00e9lags \u00e1 grundvelli Fr\u00edstundakortsins.<\/p>\t\t\t\t\t\t\t\t<\/div>\n\t\t\t\t<\/div>\n\t\t\t\t<div class=\"elementor-element elementor-element-76cfb1b elementor-widget elementor-widget-heading\" data-id=\"76cfb1b\" data-element_type=\"widget\" data-widget_type=\"heading.default\">\n\t\t\t\t<div class=\"elementor-widget-container\">\n\t\t\t\t\t<h4 class=\"elementor-heading-title elementor-size-default\">Stefna Fimleikadeildar um endurgrei\u00f0slu \u00e6fingagjalda<\/h4>\t\t\t\t<\/div>\n\t\t\t\t<\/div>\n\t\t\t\t<div class=\"elementor-element elementor-element-a22e4c3 elementor-widget elementor-widget-text-editor\" data-id=\"a22e4c3\" data-element_type=\"widget\" data-widget_type=\"text-editor.default\">\n\t\t\t\t<div class=\"elementor-widget-container\">\n\t\t\t\t\t\t\t\t\t<div><b>Helstu atri\u00f0i:<\/b><\/div><ul><li><div role=\"presentation\">Formleg \u00fars\u00f6gn\u00a0skal send skriflega \u00ed t\u00f6lvup\u00f3sti \u00e1 skrifstofu,\u00a0<u><a id=\"LPlnkOWAda0d1071-e385-d34d-192a-b96e8f549714\" class=\"x_OWAAutoLink\" title=\"mailto:fimleikar@grotta.is\" href=\"mailto:fimleikar@grotta.is\" data-linkindex=\"0\">fimleikar@grotta.is<\/a><\/u>. Tilkynning beint til \u00fej\u00e1lfara, munnlega e\u00f0a \u00ed gegnum Abler, telst ekki fulln\u00e6gjandi sem formleg \u00fars\u00f6gn og ekki tekin gild.<\/div><\/li><li><div role=\"presentation\">Ef i\u00f0kandi\u00a0h\u00e6ttir innan 30 daga\u00a0fr\u00e1 upphafi \u00e6finga:<\/div><ul><li><div role=\"presentation\">Ver\u00f0ur innheimt \u00e6fingagjald fyrir einn m\u00e1nu\u00f0.<\/div><\/li><li><div role=\"presentation\">Eftirst\u00f6\u00f0var gjaldsins umfram 30 daga gjaldi\u00f0 ver\u00f0ur endurgreiddar.<\/div><\/li><\/ul><\/li><li><div role=\"presentation\">Ef i\u00f0kandi\u00a0h\u00e6ttir umfram 30 daga\u00a0fr\u00e1 upphafi \u00e6finga er ekki h\u00e6gt a\u00f0 \u00f3ska eftir endurgrei\u00f0slu, nema:<\/div><ul><li><div role=\"presentation\">I\u00f0kandi ver\u00f0i fyrir\u00a0langvarandi veikindum, slysi e\u00f0a flutningi\u00a0\u00far b\u00e6jarf\u00e9laginu.<\/div><\/li><li><div role=\"presentation\">A\u00f0 framv\u00edsa\u00f0 s\u00e9\u00a0l\u00e6knisvottor\u00f0i e\u00f0a \u00f6\u00f0rum vi\u00f0eigandi skj\u00f6lum.<\/div><\/li><\/ul><\/li><li><div role=\"presentation\">Ums\u00fdslugjald upp \u00e1 5000 kr.\u00a0endurgrei\u00f0ist aldrei.<\/div><\/li><li><div role=\"presentation\">Fr\u00edstundastyrkir sem greiddir hafa veri\u00f0 sem hluti af \u00e6fingagj\u00f6ldum renna til deildarinnar og endurgrei\u00f0ast ekki.<\/div><\/li><\/ul>\t\t\t\t\t\t\t\t<\/div>\n\t\t\t\t<\/div>\n\t\t\t\t<div class=\"elementor-element elementor-element-3679352 elementor-widget elementor-widget-heading\" data-id=\"3679352\" data-element_type=\"widget\" data-widget_type=\"heading.default\">\n\t\t\t\t<div class=\"elementor-widget-container\">\n\t\t\t\t\t<h4 class=\"elementor-heading-title elementor-size-default\">Spurt og svara\u00f0<\/h4>\t\t\t\t<\/div>\n\t\t\t\t<\/div>\n\t\t\t\t<div class=\"elementor-element elementor-element-1159a2f elementor-widget elementor-widget-text-editor\" data-id=\"1159a2f\" data-element_type=\"widget\" data-widget_type=\"text-editor.default\">\n\t\t\t\t<div class=\"elementor-widget-container\">\n\t\t\t\t\t\t\t\t\t<div><i>Hva\u00f0 er \u00e1 bak vi\u00f0 \u00e6fingagj\u00f6ldin?<\/i><\/div><div>\u00c6fingagj\u00f6ld mi\u00f0ast vi\u00f0 \u00feann fj\u00f6lda klukkustunda sem h\u00f3pur vi\u00f0komandi i\u00f0kanda \u00e6fir \u00e1 viku. Fimleikadeild Gr\u00f3ttu leggur metna\u00f0 \u00ed a\u00f0 bj\u00f3\u00f0a upp reynslumikinn h\u00f3p \u00fej\u00e1lfara og fimleikasal af bestu ger\u00f0 fyrir i\u00f0kendur til a\u00f0 leggja stund \u00e1 s\u00ednar \u00ed\u00fer\u00f3ttir vi\u00f0 \u00f6ruggar a\u00f0st\u00e6\u00f0ur.\u00a0\u00a0<\/div><div><i>Hva\u00f0 ef \u00e6fingatafla rekst \u00e1 vi\u00f0 a\u00f0rar \u00ed\u00fer\u00f3ttagreinar e\u00f0a t\u00f3mstundir?<\/i><\/div><div>Ekki er veittur afsl\u00e1ttur af \u00e6fingagj\u00f6ldum fr\u00e1 \u00e6fingagjaldi vegna \u00e1rekstra \u00ed \u00e6fingat\u00f6flu vi\u00f0 a\u00f0rar \u00ed\u00fer\u00f3ttagreinar e\u00f0a t\u00f3mstundir<\/div><div><i>Hvernig tilkynni \u00e9g \u00fars\u00f6gn \u00far fimleikum?<\/i><\/div><div>\u00dea\u00f0 er \u00e1 \u00e1byrg\u00f0 forr\u00e1\u00f0amanna a\u00f0 tilkynna \u00fars\u00f6gn og \u00fars\u00f6gnin skal tilkynnt skriflega til skrifstofu Fimleikadeildar \u00ed gegnum uppgefi\u00f0 netfang fimleikar@grotta.is.<\/div><div><i>Hva\u00f0 ef \u00e9g gleymi a\u00f0 borga \u00e6fingagj\u00f6ldin?<\/i><\/div><div>Ef ekki hefur veri\u00f0 gengi\u00f0 fr\u00e1 grei\u00f0slu \u00e6fingagjalda m\u00e1nu\u00f0i eftir a\u00f0 t\u00edmabil hefst m\u00e1 b\u00faast vi\u00f0 a\u00f0 \u00e6fingagjald ver\u00f0i sett \u00e1 einn grei\u00f0sluse\u00f0il inn \u00e1 heimabanka forr\u00e1\u00f0amanns e\u00f0a forskr\u00e1ning i\u00f0kanda bakf\u00e6r\u00f0 \u00fat af Abler.<\/div><div><i>Get \u00e9g skipt upp grei\u00f0slu \u00e6fingagjalda \u00ed nokkrar f\u00e6rslur?<\/i><\/div><div>Inni \u00ed skr\u00e1ningarkerfinu eru \u00fer\u00edr m\u00f6guleikar \u00ed bo\u00f0i vi\u00f0 grei\u00f0slu \u00e6fingagjalds:\u00a0<\/div><ol start=\"1\"><li><div role=\"presentation\">Kreditkort \u2013 \u00ed bo\u00f0i a\u00f0 skipta upph\u00e6\u00f0 ni\u00f0ur, 3% ums\u00fdslugjald leggst \u00e1 \u00feegar grei\u00f0slum er skipt.<\/div><\/li><li><div role=\"presentation\">Grei\u00f0sluse\u00f0ill \u2013 \u00ed bo\u00f0i a\u00f0 skipta upph\u00e6\u00f0 ni\u00f0ur, 390,- kr. se\u00f0ilgjald leggst \u00e1 hvern grei\u00f0sluse\u00f0il.\u00a0<\/div><\/li><li><div role=\"presentation\">Debetkort: H\u00e6gt er a\u00f0 skr\u00e1 grei\u00f0slu \u00e1 debetkort ef debetkorti\u00f0 er af n\u00fdrri ger\u00f0inni og 4 x 4 stafa n\u00famer er prenta\u00f0 \u00e1 framhli\u00f0ina. \u00de\u00e1 er gengi\u00f0 fr\u00e1 grei\u00f0slu l\u00edkt og um skr\u00e1ningu \u00e1 kreditkorti s\u00e9 a\u00f0 r\u00e6\u00f0a.<\/div><\/li><\/ol><div class=\"x_elementToProof\">\u00a0<\/div>\t\t\t\t\t\t\t\t<\/div>\n\t\t\t\t<\/div>\n\t\t\t\t\t<\/div>\n\t\t<\/div>\n\t\t\t\t\t<\/div>\n\t\t<\/section>\n\t\t\t\t<\/div>","protected":false},"excerpt":{"rendered":"<p>VER\u00d0SKR\u00c1 FYRIR VOR\u00d6NN 2026 FIMLEIKADEILD GR\u00d3TTU Skilm\u00e1lar \u00e6fingagjalda M\u00f3tagj\u00f6ld eru ekki innifalin \u00ed \u00e6fingagj\u00f6ldunum. Fimleikaf\u00e9lagi\u00f0 Gr\u00f3tta \u00e1skilur s\u00e9r r\u00e9tt til a\u00f0 fella ni\u00f0ur n\u00e1mskei\u00f0 og endurgrei\u00f0a i\u00f0kendum, ef ekki f\u00e6st [&hellip;]<\/p>","protected":false},"author":2,"featured_media":0,"parent":1123,"menu_order":0,"comment_status":"closed","ping_status":"closed","template":"","meta":{"footnotes":""},"class_list":["post-2276","page","type-page","status-publish","hentry"],"yoast_head":"<!-- This site is optimized with the Yoast SEO plugin v24.3 - https:\/\/yoast.com\/wordpress\/plugins\/seo\/ -->\n<title>\u00c6fingagj\u00f6ld - \u00cd\u00fer\u00f3ttaf\u00e9lagi\u00f0 Gr\u00f3tta<\/title>\n<meta name=\"robots\" content=\"index, follow, max-snippet:-1, max-image-preview:large, max-video-preview:-1\" \/>\n<link rel=\"canonical\" href=\"https:\/\/grotta.is\/en\/fimleikadeild\/aefingagjold\/\" \/>\n<meta property=\"og:locale\" content=\"en_US\" \/>\n<meta property=\"og:type\" content=\"article\" \/>\n<meta property=\"og:title\" content=\"\u00c6fingagj\u00f6ld - \u00cd\u00fer\u00f3ttaf\u00e9lagi\u00f0 Gr\u00f3tta\" \/>\n<meta property=\"og:description\" content=\"VER\u00d0SKR\u00c1 FYRIR VOR\u00d6NN 2026 FIMLEIKADEILD GR\u00d3TTU Skilm\u00e1lar \u00e6fingagjalda M\u00f3tagj\u00f6ld eru ekki innifalin \u00ed \u00e6fingagj\u00f6ldunum. Fimleikaf\u00e9lagi\u00f0 Gr\u00f3tta \u00e1skilur s\u00e9r r\u00e9tt til a\u00f0 fella ni\u00f0ur n\u00e1mskei\u00f0 og endurgrei\u00f0a i\u00f0kendum, ef ekki f\u00e6st [&hellip;]\" \/>\n<meta property=\"og:url\" content=\"https:\/\/grotta.is\/en\/fimleikadeild\/aefingagjold\/\" \/>\n<meta property=\"og:site_name\" content=\"\u00cd\u00fer\u00f3ttaf\u00e9lagi\u00f0 Gr\u00f3tta\" \/>\n<meta property=\"article:publisher\" content=\"https:\/\/www.facebook.com\/grottasport\" \/>\n<meta property=\"article:modified_time\" content=\"2025-12-16T10:39:27+00:00\" \/>\n<meta property=\"og:image\" content=\"https:\/\/grotta.is\/wp-content\/uploads\/2025\/12\/gj-ld-26-fimleikar.png\" \/>\n\t<meta property=\"og:image:width\" content=\"656\" \/>\n\t<meta property=\"og:image:height\" content=\"817\" \/>\n\t<meta property=\"og:image:type\" content=\"image\/png\" \/>\n<meta name=\"twitter:card\" content=\"summary_large_image\" \/>\n<meta name=\"twitter:label1\" content=\"Est. reading time\" \/>\n\t<meta name=\"twitter:data1\" content=\"4 minutes\" \/>\n<script type=\"application\/ld+json\" class=\"yoast-schema-graph\">{\"@context\":\"https:\/\/schema.org\",\"@graph\":[{\"@type\":\"WebPage\",\"@id\":\"https:\/\/grotta.is\/fimleikadeild\/aefingagjold\/\",\"url\":\"https:\/\/grotta.is\/fimleikadeild\/aefingagjold\/\",\"name\":\"\u00c6fingagj\u00f6ld - \u00cd\u00fer\u00f3ttaf\u00e9lagi\u00f0 Gr\u00f3tta\",\"isPartOf\":{\"@id\":\"https:\/\/grotta.is\/#website\"},\"primaryImageOfPage\":{\"@id\":\"https:\/\/grotta.is\/fimleikadeild\/aefingagjold\/#primaryimage\"},\"image\":{\"@id\":\"https:\/\/grotta.is\/fimleikadeild\/aefingagjold\/#primaryimage\"},\"thumbnailUrl\":\"https:\/\/grotta.is\/wp-content\/uploads\/2025\/12\/gj-ld-26-fimleikar.png\",\"datePublished\":\"2020-04-20T20:01:12+00:00\",\"dateModified\":\"2025-12-16T10:39:27+00:00\",\"breadcrumb\":{\"@id\":\"https:\/\/grotta.is\/fimleikadeild\/aefingagjold\/#breadcrumb\"},\"inLanguage\":\"en-US\",\"potentialAction\":[{\"@type\":\"ReadAction\",\"target\":[\"https:\/\/grotta.is\/fimleikadeild\/aefingagjold\/\"]}]},{\"@type\":\"ImageObject\",\"inLanguage\":\"en-US\",\"@id\":\"https:\/\/grotta.is\/fimleikadeild\/aefingagjold\/#primaryimage\",\"url\":\"https:\/\/grotta.is\/wp-content\/uploads\/2025\/12\/gj-ld-26-fimleikar.png\",\"contentUrl\":\"https:\/\/grotta.is\/wp-content\/uploads\/2025\/12\/gj-ld-26-fimleikar.png\"},{\"@type\":\"BreadcrumbList\",\"@id\":\"https:\/\/grotta.is\/fimleikadeild\/aefingagjold\/#breadcrumb\",\"itemListElement\":[{\"@type\":\"ListItem\",\"position\":1,\"name\":\"Home\",\"item\":\"https:\/\/grotta.is\/\"},{\"@type\":\"ListItem\",\"position\":2,\"name\":\"Fimleikadeild Gr\u00f3ttu\",\"item\":\"https:\/\/grotta.is\/fimleikadeild\/\"},{\"@type\":\"ListItem\",\"position\":3,\"name\":\"\u00c6fingagj\u00f6ld\"}]},{\"@type\":\"WebSite\",\"@id\":\"https:\/\/grotta.is\/#website\",\"url\":\"https:\/\/grotta.is\/\",\"name\":\"\u00cd\u00fer\u00f3ttaf\u00e9lagi\u00f0 Gr\u00f3tta\",\"description\":\"\u00e1 Seltjarnarnesi\",\"publisher\":{\"@id\":\"https:\/\/grotta.is\/#organization\"},\"potentialAction\":[{\"@type\":\"SearchAction\",\"target\":{\"@type\":\"EntryPoint\",\"urlTemplate\":\"https:\/\/grotta.is\/?s={search_term_string}\"},\"query-input\":{\"@type\":\"PropertyValueSpecification\",\"valueRequired\":true,\"valueName\":\"search_term_string\"}}],\"inLanguage\":\"en-US\"},{\"@type\":\"Organization\",\"@id\":\"https:\/\/grotta.is\/#organization\",\"name\":\"\u00cd\u00fer\u00f3ttaf\u00e9lagi\u00f0 Gr\u00f3tta\",\"url\":\"https:\/\/grotta.is\/\",\"logo\":{\"@type\":\"ImageObject\",\"inLanguage\":\"en-US\",\"@id\":\"https:\/\/grotta.is\/#\/schema\/logo\/image\/\",\"url\":\"https:\/\/grotta.is\/wp-content\/uploads\/2020\/02\/ithrottafelagidgrotta_logo_512x512_transparent.png\",\"contentUrl\":\"https:\/\/grotta.is\/wp-content\/uploads\/2020\/02\/ithrottafelagidgrotta_logo_512x512_transparent.png\",\"width\":512,\"height\":512,\"caption\":\"\u00cd\u00fer\u00f3ttaf\u00e9lagi\u00f0 Gr\u00f3tta\"},\"image\":{\"@id\":\"https:\/\/grotta.is\/#\/schema\/logo\/image\/\"},\"sameAs\":[\"https:\/\/www.facebook.com\/grottasport\"]}]}<\/script>\n<!-- \/ Yoast SEO plugin. -->","yoast_head_json":{"title":"\u00c6fingagj\u00f6ld - \u00cd\u00fer\u00f3ttaf\u00e9lagi\u00f0 Gr\u00f3tta","robots":{"index":"index","follow":"follow","max-snippet":"max-snippet:-1","max-image-preview":"max-image-preview:large","max-video-preview":"max-video-preview:-1"},"canonical":"https:\/\/grotta.is\/en\/fimleikadeild\/aefingagjold\/","og_locale":"en_US","og_type":"article","og_title":"\u00c6fingagj\u00f6ld - \u00cd\u00fer\u00f3ttaf\u00e9lagi\u00f0 Gr\u00f3tta","og_description":"VER\u00d0SKR\u00c1 FYRIR VOR\u00d6NN 2026 FIMLEIKADEILD GR\u00d3TTU Skilm\u00e1lar \u00e6fingagjalda M\u00f3tagj\u00f6ld eru ekki innifalin \u00ed \u00e6fingagj\u00f6ldunum. Fimleikaf\u00e9lagi\u00f0 Gr\u00f3tta \u00e1skilur s\u00e9r r\u00e9tt til a\u00f0 fella ni\u00f0ur n\u00e1mskei\u00f0 og endurgrei\u00f0a i\u00f0kendum, ef ekki f\u00e6st [&hellip;]","og_url":"https:\/\/grotta.is\/en\/fimleikadeild\/aefingagjold\/","og_site_name":"\u00cd\u00fer\u00f3ttaf\u00e9lagi\u00f0 Gr\u00f3tta","article_publisher":"https:\/\/www.facebook.com\/grottasport","article_modified_time":"2025-12-16T10:39:27+00:00","og_image":[{"width":656,"height":817,"url":"https:\/\/grotta.is\/wp-content\/uploads\/2025\/12\/gj-ld-26-fimleikar.png","type":"image\/png"}],"twitter_card":"summary_large_image","twitter_misc":{"Est. reading time":"4 minutes"},"schema":{"@context":"https:\/\/schema.org","@graph":[{"@type":"WebPage","@id":"https:\/\/grotta.is\/fimleikadeild\/aefingagjold\/","url":"https:\/\/grotta.is\/fimleikadeild\/aefingagjold\/","name":"\u00c6fingagj\u00f6ld - \u00cd\u00fer\u00f3ttaf\u00e9lagi\u00f0 Gr\u00f3tta","isPartOf":{"@id":"https:\/\/grotta.is\/#website"},"primaryImageOfPage":{"@id":"https:\/\/grotta.is\/fimleikadeild\/aefingagjold\/#primaryimage"},"image":{"@id":"https:\/\/grotta.is\/fimleikadeild\/aefingagjold\/#primaryimage"},"thumbnailUrl":"https:\/\/grotta.is\/wp-content\/uploads\/2025\/12\/gj-ld-26-fimleikar.png","datePublished":"2020-04-20T20:01:12+00:00","dateModified":"2025-12-16T10:39:27+00:00","breadcrumb":{"@id":"https:\/\/grotta.is\/fimleikadeild\/aefingagjold\/#breadcrumb"},"inLanguage":"en-US","potentialAction":[{"@type":"ReadAction","target":["https:\/\/grotta.is\/fimleikadeild\/aefingagjold\/"]}]},{"@type":"ImageObject","inLanguage":"en-US","@id":"https:\/\/grotta.is\/fimleikadeild\/aefingagjold\/#primaryimage","url":"https:\/\/grotta.is\/wp-content\/uploads\/2025\/12\/gj-ld-26-fimleikar.png","contentUrl":"https:\/\/grotta.is\/wp-content\/uploads\/2025\/12\/gj-ld-26-fimleikar.png"},{"@type":"BreadcrumbList","@id":"https:\/\/grotta.is\/fimleikadeild\/aefingagjold\/#breadcrumb","itemListElement":[{"@type":"ListItem","position":1,"name":"Home","item":"https:\/\/grotta.is\/"},{"@type":"ListItem","position":2,"name":"Fimleikadeild Gr\u00f3ttu","item":"https:\/\/grotta.is\/fimleikadeild\/"},{"@type":"ListItem","position":3,"name":"\u00c6fingagj\u00f6ld"}]},{"@type":"WebSite","@id":"https:\/\/grotta.is\/#website","url":"https:\/\/grotta.is\/","name":"\u00cd\u00fer\u00f3ttaf\u00e9lagi\u00f0 Gr\u00f3tta","description":"\u00e1 Seltjarnarnesi","publisher":{"@id":"https:\/\/grotta.is\/#organization"},"potentialAction":[{"@type":"SearchAction","target":{"@type":"EntryPoint","urlTemplate":"https:\/\/grotta.is\/?s={search_term_string}"},"query-input":{"@type":"PropertyValueSpecification","valueRequired":true,"valueName":"search_term_string"}}],"inLanguage":"en-US"},{"@type":"Organization","@id":"https:\/\/grotta.is\/#organization","name":"\u00cd\u00fer\u00f3ttaf\u00e9lagi\u00f0 Gr\u00f3tta","url":"https:\/\/grotta.is\/","logo":{"@type":"ImageObject","inLanguage":"en-US","@id":"https:\/\/grotta.is\/#\/schema\/logo\/image\/","url":"https:\/\/grotta.is\/wp-content\/uploads\/2020\/02\/ithrottafelagidgrotta_logo_512x512_transparent.png","contentUrl":"https:\/\/grotta.is\/wp-content\/uploads\/2020\/02\/ithrottafelagidgrotta_logo_512x512_transparent.png","width":512,"height":512,"caption":"\u00cd\u00fer\u00f3ttaf\u00e9lagi\u00f0 Gr\u00f3tta"},"image":{"@id":"https:\/\/grotta.is\/#\/schema\/logo\/image\/"},"sameAs":["https:\/\/www.facebook.com\/grottasport"]}]}},"_links":{"self":[{"href":"https:\/\/grotta.is\/en\/wp-json\/wp\/v2\/pages\/2276","targetHints":{"allow":["GET"]}}],"collection":[{"href":"https:\/\/grotta.is\/en\/wp-json\/wp\/v2\/pages"}],"about":[{"href":"https:\/\/grotta.is\/en\/wp-json\/wp\/v2\/types\/page"}],"author":[{"embeddable":true,"href":"https:\/\/grotta.is\/en\/wp-json\/wp\/v2\/users\/2"}],"replies":[{"embeddable":true,"href":"https:\/\/grotta.is\/en\/wp-json\/wp\/v2\/comments?post=2276"}],"version-history":[{"count":153,"href":"https:\/\/grotta.is\/en\/wp-json\/wp\/v2\/pages\/2276\/revisions"}],"predecessor-version":[{"id":575905,"href":"https:\/\/grotta.is\/en\/wp-json\/wp\/v2\/pages\/2276\/revisions\/575905"}],"up":[{"embeddable":true,"href":"https:\/\/grotta.is\/en\/wp-json\/wp\/v2\/pages\/1123"}],"wp:attachment":[{"href":"https:\/\/grotta.is\/en\/wp-json\/wp\/v2\/media?parent=2276"}],"curies":[{"name":"wp","href":"https:\/\/api.w.org\/{rel}","templated":true}]}}