{"id":2163,"date":"2020-04-18T23:45:37","date_gmt":"2020-04-18T23:45:37","guid":{"rendered":"https:\/\/grotta.is\/?page_id=2163"},"modified":"2025-11-10T13:23:45","modified_gmt":"2025-11-10T13:23:45","slug":"stjorn-og-framkvaemdastjori","status":"publish","type":"page","link":"https:\/\/grotta.is\/en\/fimleikadeild\/stjorn-og-framkvaemdastjori\/","title":{"rendered":"Stj\u00f3rn og framkv\u00e6mdastj\u00f3ri"},"content":{"rendered":"<div data-elementor-type=\"wp-page\" data-elementor-id=\"2163\" class=\"elementor elementor-2163\" data-elementor-post-type=\"page\">\n\t\t\t\t\t\t<section class=\"elementor-section elementor-top-section elementor-element elementor-element-197bc7f8 elementor-section-boxed elementor-section-height-default elementor-section-height-default\" data-id=\"197bc7f8\" data-element_type=\"section\">\n\t\t\t\t\t\t<div class=\"elementor-container elementor-column-gap-default\">\n\t\t\t\t\t<div class=\"elementor-column elementor-col-100 elementor-top-column elementor-element elementor-element-2dcfff38\" data-id=\"2dcfff38\" data-element_type=\"column\">\n\t\t\t<div class=\"elementor-widget-wrap elementor-element-populated\">\n\t\t\t\t\t\t<div class=\"elementor-element elementor-element-6c7c7344 elementor-hidden-phone elementor-widget elementor-widget-spacer\" data-id=\"6c7c7344\" data-element_type=\"widget\" data-widget_type=\"spacer.default\">\n\t\t\t\t<div class=\"elementor-widget-container\">\n\t\t\t\t\t\t\t<div class=\"elementor-spacer\">\n\t\t\t<div class=\"elementor-spacer-inner\"><\/div>\n\t\t<\/div>\n\t\t\t\t\t\t<\/div>\n\t\t\t\t<\/div>\n\t\t\t\t<div class=\"elementor-element elementor-element-26a0cc42 elementor-widget elementor-widget-heading\" data-id=\"26a0cc42\" data-element_type=\"widget\" data-widget_type=\"heading.default\">\n\t\t\t\t<div class=\"elementor-widget-container\">\n\t\t\t\t\t<h2 class=\"elementor-heading-title elementor-size-default\">OPNUNART\u00cdMI FIMLEIKADEILDAR<\/h2>\t\t\t\t<\/div>\n\t\t\t\t<\/div>\n\t\t\t\t<div class=\"elementor-element elementor-element-1a88c3ee elementor-hidden-tablet elementor-hidden-phone elementor-widget elementor-widget-spacer\" data-id=\"1a88c3ee\" data-element_type=\"widget\" data-widget_type=\"spacer.default\">\n\t\t\t\t<div class=\"elementor-widget-container\">\n\t\t\t\t\t\t\t<div class=\"elementor-spacer\">\n\t\t\t<div class=\"elementor-spacer-inner\"><\/div>\n\t\t<\/div>\n\t\t\t\t\t\t<\/div>\n\t\t\t\t<\/div>\n\t\t\t\t\t<\/div>\n\t\t<\/div>\n\t\t\t\t\t<\/div>\n\t\t<\/section>\n\t\t\t\t<section class=\"elementor-section elementor-top-section elementor-element elementor-element-f03b315 elementor-section-boxed elementor-section-height-default elementor-section-height-default\" data-id=\"f03b315\" data-element_type=\"section\">\n\t\t\t\t\t\t<div class=\"elementor-container elementor-column-gap-default\">\n\t\t\t\t\t<div class=\"elementor-column elementor-col-100 elementor-top-column elementor-element elementor-element-aee6fc3\" data-id=\"aee6fc3\" data-element_type=\"column\">\n\t\t\t<div class=\"elementor-widget-wrap elementor-element-populated\">\n\t\t\t\t\t\t<div class=\"elementor-element elementor-element-82ca0ff elementor-widget elementor-widget-pp-team-member\" data-id=\"82ca0ff\" data-element_type=\"widget\" data-widget_type=\"pp-team-member.default\">\n\t\t\t\t<div class=\"elementor-widget-container\">\n\t\t\t\t\t\t\t<div class=\"pp-tm-wrapper\">\n\t\t\t<div class=\"pp-tm\">\n\t\t\t\t<div class=\"pp-tm-image\"> \n\t\t\t\t\t\n\t\t\t\t\t\t\t\t\t<\/div>\n\t\t\t\t<div class=\"pp-tm-content pp-tm-content-normal\">\n\t\t\t\t\t\t\t\t\t<h4 class=\"pp-tm-name\">\n\t\t\t\t\t\tOpnunart\u00edmi skrifstofu\t\t\t\t<\/h4>\n\t\t\t\t\t\t\t<div class=\"pp-tm-position\">\n\t\t\t\t\u00deri\u00f0judaga 15.00-17.00\t\t\t<\/div>\n\t\t\t\t\t\t<div class=\"pp-tm-position-divider-wrap\">\n\t\t\t\t<div class=\"pp-tm-divider pp-tm-position-divider\"><\/div>\n\t\t\t<\/div>\n\t\t\t\t\t\t\t<div class=\"pp-tm-description\">\n\t\t\t\t\t<p>fimleikar@grotta.is<\/p>\t\t\t\t<\/div>\n\t\t\t\t\t\t\t\t<div class=\"pp-tm-social-links-wrap\">\n\t\t\t<ul class=\"pp-tm-social-links\">\n\t\t\t\t\t\t\t\t\t\t\t\t\t\t<li>\n\t\t\t\t\t\t<a class=\"pp-tm-social-link\" href=\"mailto:fimleikadeild@grottasport.is\">\n\t\t\t\t\t\t\t<span class=\"pp-tm-social-icon-wrap\">\n\t\t\t\t\t\t\t\t<span class=\"elementor-screen-only\">Envelope<\/span>\n\t\t\t\t\t\t\t\t<span class=\"pp-tm-social-icon pp-icon\">\n\t\t\t\t\t\t\t\t<i aria-hidden=\"true\" class=\"fas fa-envelope\"><\/i>\t\t\t\t\t\t\t\t<\/span>\n\t\t\t\t\t\t\t<\/span>\n\t\t\t\t\t\t<\/a>\n\t\t\t\t\t<\/li>\n\t\t\t\t\t\t\t\t<\/ul>\n\t\t<\/div>\n\t\t\t\t\t\t<\/div>\n\t\t\t<\/div>\n\t\t<\/div>\n\t\t\t\t\t\t<\/div>\n\t\t\t\t<\/div>\n\t\t\t\t\t<\/div>\n\t\t<\/div>\n\t\t\t\t\t<\/div>\n\t\t<\/section>\n\t\t\t\t<section class=\"elementor-section elementor-top-section elementor-element elementor-element-40532fd elementor-section-boxed elementor-section-height-default elementor-section-height-default\" data-id=\"40532fd\" data-element_type=\"section\">\n\t\t\t\t\t\t<div class=\"elementor-container elementor-column-gap-default\">\n\t\t\t\t\t<div class=\"elementor-column elementor-col-100 elementor-top-column elementor-element elementor-element-9213e14\" data-id=\"9213e14\" data-element_type=\"column\">\n\t\t\t<div class=\"elementor-widget-wrap elementor-element-populated\">\n\t\t\t\t\t\t<div class=\"elementor-element elementor-element-9b1088c elementor-widget elementor-widget-heading\" data-id=\"9b1088c\" data-element_type=\"widget\" data-widget_type=\"heading.default\">\n\t\t\t\t<div class=\"elementor-widget-container\">\n\t\t\t\t\t<h2 class=\"elementor-heading-title elementor-size-default\">STJ\u00d3RN FIMLEIKADEILDAR 2024 - 2025<\/h2>\t\t\t\t<\/div>\n\t\t\t\t<\/div>\n\t\t\t\t\t<\/div>\n\t\t<\/div>\n\t\t\t\t\t<\/div>\n\t\t<\/section>\n\t\t\t\t<section class=\"elementor-section elementor-top-section elementor-element elementor-element-72ee7f4 elementor-section-boxed elementor-section-height-default elementor-section-height-default\" data-id=\"72ee7f4\" data-element_type=\"section\">\n\t\t\t\t\t\t<div class=\"elementor-container elementor-column-gap-default\">\n\t\t\t\t\t<div class=\"elementor-column elementor-col-33 elementor-top-column elementor-element elementor-element-dfdded7\" data-id=\"dfdded7\" data-element_type=\"column\">\n\t\t\t<div class=\"elementor-widget-wrap elementor-element-populated\">\n\t\t\t\t\t\t<div class=\"elementor-element elementor-element-16c4417 elementor-widget elementor-widget-pp-team-member\" data-id=\"16c4417\" data-element_type=\"widget\" data-widget_type=\"pp-team-member.default\">\n\t\t\t\t<div class=\"elementor-widget-container\">\n\t\t\t\t\t\t\t<div class=\"pp-tm-wrapper\">\n\t\t\t<div class=\"pp-tm\">\n\t\t\t\t<div class=\"pp-tm-image\"> \n\t\t\t\t\t\n\t\t\t\t\t\t\t\t\t<\/div>\n\t\t\t\t<div class=\"pp-tm-content pp-tm-content-normal\">\n\t\t\t\t\t\t\t\t\t<h4 class=\"pp-tm-name\">\n\t\t\t\t\t\tTinna Molphy\t\t\t\t<\/h4>\n\t\t\t\t\t\t\t<div class=\"pp-tm-position\">\n\t\t\t\tFORMA\u00d0UR\t\t\t<\/div>\n\t\t\t\t\t\t<div class=\"pp-tm-position-divider-wrap\">\n\t\t\t\t<div class=\"pp-tm-divider pp-tm-position-divider\"><\/div>\n\t\t\t<\/div>\n\t\t\t\t\t\t\t<div class=\"pp-tm-description\">\n\t\t\t\t\t<p>tinna.molphy@gmail.com<\/p>\t\t\t\t<\/div>\n\t\t\t\t\t\t\t\t<div class=\"pp-tm-social-links-wrap\">\n\t\t\t<ul class=\"pp-tm-social-links\">\n\t\t\t\t\t\t\t\t\t\t\t\t\t\t<li>\n\t\t\t\t\t\t<a class=\"pp-tm-social-link\" href=\"mailto:fimleikadeild@grottasport.is\">\n\t\t\t\t\t\t\t<span class=\"pp-tm-social-icon-wrap\">\n\t\t\t\t\t\t\t\t<span class=\"elementor-screen-only\">Envelope<\/span>\n\t\t\t\t\t\t\t\t<span class=\"pp-tm-social-icon pp-icon\">\n\t\t\t\t\t\t\t\t<i aria-hidden=\"true\" class=\"fas fa-envelope\"><\/i>\t\t\t\t\t\t\t\t<\/span>\n\t\t\t\t\t\t\t<\/span>\n\t\t\t\t\t\t<\/a>\n\t\t\t\t\t<\/li>\n\t\t\t\t\t\t\t\t<\/ul>\n\t\t<\/div>\n\t\t\t\t\t\t<\/div>\n\t\t\t<\/div>\n\t\t<\/div>\n\t\t\t\t\t\t<\/div>\n\t\t\t\t<\/div>\n\t\t\t\t<div class=\"elementor-element elementor-element-1745b74 elementor-widget elementor-widget-pp-team-member\" data-id=\"1745b74\" data-element_type=\"widget\" data-widget_type=\"pp-team-member.default\">\n\t\t\t\t<div class=\"elementor-widget-container\">\n\t\t\t\t\t\t\t<div class=\"pp-tm-wrapper\">\n\t\t\t<div class=\"pp-tm\">\n\t\t\t\t<div class=\"pp-tm-image\"> \n\t\t\t\t\t\n\t\t\t\t\t\t\t\t\t<\/div>\n\t\t\t\t<div class=\"pp-tm-content pp-tm-content-normal\">\n\t\t\t\t\t\t\t\t\t<h4 class=\"pp-tm-name\">\n\t\t\t\t\t\tBirna Fri\u00f0geirsd\u00f3ttir\t\t\t\t<\/h4>\n\t\t\t\t\t\t\t<div class=\"pp-tm-position\">\n\t\t\t\tME\u00d0STJ\u00d3RNANDI\t\t\t<\/div>\n\t\t\t\t\t\t<div class=\"pp-tm-position-divider-wrap\">\n\t\t\t\t<div class=\"pp-tm-divider pp-tm-position-divider\"><\/div>\n\t\t\t<\/div>\n\t\t\t\t\t\t\t\t\t\t<\/div>\n\t\t\t<\/div>\n\t\t<\/div>\n\t\t\t\t\t\t<\/div>\n\t\t\t\t<\/div>\n\t\t\t\t\t<\/div>\n\t\t<\/div>\n\t\t\t\t<div class=\"elementor-column elementor-col-33 elementor-top-column elementor-element elementor-element-6fc9e74\" data-id=\"6fc9e74\" data-element_type=\"column\">\n\t\t\t<div class=\"elementor-widget-wrap elementor-element-populated\">\n\t\t\t\t\t\t<div class=\"elementor-element elementor-element-83e4e37 elementor-widget elementor-widget-pp-team-member\" data-id=\"83e4e37\" data-element_type=\"widget\" data-widget_type=\"pp-team-member.default\">\n\t\t\t\t<div class=\"elementor-widget-container\">\n\t\t\t\t\t\t\t<div class=\"pp-tm-wrapper\">\n\t\t\t<div class=\"pp-tm\">\n\t\t\t\t<div class=\"pp-tm-image\"> \n\t\t\t\t\t\n\t\t\t\t\t\t\t\t\t<\/div>\n\t\t\t\t<div class=\"pp-tm-content pp-tm-content-normal\">\n\t\t\t\t\t\t\t\t\t<h4 class=\"pp-tm-name\">\n\t\t\t\t\t\tHarpa Hl\u00edf B\u00e1r\u00f0ard\u00f3ttir\t\t\t\t<\/h4>\n\t\t\t\t\t\t\t<div class=\"pp-tm-position\">\n\t\t\t\tVARAFORMA\u00d0UR\t\t\t<\/div>\n\t\t\t\t\t\t<div class=\"pp-tm-position-divider-wrap\">\n\t\t\t\t<div class=\"pp-tm-divider pp-tm-position-divider\"><\/div>\n\t\t\t<\/div>\n\t\t\t\t\t\t\t<div class=\"pp-tm-description\">\n\t\t\t\t\t<p>harpahlif@gmail.com<\/p>\t\t\t\t<\/div>\n\t\t\t\t\t\t\t\t<div class=\"pp-tm-social-links-wrap\">\n\t\t\t<ul class=\"pp-tm-social-links\">\n\t\t\t\t\t\t\t\t\t\t\t\t\t\t<li>\n\t\t\t\t\t\t<a class=\"pp-tm-social-link\" href=\"mailto:fimleikadeild@grottasport.is\">\n\t\t\t\t\t\t\t<span class=\"pp-tm-social-icon-wrap\">\n\t\t\t\t\t\t\t\t<span class=\"elementor-screen-only\">Envelope<\/span>\n\t\t\t\t\t\t\t\t<span class=\"pp-tm-social-icon pp-icon\">\n\t\t\t\t\t\t\t\t<i aria-hidden=\"true\" class=\"fas fa-envelope\"><\/i>\t\t\t\t\t\t\t\t<\/span>\n\t\t\t\t\t\t\t<\/span>\n\t\t\t\t\t\t<\/a>\n\t\t\t\t\t<\/li>\n\t\t\t\t\t\t\t\t<\/ul>\n\t\t<\/div>\n\t\t\t\t\t\t<\/div>\n\t\t\t<\/div>\n\t\t<\/div>\n\t\t\t\t\t\t<\/div>\n\t\t\t\t<\/div>\n\t\t\t\t<div class=\"elementor-element elementor-element-52ada9f elementor-widget elementor-widget-pp-team-member\" data-id=\"52ada9f\" data-element_type=\"widget\" data-widget_type=\"pp-team-member.default\">\n\t\t\t\t<div class=\"elementor-widget-container\">\n\t\t\t\t\t\t\t<div class=\"pp-tm-wrapper\">\n\t\t\t<div class=\"pp-tm\">\n\t\t\t\t<div class=\"pp-tm-image\"> \n\t\t\t\t\t\n\t\t\t\t\t\t\t\t\t<\/div>\n\t\t\t\t<div class=\"pp-tm-content pp-tm-content-normal\">\n\t\t\t\t\t\t\t\t\t<h4 class=\"pp-tm-name\">\n\t\t\t\t\t\tGu\u00f0ni Steinarsson\t\t\t\t<\/h4>\n\t\t\t\t\t\t\t<div class=\"pp-tm-position\">\n\t\t\t\tME\u00d0STJ\u00d3RNANDI\t\t\t<\/div>\n\t\t\t\t\t\t<div class=\"pp-tm-position-divider-wrap\">\n\t\t\t\t<div class=\"pp-tm-divider pp-tm-position-divider\"><\/div>\n\t\t\t<\/div>\n\t\t\t\t\t\t\t\t\t\t<\/div>\n\t\t\t<\/div>\n\t\t<\/div>\n\t\t\t\t\t\t<\/div>\n\t\t\t\t<\/div>\n\t\t\t\t\t<\/div>\n\t\t<\/div>\n\t\t\t\t<div class=\"elementor-column elementor-col-33 elementor-top-column elementor-element elementor-element-572044f\" data-id=\"572044f\" data-element_type=\"column\">\n\t\t\t<div class=\"elementor-widget-wrap elementor-element-populated\">\n\t\t\t\t\t\t<div class=\"elementor-element elementor-element-8b794b8 elementor-widget elementor-widget-pp-team-member\" data-id=\"8b794b8\" data-element_type=\"widget\" data-widget_type=\"pp-team-member.default\">\n\t\t\t\t<div class=\"elementor-widget-container\">\n\t\t\t\t\t\t\t<div class=\"pp-tm-wrapper\">\n\t\t\t<div class=\"pp-tm\">\n\t\t\t\t<div class=\"pp-tm-image\"> \n\t\t\t\t\t\n\t\t\t\t\t\t\t\t\t<\/div>\n\t\t\t\t<div class=\"pp-tm-content pp-tm-content-normal\">\n\t\t\t\t\t\t\t\t\t<h4 class=\"pp-tm-name\">\n\t\t\t\t\t\t\u00de\u00f3runn Rafnar \u00deorsteinsd\u00f3ttir\t\t\t\t<\/h4>\n\t\t\t\t\t\t\t<div class=\"pp-tm-position\">\n\t\t\t\tGJALDKERI\t\t\t<\/div>\n\t\t\t\t\t\t<div class=\"pp-tm-position-divider-wrap\">\n\t\t\t\t<div class=\"pp-tm-divider pp-tm-position-divider\"><\/div>\n\t\t\t<\/div>\n\t\t\t\t\t\t\t<div class=\"pp-tm-description\">\n\t\t\t\t\t<p>totarafnar@gmail.com<\/p>\t\t\t\t<\/div>\n\t\t\t\t\t\t\t\t<div class=\"pp-tm-social-links-wrap\">\n\t\t\t<ul class=\"pp-tm-social-links\">\n\t\t\t\t\t\t\t\t\t\t\t\t\t\t<li>\n\t\t\t\t\t\t<a class=\"pp-tm-social-link\" href=\"mailto:fimleikadeild@grottasport.is\">\n\t\t\t\t\t\t\t<span class=\"pp-tm-social-icon-wrap\">\n\t\t\t\t\t\t\t\t<span class=\"elementor-screen-only\">Envelope<\/span>\n\t\t\t\t\t\t\t\t<span class=\"pp-tm-social-icon pp-icon\">\n\t\t\t\t\t\t\t\t<i aria-hidden=\"true\" class=\"fas fa-envelope\"><\/i>\t\t\t\t\t\t\t\t<\/span>\n\t\t\t\t\t\t\t<\/span>\n\t\t\t\t\t\t<\/a>\n\t\t\t\t\t<\/li>\n\t\t\t\t\t\t\t\t<\/ul>\n\t\t<\/div>\n\t\t\t\t\t\t<\/div>\n\t\t\t<\/div>\n\t\t<\/div>\n\t\t\t\t\t\t<\/div>\n\t\t\t\t<\/div>\n\t\t\t\t<div class=\"elementor-element elementor-element-8c03f0a elementor-widget elementor-widget-pp-team-member\" data-id=\"8c03f0a\" data-element_type=\"widget\" data-widget_type=\"pp-team-member.default\">\n\t\t\t\t<div class=\"elementor-widget-container\">\n\t\t\t\t\t\t\t<div class=\"pp-tm-wrapper\">\n\t\t\t<div class=\"pp-tm\">\n\t\t\t\t<div class=\"pp-tm-image\"> \n\t\t\t\t\t\n\t\t\t\t\t\t\t\t\t<\/div>\n\t\t\t\t<div class=\"pp-tm-content pp-tm-content-normal\">\n\t\t\t\t\t\t\t\t\t<h4 class=\"pp-tm-name\">\n\t\t\t\t\t\tBylgja \u00ddr Tryggvad\u00f3ttir\t\t\t\t<\/h4>\n\t\t\t\t\t\t\t<div class=\"pp-tm-position\">\n\t\t\t\tME\u00d0STJ\u00d3RNANDI\t\t\t<\/div>\n\t\t\t\t\t\t<div class=\"pp-tm-position-divider-wrap\">\n\t\t\t\t<div class=\"pp-tm-divider pp-tm-position-divider\"><\/div>\n\t\t\t<\/div>\n\t\t\t\t\t\t\t\t\t\t<\/div>\n\t\t\t<\/div>\n\t\t<\/div>\n\t\t\t\t\t\t<\/div>\n\t\t\t\t<\/div>\n\t\t\t\t\t<\/div>\n\t\t<\/div>\n\t\t\t\t\t<\/div>\n\t\t<\/section>\n\t\t\t\t<section class=\"elementor-section elementor-top-section elementor-element elementor-element-68f653e7 elementor-section-boxed elementor-section-height-default elementor-section-height-default\" data-id=\"68f653e7\" data-element_type=\"section\">\n\t\t\t\t\t\t<div class=\"elementor-container elementor-column-gap-default\">\n\t\t\t\t\t<div class=\"elementor-column elementor-col-100 elementor-top-column elementor-element elementor-element-31e1047f\" data-id=\"31e1047f\" data-element_type=\"column\">\n\t\t\t<div class=\"elementor-widget-wrap elementor-element-populated\">\n\t\t\t\t\t\t<div class=\"elementor-element elementor-element-5339e1e1 elementor-hidden-tablet elementor-hidden-phone elementor-widget elementor-widget-spacer\" data-id=\"5339e1e1\" data-element_type=\"widget\" data-widget_type=\"spacer.default\">\n\t\t\t\t<div class=\"elementor-widget-container\">\n\t\t\t\t\t\t\t<div class=\"elementor-spacer\">\n\t\t\t<div class=\"elementor-spacer-inner\"><\/div>\n\t\t<\/div>\n\t\t\t\t\t\t<\/div>\n\t\t\t\t<\/div>\n\t\t\t\t<div class=\"elementor-element elementor-element-7549ca35 elementor-align-left elementor-widget elementor-widget-raven-breadcrumbs\" data-id=\"7549ca35\" data-element_type=\"widget\" data-widget_type=\"raven-breadcrumbs.default\">\n\t\t\t\t<div class=\"elementor-widget-container\">\n\t\t\t\t\t<div class=\"raven-breadcrumbs raven-breadcrumbs-default\"><div class=\"breadcrumb\">\t\t\t\t<div class=\"breadcrumb-item active\" aria-current=\"page\"><span>Home<\/span><\/div>\r\n\r\n\t\t\t\t<\/div><\/div>\t\t\t\t<\/div>\n\t\t\t\t<\/div>\n\t\t\t\t\t<\/div>\n\t\t<\/div>\n\t\t\t\t\t<\/div>\n\t\t<\/section>\n\t\t\t\t<\/div>","protected":false},"excerpt":{"rendered":"<p>OPNUNART\u00cdMI FIMLEIKADEILDAR Opnunart\u00edmi skrifstofu \u00deri\u00f0judaga 15.00-17.00 fimleikar@grotta.is Envelope STJ\u00d3RN FIMLEIKADEILDAR 2024 &#8211; 2025 Tinna Molphy FORMA\u00d0UR tinna.molphy@gmail.com Envelope Birna Fri\u00f0geirsd\u00f3ttir ME\u00d0STJ\u00d3RNANDI Harpa Hl\u00edf B\u00e1r\u00f0ard\u00f3ttir VARAFORMA\u00d0UR harpahlif@gmail.com Envelope Gu\u00f0ni Steinarsson ME\u00d0STJ\u00d3RNANDI [&hellip;]<\/p>","protected":false},"author":2,"featured_media":0,"parent":1123,"menu_order":0,"comment_status":"closed","ping_status":"closed","template":"elementor_header_footer","meta":{"footnotes":""},"class_list":["post-2163","page","type-page","status-publish","hentry"],"yoast_head":"<!-- This site is optimized with the Yoast SEO plugin v24.3 - https:\/\/yoast.com\/wordpress\/plugins\/seo\/ -->\n<title>Stj\u00f3rn og framkv\u00e6mdastj\u00f3ri - \u00cd\u00fer\u00f3ttaf\u00e9lagi\u00f0 Gr\u00f3tta<\/title>\n<meta name=\"robots\" content=\"index, follow, max-snippet:-1, max-image-preview:large, max-video-preview:-1\" \/>\n<link rel=\"canonical\" href=\"https:\/\/grotta.is\/en\/fimleikadeild\/stjorn-og-framkvaemdastjori\/\" \/>\n<meta property=\"og:locale\" content=\"en_US\" \/>\n<meta property=\"og:type\" content=\"article\" \/>\n<meta property=\"og:title\" content=\"Stj\u00f3rn og framkv\u00e6mdastj\u00f3ri - \u00cd\u00fer\u00f3ttaf\u00e9lagi\u00f0 Gr\u00f3tta\" \/>\n<meta property=\"og:description\" content=\"OPNUNART\u00cdMI FIMLEIKADEILDAR Opnunart\u00edmi skrifstofu \u00deri\u00f0judaga 15.00-17.00 fimleikar@grotta.is Envelope STJ\u00d3RN FIMLEIKADEILDAR 2024 &#8211; 2025 Tinna Molphy FORMA\u00d0UR tinna.molphy@gmail.com Envelope Birna Fri\u00f0geirsd\u00f3ttir ME\u00d0STJ\u00d3RNANDI Harpa Hl\u00edf B\u00e1r\u00f0ard\u00f3ttir VARAFORMA\u00d0UR harpahlif@gmail.com Envelope Gu\u00f0ni Steinarsson ME\u00d0STJ\u00d3RNANDI [&hellip;]\" \/>\n<meta property=\"og:url\" content=\"https:\/\/grotta.is\/en\/fimleikadeild\/stjorn-og-framkvaemdastjori\/\" \/>\n<meta property=\"og:site_name\" content=\"\u00cd\u00fer\u00f3ttaf\u00e9lagi\u00f0 Gr\u00f3tta\" \/>\n<meta property=\"article:publisher\" content=\"https:\/\/www.facebook.com\/grottasport\" \/>\n<meta property=\"article:modified_time\" content=\"2025-11-10T13:23:45+00:00\" \/>\n<meta name=\"twitter:card\" content=\"summary_large_image\" \/>\n<meta name=\"twitter:label1\" content=\"Est. reading time\" \/>\n\t<meta name=\"twitter:data1\" content=\"1 minute\" \/>\n<script type=\"application\/ld+json\" class=\"yoast-schema-graph\">{\"@context\":\"https:\/\/schema.org\",\"@graph\":[{\"@type\":\"WebPage\",\"@id\":\"https:\/\/grotta.is\/fimleikadeild\/stjorn-og-framkvaemdastjori\/\",\"url\":\"https:\/\/grotta.is\/fimleikadeild\/stjorn-og-framkvaemdastjori\/\",\"name\":\"Stj\u00f3rn og framkv\u00e6mdastj\u00f3ri - \u00cd\u00fer\u00f3ttaf\u00e9lagi\u00f0 Gr\u00f3tta\",\"isPartOf\":{\"@id\":\"https:\/\/grotta.is\/#website\"},\"datePublished\":\"2020-04-18T23:45:37+00:00\",\"dateModified\":\"2025-11-10T13:23:45+00:00\",\"breadcrumb\":{\"@id\":\"https:\/\/grotta.is\/fimleikadeild\/stjorn-og-framkvaemdastjori\/#breadcrumb\"},\"inLanguage\":\"en-US\",\"potentialAction\":[{\"@type\":\"ReadAction\",\"target\":[\"https:\/\/grotta.is\/fimleikadeild\/stjorn-og-framkvaemdastjori\/\"]}]},{\"@type\":\"BreadcrumbList\",\"@id\":\"https:\/\/grotta.is\/fimleikadeild\/stjorn-og-framkvaemdastjori\/#breadcrumb\",\"itemListElement\":[{\"@type\":\"ListItem\",\"position\":1,\"name\":\"Home\",\"item\":\"https:\/\/grotta.is\/\"},{\"@type\":\"ListItem\",\"position\":2,\"name\":\"Fimleikadeild Gr\u00f3ttu\",\"item\":\"https:\/\/grotta.is\/fimleikadeild\/\"},{\"@type\":\"ListItem\",\"position\":3,\"name\":\"Stj\u00f3rn og framkv\u00e6mdastj\u00f3ri\"}]},{\"@type\":\"WebSite\",\"@id\":\"https:\/\/grotta.is\/#website\",\"url\":\"https:\/\/grotta.is\/\",\"name\":\"\u00cd\u00fer\u00f3ttaf\u00e9lagi\u00f0 Gr\u00f3tta\",\"description\":\"\u00e1 Seltjarnarnesi\",\"publisher\":{\"@id\":\"https:\/\/grotta.is\/#organization\"},\"potentialAction\":[{\"@type\":\"SearchAction\",\"target\":{\"@type\":\"EntryPoint\",\"urlTemplate\":\"https:\/\/grotta.is\/?s={search_term_string}\"},\"query-input\":{\"@type\":\"PropertyValueSpecification\",\"valueRequired\":true,\"valueName\":\"search_term_string\"}}],\"inLanguage\":\"en-US\"},{\"@type\":\"Organization\",\"@id\":\"https:\/\/grotta.is\/#organization\",\"name\":\"\u00cd\u00fer\u00f3ttaf\u00e9lagi\u00f0 Gr\u00f3tta\",\"url\":\"https:\/\/grotta.is\/\",\"logo\":{\"@type\":\"ImageObject\",\"inLanguage\":\"en-US\",\"@id\":\"https:\/\/grotta.is\/#\/schema\/logo\/image\/\",\"url\":\"https:\/\/grotta.is\/wp-content\/uploads\/2020\/02\/ithrottafelagidgrotta_logo_512x512_transparent.png\",\"contentUrl\":\"https:\/\/grotta.is\/wp-content\/uploads\/2020\/02\/ithrottafelagidgrotta_logo_512x512_transparent.png\",\"width\":512,\"height\":512,\"caption\":\"\u00cd\u00fer\u00f3ttaf\u00e9lagi\u00f0 Gr\u00f3tta\"},\"image\":{\"@id\":\"https:\/\/grotta.is\/#\/schema\/logo\/image\/\"},\"sameAs\":[\"https:\/\/www.facebook.com\/grottasport\"]}]}<\/script>\n<!-- \/ Yoast SEO plugin. -->","yoast_head_json":{"title":"Stj\u00f3rn og framkv\u00e6mdastj\u00f3ri - \u00cd\u00fer\u00f3ttaf\u00e9lagi\u00f0 Gr\u00f3tta","robots":{"index":"index","follow":"follow","max-snippet":"max-snippet:-1","max-image-preview":"max-image-preview:large","max-video-preview":"max-video-preview:-1"},"canonical":"https:\/\/grotta.is\/en\/fimleikadeild\/stjorn-og-framkvaemdastjori\/","og_locale":"en_US","og_type":"article","og_title":"Stj\u00f3rn og framkv\u00e6mdastj\u00f3ri - \u00cd\u00fer\u00f3ttaf\u00e9lagi\u00f0 Gr\u00f3tta","og_description":"OPNUNART\u00cdMI FIMLEIKADEILDAR Opnunart\u00edmi skrifstofu \u00deri\u00f0judaga 15.00-17.00 fimleikar@grotta.is Envelope STJ\u00d3RN FIMLEIKADEILDAR 2024 &#8211; 2025 Tinna Molphy FORMA\u00d0UR tinna.molphy@gmail.com Envelope Birna Fri\u00f0geirsd\u00f3ttir ME\u00d0STJ\u00d3RNANDI Harpa Hl\u00edf B\u00e1r\u00f0ard\u00f3ttir VARAFORMA\u00d0UR harpahlif@gmail.com Envelope Gu\u00f0ni Steinarsson ME\u00d0STJ\u00d3RNANDI [&hellip;]","og_url":"https:\/\/grotta.is\/en\/fimleikadeild\/stjorn-og-framkvaemdastjori\/","og_site_name":"\u00cd\u00fer\u00f3ttaf\u00e9lagi\u00f0 Gr\u00f3tta","article_publisher":"https:\/\/www.facebook.com\/grottasport","article_modified_time":"2025-11-10T13:23:45+00:00","twitter_card":"summary_large_image","twitter_misc":{"Est. reading time":"1 minute"},"schema":{"@context":"https:\/\/schema.org","@graph":[{"@type":"WebPage","@id":"https:\/\/grotta.is\/fimleikadeild\/stjorn-og-framkvaemdastjori\/","url":"https:\/\/grotta.is\/fimleikadeild\/stjorn-og-framkvaemdastjori\/","name":"Stj\u00f3rn og framkv\u00e6mdastj\u00f3ri - \u00cd\u00fer\u00f3ttaf\u00e9lagi\u00f0 Gr\u00f3tta","isPartOf":{"@id":"https:\/\/grotta.is\/#website"},"datePublished":"2020-04-18T23:45:37+00:00","dateModified":"2025-11-10T13:23:45+00:00","breadcrumb":{"@id":"https:\/\/grotta.is\/fimleikadeild\/stjorn-og-framkvaemdastjori\/#breadcrumb"},"inLanguage":"en-US","potentialAction":[{"@type":"ReadAction","target":["https:\/\/grotta.is\/fimleikadeild\/stjorn-og-framkvaemdastjori\/"]}]},{"@type":"BreadcrumbList","@id":"https:\/\/grotta.is\/fimleikadeild\/stjorn-og-framkvaemdastjori\/#breadcrumb","itemListElement":[{"@type":"ListItem","position":1,"name":"Home","item":"https:\/\/grotta.is\/"},{"@type":"ListItem","position":2,"name":"Fimleikadeild Gr\u00f3ttu","item":"https:\/\/grotta.is\/fimleikadeild\/"},{"@type":"ListItem","position":3,"name":"Stj\u00f3rn og framkv\u00e6mdastj\u00f3ri"}]},{"@type":"WebSite","@id":"https:\/\/grotta.is\/#website","url":"https:\/\/grotta.is\/","name":"\u00cd\u00fer\u00f3ttaf\u00e9lagi\u00f0 Gr\u00f3tta","description":"\u00e1 Seltjarnarnesi","publisher":{"@id":"https:\/\/grotta.is\/#organization"},"potentialAction":[{"@type":"SearchAction","target":{"@type":"EntryPoint","urlTemplate":"https:\/\/grotta.is\/?s={search_term_string}"},"query-input":{"@type":"PropertyValueSpecification","valueRequired":true,"valueName":"search_term_string"}}],"inLanguage":"en-US"},{"@type":"Organization","@id":"https:\/\/grotta.is\/#organization","name":"\u00cd\u00fer\u00f3ttaf\u00e9lagi\u00f0 Gr\u00f3tta","url":"https:\/\/grotta.is\/","logo":{"@type":"ImageObject","inLanguage":"en-US","@id":"https:\/\/grotta.is\/#\/schema\/logo\/image\/","url":"https:\/\/grotta.is\/wp-content\/uploads\/2020\/02\/ithrottafelagidgrotta_logo_512x512_transparent.png","contentUrl":"https:\/\/grotta.is\/wp-content\/uploads\/2020\/02\/ithrottafelagidgrotta_logo_512x512_transparent.png","width":512,"height":512,"caption":"\u00cd\u00fer\u00f3ttaf\u00e9lagi\u00f0 Gr\u00f3tta"},"image":{"@id":"https:\/\/grotta.is\/#\/schema\/logo\/image\/"},"sameAs":["https:\/\/www.facebook.com\/grottasport"]}]}},"_links":{"self":[{"href":"https:\/\/grotta.is\/en\/wp-json\/wp\/v2\/pages\/2163","targetHints":{"allow":["GET"]}}],"collection":[{"href":"https:\/\/grotta.is\/en\/wp-json\/wp\/v2\/pages"}],"about":[{"href":"https:\/\/grotta.is\/en\/wp-json\/wp\/v2\/types\/page"}],"author":[{"embeddable":true,"href":"https:\/\/grotta.is\/en\/wp-json\/wp\/v2\/users\/2"}],"replies":[{"embeddable":true,"href":"https:\/\/grotta.is\/en\/wp-json\/wp\/v2\/comments?post=2163"}],"version-history":[{"count":133,"href":"https:\/\/grotta.is\/en\/wp-json\/wp\/v2\/pages\/2163\/revisions"}],"predecessor-version":[{"id":575744,"href":"https:\/\/grotta.is\/en\/wp-json\/wp\/v2\/pages\/2163\/revisions\/575744"}],"up":[{"embeddable":true,"href":"https:\/\/grotta.is\/en\/wp-json\/wp\/v2\/pages\/1123"}],"wp:attachment":[{"href":"https:\/\/grotta.is\/en\/wp-json\/wp\/v2\/media?parent=2163"}],"curies":[{"name":"wp","href":"https:\/\/api.w.org\/{rel}","templated":true}]}}