{"id":2142,"date":"2020-04-18T22:55:36","date_gmt":"2020-04-18T22:55:36","guid":{"rendered":"https:\/\/grotta.is\/?page_id=2142"},"modified":"2026-03-30T21:00:43","modified_gmt":"2026-03-30T21:00:43","slug":"gullmerkishafar","status":"publish","type":"page","link":"https:\/\/grotta.is\/en\/um-felagid\/merkishafar\/gullmerkishafar\/","title":{"rendered":"Gullmerkishafar"},"content":{"rendered":"<div data-elementor-type=\"wp-page\" data-elementor-id=\"2142\" class=\"elementor elementor-2142\" data-elementor-post-type=\"page\">\n\t\t\t\t\t\t<section class=\"elementor-section elementor-top-section elementor-element elementor-element-e6c8301 elementor-section-boxed elementor-section-height-default elementor-section-height-default\" data-id=\"e6c8301\" data-element_type=\"section\">\n\t\t\t\t\t\t<div class=\"elementor-container elementor-column-gap-default\">\n\t\t\t\t\t<div class=\"elementor-column elementor-col-100 elementor-top-column elementor-element elementor-element-30d7877\" data-id=\"30d7877\" data-element_type=\"column\">\n\t\t\t<div class=\"elementor-widget-wrap elementor-element-populated\">\n\t\t\t\t\t\t<div class=\"elementor-element elementor-element-1029d40 elementor-widget elementor-widget-text-editor\" data-id=\"1029d40\" data-element_type=\"widget\" data-widget_type=\"text-editor.default\">\n\t\t\t\t<div class=\"elementor-widget-container\">\n\t\t\t\t\t\t\t\t\t<ul><li>\u00c1g\u00fast Ingi \u00c1g\u00fastsson 2017 a\u00f0alstj\u00f3rn<\/li><li>Andri Sigf\u00fasson 2024 handbolti<\/li><li>Arnd\u00eds Mar\u00eda Erlingsd\u00f3ttir 2023 handbolti<\/li><li>Axel Fri\u00f0riksson 1987 hand og f\u00f3t<\/li><li>\u00c1sger\u00f0ur Halld\u00f3rsd\u00f3ttir 1987 handbolti<\/li><li>Bjarni Torfi \u00c1lf\u00fe\u00f3rsson 2007 a\u00f0alstj\u00f3rn<\/li><li>Dav\u00ed\u00f0 \u00d6rn Hl\u00f6\u00f0versson 2023 handbolti<\/li><li>Eyj\u00f3lfur Gar\u00f0arsson hand- og f\u00f3tbolti 2021<\/li><li>Fri\u00f0rik M. Fri\u00f0riksson 2002 f\u00f3tbolti<\/li><li>Gabriella Bel\u00e1nyi 2023 fimleikar<\/li><li>Gar\u00f0ar Gu\u00f0mundsson 1987<\/li><li>Gr\u00e9tar Vilmundarson hand- og f\u00f3tbolti<\/li><li>Gu\u00f0r\u00fan Brynja Vilhj\u00e1lmsd\u00f3ttir 2002 fimleikar<\/li><li>Gunnar L\u00fa\u00f0v\u00edksson 2002 a\u00f0alstj\u00f3rn<\/li><li>Harpa Hl\u00edf B\u00e1r\u00f0ard\u00f3ttir fimleikar 2025<\/li><li>J\u00f3hannes Geir Benjam\u00ednsson 2002 handbolti<\/li><li>K\u00e1ri Gar\u00f0arsson, 2022 a\u00f0alstj\u00f3rn<\/li><li>Krist\u00edn Finnbogad\u00f3ttir 2020 a\u00f0alstj\u00f3rn<\/li><li>Krist\u00edn \u00de\u00f3r\u00f0ard\u00f3ttir 2023 handbolti<\/li><li>Kristj\u00e1n Gu\u00f0laugsson 1997 handbolti<\/li><li>Magn\u00fas Georgsson 1987 a\u00f0alstj\u00f3rn<\/li><li>Magn\u00fas Margeirsson 2002 hand og f\u00f3t<\/li><li>Magn\u00fas Sigur\u00f0sson 2002 handbolti<\/li><li>R\u00f6gnvaldur Dofri P\u00e9tursson 2018 f\u00f3tbolti<\/li><li>Sigurgeir Sigur\u00f0sson 1987<\/li><li>Stef\u00e1n \u00c1g\u00fastsson 1987 a\u00f0alstj\u00f3rn<\/li><li>Stef\u00e1n \u00d6rn Stef\u00e1nsson 1997 hand og f\u00f3t<\/li><li>\u00deorsteinn J. Stef\u00e1nsson 1997 handbolti<\/li><li>\u00de\u00f3r Sigurgeirsson 2020 f\u00f3tbolti<\/li><\/ul>\t\t\t\t\t\t\t\t<\/div>\n\t\t\t\t<\/div>\n\t\t\t\t\t<\/div>\n\t\t<\/div>\n\t\t\t\t\t<\/div>\n\t\t<\/section>\n\t\t\t\t<\/div>","protected":false},"excerpt":{"rendered":"<p>\u00c1g\u00fast Ingi \u00c1g\u00fastsson 2017 a\u00f0alstj\u00f3rn Andri Sigf\u00fasson 2024 handbolti Arnd\u00eds Mar\u00eda Erlingsd\u00f3ttir 2023 handbolti Axel Fri\u00f0riksson 1987 hand og f\u00f3t \u00c1sger\u00f0ur Halld\u00f3rsd\u00f3ttir 1987 handbolti Bjarni Torfi \u00c1lf\u00fe\u00f3rsson 2007 a\u00f0alstj\u00f3rn Dav\u00ed\u00f0 [&hellip;]<\/p>","protected":false},"author":2,"featured_media":0,"parent":2070,"menu_order":0,"comment_status":"closed","ping_status":"closed","template":"","meta":{"footnotes":""},"class_list":["post-2142","page","type-page","status-publish","hentry"],"yoast_head":"<!-- This site is optimized with the Yoast SEO plugin v24.3 - https:\/\/yoast.com\/wordpress\/plugins\/seo\/ -->\n<title>Gullmerkishafar - \u00cd\u00fer\u00f3ttaf\u00e9lagi\u00f0 Gr\u00f3tta<\/title>\n<meta name=\"robots\" content=\"index, follow, max-snippet:-1, max-image-preview:large, max-video-preview:-1\" \/>\n<link rel=\"canonical\" href=\"https:\/\/grotta.is\/en\/um-felagid\/merkishafar\/gullmerkishafar\/\" \/>\n<meta property=\"og:locale\" content=\"en_US\" \/>\n<meta property=\"og:type\" content=\"article\" \/>\n<meta property=\"og:title\" content=\"Gullmerkishafar - \u00cd\u00fer\u00f3ttaf\u00e9lagi\u00f0 Gr\u00f3tta\" \/>\n<meta property=\"og:description\" content=\"\u00c1g\u00fast Ingi \u00c1g\u00fastsson 2017 a\u00f0alstj\u00f3rn Andri Sigf\u00fasson 2024 handbolti Arnd\u00eds Mar\u00eda Erlingsd\u00f3ttir 2023 handbolti Axel Fri\u00f0riksson 1987 hand og f\u00f3t \u00c1sger\u00f0ur Halld\u00f3rsd\u00f3ttir 1987 handbolti Bjarni Torfi \u00c1lf\u00fe\u00f3rsson 2007 a\u00f0alstj\u00f3rn Dav\u00ed\u00f0 [&hellip;]\" \/>\n<meta property=\"og:url\" content=\"https:\/\/grotta.is\/en\/um-felagid\/merkishafar\/gullmerkishafar\/\" \/>\n<meta property=\"og:site_name\" content=\"\u00cd\u00fer\u00f3ttaf\u00e9lagi\u00f0 Gr\u00f3tta\" \/>\n<meta property=\"article:publisher\" content=\"https:\/\/www.facebook.com\/grottasport\" \/>\n<meta property=\"article:modified_time\" content=\"2026-03-30T21:00:43+00:00\" \/>\n<meta name=\"twitter:card\" content=\"summary_large_image\" \/>\n<meta name=\"twitter:label1\" content=\"Est. reading time\" \/>\n\t<meta name=\"twitter:data1\" content=\"1 minute\" \/>\n<script type=\"application\/ld+json\" class=\"yoast-schema-graph\">{\"@context\":\"https:\/\/schema.org\",\"@graph\":[{\"@type\":\"WebPage\",\"@id\":\"https:\/\/grotta.is\/um-felagid\/merkishafar\/gullmerkishafar\/\",\"url\":\"https:\/\/grotta.is\/um-felagid\/merkishafar\/gullmerkishafar\/\",\"name\":\"Gullmerkishafar - \u00cd\u00fer\u00f3ttaf\u00e9lagi\u00f0 Gr\u00f3tta\",\"isPartOf\":{\"@id\":\"https:\/\/grotta.is\/#website\"},\"datePublished\":\"2020-04-18T22:55:36+00:00\",\"dateModified\":\"2026-03-30T21:00:43+00:00\",\"breadcrumb\":{\"@id\":\"https:\/\/grotta.is\/um-felagid\/merkishafar\/gullmerkishafar\/#breadcrumb\"},\"inLanguage\":\"en-US\",\"potentialAction\":[{\"@type\":\"ReadAction\",\"target\":[\"https:\/\/grotta.is\/um-felagid\/merkishafar\/gullmerkishafar\/\"]}]},{\"@type\":\"BreadcrumbList\",\"@id\":\"https:\/\/grotta.is\/um-felagid\/merkishafar\/gullmerkishafar\/#breadcrumb\",\"itemListElement\":[{\"@type\":\"ListItem\",\"position\":1,\"name\":\"Home\",\"item\":\"https:\/\/grotta.is\/\"},{\"@type\":\"ListItem\",\"position\":2,\"name\":\"Um f\u00e9lagi\u00f0\",\"item\":\"https:\/\/grotta.is\/um-felagid\/\"},{\"@type\":\"ListItem\",\"position\":3,\"name\":\"Merkishafar Gr\u00f3ttu\",\"item\":\"https:\/\/grotta.is\/um-felagid\/merkishafar\/\"},{\"@type\":\"ListItem\",\"position\":4,\"name\":\"Gullmerkishafar\"}]},{\"@type\":\"WebSite\",\"@id\":\"https:\/\/grotta.is\/#website\",\"url\":\"https:\/\/grotta.is\/\",\"name\":\"\u00cd\u00fer\u00f3ttaf\u00e9lagi\u00f0 Gr\u00f3tta\",\"description\":\"\u00e1 Seltjarnarnesi\",\"publisher\":{\"@id\":\"https:\/\/grotta.is\/#organization\"},\"potentialAction\":[{\"@type\":\"SearchAction\",\"target\":{\"@type\":\"EntryPoint\",\"urlTemplate\":\"https:\/\/grotta.is\/?s={search_term_string}\"},\"query-input\":{\"@type\":\"PropertyValueSpecification\",\"valueRequired\":true,\"valueName\":\"search_term_string\"}}],\"inLanguage\":\"en-US\"},{\"@type\":\"Organization\",\"@id\":\"https:\/\/grotta.is\/#organization\",\"name\":\"\u00cd\u00fer\u00f3ttaf\u00e9lagi\u00f0 Gr\u00f3tta\",\"url\":\"https:\/\/grotta.is\/\",\"logo\":{\"@type\":\"ImageObject\",\"inLanguage\":\"en-US\",\"@id\":\"https:\/\/grotta.is\/#\/schema\/logo\/image\/\",\"url\":\"https:\/\/grotta.is\/wp-content\/uploads\/2020\/02\/ithrottafelagidgrotta_logo_512x512_transparent.png\",\"contentUrl\":\"https:\/\/grotta.is\/wp-content\/uploads\/2020\/02\/ithrottafelagidgrotta_logo_512x512_transparent.png\",\"width\":512,\"height\":512,\"caption\":\"\u00cd\u00fer\u00f3ttaf\u00e9lagi\u00f0 Gr\u00f3tta\"},\"image\":{\"@id\":\"https:\/\/grotta.is\/#\/schema\/logo\/image\/\"},\"sameAs\":[\"https:\/\/www.facebook.com\/grottasport\"]}]}<\/script>\n<!-- \/ Yoast SEO plugin. -->","yoast_head_json":{"title":"Gullmerkishafar - \u00cd\u00fer\u00f3ttaf\u00e9lagi\u00f0 Gr\u00f3tta","robots":{"index":"index","follow":"follow","max-snippet":"max-snippet:-1","max-image-preview":"max-image-preview:large","max-video-preview":"max-video-preview:-1"},"canonical":"https:\/\/grotta.is\/en\/um-felagid\/merkishafar\/gullmerkishafar\/","og_locale":"en_US","og_type":"article","og_title":"Gullmerkishafar - \u00cd\u00fer\u00f3ttaf\u00e9lagi\u00f0 Gr\u00f3tta","og_description":"\u00c1g\u00fast Ingi \u00c1g\u00fastsson 2017 a\u00f0alstj\u00f3rn Andri Sigf\u00fasson 2024 handbolti Arnd\u00eds Mar\u00eda Erlingsd\u00f3ttir 2023 handbolti Axel Fri\u00f0riksson 1987 hand og f\u00f3t \u00c1sger\u00f0ur Halld\u00f3rsd\u00f3ttir 1987 handbolti Bjarni Torfi \u00c1lf\u00fe\u00f3rsson 2007 a\u00f0alstj\u00f3rn Dav\u00ed\u00f0 [&hellip;]","og_url":"https:\/\/grotta.is\/en\/um-felagid\/merkishafar\/gullmerkishafar\/","og_site_name":"\u00cd\u00fer\u00f3ttaf\u00e9lagi\u00f0 Gr\u00f3tta","article_publisher":"https:\/\/www.facebook.com\/grottasport","article_modified_time":"2026-03-30T21:00:43+00:00","twitter_card":"summary_large_image","twitter_misc":{"Est. reading time":"1 minute"},"schema":{"@context":"https:\/\/schema.org","@graph":[{"@type":"WebPage","@id":"https:\/\/grotta.is\/um-felagid\/merkishafar\/gullmerkishafar\/","url":"https:\/\/grotta.is\/um-felagid\/merkishafar\/gullmerkishafar\/","name":"Gullmerkishafar - \u00cd\u00fer\u00f3ttaf\u00e9lagi\u00f0 Gr\u00f3tta","isPartOf":{"@id":"https:\/\/grotta.is\/#website"},"datePublished":"2020-04-18T22:55:36+00:00","dateModified":"2026-03-30T21:00:43+00:00","breadcrumb":{"@id":"https:\/\/grotta.is\/um-felagid\/merkishafar\/gullmerkishafar\/#breadcrumb"},"inLanguage":"en-US","potentialAction":[{"@type":"ReadAction","target":["https:\/\/grotta.is\/um-felagid\/merkishafar\/gullmerkishafar\/"]}]},{"@type":"BreadcrumbList","@id":"https:\/\/grotta.is\/um-felagid\/merkishafar\/gullmerkishafar\/#breadcrumb","itemListElement":[{"@type":"ListItem","position":1,"name":"Home","item":"https:\/\/grotta.is\/"},{"@type":"ListItem","position":2,"name":"Um f\u00e9lagi\u00f0","item":"https:\/\/grotta.is\/um-felagid\/"},{"@type":"ListItem","position":3,"name":"Merkishafar Gr\u00f3ttu","item":"https:\/\/grotta.is\/um-felagid\/merkishafar\/"},{"@type":"ListItem","position":4,"name":"Gullmerkishafar"}]},{"@type":"WebSite","@id":"https:\/\/grotta.is\/#website","url":"https:\/\/grotta.is\/","name":"\u00cd\u00fer\u00f3ttaf\u00e9lagi\u00f0 Gr\u00f3tta","description":"\u00e1 Seltjarnarnesi","publisher":{"@id":"https:\/\/grotta.is\/#organization"},"potentialAction":[{"@type":"SearchAction","target":{"@type":"EntryPoint","urlTemplate":"https:\/\/grotta.is\/?s={search_term_string}"},"query-input":{"@type":"PropertyValueSpecification","valueRequired":true,"valueName":"search_term_string"}}],"inLanguage":"en-US"},{"@type":"Organization","@id":"https:\/\/grotta.is\/#organization","name":"\u00cd\u00fer\u00f3ttaf\u00e9lagi\u00f0 Gr\u00f3tta","url":"https:\/\/grotta.is\/","logo":{"@type":"ImageObject","inLanguage":"en-US","@id":"https:\/\/grotta.is\/#\/schema\/logo\/image\/","url":"https:\/\/grotta.is\/wp-content\/uploads\/2020\/02\/ithrottafelagidgrotta_logo_512x512_transparent.png","contentUrl":"https:\/\/grotta.is\/wp-content\/uploads\/2020\/02\/ithrottafelagidgrotta_logo_512x512_transparent.png","width":512,"height":512,"caption":"\u00cd\u00fer\u00f3ttaf\u00e9lagi\u00f0 Gr\u00f3tta"},"image":{"@id":"https:\/\/grotta.is\/#\/schema\/logo\/image\/"},"sameAs":["https:\/\/www.facebook.com\/grottasport"]}]}},"_links":{"self":[{"href":"https:\/\/grotta.is\/en\/wp-json\/wp\/v2\/pages\/2142","targetHints":{"allow":["GET"]}}],"collection":[{"href":"https:\/\/grotta.is\/en\/wp-json\/wp\/v2\/pages"}],"about":[{"href":"https:\/\/grotta.is\/en\/wp-json\/wp\/v2\/types\/page"}],"author":[{"embeddable":true,"href":"https:\/\/grotta.is\/en\/wp-json\/wp\/v2\/users\/2"}],"replies":[{"embeddable":true,"href":"https:\/\/grotta.is\/en\/wp-json\/wp\/v2\/comments?post=2142"}],"version-history":[{"count":23,"href":"https:\/\/grotta.is\/en\/wp-json\/wp\/v2\/pages\/2142\/revisions"}],"predecessor-version":[{"id":576189,"href":"https:\/\/grotta.is\/en\/wp-json\/wp\/v2\/pages\/2142\/revisions\/576189"}],"up":[{"embeddable":true,"href":"https:\/\/grotta.is\/en\/wp-json\/wp\/v2\/pages\/2070"}],"wp:attachment":[{"href":"https:\/\/grotta.is\/en\/wp-json\/wp\/v2\/media?parent=2142"}],"curies":[{"name":"wp","href":"https:\/\/api.w.org\/{rel}","templated":true}]}}