{"id":2116,"date":"2020-04-18T18:40:17","date_gmt":"2020-04-18T18:40:17","guid":{"rendered":"https:\/\/grotta.is\/?page_id=2116"},"modified":"2026-03-30T20:46:08","modified_gmt":"2026-03-30T20:46:08","slug":"bronsmerkishafar","status":"publish","type":"page","link":"https:\/\/grotta.is\/en\/um-felagid\/merkishafar\/bronsmerkishafar\/","title":{"rendered":"Bronsmerkishafar Gr\u00f3ttu"},"content":{"rendered":"<div data-elementor-type=\"wp-page\" data-elementor-id=\"2116\" class=\"elementor elementor-2116\" data-elementor-post-type=\"page\">\n\t\t\t\t\t\t<section class=\"elementor-section elementor-top-section elementor-element elementor-element-265a019 elementor-section-boxed elementor-section-height-default elementor-section-height-default\" data-id=\"265a019\" data-element_type=\"section\">\n\t\t\t\t\t\t<div class=\"elementor-container elementor-column-gap-default\">\n\t\t\t\t\t<div class=\"elementor-column elementor-col-100 elementor-top-column elementor-element elementor-element-2eae136\" data-id=\"2eae136\" data-element_type=\"column\">\n\t\t\t<div class=\"elementor-widget-wrap elementor-element-populated\">\n\t\t\t\t\t\t<div class=\"elementor-element elementor-element-c15f1a7 elementor-widget elementor-widget-text-editor\" data-id=\"c15f1a7\" data-element_type=\"widget\" data-widget_type=\"text-editor.default\">\n\t\t\t\t<div class=\"elementor-widget-container\">\n\t\t\t\t\t\t\t\t\t<p>\u00a0<\/p><ul><li>Alexander Jensen Hj\u00e1lmarsson 2021 f\u00f3tbolti<\/li><li>Anna Bj\u00f6rg Erlingsd\u00f3ttir 2019 handbolti<\/li><li>Anna D\u00f3ra \u00d3feigsd\u00f3ttir 2023 fimleikar<\/li><li>Anna J\u00f3nsd\u00f3ttir 2014 fimleikar<\/li><li>Anna Krist\u00edn Kristinsd\u00f3ttir 1997<\/li><li>Anna \u00dars\u00fala Gu\u00f0mundsd\u00f3ttir 2016 handbolti<\/li><li>Anna Kristr\u00fan Gunnarsd\u00f3ttir 1997 fimleikar<\/li><li>Anna S\u00f3ley J\u00f3nsd\u00f3ttir 2017 fimleikar<\/li><li>Alfre\u00f0 Finnsson handbolti 2025<\/li><li>Ari P\u00e9tur Eir\u00edksson 2024 handbolti<\/li><li>Arnd\u00eds Mar\u00eda Erlingsd\u00f3ttir 2015 handbolti<\/li><li>Arna Einarsd\u00f3ttir 2019 f\u00f3tbolti<\/li><li>Arnar J\u00f3n Agnarsson 2020<\/li><li>Arnar Rafn Birgisson 2019 f\u00f3tbolti<\/li><li>Arnar Korm\u00e1kur Fri\u00f0riksson 2013 handbolti<\/li><li>Arnar \u00de\u00f3r Axelsson 2023 f\u00f3tbolti<\/li><li>Arnar \u00de\u00f3r Helgason 2024 f\u00f3tbolti<\/li><li>Arnar Kristinn \u00deorkelsson 2009 handbolti<\/li><li>Axel Bragason 2021 fimleikar<\/li><li>\u00c1g\u00fasta Edda Bj\u00f6rnsd\u00f3ttir 1997 fim og hand<\/li><li>\u00c1sd\u00eds P\u00e9tursd\u00f3ttir 2016 fimleikar<\/li><li>\u00c1sta Sigvaldsd\u00f3ttir 2020<\/li><li>\u00c1rni Benedikt \u00c1rnason 2009 handbolti<\/li><li>\u00c1rni Halld\u00f3rsson<\/li><li>\u00c1rni P\u00e9tursson 2009 f\u00f3tbolti<\/li><li>\u00c1sa J\u00f3nsd\u00f3ttir 1997 f\u00f3tbolti<\/li><li>\u00c1sgeir Bjarnason 2009 hand og f\u00f3t<\/li><li>\u00c1smundur Einarsson 2021 handbolti<\/li><li>\u00c1sta Birgisd\u00f3ttir<\/li><li>Bernhard Petersen f\u00f3tbolti<\/li><li>Bern\u00f3deus Sveinsson 2022 handbolti<\/li><li>Bergd\u00eds Katla Birgisd\u00f3ttir 2025<\/li><li>Birgir Bjarnason 2016 f\u00f3tbolti<\/li><li>Birgir H\u00e1konarson 2011 f\u00f3tbolti<\/li><li>Birgir Tj\u00f6rvi P\u00e9tursson 2020<\/li><li>Birkir Sveinsson f\u00f3tbolti<\/li><li>Bjarni \u00c1rmannsson 2019 f\u00f3tbolti<\/li><li>Bjarni Geir Halld\u00f3rsson 2022 fimleikar<\/li><li>Bjarni R\u00f6gnvaldsson 2024 f\u00f3tbolti<\/li><li>Bjarni Torfi \u00c1lf\u00fe\u00f3rsson a\u00f0alstj\u00f3rn<\/li><li>Bjarki M\u00e1r \u00d3lafsson 2017 f\u00f3tbolti<\/li><li>Bj\u00f6rn Bergmann 1997 handbolti<\/li><li>Bj\u00f6rn Valdimarsson 2017 f\u00f3tbolti<\/li><li>Bogi Elfar Gr\u00e9tarsson 2023 a\u00f0alstj\u00f3rn<\/li><li>Bragi Bj\u00f6rnsson 2022 a\u00f0alstj\u00f3rn<\/li><li>Br\u00edet Bjarnad\u00f3ttir 2025<\/li><li>Dav\u00ed\u00f0 Benedikt G\u00edslason handbolti<\/li><li>Dav\u00ed\u00f0 Scheving Birgisson 2013 handbolti<\/li><li>Dav\u00ed\u00f0 \u00d6rn Hl\u00f6\u00f0versson 2015 handbolti<\/li><li>Edda Andrad\u00f3ttir 2024 handbolti<\/li><li>Einar Rafn Ingimarsson 2019 handbolti<\/li><li>Einar \u00deorgeirsson 2009 f\u00f3tbolti<\/li><li>Einar \u00d3li \u00deorvar\u00f0arson 2014 hand og f\u00f3t<\/li><li>Eir\u00edkur El\u00eds \u00deorl\u00e1ksson 2017 handbolti<\/li><li>El\u00edas Magn\u00fasson f\u00f3tbolti<\/li><li>El\u00edn Sm\u00e1rad\u00f3ttir 2020<\/li><li>Elizabeth Holt 2019 fimleikar<\/li><li>Elsa Nielsen 2020\u00a0<\/li><li>Erla G\u00edslad\u00f3ttir 2007 handbolti<\/li><li>Eva Bj\u00f6rnsd\u00f3ttir 1997 fimeikar<\/li><li>Eva Katr\u00edn Fri\u00f0geirsd\u00f3ttir 2020<\/li><li>Eyj\u00f3lfur Gar\u00f0arsson 2011 hand og f\u00f3t<\/li><li>Eyd\u00eds Lilja Eysteinsd\u00f3ttir 2021 f\u00f3tbolti<\/li><li>Fanney Hauksd\u00f3ttir 2018 fimleikar<\/li><li>Fanney Magn\u00fasd\u00f3ttir 2017 fimleikar<\/li><li>Felix Ragnarsson handbolti<\/li><li>Finnbogi \u00d3lafsson<\/li><li>Finnur Ingi Stef\u00e1nsson 2016 handbolti<\/li><li>Filip Andonov 2024<\/li><li>Fjalar Sigur\u00f0arson 2022 hand- og f\u00f3tbolti<\/li><li>Franz Ploder f\u00f3tbolti<\/li><li>Fri\u00f0rik M. Fri\u00f0riksson f\u00f3tbolti<\/li><li>Fri\u00f0rika Har\u00f0ard\u00f3ttir 2010 fimleikar<\/li><li>Gabriella Bel\u00e1nyi 2009 fimleikar<\/li><li>Gar\u00f0ar Gu\u00f0nason 2013 f\u00f3tbolti<\/li><li>Gu\u00f0j\u00f3n Kristinsson f\u00f3tbolti<\/li><li>Gu\u00f0j\u00f3n Nor\u00f0fj\u00f6r\u00f0 2013 a\u00f0alstj\u00f3rn<\/li><li>Gu\u00f0j\u00f3n R\u00fanarsson 2021 fimleikar<\/li><li>Gu\u00f0mundur \u00c1rni Sigf\u00fasson 1997 handbolti<\/li><li>Gu\u00f0mundur Hannesson f\u00f3tbolti<\/li><li>Gu\u00f0mundur Ingimundarson handbolti<\/li><li>Gu\u00f0mundur Kristj\u00e1nsson 2009 handbolti<\/li><li>Gu\u00f0mundur Stef\u00e1n Mar\u00edusson 2010 hand og f\u00f3t<\/li><li>Gu\u00f0r\u00fan \u00cdna Kristj\u00e1nsd\u00f3ttir fim og hand<\/li><li>Gu\u00f0r\u00fan Edda Haraldsd\u00f3ttir 2018 fimleikar<\/li><li>Gu\u00f0r\u00fan Kaldal<\/li><li>Gu\u00f0r\u00fan Gu\u00f0mundsd\u00f3ttir (R\u00fana) 2022 f\u00f3tbolti<\/li><li>Gunnar G\u00edslason handbolti<\/li><li>Gunnar Gu\u00f0mundsson handbolti<\/li><li>Hafd\u00eds Gu\u00f0mundsd\u00f3ttir 2013 og 2016 f\u00f3tbolti<\/li><li>Halla Bachmann \u00d3lafsd\u00f3ttir 2020<\/li><li>Halla Steingr\u00edmsd\u00f3ttir handbolti 2025<\/li><li>Halld\u00f3r \u00c1rnason fimleikar<\/li><li>Halld\u00f3r Eyj\u00f3lfsson 2015 f\u00f3tbolti<\/li><li>Halld\u00f3r Nellet 2009 a\u00f0alstj\u00f3rn<\/li><li>Halld\u00f3r Kristj\u00e1n Baldursson 2021 f\u00f3tbolti\u00a0<\/li><li>Hanna Sigr\u00ed\u00f0ur Gunnsteinsd\u00f3ttir 2019 Handbolti<\/li><li>Hannes Birgisson 2017 handbolti<\/li><li>Hannes Grimm 2023 handbolti<\/li><li>Hans\u00edna \u00de\u00f3ra Gunnarsd\u00f3ttir 2023 fimleikar<\/li><li>Haraldur Eyvinds \u00derastars\u00f3n 2014 a\u00f0alstj\u00f3rn<\/li><li>Harpa Hl\u00edf B\u00e1r\u00f0ard\u00f3ttir fimleikar<\/li><li>Harpa Fr\u00edmannsd\u00f3ttir 2020<\/li><li>Harpa Gu\u00f0finnsd\u00f3ttir 2020<\/li><li>Haukur Har\u00f0arson 2010 f\u00f3tbolti<\/li><li>Hei\u00f0ar Gu\u00f0j\u00f3nsson 2019 f\u00f3tbolti<\/li><li>Helgi H\u00e9\u00f0insson 2024 f\u00f3tbolti<\/li><li>Helgi Magn\u00fasson 2019 f\u00f3tbolti<\/li><li>Helga Sverrisd\u00f3ttir 2019 f\u00f3tbolti<\/li><li>Helgi \u00de\u00f3r\u00f0ur \u00de\u00f3r\u00f0arson 2009 a\u00f0alstj\u00f3rn<\/li><li>Herv\u00f6r P\u00e1lsd\u00f3ttir f\u00f3tbolti 2025<\/li><li>Hildur Arnaldsd\u00f3ttir fimleikar 2025<\/li><li>Hildur Sesselja A\u00f0alsteinsd\u00f3ttir 2013 fimleikar<\/li><li>Hildur \u00d3lafsd\u00f3ttir 2023 f\u00f3tbolti<\/li><li>Hilmar Sigur\u00f0sson 2009 f\u00f3tbolti<\/li><li>Hjalti \u00c1stbjartsson 2009 a\u00f0alstj\u00f3rn<\/li><li>Hj\u00e1lmfr\u00ed\u00f0ur Kristinsd\u00f3titr 2010 f\u00f3tbolti<\/li><li>Hrafn J\u00f3nsson 2014 f\u00f3tbolti<\/li><li>Hreinn Okt\u00f3 Karlsson 2022 f\u00f3tbolti<\/li><li>Hrafnhildur Thoroddsen 2023 a\u00f0alstj\u00f3rn<\/li><li>Hrafnhildur Sigurj\u00f3nsd\u00f3ttir 2020 fimleikar<\/li><li>Hulda Bj\u00f6rk Halld\u00f3rsd\u00f3ttir 2024 handbolti<\/li><li>\u00cdris Bj\u00f6rk S\u00edmonard\u00f3ttir 2016 handbolti<\/li><li>Ingimar Sigur\u00f0sson f\u00f3tbolti<\/li><li>Ingveldur Kristj\u00e1nsd\u00f3ttir 2020<\/li><li>\u00cdsak Run\u00f3lfsson 2019 f\u00f3tbolti<\/li><li>J\u00f3hanna Kolbr\u00fan Einarsd\u00f3ttir fimleikar 2025<\/li><li>J\u00f3hanna Sigmundsd\u00f3ttir 2019 fimleikar<\/li><li>J\u00f3hanna Selma Sigur\u00f0ard\u00f3ttir 2023 a\u00f0alstj\u00f3rn<\/li><li>J\u00f3n J\u00f3nsson handbolti<\/li><li>J\u00f3n Sigur\u00f0sson 2009 f\u00f3tbolti<\/li><li>J\u00f3n Sigur\u00f0sson<\/li><li>J\u00f3n Stephenson von Tetzchner 2019 f\u00f3tbolti<\/li><li>J\u00f3n \u00d6rvar Kristinsson handbolti<\/li><li>J\u00f3runn \u00de\u00f3ra Sigur\u00f0ard\u00f3ttir 2009 fimleikar<\/li><li>J\u00f3runn Mar\u00eda \u00deorsteinsd\u00f3ttir 2019 f\u00f3tbolti<\/li><li>Katr\u00edn Vi\u00f0arsd\u00f3ttir 2024\u00a0<\/li><li>K\u00e1ri Gar\u00f0arsson 2009 handbolti<\/li><li>K\u00e1ri Indri\u00f0ason 2009 handbolti<\/li><li>Konstantin Antonov (Kostja) 2010 fimleikar<\/li><li>Kristinn Gu\u00f0mundsson<\/li><li>Kristinn \u00deorvaldsson 2022 f\u00f3tbolti<\/li><li>Krist\u00edn Bj\u00f6rg Sv\u00f6vud\u00f3ttir 2024<\/li><li>Krist\u00edn Finnbogad\u00f3ttir 2009 a\u00f0alstj\u00f3rn<\/li><li>Krist\u00edn G\u00edslad\u00f3ttir 2024<\/li><li>Krist\u00edn Hannesd\u00f3ttir 1997 fimleikar<\/li><li>Krist\u00edn Huld \u00deorvaldsd\u00f3ttir 2024\u00a0<\/li><li>Krist\u00edn J\u00f3nsd\u00f3ttir<\/li><li>Krist\u00edn \u00de\u00f3r\u00f0ard\u00f3ttir 2015 handbolti<\/li><li>Krist\u00f3fer Melsted f\u00f3tbolti 2025<\/li><li>Krist\u00f3fer Orri P\u00e9tursson f\u00f3tbolti 2025<\/li><li>L\u00e1rus Gunnarsson 2019 handbolti<\/li><li>L\u00e1rus Brynjar L\u00e1russon 2009 a\u00f0alstj\u00f3rn<\/li><li>Laufey \u00c1sta Gu\u00f0mundsd\u00f3ttir 2019 handbolti<\/li><li>Lov\u00edsa \u00c1sgeirsd\u00f3ttir 2019 handbolti<\/li><li>Magn\u00fas Margeirsson 1987 hand og f\u00f3t<\/li><li>Magn\u00fas Sverrir \u00d3lafsson 2010 handbolti<\/li><li>Magn\u00fas \u00d6rn Gu\u00f0mundsson 2009 f\u00f3tbolti<\/li><li>Magn\u00fas \u00d6rn Helgason 2010<\/li><li>Magn\u00fas \u00d6rn Helgason 2010 f\u00f3tbolti<\/li><li>Margr\u00e9t A\u00f0alhei\u00f0ur Hauksd\u00f3ttir 1997 fimleikar<\/li><li>Margr\u00e9t Einarsd\u00f3ttir fimleikar<\/li><li>Margr\u00e9t Kristj\u00e1nsd\u00f3ttir handbolti<\/li><li>Margr\u00e9t Krist\u00edn J\u00f3nsd\u00f3ttir f\u00f3tbolti 2025<\/li><li>Margr\u00e9t Sigur\u00f0ard\u00f3ttir f\u00f3tbolti<\/li><li>Marin\u00f3 G. Nj\u00e1lsson handbolti<\/li><li>Mar\u00eda Bj\u00f6rg Magn\u00fasd\u00f3ttir 2010 fimleikar<\/li><li>Nanna Gu\u00f0mundsd\u00f3ttir 2018 fimleikar<\/li><li>\u00d3lafur Finnbogason 1997 handbolti<\/li><li>\u00d3lafur Gar\u00f0arsson 1997 f\u00f3tbolti<\/li><li>\u00d3l\u00f6f L\u00ednberg Kristj\u00e1nsd\u00f3ttir 2018 fimleikar<\/li><li>\u00d3mar Gunnarsson 1997 handbolti<\/li><li>\u00d3skar Hrafn \u00deorvaldsson 2019 f\u00f3tbolti<\/li><li>Patrekur P\u00e9tursson Sanko 2024 handbolti<\/li><li>P\u00e1ll \u00de\u00f3r\u00f3lfsson 2024<\/li><li>P\u00e9tur M\u00e1r Halld\u00f3rsson 2015 f\u00f3tbolti<\/li><li>P\u00e9tur M\u00e1r Har\u00f0arson 2014 f\u00f3tbolti<\/li><li>P\u00e9tur Theod\u00f3r \u00c1rnason 2024 f\u00f3tbolti<\/li><li>P\u00e9tur R\u00f6gnvaldsson 2019 f\u00f3tbolti<\/li><li>P\u00e9tur \u00cdvarsson 2020<\/li><li>Pjetur Sigur\u00f0sson f\u00f3tbolti<\/li><li>Reynir Kjartansson<\/li><li>R\u00fanar Steinn Ragnarsson 2009 handbolti<\/li><li>R\u00f6gnvaldur Dofri P\u00e9tursson 1997 f\u00f3tbolti<\/li><li>Saga \u00d3marsd\u00f3ttir 2019 handbolti<\/li><li>Sara Finney Eggertsd\u00f3ttir 2009 hand og fim<\/li><li>Sesselja J\u00e4rvel\u00e4 2010 fimleikar<\/li><li>Selma Katr\u00edn Ragnarsd\u00f3ttir fimleikar 2025<\/li><li>Sigurbergur Steinsson 2022 handbolti<\/li><li>Sigf\u00fas \u00c1rni Gu\u00f0mundsson 1997 handbolti<\/li><li>Sigtryggur Albertsson handbolti<\/li><li>Sigur\u00f0ur Geirsson 1997 hand og f\u00f3t<\/li><li>Sigur\u00f0ur Hilmarsson 2009 f\u00f3tbolti<\/li><li>Sigur\u00f0ur \u00d6rn Helgason 2009 f\u00f3tbolti<\/li><li>Sigur\u00f0ur \u00d6rn J\u00f3nsson 2018 fimleikar<\/li><li>Sigurlaug Bjarnad\u00f3ttir f\u00f3tbolti<\/li><li>Sigurlaug Vilhelmsd\u00f3ttir 2014 handbolti<\/li><li>Sigurvin Reynisson 2021 f\u00f3tbotli<\/li><li>Sk\u00fali J\u00fal\u00edusson hand- og f\u00f3tbolti<\/li><li>Snorri Magn\u00fasson<\/li><li>S\u00f3lmundur Kristj\u00e1nsson f\u00f3toblti<\/li><li>S\u00f3lveig Herbertsd\u00f3ttir 2023 a\u00f0alstj\u00f3rn<\/li><li>Stef\u00e1n Sm\u00e1ri Sk\u00falason handbolti<\/li><li>Steinn J\u00f3nsson f\u00f3tbolti<\/li><li>Sunna St\u00e9fansd\u00f3ttir fimleikar 2025<\/li><li>Svafar Magn\u00fasson handbolti<\/li><li>Sverrir \u00de\u00f3r Sverrisson handbolti<\/li><li>Tinna Bjarkar J\u00f3nsd\u00f3ttir 2024 f\u00f3tbolti<\/li><li>Tinna Rut Traustad\u00f3ttir fimleikar<\/li><li>Unnur Teits Halld\u00f3rsd\u00f3ttir 2011 a\u00f0alstj\u00f3rn<\/li><li>Valdimar \u00d3lafsson 2019 f\u00f3tbolti<\/li><li>Valger\u00f0ur Thoroddsen 2023 fimleikar<\/li><li>Vilhj\u00e1lmur \u00d3lason 2014 handbolti<\/li><li>\u00deorgeir Bjarki Dav\u00ed\u00f0sson handbolti 2025<\/li><li>\u00deorkell Helgason handbolti<\/li><li>\u00deorsteinn Geirsson 2009 a\u00f0alstj\u00f3rn<\/li><li>\u00deorsteinn Gu\u00f0j\u00f3nsson 2009 a\u00f0alstj\u00f3rn<\/li><li>\u00deorsteinn J. Stef\u00e1nsson<\/li><li>\u00deorsteinn \u00deorsteinsson 2009 a\u00f0alstj\u00f3rn<\/li><li>\u00de\u00f3ra Krist\u00edn J\u00f3nsd\u00f3ttir 2022 f\u00f3tbolti<\/li><li>\u00de\u00f3rir Hallgr\u00edmsson 2023 f\u00f3tbolti<\/li><li>\u00de\u00f3rir J\u00f6kull Finbbogason 2015 handbolti<\/li><li>\u00der\u00f6stur Eyvinds f\u00f3tbolti<\/li><li>\u00de\u00f3r Sigur\u00f0sson 2022 hand- og f\u00f3tbolti<\/li><li>\u00c6gir Steinarsson 2023 handbolti og f\u00f3tbolti<\/li><li>\u00d6rlygur \u00c1sgeirsson 2023 a\u00f0alstj\u00f3rn<\/li><\/ul>\t\t\t\t\t\t\t\t<\/div>\n\t\t\t\t<\/div>\n\t\t\t\t\t<\/div>\n\t\t<\/div>\n\t\t\t\t\t<\/div>\n\t\t<\/section>\n\t\t\t\t<\/div>","protected":false},"excerpt":{"rendered":"<p>\u00a0 Alexander Jensen Hj\u00e1lmarsson 2021 f\u00f3tbolti Anna Bj\u00f6rg Erlingsd\u00f3ttir 2019 handbolti Anna D\u00f3ra \u00d3feigsd\u00f3ttir 2023 fimleikar Anna J\u00f3nsd\u00f3ttir 2014 fimleikar Anna Krist\u00edn Kristinsd\u00f3ttir 1997 Anna \u00dars\u00fala Gu\u00f0mundsd\u00f3ttir 2016 handbolti Anna [&hellip;]<\/p>","protected":false},"author":2,"featured_media":0,"parent":2070,"menu_order":0,"comment_status":"closed","ping_status":"closed","template":"","meta":{"footnotes":""},"class_list":["post-2116","page","type-page","status-publish","hentry"],"yoast_head":"<!-- This site is optimized with the Yoast SEO plugin v24.3 - https:\/\/yoast.com\/wordpress\/plugins\/seo\/ -->\n<title>Bronsmerkishafar Gr\u00f3ttu - \u00cd\u00fer\u00f3ttaf\u00e9lagi\u00f0 Gr\u00f3tta<\/title>\n<meta name=\"robots\" content=\"index, follow, max-snippet:-1, max-image-preview:large, max-video-preview:-1\" \/>\n<link rel=\"canonical\" href=\"https:\/\/grotta.is\/en\/um-felagid\/merkishafar\/bronsmerkishafar\/\" \/>\n<meta property=\"og:locale\" content=\"en_US\" \/>\n<meta property=\"og:type\" content=\"article\" \/>\n<meta property=\"og:title\" content=\"Bronsmerkishafar Gr\u00f3ttu - \u00cd\u00fer\u00f3ttaf\u00e9lagi\u00f0 Gr\u00f3tta\" \/>\n<meta property=\"og:description\" content=\"\u00a0 Alexander Jensen Hj\u00e1lmarsson 2021 f\u00f3tbolti Anna Bj\u00f6rg Erlingsd\u00f3ttir 2019 handbolti Anna D\u00f3ra \u00d3feigsd\u00f3ttir 2023 fimleikar Anna J\u00f3nsd\u00f3ttir 2014 fimleikar Anna Krist\u00edn Kristinsd\u00f3ttir 1997 Anna \u00dars\u00fala Gu\u00f0mundsd\u00f3ttir 2016 handbolti Anna [&hellip;]\" \/>\n<meta property=\"og:url\" content=\"https:\/\/grotta.is\/en\/um-felagid\/merkishafar\/bronsmerkishafar\/\" \/>\n<meta property=\"og:site_name\" content=\"\u00cd\u00fer\u00f3ttaf\u00e9lagi\u00f0 Gr\u00f3tta\" \/>\n<meta property=\"article:publisher\" content=\"https:\/\/www.facebook.com\/grottasport\" \/>\n<meta property=\"article:modified_time\" content=\"2026-03-30T20:46:08+00:00\" \/>\n<meta name=\"twitter:card\" content=\"summary_large_image\" \/>\n<meta name=\"twitter:label1\" content=\"Est. reading time\" \/>\n\t<meta name=\"twitter:data1\" content=\"6 minutes\" \/>\n<script type=\"application\/ld+json\" class=\"yoast-schema-graph\">{\"@context\":\"https:\/\/schema.org\",\"@graph\":[{\"@type\":\"WebPage\",\"@id\":\"https:\/\/grotta.is\/um-felagid\/merkishafar\/bronsmerkishafar\/\",\"url\":\"https:\/\/grotta.is\/um-felagid\/merkishafar\/bronsmerkishafar\/\",\"name\":\"Bronsmerkishafar Gr\u00f3ttu - \u00cd\u00fer\u00f3ttaf\u00e9lagi\u00f0 Gr\u00f3tta\",\"isPartOf\":{\"@id\":\"https:\/\/grotta.is\/#website\"},\"datePublished\":\"2020-04-18T18:40:17+00:00\",\"dateModified\":\"2026-03-30T20:46:08+00:00\",\"breadcrumb\":{\"@id\":\"https:\/\/grotta.is\/um-felagid\/merkishafar\/bronsmerkishafar\/#breadcrumb\"},\"inLanguage\":\"en-US\",\"potentialAction\":[{\"@type\":\"ReadAction\",\"target\":[\"https:\/\/grotta.is\/um-felagid\/merkishafar\/bronsmerkishafar\/\"]}]},{\"@type\":\"BreadcrumbList\",\"@id\":\"https:\/\/grotta.is\/um-felagid\/merkishafar\/bronsmerkishafar\/#breadcrumb\",\"itemListElement\":[{\"@type\":\"ListItem\",\"position\":1,\"name\":\"Home\",\"item\":\"https:\/\/grotta.is\/\"},{\"@type\":\"ListItem\",\"position\":2,\"name\":\"Um f\u00e9lagi\u00f0\",\"item\":\"https:\/\/grotta.is\/um-felagid\/\"},{\"@type\":\"ListItem\",\"position\":3,\"name\":\"Merkishafar Gr\u00f3ttu\",\"item\":\"https:\/\/grotta.is\/um-felagid\/merkishafar\/\"},{\"@type\":\"ListItem\",\"position\":4,\"name\":\"Bronsmerkishafar Gr\u00f3ttu\"}]},{\"@type\":\"WebSite\",\"@id\":\"https:\/\/grotta.is\/#website\",\"url\":\"https:\/\/grotta.is\/\",\"name\":\"\u00cd\u00fer\u00f3ttaf\u00e9lagi\u00f0 Gr\u00f3tta\",\"description\":\"\u00e1 Seltjarnarnesi\",\"publisher\":{\"@id\":\"https:\/\/grotta.is\/#organization\"},\"potentialAction\":[{\"@type\":\"SearchAction\",\"target\":{\"@type\":\"EntryPoint\",\"urlTemplate\":\"https:\/\/grotta.is\/?s={search_term_string}\"},\"query-input\":{\"@type\":\"PropertyValueSpecification\",\"valueRequired\":true,\"valueName\":\"search_term_string\"}}],\"inLanguage\":\"en-US\"},{\"@type\":\"Organization\",\"@id\":\"https:\/\/grotta.is\/#organization\",\"name\":\"\u00cd\u00fer\u00f3ttaf\u00e9lagi\u00f0 Gr\u00f3tta\",\"url\":\"https:\/\/grotta.is\/\",\"logo\":{\"@type\":\"ImageObject\",\"inLanguage\":\"en-US\",\"@id\":\"https:\/\/grotta.is\/#\/schema\/logo\/image\/\",\"url\":\"https:\/\/grotta.is\/wp-content\/uploads\/2020\/02\/ithrottafelagidgrotta_logo_512x512_transparent.png\",\"contentUrl\":\"https:\/\/grotta.is\/wp-content\/uploads\/2020\/02\/ithrottafelagidgrotta_logo_512x512_transparent.png\",\"width\":512,\"height\":512,\"caption\":\"\u00cd\u00fer\u00f3ttaf\u00e9lagi\u00f0 Gr\u00f3tta\"},\"image\":{\"@id\":\"https:\/\/grotta.is\/#\/schema\/logo\/image\/\"},\"sameAs\":[\"https:\/\/www.facebook.com\/grottasport\"]}]}<\/script>\n<!-- \/ Yoast SEO plugin. -->","yoast_head_json":{"title":"Bronsmerkishafar Gr\u00f3ttu - \u00cd\u00fer\u00f3ttaf\u00e9lagi\u00f0 Gr\u00f3tta","robots":{"index":"index","follow":"follow","max-snippet":"max-snippet:-1","max-image-preview":"max-image-preview:large","max-video-preview":"max-video-preview:-1"},"canonical":"https:\/\/grotta.is\/en\/um-felagid\/merkishafar\/bronsmerkishafar\/","og_locale":"en_US","og_type":"article","og_title":"Bronsmerkishafar Gr\u00f3ttu - \u00cd\u00fer\u00f3ttaf\u00e9lagi\u00f0 Gr\u00f3tta","og_description":"\u00a0 Alexander Jensen Hj\u00e1lmarsson 2021 f\u00f3tbolti Anna Bj\u00f6rg Erlingsd\u00f3ttir 2019 handbolti Anna D\u00f3ra \u00d3feigsd\u00f3ttir 2023 fimleikar Anna J\u00f3nsd\u00f3ttir 2014 fimleikar Anna Krist\u00edn Kristinsd\u00f3ttir 1997 Anna \u00dars\u00fala Gu\u00f0mundsd\u00f3ttir 2016 handbolti Anna [&hellip;]","og_url":"https:\/\/grotta.is\/en\/um-felagid\/merkishafar\/bronsmerkishafar\/","og_site_name":"\u00cd\u00fer\u00f3ttaf\u00e9lagi\u00f0 Gr\u00f3tta","article_publisher":"https:\/\/www.facebook.com\/grottasport","article_modified_time":"2026-03-30T20:46:08+00:00","twitter_card":"summary_large_image","twitter_misc":{"Est. reading time":"6 minutes"},"schema":{"@context":"https:\/\/schema.org","@graph":[{"@type":"WebPage","@id":"https:\/\/grotta.is\/um-felagid\/merkishafar\/bronsmerkishafar\/","url":"https:\/\/grotta.is\/um-felagid\/merkishafar\/bronsmerkishafar\/","name":"Bronsmerkishafar Gr\u00f3ttu - \u00cd\u00fer\u00f3ttaf\u00e9lagi\u00f0 Gr\u00f3tta","isPartOf":{"@id":"https:\/\/grotta.is\/#website"},"datePublished":"2020-04-18T18:40:17+00:00","dateModified":"2026-03-30T20:46:08+00:00","breadcrumb":{"@id":"https:\/\/grotta.is\/um-felagid\/merkishafar\/bronsmerkishafar\/#breadcrumb"},"inLanguage":"en-US","potentialAction":[{"@type":"ReadAction","target":["https:\/\/grotta.is\/um-felagid\/merkishafar\/bronsmerkishafar\/"]}]},{"@type":"BreadcrumbList","@id":"https:\/\/grotta.is\/um-felagid\/merkishafar\/bronsmerkishafar\/#breadcrumb","itemListElement":[{"@type":"ListItem","position":1,"name":"Home","item":"https:\/\/grotta.is\/"},{"@type":"ListItem","position":2,"name":"Um f\u00e9lagi\u00f0","item":"https:\/\/grotta.is\/um-felagid\/"},{"@type":"ListItem","position":3,"name":"Merkishafar Gr\u00f3ttu","item":"https:\/\/grotta.is\/um-felagid\/merkishafar\/"},{"@type":"ListItem","position":4,"name":"Bronsmerkishafar Gr\u00f3ttu"}]},{"@type":"WebSite","@id":"https:\/\/grotta.is\/#website","url":"https:\/\/grotta.is\/","name":"\u00cd\u00fer\u00f3ttaf\u00e9lagi\u00f0 Gr\u00f3tta","description":"\u00e1 Seltjarnarnesi","publisher":{"@id":"https:\/\/grotta.is\/#organization"},"potentialAction":[{"@type":"SearchAction","target":{"@type":"EntryPoint","urlTemplate":"https:\/\/grotta.is\/?s={search_term_string}"},"query-input":{"@type":"PropertyValueSpecification","valueRequired":true,"valueName":"search_term_string"}}],"inLanguage":"en-US"},{"@type":"Organization","@id":"https:\/\/grotta.is\/#organization","name":"\u00cd\u00fer\u00f3ttaf\u00e9lagi\u00f0 Gr\u00f3tta","url":"https:\/\/grotta.is\/","logo":{"@type":"ImageObject","inLanguage":"en-US","@id":"https:\/\/grotta.is\/#\/schema\/logo\/image\/","url":"https:\/\/grotta.is\/wp-content\/uploads\/2020\/02\/ithrottafelagidgrotta_logo_512x512_transparent.png","contentUrl":"https:\/\/grotta.is\/wp-content\/uploads\/2020\/02\/ithrottafelagidgrotta_logo_512x512_transparent.png","width":512,"height":512,"caption":"\u00cd\u00fer\u00f3ttaf\u00e9lagi\u00f0 Gr\u00f3tta"},"image":{"@id":"https:\/\/grotta.is\/#\/schema\/logo\/image\/"},"sameAs":["https:\/\/www.facebook.com\/grottasport"]}]}},"_links":{"self":[{"href":"https:\/\/grotta.is\/en\/wp-json\/wp\/v2\/pages\/2116","targetHints":{"allow":["GET"]}}],"collection":[{"href":"https:\/\/grotta.is\/en\/wp-json\/wp\/v2\/pages"}],"about":[{"href":"https:\/\/grotta.is\/en\/wp-json\/wp\/v2\/types\/page"}],"author":[{"embeddable":true,"href":"https:\/\/grotta.is\/en\/wp-json\/wp\/v2\/users\/2"}],"replies":[{"embeddable":true,"href":"https:\/\/grotta.is\/en\/wp-json\/wp\/v2\/comments?post=2116"}],"version-history":[{"count":45,"href":"https:\/\/grotta.is\/en\/wp-json\/wp\/v2\/pages\/2116\/revisions"}],"predecessor-version":[{"id":576183,"href":"https:\/\/grotta.is\/en\/wp-json\/wp\/v2\/pages\/2116\/revisions\/576183"}],"up":[{"embeddable":true,"href":"https:\/\/grotta.is\/en\/wp-json\/wp\/v2\/pages\/2070"}],"wp:attachment":[{"href":"https:\/\/grotta.is\/en\/wp-json\/wp\/v2\/media?parent=2116"}],"curies":[{"name":"wp","href":"https:\/\/api.w.org\/{rel}","templated":true}]}}