{"id":1764,"date":"2020-04-12T22:57:42","date_gmt":"2020-04-12T22:57:42","guid":{"rendered":"https:\/\/grotta.is\/?page_id=1764"},"modified":"2023-08-29T21:16:47","modified_gmt":"2023-08-29T21:16:47","slug":"log-og-reglugerdir","status":"publish","type":"page","link":"https:\/\/grotta.is\/en\/um-felagid\/log-og-reglugerdir\/","title":{"rendered":"L\u00f6g og regluger\u00f0ir"},"content":{"rendered":"<ul class=\"wp-block-list\"><li><a href=\"https:\/\/grotta.is\/wp-content\/uploads\/2020\/06\/Sam\u00feykktir-\u00cd\u00fer\u00f3ttaf\u00e9lags-Gr\u00f3ttu.pdf\">Sam\u00feykktir \u00cd\u00fer\u00f3ttaf\u00e9lagsins Gr\u00f3ttu<\/a> (\u00fatgefi\u00f0 2020)<\/li>\n\n<li><a href=\"https:\/\/grotta.is\/wp-content\/uploads\/2020\/04\/Log_fimleikardeildar_grottu.pdf\" target=\"_blank\" rel=\"noreferrer noopener\">L\u00f6g fimleikadeildar Gr\u00f3ttu<\/a> (\u00fatgefi\u00f0 2009)<\/li>\n\n<li><a href=\"https:\/\/grotta.is\/wp-content\/uploads\/2020\/03\/Log_handknattleiksdeildar_grottu.pdf\" target=\"_blank\" rel=\"noreferrer noopener\">L\u00f6g handknattleiksdeildar Gr\u00f3ttu<\/a> (\u00fatgefi\u00f0 2009)<\/li>\n\n<li><a href=\"https:\/\/grotta.is\/wp-content\/uploads\/2020\/02\/Log_knattspyrnudeildar_grottu.pdf\" target=\"_blank\" rel=\"noreferrer noopener\">L\u00f6g knattspyrnudeildar Gr\u00f3ttu<\/a> (\u00fatgefi\u00f0 2009)<\/li>\n\n<li><a href=\"https:\/\/grotta.is\/wp-content\/uploads\/2021\/03\/Skipurit_grotta_mars2021.pdf\">Skipurit Gr\u00f3ttu (uppf\u00e6rt 2021)<\/a><\/li>\n\n<li><a href=\"https:\/\/grotta.is\/wp-content\/uploads\/2020\/11\/Stefnumo\u0301tun-Gro\u0301ttu-2018-2025.pdf\">Stefnum\u00f3tun Gr\u00f3ttu 2018 &#8211; 2025<\/a><\/li>\n\n<li><a href=\"https:\/\/grotta.is\/wp-content\/uploads\/2022\/03\/Personuverndarstefna-Ithrottafelagsins.Grottu.pdf\">Pers\u00f3nuverndarstefna Gr\u00f3ttu<\/a><\/li>\n\n<li><a href=\"https:\/\/grotta.is\/wp-content\/uploads\/2022\/11\/Rekstur_mannivirkja_uppfaert.docx\">Rekstur mannvirkja<\/a> (2022)<\/li><\/ul><ul class=\"wp-block-list\"><li><a href=\"https:\/\/grotta.is\/wp-content\/uploads\/2023\/07\/THjonustukonnun-Grottu-2023.pdf\" target=\"_blank\" rel=\"noreferrer noopener\">\u00dej\u00f3nustuk\u00f6nnun<\/a> (2023)<\/li>\n\n<li><a href=\"https:\/\/grotta.is\/wp-content\/uploads\/2022\/10\/THjonustukonnun-Grottu-2022.pdf\" target=\"_blank\" rel=\"noreferrer noopener\">\u00dej\u00f3nustuk\u00f6nnun<\/a> (2022)<\/li>\n\n<li><a href=\"https:\/\/grotta.is\/wp-content\/uploads\/2021\/09\/THjonustukonnun-Grottu-2021.pdf\" target=\"_blank\" rel=\"noreferrer noopener\">\u00dej\u00f3nustuk\u00f6nnun<\/a> (2021)<\/li>\n\n<li><a href=\"https:\/\/grotta.is\/wp-content\/uploads\/2020\/08\/Thjonustukonnun_ithrottafelagid_grotta_2020.pdf\">\u00dej\u00f3nustuk\u00f6nnun<\/a> (2020)<\/li>\n\n<li><a href=\"https:\/\/grotta.is\/wp-content\/uploads\/2020\/04\/\u00dej\u00f3nustuk\u00f6nnun-\u00cd\u00fer\u00f3ttaf\u00e9lagsins-Gr\u00f3ttu_Ni\u00f0urst\u00f6\u00f0ur_2019.pdf\">\u00dej\u00f3nustuk\u00f6nnun<\/a> (2019)<\/li>\n\n<li><a href=\"https:\/\/grotta.is\/wp-content\/uploads\/2020\/04\/\u00dej\u00f3nustuk\u00f6nnun-\u00cd\u00fer\u00f3ttaf\u00e9lagsins-Gr\u00f3ttu-2018_Ni\u00f0urst\u00f6\u00f0ur_kynning-til-h\u00f3pa_knattspyrna.pdf\">\u00dej\u00f3nustuk\u00f6nnun<\/a> (2018)<\/li><\/ul><p><\/p>","protected":false},"excerpt":{"rendered":"","protected":false},"author":2,"featured_media":0,"parent":1477,"menu_order":0,"comment_status":"closed","ping_status":"closed","template":"","meta":{"footnotes":""},"class_list":["post-1764","page","type-page","status-publish","hentry"],"yoast_head":"<!-- This site is optimized with the Yoast SEO plugin v24.3 - https:\/\/yoast.com\/wordpress\/plugins\/seo\/ -->\n<title>L\u00f6g og regluger\u00f0ir - \u00cd\u00fer\u00f3ttaf\u00e9lagi\u00f0 Gr\u00f3tta<\/title>\n<meta name=\"robots\" content=\"index, follow, max-snippet:-1, max-image-preview:large, max-video-preview:-1\" \/>\n<link rel=\"canonical\" href=\"https:\/\/grotta.is\/en\/um-felagid\/log-og-reglugerdir\/\" \/>\n<meta property=\"og:locale\" content=\"en_US\" \/>\n<meta property=\"og:type\" content=\"article\" \/>\n<meta property=\"og:title\" content=\"L\u00f6g og regluger\u00f0ir - \u00cd\u00fer\u00f3ttaf\u00e9lagi\u00f0 Gr\u00f3tta\" \/>\n<meta property=\"og:url\" content=\"https:\/\/grotta.is\/en\/um-felagid\/log-og-reglugerdir\/\" \/>\n<meta property=\"og:site_name\" content=\"\u00cd\u00fer\u00f3ttaf\u00e9lagi\u00f0 Gr\u00f3tta\" \/>\n<meta property=\"article:publisher\" content=\"https:\/\/www.facebook.com\/grottasport\" \/>\n<meta property=\"article:modified_time\" content=\"2023-08-29T21:16:47+00:00\" \/>\n<meta name=\"twitter:card\" content=\"summary_large_image\" \/>\n<meta name=\"twitter:label1\" content=\"Est. reading time\" \/>\n\t<meta name=\"twitter:data1\" content=\"1 minute\" \/>\n<script type=\"application\/ld+json\" class=\"yoast-schema-graph\">{\"@context\":\"https:\/\/schema.org\",\"@graph\":[{\"@type\":\"WebPage\",\"@id\":\"https:\/\/grotta.is\/um-felagid\/log-og-reglugerdir\/\",\"url\":\"https:\/\/grotta.is\/um-felagid\/log-og-reglugerdir\/\",\"name\":\"L\u00f6g og regluger\u00f0ir - \u00cd\u00fer\u00f3ttaf\u00e9lagi\u00f0 Gr\u00f3tta\",\"isPartOf\":{\"@id\":\"https:\/\/grotta.is\/#website\"},\"datePublished\":\"2020-04-12T22:57:42+00:00\",\"dateModified\":\"2023-08-29T21:16:47+00:00\",\"breadcrumb\":{\"@id\":\"https:\/\/grotta.is\/um-felagid\/log-og-reglugerdir\/#breadcrumb\"},\"inLanguage\":\"en-US\",\"potentialAction\":[{\"@type\":\"ReadAction\",\"target\":[\"https:\/\/grotta.is\/um-felagid\/log-og-reglugerdir\/\"]}]},{\"@type\":\"BreadcrumbList\",\"@id\":\"https:\/\/grotta.is\/um-felagid\/log-og-reglugerdir\/#breadcrumb\",\"itemListElement\":[{\"@type\":\"ListItem\",\"position\":1,\"name\":\"Home\",\"item\":\"https:\/\/grotta.is\/\"},{\"@type\":\"ListItem\",\"position\":2,\"name\":\"Um f\u00e9lagi\u00f0\",\"item\":\"https:\/\/grotta.is\/um-felagid\/\"},{\"@type\":\"ListItem\",\"position\":3,\"name\":\"L\u00f6g og regluger\u00f0ir\"}]},{\"@type\":\"WebSite\",\"@id\":\"https:\/\/grotta.is\/#website\",\"url\":\"https:\/\/grotta.is\/\",\"name\":\"\u00cd\u00fer\u00f3ttaf\u00e9lagi\u00f0 Gr\u00f3tta\",\"description\":\"\u00e1 Seltjarnarnesi\",\"publisher\":{\"@id\":\"https:\/\/grotta.is\/#organization\"},\"potentialAction\":[{\"@type\":\"SearchAction\",\"target\":{\"@type\":\"EntryPoint\",\"urlTemplate\":\"https:\/\/grotta.is\/?s={search_term_string}\"},\"query-input\":{\"@type\":\"PropertyValueSpecification\",\"valueRequired\":true,\"valueName\":\"search_term_string\"}}],\"inLanguage\":\"en-US\"},{\"@type\":\"Organization\",\"@id\":\"https:\/\/grotta.is\/#organization\",\"name\":\"\u00cd\u00fer\u00f3ttaf\u00e9lagi\u00f0 Gr\u00f3tta\",\"url\":\"https:\/\/grotta.is\/\",\"logo\":{\"@type\":\"ImageObject\",\"inLanguage\":\"en-US\",\"@id\":\"https:\/\/grotta.is\/#\/schema\/logo\/image\/\",\"url\":\"https:\/\/grotta.is\/wp-content\/uploads\/2020\/02\/ithrottafelagidgrotta_logo_512x512_transparent.png\",\"contentUrl\":\"https:\/\/grotta.is\/wp-content\/uploads\/2020\/02\/ithrottafelagidgrotta_logo_512x512_transparent.png\",\"width\":512,\"height\":512,\"caption\":\"\u00cd\u00fer\u00f3ttaf\u00e9lagi\u00f0 Gr\u00f3tta\"},\"image\":{\"@id\":\"https:\/\/grotta.is\/#\/schema\/logo\/image\/\"},\"sameAs\":[\"https:\/\/www.facebook.com\/grottasport\"]}]}<\/script>\n<!-- \/ Yoast SEO plugin. -->","yoast_head_json":{"title":"L\u00f6g og regluger\u00f0ir - \u00cd\u00fer\u00f3ttaf\u00e9lagi\u00f0 Gr\u00f3tta","robots":{"index":"index","follow":"follow","max-snippet":"max-snippet:-1","max-image-preview":"max-image-preview:large","max-video-preview":"max-video-preview:-1"},"canonical":"https:\/\/grotta.is\/en\/um-felagid\/log-og-reglugerdir\/","og_locale":"en_US","og_type":"article","og_title":"L\u00f6g og regluger\u00f0ir - \u00cd\u00fer\u00f3ttaf\u00e9lagi\u00f0 Gr\u00f3tta","og_url":"https:\/\/grotta.is\/en\/um-felagid\/log-og-reglugerdir\/","og_site_name":"\u00cd\u00fer\u00f3ttaf\u00e9lagi\u00f0 Gr\u00f3tta","article_publisher":"https:\/\/www.facebook.com\/grottasport","article_modified_time":"2023-08-29T21:16:47+00:00","twitter_card":"summary_large_image","twitter_misc":{"Est. reading time":"1 minute"},"schema":{"@context":"https:\/\/schema.org","@graph":[{"@type":"WebPage","@id":"https:\/\/grotta.is\/um-felagid\/log-og-reglugerdir\/","url":"https:\/\/grotta.is\/um-felagid\/log-og-reglugerdir\/","name":"L\u00f6g og regluger\u00f0ir - \u00cd\u00fer\u00f3ttaf\u00e9lagi\u00f0 Gr\u00f3tta","isPartOf":{"@id":"https:\/\/grotta.is\/#website"},"datePublished":"2020-04-12T22:57:42+00:00","dateModified":"2023-08-29T21:16:47+00:00","breadcrumb":{"@id":"https:\/\/grotta.is\/um-felagid\/log-og-reglugerdir\/#breadcrumb"},"inLanguage":"en-US","potentialAction":[{"@type":"ReadAction","target":["https:\/\/grotta.is\/um-felagid\/log-og-reglugerdir\/"]}]},{"@type":"BreadcrumbList","@id":"https:\/\/grotta.is\/um-felagid\/log-og-reglugerdir\/#breadcrumb","itemListElement":[{"@type":"ListItem","position":1,"name":"Home","item":"https:\/\/grotta.is\/"},{"@type":"ListItem","position":2,"name":"Um f\u00e9lagi\u00f0","item":"https:\/\/grotta.is\/um-felagid\/"},{"@type":"ListItem","position":3,"name":"L\u00f6g og regluger\u00f0ir"}]},{"@type":"WebSite","@id":"https:\/\/grotta.is\/#website","url":"https:\/\/grotta.is\/","name":"\u00cd\u00fer\u00f3ttaf\u00e9lagi\u00f0 Gr\u00f3tta","description":"\u00e1 Seltjarnarnesi","publisher":{"@id":"https:\/\/grotta.is\/#organization"},"potentialAction":[{"@type":"SearchAction","target":{"@type":"EntryPoint","urlTemplate":"https:\/\/grotta.is\/?s={search_term_string}"},"query-input":{"@type":"PropertyValueSpecification","valueRequired":true,"valueName":"search_term_string"}}],"inLanguage":"en-US"},{"@type":"Organization","@id":"https:\/\/grotta.is\/#organization","name":"\u00cd\u00fer\u00f3ttaf\u00e9lagi\u00f0 Gr\u00f3tta","url":"https:\/\/grotta.is\/","logo":{"@type":"ImageObject","inLanguage":"en-US","@id":"https:\/\/grotta.is\/#\/schema\/logo\/image\/","url":"https:\/\/grotta.is\/wp-content\/uploads\/2020\/02\/ithrottafelagidgrotta_logo_512x512_transparent.png","contentUrl":"https:\/\/grotta.is\/wp-content\/uploads\/2020\/02\/ithrottafelagidgrotta_logo_512x512_transparent.png","width":512,"height":512,"caption":"\u00cd\u00fer\u00f3ttaf\u00e9lagi\u00f0 Gr\u00f3tta"},"image":{"@id":"https:\/\/grotta.is\/#\/schema\/logo\/image\/"},"sameAs":["https:\/\/www.facebook.com\/grottasport"]}]}},"_links":{"self":[{"href":"https:\/\/grotta.is\/en\/wp-json\/wp\/v2\/pages\/1764","targetHints":{"allow":["GET"]}}],"collection":[{"href":"https:\/\/grotta.is\/en\/wp-json\/wp\/v2\/pages"}],"about":[{"href":"https:\/\/grotta.is\/en\/wp-json\/wp\/v2\/types\/page"}],"author":[{"embeddable":true,"href":"https:\/\/grotta.is\/en\/wp-json\/wp\/v2\/users\/2"}],"replies":[{"embeddable":true,"href":"https:\/\/grotta.is\/en\/wp-json\/wp\/v2\/comments?post=1764"}],"version-history":[{"count":27,"href":"https:\/\/grotta.is\/en\/wp-json\/wp\/v2\/pages\/1764\/revisions"}],"predecessor-version":[{"id":434213,"href":"https:\/\/grotta.is\/en\/wp-json\/wp\/v2\/pages\/1764\/revisions\/434213"}],"up":[{"embeddable":true,"href":"https:\/\/grotta.is\/en\/wp-json\/wp\/v2\/pages\/1477"}],"wp:attachment":[{"href":"https:\/\/grotta.is\/en\/wp-json\/wp\/v2\/media?parent=1764"}],"curies":[{"name":"wp","href":"https:\/\/api.w.org\/{rel}","templated":true}]}}