{"id":1741,"date":"2020-04-12T22:23:15","date_gmt":"2020-04-12T22:23:15","guid":{"rendered":"https:\/\/grotta.is\/?page_id=1741"},"modified":"2026-03-17T14:30:10","modified_gmt":"2026-03-17T14:30:10","slug":"arsreikningar","status":"publish","type":"page","link":"https:\/\/grotta.is\/en\/um-felagid\/arsreikningar\/","title":{"rendered":"\u00c1rsreikningar og \u00c1rssk\u00fdrslur"},"content":{"rendered":"<h2 class=\"wp-block-heading\">\u00c1RSSK\u00ddRSLUR<\/h2><ul class=\"wp-block-list\"><li><a href=\"https:\/\/grotta.is\/wp-content\/uploads\/2025\/01\/Arsskyrsla-Grottu-2023.pdf\">\u00c1ri\u00f0 2023<\/a><\/li>\n\n<li><a href=\"https:\/\/grotta.is\/wp-content\/uploads\/2023\/05\/A\u0301rssky\u0301rsla-Gro\u0301ttu-2022-web.pdf\" target=\"_blank\" rel=\"noreferrer noopener\">\u00c1ri\u00f0 2022<\/a><\/li>\n\n<li><a href=\"https:\/\/grotta.is\/wp-content\/uploads\/2022\/04\/A\u0301rssky\u0301rsla-Gro\u0301ttu-2021-ok-web.pdf\">\u00c1ri\u00f0 2021<\/a><\/li>\n\n<li><a href=\"https:\/\/grotta.is\/wp-content\/uploads\/2021\/10\/Arsskyrsla-Grottu-2020.pdf\">\u00c1ri\u00f0 2020<\/a><\/li>\n\n<li><a href=\"https:\/\/grotta.is\/wp-content\/uploads\/2021\/10\/Arsskyrsla-Grottu-2019.pdf\">\u00c1ri\u00f0 2019<\/a><\/li><\/ul><div style=\"height:13px\" aria-hidden=\"true\" class=\"wp-block-spacer\"><\/div><h2 class=\"wp-block-heading\">\u00c1RSREIKNINGAR<\/h2><h4 class=\"wp-block-heading\">\u00c1ri\u00f0 2025<\/h4><ul class=\"wp-block-list\"><li><a href=\"https:\/\/grotta.is\/wp-content\/uploads\/2026\/03\/Grotta-Mfl.-Knattspyrna-Arsreikningur-2025.pdf\">Meistaraflokkur knattspyrnudeild<\/a><\/li><\/ul><h4 class=\"wp-block-heading\">\u00c1RI\u00d0 2023<\/h4><ul class=\"wp-block-list\"><li><a href=\"https:\/\/grotta.is\/wp-content\/uploads\/2025\/01\/Grotta-Adalstjorn-Arsreikningur-2023-1.pdf\" target=\"_blank\" rel=\"noreferrer noopener\">Organization board<\/a><\/li>\n\n<li><a href=\"https:\/\/grotta.is\/wp-content\/uploads\/2025\/01\/Grotta-BUR-Handbolti-Arsreikningur-2023_2.pdf\">Unglingar\u00e1\u00f0 handknattleiksdeildar<\/a><\/li>\n\n<li><a href=\"https:\/\/grotta.is\/wp-content\/uploads\/2025\/01\/Grotta-Mfl.-Handbolti-Arsreikningur-2023-1.pdf\">Meistaraflokkur handknattleiksdeildar<\/a><\/li>\n\n<li><a href=\"https:\/\/grotta.is\/wp-content\/uploads\/2025\/01\/Grotta-Fimleikar-Arsreikningur-2023V2.pdf\">Gymnastics division<\/a><\/li>\n\n<li><a href=\"https:\/\/grotta.is\/wp-content\/uploads\/2025\/01\/Grotta-BUR-Knattspyrna-Arsreikningur-2023-1.pdf\">Unglingar\u00e1\u00f0 knattspyrnudeildar<\/a><\/li>\n\n<li><a href=\"https:\/\/grotta.is\/wp-content\/uploads\/2025\/01\/TCP-21.1-Grottaknattspyrnudeildarsreikningur2023_final.pdf\">Meistaraflokkur knattspyrnudeild<\/a><\/li><\/ul><h4 class=\"wp-block-heading\">\u00c1RI\u00d0 2022<\/h4><ul class=\"wp-block-list\"><li><a href=\"https:\/\/grotta.is\/wp-content\/uploads\/2023\/05\/Grotta-Adalstjorn-Arsreikningur-2022.pdf\" target=\"_blank\" rel=\"noreferrer noopener\">Organization board<\/a><\/li>\n\n<li><a href=\"https:\/\/grotta.is\/wp-content\/uploads\/2023\/03\/Grotta-knattspyrnudeild-arsreikningur-2022.pdf\" target=\"_blank\" rel=\"noreferrer noopener\">Meistaraflokkur knattspyrnudeild<\/a><\/li>\n\n<li><a href=\"https:\/\/grotta.is\/wp-content\/uploads\/2023\/05\/Grotta-BUR-Knattspyrna-Arsreikningur-2022.pdf\" target=\"_blank\" rel=\"noreferrer noopener\">Unglingar\u00e1\u00f0 knattspyrnudeildar<\/a><\/li>\n\n<li><a href=\"https:\/\/grotta.is\/wp-content\/uploads\/2023\/05\/Grotta-Mfl.-Handbolti-Arsreikningur-2022.pdf\" target=\"_blank\" rel=\"noreferrer noopener\">Meistaraflokkur handknattleiksdeildar<\/a><\/li>\n\n<li>Unglingar\u00e1\u00f0 handknattleiksdeildar<\/li>\n\n<li><a href=\"https:\/\/grotta.is\/wp-content\/uploads\/2023\/05\/Grotta-Fimleikar-Arsreikningur-2022.pdf\" target=\"_blank\" rel=\"noreferrer noopener\">Gymnastics division<\/a><\/li><\/ul><h4 class=\"wp-block-heading\">\u00c1RI\u00d0 2021<\/h4><ul class=\"wp-block-list\"><li><a href=\"https:\/\/grotta.is\/wp-content\/uploads\/2022\/04\/Grotta-Adalstjorn-Arsreikningur-2021.pdf\">Organization board<\/a><\/li>\n\n<li><a href=\"https:\/\/grotta.is\/wp-content\/uploads\/2022\/03\/Grotta-knattspyrnudeild-aritun-stjornar-2021.pdf\" target=\"_blank\" rel=\"noreferrer noopener\">Knattspyrnudeild &#8211; sk\u00fdrsla stj\u00f3rnar<\/a><\/li>\n\n<li><a href=\"https:\/\/grotta.is\/wp-content\/uploads\/2022\/04\/Grotta-Mfl.-Knattspyrna-Arsreikningur-2021.pdf\">Meistaraflokkur knattspyrnudeildar<\/a><\/li>\n\n<li><a href=\"https:\/\/grotta.is\/wp-content\/uploads\/2022\/04\/Grotta-BUR-Knattspyrna-Arsreikningur-2021.pdf\">Unglingar\u00e1\u00f0 knattspyrnudeildar<\/a><\/li>\n\n<li><a href=\"https:\/\/grotta.is\/wp-content\/uploads\/2022\/04\/Grotta-Mfl.-Handbolti-Arsreikningur-2021.pdf\">Meistaraflokkur handknattleiksdeildar<\/a><\/li>\n\n<li><a href=\"https:\/\/grotta.is\/wp-content\/uploads\/2022\/04\/Grotta-BUR-Handbolti-Arsreikningur-2021-undirritad.pdf\">Unglingar\u00e1\u00f0 handknattleiksdeildar<\/a><\/li>\n\n<li><a href=\"https:\/\/grotta.is\/wp-content\/uploads\/2022\/04\/Grotta-Fimleikar-Arsreikningur-2021.pdf\">Gymnastics division<\/a><\/li><\/ul><h4 class=\"wp-block-heading\">\u00c1RI\u00d0 2020<\/h4><ul class=\"wp-block-list\"><li><a href=\"https:\/\/grotta.is\/wp-content\/uploads\/2021\/05\/Grotta-Adalstjorn-Arsreikningur-2020.pdf\">Organization board<\/a><\/li>\n\n<li><a href=\"https:\/\/grotta.is\/wp-content\/uploads\/2021\/03\/Skyrslastjornar2020.pdf\">Knattspyrnudeild &#8211; sk\u00fdrsla stj\u00f3rnar<\/a><\/li>\n\n<li><a href=\"https:\/\/grotta.is\/wp-content\/uploads\/2021\/05\/Grotta-Mfl.-Knattspyrna-Arsreikningur-2020-konnun-aritud.pdf\">Meistaraflokkur knattspyrnudeildar<\/a><\/li>\n\n<li><a href=\"https:\/\/grotta.is\/wp-content\/uploads\/2021\/05\/Grotta-BUR-Knattspyrna-Arsreikningur-2020-konnun-aritud.pdf\">Unglingar\u00e1\u00f0 knattspyrnudeildar<\/a><\/li>\n\n<li><a href=\"https:\/\/grotta.is\/wp-content\/uploads\/2021\/05\/Grotta-Mfl.-Handbolti-Arsreikningur-2020.pdf\">Meistaraflokkur handknattleiksdeildar<\/a><\/li>\n\n<li><a href=\"https:\/\/grotta.is\/wp-content\/uploads\/2021\/05\/Grotta-BUR-Handbolti-Arsreikningur-2020.pdf\">Unglingar\u00e1\u00f0 handknattleiksdeildar<\/a><\/li>\n\n<li><a href=\"https:\/\/grotta.is\/wp-content\/uploads\/2021\/05\/Grotta-Fimleikar-Arsreikningur-2020.pdf\">Gymnastics division<\/a><\/li><\/ul><h4 class=\"wp-block-heading\">\u00c1RI\u00d0 2019<\/h4><ul class=\"wp-block-list\"><li><a href=\"https:\/\/grotta.is\/wp-content\/uploads\/2021\/03\/Arsskyrsla-Grottu2019-OK.pdf\" target=\"_blank\" rel=\"noreferrer noopener\">\u00c1rssk\u00fdrsla Gr\u00f3ttu<\/a><\/li>\n\n<li><a href=\"https:\/\/grotta.is\/wp-content\/uploads\/2020\/07\/Gr%C3%B3tta-A%C3%B0alstj%C3%B3rn-%C3%81rsreikningur-2019.pdf\">Organization board<\/a><\/li>\n\n<li><a href=\"https:\/\/grotta.is\/wp-content\/uploads\/2020\/04\/Gr\u00f3tta-knattspyrnudeild-\u00e1rsreikningur-2019-undirrita\u00f0ur.pdf\">Meistaraflokkur knattspyrnudeildar<\/a><\/li>\n\n<li><a href=\"https:\/\/grotta.is\/wp-content\/uploads\/2020\/07\/Gr%C3%B3tta-Mfl.-Handbolti-%C3%81rsreikningur-2019.pdf\">Meistaraflokkur handknattleiksdeildar<\/a><\/li>\n\n<li><a href=\"https:\/\/grotta.is\/wp-content\/uploads\/2020\/07\/Gr%C3%B3tta-BUR-Handbolti-%C3%81rsreikningur-2019.pdf\">Unglingar\u00e1\u00f0 handknattleiksdeildar<\/a><\/li>\n\n<li><a href=\"https:\/\/grotta.is\/wp-content\/uploads\/2020\/07\/Gr%C3%B3tta-Fimleikar-%C3%81rsreikningur-2019.pdf\">Gymnastics division<\/a><\/li><\/ul><h4 class=\"wp-block-heading\">\u00c1RI\u00d0 2018<\/h4><ul class=\"wp-block-list\"><li><a href=\"https:\/\/grotta.is\/wp-content\/uploads\/2020\/04\/Gr\u00f3tta-A\u00f0alstj\u00f3rn-\u00c1rsreikningur-2018.pdf\">A\u00f0alstj\u00f3rn Gr\u00f3ttu<\/a><\/li>\n\n<li><a href=\"https:\/\/grotta.is\/wp-content\/uploads\/2020\/04\/Gr\u00f3tta-Mfl.-Knattspyrna-\u00c1rsreikningur-2018.pdf\">Meistaraflokkur knattspyrnudeildar<\/a><\/li>\n\n<li><a href=\"https:\/\/grotta.is\/wp-content\/uploads\/2020\/04\/Gr\u00f3tta-BUR-Knattspyrna-\u00c1rsreikningur-2018.pdf\">Unglingar\u00e1\u00f0 knattspyrnudeildar<\/a><\/li>\n\n<li><a href=\"https:\/\/grotta.is\/wp-content\/uploads\/2020\/04\/Gr\u00f3tta-Mfl.-Handbolti-\u00c1rsreikningur-2018.pdf\">Meistaraflokkur handknattleiksdeildar<\/a><\/li>\n\n<li><a href=\"https:\/\/grotta.is\/wp-content\/uploads\/2020\/04\/Gr\u00f3tta-BUR-Handbolti-\u00c1rsreikningur-2018.pdf\">Unglingar\u00e1\u00f0 handknattleiksdeildar<\/a><\/li>\n\n<li><a href=\"https:\/\/grotta.is\/wp-content\/uploads\/2020\/04\/Gr\u00f3tta-Fimleikar-\u00c1rsreikningur-2018.pdf\">Gymnastics division<\/a><\/li><\/ul><h4 class=\"wp-block-heading\">\u00c1RI\u00d0 2017<\/h4><ul class=\"wp-block-list\"><li><a href=\"https:\/\/grotta.is\/wp-content\/uploads\/2020\/09\/Arsreikningur2017_adalstjorn_grotta.pdf\" target=\"_blank\" rel=\"noreferrer noopener\">A\u00f0alstj\u00f3rn Gr\u00f3ttu<\/a><\/li>\n\n<li><a href=\"https:\/\/grotta.is\/wp-content\/uploads\/2020\/09\/Arsreikningur2017_knattspyrnudeild_grottu.pdf\" target=\"_blank\" rel=\"noreferrer noopener\">Meistaraflokkur knattspyrnudeildar<\/a><\/li>\n\n<li><a href=\"https:\/\/grotta.is\/wp-content\/uploads\/2020\/09\/Arsreikningur2017_knattspyrnudeild_grottu_BUR.pdf\" target=\"_blank\" rel=\"noreferrer noopener\">Unglingar\u00e1\u00f0 knattspyrnudeildar<\/a><\/li>\n\n<li><a href=\"https:\/\/grotta.is\/wp-content\/uploads\/2020\/09\/Arsreikningur2017_handknattleiksdeild_grottu_mfl.kk_.pdf\" target=\"_blank\" rel=\"noreferrer noopener\">Meistaraflokkur handknattleiksdeildar<\/a><\/li>\n\n<li><a href=\"https:\/\/grotta.is\/wp-content\/uploads\/2020\/09\/Arsreikningur2017_handknattleiksdeild_grottu_BUR.pdf\" target=\"_blank\" rel=\"noreferrer noopener\">Unglingar\u00e1\u00f0 handknattleiksdeildar<\/a><\/li>\n\n<li><a href=\"https:\/\/grotta.is\/wp-content\/uploads\/2020\/09\/Arsreikningur2017_fimleikadeild_grottu.pdf\" target=\"_blank\" rel=\"noreferrer noopener\">Gymnastics division<\/a><\/li><\/ul><h4 class=\"wp-block-heading\">\u00c1RI\u00d0 2016<\/h4><ul class=\"wp-block-list\"><li><a href=\"https:\/\/grotta.is\/wp-content\/uploads\/2020\/09\/Arsreikningur2016_adalstjorn_grotta.pdf\" target=\"_blank\" rel=\"noreferrer noopener\">A\u00f0alstj\u00f3rn Gr\u00f3ttu<\/a><\/li>\n\n<li><a href=\"https:\/\/grotta.is\/wp-content\/uploads\/2020\/09\/Arsreikningur2016_knattspyrnudeild_grottu.pdf\" target=\"_blank\" rel=\"noreferrer noopener\">Meistaraflokkur knattspyrnudeildar<\/a><\/li>\n\n<li><a href=\"https:\/\/grotta.is\/wp-content\/uploads\/2020\/09\/Arsreikningur2016_knattspyrnudeild_grottu_BUR.pdf\" target=\"_blank\" rel=\"noreferrer noopener\">Unglingar\u00e1\u00f0 knattspyrnudeildar<\/a><\/li>\n\n<li><a href=\"https:\/\/grotta.is\/wp-content\/uploads\/2020\/09\/Arsreikningur2016_handknattleiksdeild_grottu_mfl.kk_.pdf\" target=\"_blank\" rel=\"noreferrer noopener\">Meistaraflokkur handknattleiksdeildar<\/a><\/li>\n\n<li><a href=\"https:\/\/grotta.is\/wp-content\/uploads\/2020\/09\/Arsreikningur2016_handknattleiksdeild_grottu_BUR.pdf\" target=\"_blank\" rel=\"noreferrer noopener\">Unglingar\u00e1\u00f0 handknattleiksdeildar<\/a><\/li>\n\n<li><a href=\"https:\/\/grotta.is\/wp-content\/uploads\/2020\/09\/Arsreikningur2016_fimleikadeild_grottu.pdf\" target=\"_blank\" rel=\"noreferrer noopener\">Gymnastics division<\/a><\/li><\/ul><h4 class=\"wp-block-heading\">\u00c1RI\u00d0 2015<\/h4><ul class=\"wp-block-list\"><li><a href=\"https:\/\/grotta.is\/wp-content\/uploads\/2020\/04\/Gr\u00f3tta-A\u00f0alstj\u00f3rn-\u00c1rsreikningur-2015.pdf\">A\u00f0alstj\u00f3rn Gr\u00f3ttu<\/a><\/li>\n\n<li><a href=\"https:\/\/grotta.is\/wp-content\/uploads\/2020\/04\/Gr\u00f3tta-Mfl.-Knattspyrna-\u00c1rsreikningur-2015.pdf\">Meistaraflokkur knattspyrnudeildar<\/a><\/li>\n\n<li><a href=\"https:\/\/grotta.is\/wp-content\/uploads\/2020\/04\/Gr\u00f3tta-BUR-Knattspyrna-\u00c1rsreikningur-2015.pdf\">Unglingar\u00e1\u00f0 knattspyrnudeildar<\/a><\/li>\n\n<li><a href=\"https:\/\/grotta.is\/wp-content\/uploads\/2020\/04\/Gr\u00f3tta-Mfl.-Handbolti-\u00c1rsreikningur-2015.pdf\">Meistaraflokkur handknattleiksdeildar<\/a><\/li>\n\n<li><a href=\"https:\/\/grotta.is\/wp-content\/uploads\/2020\/04\/Gr\u00f3tta-BUR-Handbolti-\u00c1rsreikningur-2015.pdf\">Unglingar\u00e1\u00f0 handknattleiksdeildar<\/a><\/li>\n\n<li><a href=\"https:\/\/grotta.is\/wp-content\/uploads\/2020\/04\/Gr\u00f3tta-Fimleikar-\u00c1rsreikningur-2015.pdf\">Gymnastics division<\/a><\/li>\n\n<li><a href=\"https:\/\/grotta.is\/wp-content\/uploads\/2020\/04\/Gr\u00f3tta-Kraftlyftingadeild-\u00c1rsreikningur-2015.pdf\">Kraftlyftingadeild<\/a><\/li><\/ul><p><\/p>","protected":false},"excerpt":{"rendered":"<p>\u00c1RSSK\u00ddRSLUR \u00c1RSREIKNINGAR \u00c1ri\u00f0 2025 \u00c1RI\u00d0 2023 \u00c1RI\u00d0 2022 \u00c1RI\u00d0 2021 \u00c1RI\u00d0 2020 \u00c1RI\u00d0 2019 \u00c1RI\u00d0 2018 \u00c1RI\u00d0 2017 \u00c1RI\u00d0 2016 \u00c1RI\u00d0 2015<\/p>","protected":false},"author":2,"featured_media":0,"parent":1477,"menu_order":0,"comment_status":"closed","ping_status":"closed","template":"","meta":{"footnotes":""},"class_list":["post-1741","page","type-page","status-publish","hentry"],"yoast_head":"<!-- This site is optimized with the Yoast SEO plugin v24.3 - https:\/\/yoast.com\/wordpress\/plugins\/seo\/ -->\n<title>\u00c1rsreikningar og \u00c1rssk\u00fdrslur - \u00cd\u00fer\u00f3ttaf\u00e9lagi\u00f0 Gr\u00f3tta<\/title>\n<meta name=\"robots\" content=\"index, follow, max-snippet:-1, max-image-preview:large, max-video-preview:-1\" \/>\n<link rel=\"canonical\" href=\"https:\/\/grotta.is\/en\/um-felagid\/arsreikningar\/\" \/>\n<meta property=\"og:locale\" content=\"en_US\" \/>\n<meta property=\"og:type\" content=\"article\" \/>\n<meta property=\"og:title\" content=\"\u00c1rsreikningar og \u00c1rssk\u00fdrslur - \u00cd\u00fer\u00f3ttaf\u00e9lagi\u00f0 Gr\u00f3tta\" \/>\n<meta property=\"og:description\" content=\"\u00c1RSSK\u00ddRSLUR \u00c1RSREIKNINGAR \u00c1ri\u00f0 2025 \u00c1RI\u00d0 2023 \u00c1RI\u00d0 2022 \u00c1RI\u00d0 2021 \u00c1RI\u00d0 2020 \u00c1RI\u00d0 2019 \u00c1RI\u00d0 2018 \u00c1RI\u00d0 2017 \u00c1RI\u00d0 2016 \u00c1RI\u00d0 2015\" \/>\n<meta property=\"og:url\" content=\"https:\/\/grotta.is\/en\/um-felagid\/arsreikningar\/\" \/>\n<meta property=\"og:site_name\" content=\"\u00cd\u00fer\u00f3ttaf\u00e9lagi\u00f0 Gr\u00f3tta\" \/>\n<meta property=\"article:publisher\" content=\"https:\/\/www.facebook.com\/grottasport\" \/>\n<meta property=\"article:modified_time\" content=\"2026-03-17T14:30:10+00:00\" \/>\n<meta name=\"twitter:card\" content=\"summary_large_image\" \/>\n<meta name=\"twitter:label1\" content=\"Est. reading time\" \/>\n\t<meta name=\"twitter:data1\" content=\"1 minute\" \/>\n<script type=\"application\/ld+json\" class=\"yoast-schema-graph\">{\"@context\":\"https:\/\/schema.org\",\"@graph\":[{\"@type\":\"WebPage\",\"@id\":\"https:\/\/grotta.is\/um-felagid\/arsreikningar\/\",\"url\":\"https:\/\/grotta.is\/um-felagid\/arsreikningar\/\",\"name\":\"\u00c1rsreikningar og \u00c1rssk\u00fdrslur - \u00cd\u00fer\u00f3ttaf\u00e9lagi\u00f0 Gr\u00f3tta\",\"isPartOf\":{\"@id\":\"https:\/\/grotta.is\/#website\"},\"datePublished\":\"2020-04-12T22:23:15+00:00\",\"dateModified\":\"2026-03-17T14:30:10+00:00\",\"breadcrumb\":{\"@id\":\"https:\/\/grotta.is\/um-felagid\/arsreikningar\/#breadcrumb\"},\"inLanguage\":\"en-US\",\"potentialAction\":[{\"@type\":\"ReadAction\",\"target\":[\"https:\/\/grotta.is\/um-felagid\/arsreikningar\/\"]}]},{\"@type\":\"BreadcrumbList\",\"@id\":\"https:\/\/grotta.is\/um-felagid\/arsreikningar\/#breadcrumb\",\"itemListElement\":[{\"@type\":\"ListItem\",\"position\":1,\"name\":\"Home\",\"item\":\"https:\/\/grotta.is\/\"},{\"@type\":\"ListItem\",\"position\":2,\"name\":\"Um f\u00e9lagi\u00f0\",\"item\":\"https:\/\/grotta.is\/um-felagid\/\"},{\"@type\":\"ListItem\",\"position\":3,\"name\":\"\u00c1rsreikningar og \u00c1rssk\u00fdrslur\"}]},{\"@type\":\"WebSite\",\"@id\":\"https:\/\/grotta.is\/#website\",\"url\":\"https:\/\/grotta.is\/\",\"name\":\"\u00cd\u00fer\u00f3ttaf\u00e9lagi\u00f0 Gr\u00f3tta\",\"description\":\"\u00e1 Seltjarnarnesi\",\"publisher\":{\"@id\":\"https:\/\/grotta.is\/#organization\"},\"potentialAction\":[{\"@type\":\"SearchAction\",\"target\":{\"@type\":\"EntryPoint\",\"urlTemplate\":\"https:\/\/grotta.is\/?s={search_term_string}\"},\"query-input\":{\"@type\":\"PropertyValueSpecification\",\"valueRequired\":true,\"valueName\":\"search_term_string\"}}],\"inLanguage\":\"en-US\"},{\"@type\":\"Organization\",\"@id\":\"https:\/\/grotta.is\/#organization\",\"name\":\"\u00cd\u00fer\u00f3ttaf\u00e9lagi\u00f0 Gr\u00f3tta\",\"url\":\"https:\/\/grotta.is\/\",\"logo\":{\"@type\":\"ImageObject\",\"inLanguage\":\"en-US\",\"@id\":\"https:\/\/grotta.is\/#\/schema\/logo\/image\/\",\"url\":\"https:\/\/grotta.is\/wp-content\/uploads\/2020\/02\/ithrottafelagidgrotta_logo_512x512_transparent.png\",\"contentUrl\":\"https:\/\/grotta.is\/wp-content\/uploads\/2020\/02\/ithrottafelagidgrotta_logo_512x512_transparent.png\",\"width\":512,\"height\":512,\"caption\":\"\u00cd\u00fer\u00f3ttaf\u00e9lagi\u00f0 Gr\u00f3tta\"},\"image\":{\"@id\":\"https:\/\/grotta.is\/#\/schema\/logo\/image\/\"},\"sameAs\":[\"https:\/\/www.facebook.com\/grottasport\"]}]}<\/script>\n<!-- \/ Yoast SEO plugin. -->","yoast_head_json":{"title":"\u00c1rsreikningar og \u00c1rssk\u00fdrslur - \u00cd\u00fer\u00f3ttaf\u00e9lagi\u00f0 Gr\u00f3tta","robots":{"index":"index","follow":"follow","max-snippet":"max-snippet:-1","max-image-preview":"max-image-preview:large","max-video-preview":"max-video-preview:-1"},"canonical":"https:\/\/grotta.is\/en\/um-felagid\/arsreikningar\/","og_locale":"en_US","og_type":"article","og_title":"\u00c1rsreikningar og \u00c1rssk\u00fdrslur - \u00cd\u00fer\u00f3ttaf\u00e9lagi\u00f0 Gr\u00f3tta","og_description":"\u00c1RSSK\u00ddRSLUR \u00c1RSREIKNINGAR \u00c1ri\u00f0 2025 \u00c1RI\u00d0 2023 \u00c1RI\u00d0 2022 \u00c1RI\u00d0 2021 \u00c1RI\u00d0 2020 \u00c1RI\u00d0 2019 \u00c1RI\u00d0 2018 \u00c1RI\u00d0 2017 \u00c1RI\u00d0 2016 \u00c1RI\u00d0 2015","og_url":"https:\/\/grotta.is\/en\/um-felagid\/arsreikningar\/","og_site_name":"\u00cd\u00fer\u00f3ttaf\u00e9lagi\u00f0 Gr\u00f3tta","article_publisher":"https:\/\/www.facebook.com\/grottasport","article_modified_time":"2026-03-17T14:30:10+00:00","twitter_card":"summary_large_image","twitter_misc":{"Est. reading time":"1 minute"},"schema":{"@context":"https:\/\/schema.org","@graph":[{"@type":"WebPage","@id":"https:\/\/grotta.is\/um-felagid\/arsreikningar\/","url":"https:\/\/grotta.is\/um-felagid\/arsreikningar\/","name":"\u00c1rsreikningar og \u00c1rssk\u00fdrslur - \u00cd\u00fer\u00f3ttaf\u00e9lagi\u00f0 Gr\u00f3tta","isPartOf":{"@id":"https:\/\/grotta.is\/#website"},"datePublished":"2020-04-12T22:23:15+00:00","dateModified":"2026-03-17T14:30:10+00:00","breadcrumb":{"@id":"https:\/\/grotta.is\/um-felagid\/arsreikningar\/#breadcrumb"},"inLanguage":"en-US","potentialAction":[{"@type":"ReadAction","target":["https:\/\/grotta.is\/um-felagid\/arsreikningar\/"]}]},{"@type":"BreadcrumbList","@id":"https:\/\/grotta.is\/um-felagid\/arsreikningar\/#breadcrumb","itemListElement":[{"@type":"ListItem","position":1,"name":"Home","item":"https:\/\/grotta.is\/"},{"@type":"ListItem","position":2,"name":"Um f\u00e9lagi\u00f0","item":"https:\/\/grotta.is\/um-felagid\/"},{"@type":"ListItem","position":3,"name":"\u00c1rsreikningar og \u00c1rssk\u00fdrslur"}]},{"@type":"WebSite","@id":"https:\/\/grotta.is\/#website","url":"https:\/\/grotta.is\/","name":"\u00cd\u00fer\u00f3ttaf\u00e9lagi\u00f0 Gr\u00f3tta","description":"\u00e1 Seltjarnarnesi","publisher":{"@id":"https:\/\/grotta.is\/#organization"},"potentialAction":[{"@type":"SearchAction","target":{"@type":"EntryPoint","urlTemplate":"https:\/\/grotta.is\/?s={search_term_string}"},"query-input":{"@type":"PropertyValueSpecification","valueRequired":true,"valueName":"search_term_string"}}],"inLanguage":"en-US"},{"@type":"Organization","@id":"https:\/\/grotta.is\/#organization","name":"\u00cd\u00fer\u00f3ttaf\u00e9lagi\u00f0 Gr\u00f3tta","url":"https:\/\/grotta.is\/","logo":{"@type":"ImageObject","inLanguage":"en-US","@id":"https:\/\/grotta.is\/#\/schema\/logo\/image\/","url":"https:\/\/grotta.is\/wp-content\/uploads\/2020\/02\/ithrottafelagidgrotta_logo_512x512_transparent.png","contentUrl":"https:\/\/grotta.is\/wp-content\/uploads\/2020\/02\/ithrottafelagidgrotta_logo_512x512_transparent.png","width":512,"height":512,"caption":"\u00cd\u00fer\u00f3ttaf\u00e9lagi\u00f0 Gr\u00f3tta"},"image":{"@id":"https:\/\/grotta.is\/#\/schema\/logo\/image\/"},"sameAs":["https:\/\/www.facebook.com\/grottasport"]}]}},"_links":{"self":[{"href":"https:\/\/grotta.is\/en\/wp-json\/wp\/v2\/pages\/1741","targetHints":{"allow":["GET"]}}],"collection":[{"href":"https:\/\/grotta.is\/en\/wp-json\/wp\/v2\/pages"}],"about":[{"href":"https:\/\/grotta.is\/en\/wp-json\/wp\/v2\/types\/page"}],"author":[{"embeddable":true,"href":"https:\/\/grotta.is\/en\/wp-json\/wp\/v2\/users\/2"}],"replies":[{"embeddable":true,"href":"https:\/\/grotta.is\/en\/wp-json\/wp\/v2\/comments?post=1741"}],"version-history":[{"count":25,"href":"https:\/\/grotta.is\/en\/wp-json\/wp\/v2\/pages\/1741\/revisions"}],"predecessor-version":[{"id":576147,"href":"https:\/\/grotta.is\/en\/wp-json\/wp\/v2\/pages\/1741\/revisions\/576147"}],"up":[{"embeddable":true,"href":"https:\/\/grotta.is\/en\/wp-json\/wp\/v2\/pages\/1477"}],"wp:attachment":[{"href":"https:\/\/grotta.is\/en\/wp-json\/wp\/v2\/media?parent=1741"}],"curies":[{"name":"wp","href":"https:\/\/api.w.org\/{rel}","templated":true}]}}