{"id":1162,"date":"2020-03-21T17:59:54","date_gmt":"2020-03-21T17:59:54","guid":{"rendered":"https:\/\/grotta.is\/?page_id=1162"},"modified":"2025-09-22T10:45:38","modified_gmt":"2025-09-22T10:45:38","slug":"thjalfarar","status":"publish","type":"page","link":"https:\/\/grotta.is\/en\/fimleikadeild\/thjalfarar\/","title":{"rendered":"Coaches"},"content":{"rendered":"<div data-elementor-type=\"wp-page\" data-elementor-id=\"1162\" class=\"elementor elementor-1162\" data-elementor-post-type=\"page\">\n\t\t\t\t\t\t<section class=\"elementor-section elementor-top-section elementor-element elementor-element-3174d931 elementor-section-boxed elementor-section-height-default elementor-section-height-default\" data-id=\"3174d931\" data-element_type=\"section\">\n\t\t\t\t\t\t<div class=\"elementor-container elementor-column-gap-default\">\n\t\t\t\t\t<div class=\"elementor-column elementor-col-100 elementor-top-column elementor-element elementor-element-5eeab\" data-id=\"5eeab\" data-element_type=\"column\">\n\t\t\t<div class=\"elementor-widget-wrap elementor-element-populated\">\n\t\t\t\t\t\t<div class=\"elementor-element elementor-element-17d3c295 elementor-widget elementor-widget-spacer\" data-id=\"17d3c295\" data-element_type=\"widget\" data-widget_type=\"spacer.default\">\n\t\t\t\t<div class=\"elementor-widget-container\">\n\t\t\t\t\t\t\t<div class=\"elementor-spacer\">\n\t\t\t<div class=\"elementor-spacer-inner\"><\/div>\n\t\t<\/div>\n\t\t\t\t\t\t<\/div>\n\t\t\t\t<\/div>\n\t\t\t\t<div class=\"elementor-element elementor-element-3503ccc6 elementor-widget elementor-widget-heading\" data-id=\"3503ccc6\" data-element_type=\"widget\" data-widget_type=\"heading.default\">\n\t\t\t\t<div class=\"elementor-widget-container\">\n\t\t\t\t\t<h2 class=\"elementor-heading-title elementor-size-default\">\u00deJ\u00c1LFARAR 2025-2026 | FIMLEIKADEILD GR\u00d3TTU<\/h2>\t\t\t\t<\/div>\n\t\t\t\t<\/div>\n\t\t\t\t<div class=\"elementor-element elementor-element-60324cc6 elementor-hidden-tablet elementor-hidden-phone elementor-widget elementor-widget-spacer\" data-id=\"60324cc6\" data-element_type=\"widget\" data-widget_type=\"spacer.default\">\n\t\t\t\t<div class=\"elementor-widget-container\">\n\t\t\t\t\t\t\t<div class=\"elementor-spacer\">\n\t\t\t<div class=\"elementor-spacer-inner\"><\/div>\n\t\t<\/div>\n\t\t\t\t\t\t<\/div>\n\t\t\t\t<\/div>\n\t\t\t\t\t<\/div>\n\t\t<\/div>\n\t\t\t\t\t<\/div>\n\t\t<\/section>\n\t\t\t\t<section class=\"elementor-section elementor-top-section elementor-element elementor-element-aca6bfe elementor-section-boxed elementor-section-height-default elementor-section-height-default\" data-id=\"aca6bfe\" data-element_type=\"section\">\n\t\t\t\t\t\t<div class=\"elementor-container elementor-column-gap-default\">\n\t\t\t\t\t<div class=\"elementor-column elementor-col-25 elementor-top-column elementor-element elementor-element-5bb0e77\" data-id=\"5bb0e77\" data-element_type=\"column\">\n\t\t\t<div class=\"elementor-widget-wrap\">\n\t\t\t\t\t\t\t<\/div>\n\t\t<\/div>\n\t\t\t\t<div class=\"elementor-column elementor-col-25 elementor-top-column elementor-element elementor-element-27da355\" data-id=\"27da355\" data-element_type=\"column\">\n\t\t\t<div class=\"elementor-widget-wrap elementor-element-populated\">\n\t\t\t\t\t\t<div class=\"elementor-element elementor-element-70d0749 elementor-widget elementor-widget-pp-team-member\" data-id=\"70d0749\" data-element_type=\"widget\" data-widget_type=\"pp-team-member.default\">\n\t\t\t\t<div class=\"elementor-widget-container\">\n\t\t\t\t\t\t\t<div class=\"pp-tm-wrapper\">\n\t\t\t<div class=\"pp-tm\">\n\t\t\t\t<div class=\"pp-tm-image\"> \n\t\t\t\t\t<img fetchpriority=\"high\" decoding=\"async\" width=\"254\" height=\"300\" src=\"https:\/\/grotta.is\/wp-content\/uploads\/2025\/01\/Valgerdur-254x300-1.webp\" class=\"attachment-full size-full wp-image-574750\" alt=\"\" srcset=\"https:\/\/grotta.is\/wp-content\/uploads\/2025\/01\/Valgerdur-254x300-1.webp 254w, https:\/\/grotta.is\/wp-content\/uploads\/2025\/01\/Valgerdur-254x300-1-10x12.webp 10w\" sizes=\"(max-width: 254px) 100vw, 254px\" \/>\n\t\t\t\t\t\t\t\t\t<\/div>\n\t\t\t\t<div class=\"pp-tm-content pp-tm-content-normal\">\n\t\t\t\t\t\t\t\t\t<h5 class=\"pp-tm-name\">\n\t\t\t\t\t\tVALGER\u00d0UR THORODDSEN\t\t\t\t<\/h5>\n\t\t\t\t\t\t\t<div class=\"pp-tm-position\">\n\t\t\t\tYFIR\u00deJ\u00c1LFARI GRUNNH\u00d3PA\t\t\t<\/div>\n\t\t\t\t\t\t<div class=\"pp-tm-position-divider-wrap\">\n\t\t\t\t<div class=\"pp-tm-divider pp-tm-position-divider\"><\/div>\n\t\t\t<\/div>\n\t\t\t\t\t\t\t<\/div>\n\t\t\t<\/div>\n\t\t<\/div>\n\t\t\t\t\t\t<\/div>\n\t\t\t\t<\/div>\n\t\t\t\t\t<\/div>\n\t\t<\/div>\n\t\t\t\t<div class=\"elementor-column elementor-col-25 elementor-top-column elementor-element elementor-element-278233d\" data-id=\"278233d\" data-element_type=\"column\">\n\t\t\t<div class=\"elementor-widget-wrap elementor-element-populated\">\n\t\t\t\t\t\t<div class=\"elementor-element elementor-element-eac2a18 elementor-widget elementor-widget-pp-team-member\" data-id=\"eac2a18\" data-element_type=\"widget\" data-widget_type=\"pp-team-member.default\">\n\t\t\t\t<div class=\"elementor-widget-container\">\n\t\t\t\t\t\t\t<div class=\"pp-tm-wrapper\">\n\t\t\t<div class=\"pp-tm\">\n\t\t\t\t<div class=\"pp-tm-image\"> \n\t\t\t\t\t<img decoding=\"async\" width=\"230\" height=\"300\" data-src=\"https:\/\/grotta.is\/wp-content\/uploads\/2025\/01\/Bjarni-Geir-230x300-1.webp\" class=\"attachment-full size-full wp-image-574752 lazyload\" alt=\"\" data-srcset=\"https:\/\/grotta.is\/wp-content\/uploads\/2025\/01\/Bjarni-Geir-230x300-1.webp 230w, https:\/\/grotta.is\/wp-content\/uploads\/2025\/01\/Bjarni-Geir-230x300-1-9x12.webp 9w\" data-sizes=\"(max-width: 230px) 100vw, 230px\" src=\"data:image\/gif;base64,R0lGODlhAQABAAAAACH5BAEKAAEALAAAAAABAAEAAAICTAEAOw==\" style=\"--smush-placeholder-width: 230px; --smush-placeholder-aspect-ratio: 230\/300;\" \/>\n\t\t\t\t\t\t\t\t\t<\/div>\n\t\t\t\t<div class=\"pp-tm-content pp-tm-content-normal\">\n\t\t\t\t\t\t\t\t\t<h5 class=\"pp-tm-name\">\n\t\t\t\t\t\tBJARNI GEIR H. HALLD\u00d3RSSON\t\t\t\t<\/h5>\n\t\t\t\t\t\t\t<div class=\"pp-tm-position\">\n\t\t\t\tYFIR\u00deJ\u00c1LFARI \u00c1HALDAFIMLEIKA\t\t\t<\/div>\n\t\t\t\t\t\t<div class=\"pp-tm-position-divider-wrap\">\n\t\t\t\t<div class=\"pp-tm-divider pp-tm-position-divider\"><\/div>\n\t\t\t<\/div>\n\t\t\t\t\t\t\t\t\t\t<\/div>\n\t\t\t<\/div>\n\t\t<\/div>\n\t\t\t\t\t\t<\/div>\n\t\t\t\t<\/div>\n\t\t\t\t\t<\/div>\n\t\t<\/div>\n\t\t\t\t<div class=\"elementor-column elementor-col-25 elementor-top-column elementor-element elementor-element-d0c1ffa\" data-id=\"d0c1ffa\" data-element_type=\"column\">\n\t\t\t<div class=\"elementor-widget-wrap elementor-element-populated\">\n\t\t\t\t\t\t<div class=\"elementor-element elementor-element-ee8a014 elementor-widget elementor-widget-pp-team-member\" data-id=\"ee8a014\" data-element_type=\"widget\" data-widget_type=\"pp-team-member.default\">\n\t\t\t\t<div class=\"elementor-widget-container\">\n\t\t\t\t\t\t\t<div class=\"pp-tm-wrapper\">\n\t\t\t<div class=\"pp-tm\">\n\t\t\t\t<div class=\"pp-tm-image\"> \n\t\t\t\t\t<img decoding=\"async\" width=\"1462\" height=\"2047\" data-src=\"https:\/\/grotta.is\/wp-content\/uploads\/2025\/09\/cf1ef6a3-e43e-4ba9-8905-4b2f212824fe.jpeg\" class=\"attachment-full size-full wp-image-575632 lazyload\" alt=\"\" data-srcset=\"https:\/\/grotta.is\/wp-content\/uploads\/2025\/09\/cf1ef6a3-e43e-4ba9-8905-4b2f212824fe.jpeg 1462w, https:\/\/grotta.is\/wp-content\/uploads\/2025\/09\/cf1ef6a3-e43e-4ba9-8905-4b2f212824fe-214x300.jpeg 214w, https:\/\/grotta.is\/wp-content\/uploads\/2025\/09\/cf1ef6a3-e43e-4ba9-8905-4b2f212824fe-731x1024.jpeg 731w, https:\/\/grotta.is\/wp-content\/uploads\/2025\/09\/cf1ef6a3-e43e-4ba9-8905-4b2f212824fe-768x1075.jpeg 768w, https:\/\/grotta.is\/wp-content\/uploads\/2025\/09\/cf1ef6a3-e43e-4ba9-8905-4b2f212824fe-1097x1536.jpeg 1097w, https:\/\/grotta.is\/wp-content\/uploads\/2025\/09\/cf1ef6a3-e43e-4ba9-8905-4b2f212824fe-9x12.jpeg 9w, https:\/\/grotta.is\/wp-content\/uploads\/2025\/09\/cf1ef6a3-e43e-4ba9-8905-4b2f212824fe-600x840.jpeg 600w\" data-sizes=\"(max-width: 1462px) 100vw, 1462px\" src=\"data:image\/gif;base64,R0lGODlhAQABAAAAACH5BAEKAAEALAAAAAABAAEAAAICTAEAOw==\" style=\"--smush-placeholder-width: 1462px; --smush-placeholder-aspect-ratio: 1462\/2047;\" \/>\n\t\t\t\t\t\t\t\t\t<\/div>\n\t\t\t\t<div class=\"pp-tm-content pp-tm-content-normal\">\n\t\t\t\t\t\t\t\t\t<h5 class=\"pp-tm-name\">\n\t\t\t\t\t\tTOMAS BEKKAVIK\t\t\t\t<\/h5>\n\t\t\t\t\t\t\t<div class=\"pp-tm-position\">\n\t\t\t\tYFIR\u00deJ\u00c1LFARI H\u00d3PFIMLEIKA\t\t\t<\/div>\n\t\t\t\t\t\t<div class=\"pp-tm-position-divider-wrap\">\n\t\t\t\t<div class=\"pp-tm-divider pp-tm-position-divider\"><\/div>\n\t\t\t<\/div>\n\t\t\t\t\t\t\t<\/div>\n\t\t\t<\/div>\n\t\t<\/div>\n\t\t\t\t\t\t<\/div>\n\t\t\t\t<\/div>\n\t\t\t\t\t<\/div>\n\t\t<\/div>\n\t\t\t\t\t<\/div>\n\t\t<\/section>\n\t\t\t\t<section class=\"elementor-section elementor-top-section elementor-element elementor-element-e7d604c elementor-section-boxed elementor-section-height-default elementor-section-height-default\" data-id=\"e7d604c\" data-element_type=\"section\">\n\t\t\t\t\t\t<div class=\"elementor-container elementor-column-gap-default\">\n\t\t\t\t\t<div class=\"elementor-column elementor-col-100 elementor-top-column elementor-element elementor-element-8730593\" data-id=\"8730593\" data-element_type=\"column\">\n\t\t\t<div class=\"elementor-widget-wrap elementor-element-populated\">\n\t\t\t\t\t\t<div class=\"elementor-element elementor-element-7d118cd elementor-hidden-tablet elementor-hidden-phone elementor-widget elementor-widget-spacer\" data-id=\"7d118cd\" data-element_type=\"widget\" data-widget_type=\"spacer.default\">\n\t\t\t\t<div class=\"elementor-widget-container\">\n\t\t\t\t\t\t\t<div class=\"elementor-spacer\">\n\t\t\t<div class=\"elementor-spacer-inner\"><\/div>\n\t\t<\/div>\n\t\t\t\t\t\t<\/div>\n\t\t\t\t<\/div>\n\t\t\t\t\t<\/div>\n\t\t<\/div>\n\t\t\t\t\t<\/div>\n\t\t<\/section>\n\t\t\t\t<section class=\"elementor-section elementor-top-section elementor-element elementor-element-6e5e98e2 elementor-section-boxed elementor-section-height-default elementor-section-height-default\" data-id=\"6e5e98e2\" data-element_type=\"section\">\n\t\t\t\t\t\t<div class=\"elementor-container elementor-column-gap-default\">\n\t\t\t\t\t<div class=\"elementor-column elementor-col-100 elementor-top-column elementor-element elementor-element-13ddd020 elementor-hidden-tablet\" data-id=\"13ddd020\" data-element_type=\"column\">\n\t\t\t<div class=\"elementor-widget-wrap elementor-element-populated\">\n\t\t\t\t\t\t<div class=\"elementor-element elementor-element-83faffe elementor-widget elementor-widget-text-editor\" data-id=\"83faffe\" data-element_type=\"widget\" data-widget_type=\"text-editor.default\">\n\t\t\t\t<div class=\"elementor-widget-container\">\n\t\t\t\t\t\t\t\t\t<p><em>\u00fej\u00e1lfaras\u00ed\u00f0a fimleikadeildar Gr\u00f3ttu var s\u00ed\u00f0ast uppf\u00e6r\u00f0 september 2025<\/em><\/p>\t\t\t\t\t\t\t\t<\/div>\n\t\t\t\t<\/div>\n\t\t\t\t<div class=\"elementor-element elementor-element-6983b7a6 elementor-hidden-tablet elementor-hidden-phone elementor-widget elementor-widget-spacer\" data-id=\"6983b7a6\" data-element_type=\"widget\" data-widget_type=\"spacer.default\">\n\t\t\t\t<div class=\"elementor-widget-container\">\n\t\t\t\t\t\t\t<div class=\"elementor-spacer\">\n\t\t\t<div class=\"elementor-spacer-inner\"><\/div>\n\t\t<\/div>\n\t\t\t\t\t\t<\/div>\n\t\t\t\t<\/div>\n\t\t\t\t<div class=\"elementor-element elementor-element-2dcf9b02 elementor-align-left elementor-widget elementor-widget-raven-breadcrumbs\" data-id=\"2dcf9b02\" data-element_type=\"widget\" data-widget_type=\"raven-breadcrumbs.default\">\n\t\t\t\t<div class=\"elementor-widget-container\">\n\t\t\t\t\t<div class=\"raven-breadcrumbs raven-breadcrumbs-default\"><div class=\"breadcrumb\">\t\t\t\t<div class=\"breadcrumb-item active\" aria-current=\"page\"><span>Home<\/span><\/div>\r\n\r\n\t\t\t\t<\/div><\/div>\t\t\t\t<\/div>\n\t\t\t\t<\/div>\n\t\t\t\t\t<\/div>\n\t\t<\/div>\n\t\t\t\t\t<\/div>\n\t\t<\/section>\n\t\t\t\t<\/div>","protected":false},"excerpt":{"rendered":"<p>\u00deJ\u00c1LFARAR 2025-2026 | FIMLEIKADEILD GR\u00d3TTU VALGER\u00d0UR THORODDSEN YFIR\u00deJ\u00c1LFARI GRUNNH\u00d3PA BJARNI GEIR H. HALLD\u00d3RSSON YFIR\u00deJ\u00c1LFARI \u00c1HALDAFIMLEIKA TOMAS BEKKAVIK YFIR\u00deJ\u00c1LFARI H\u00d3PFIMLEIKA \u00fej\u00e1lfaras\u00ed\u00f0a fimleikadeildar Gr\u00f3ttu var s\u00ed\u00f0ast uppf\u00e6r\u00f0 september 2025 Home<\/p>","protected":false},"author":2,"featured_media":0,"parent":1123,"menu_order":0,"comment_status":"closed","ping_status":"closed","template":"elementor_header_footer","meta":{"footnotes":""},"class_list":["post-1162","page","type-page","status-publish","hentry"],"yoast_head":"<!-- This site is optimized with the Yoast SEO plugin v24.3 - https:\/\/yoast.com\/wordpress\/plugins\/seo\/ -->\n<title>\u00dej\u00e1lfarar - \u00cd\u00fer\u00f3ttaf\u00e9lagi\u00f0 Gr\u00f3tta<\/title>\n<meta name=\"robots\" content=\"index, follow, max-snippet:-1, max-image-preview:large, max-video-preview:-1\" \/>\n<link rel=\"canonical\" href=\"https:\/\/grotta.is\/en\/fimleikadeild\/thjalfarar\/\" \/>\n<meta property=\"og:locale\" content=\"en_US\" \/>\n<meta property=\"og:type\" content=\"article\" \/>\n<meta property=\"og:title\" content=\"\u00dej\u00e1lfarar - \u00cd\u00fer\u00f3ttaf\u00e9lagi\u00f0 Gr\u00f3tta\" \/>\n<meta property=\"og:description\" content=\"\u00deJ\u00c1LFARAR 2025-2026 | FIMLEIKADEILD GR\u00d3TTU VALGER\u00d0UR THORODDSEN YFIR\u00deJ\u00c1LFARI GRUNNH\u00d3PA BJARNI GEIR H. HALLD\u00d3RSSON YFIR\u00deJ\u00c1LFARI \u00c1HALDAFIMLEIKA TOMAS BEKKAVIK YFIR\u00deJ\u00c1LFARI H\u00d3PFIMLEIKA \u00fej\u00e1lfaras\u00ed\u00f0a fimleikadeildar Gr\u00f3ttu var s\u00ed\u00f0ast uppf\u00e6r\u00f0 september 2025 Home\" \/>\n<meta property=\"og:url\" content=\"https:\/\/grotta.is\/en\/fimleikadeild\/thjalfarar\/\" \/>\n<meta property=\"og:site_name\" content=\"\u00cd\u00fer\u00f3ttaf\u00e9lagi\u00f0 Gr\u00f3tta\" \/>\n<meta property=\"article:publisher\" content=\"https:\/\/www.facebook.com\/grottasport\" \/>\n<meta property=\"article:modified_time\" content=\"2025-09-22T10:45:38+00:00\" \/>\n<meta property=\"og:image\" content=\"https:\/\/grotta.is\/wp-content\/uploads\/2025\/01\/Valgerdur-254x300-1.webp\" \/>\n\t<meta property=\"og:image:width\" content=\"254\" \/>\n\t<meta property=\"og:image:height\" content=\"300\" \/>\n\t<meta property=\"og:image:type\" content=\"image\/webp\" \/>\n<meta name=\"twitter:card\" content=\"summary_large_image\" \/>\n<meta name=\"twitter:label1\" content=\"Est. reading time\" \/>\n\t<meta name=\"twitter:data1\" content=\"1 minute\" \/>\n<script type=\"application\/ld+json\" class=\"yoast-schema-graph\">{\"@context\":\"https:\/\/schema.org\",\"@graph\":[{\"@type\":\"WebPage\",\"@id\":\"https:\/\/grotta.is\/fimleikadeild\/thjalfarar\/\",\"url\":\"https:\/\/grotta.is\/fimleikadeild\/thjalfarar\/\",\"name\":\"\u00dej\u00e1lfarar - \u00cd\u00fer\u00f3ttaf\u00e9lagi\u00f0 Gr\u00f3tta\",\"isPartOf\":{\"@id\":\"https:\/\/grotta.is\/#website\"},\"primaryImageOfPage\":{\"@id\":\"https:\/\/grotta.is\/fimleikadeild\/thjalfarar\/#primaryimage\"},\"image\":{\"@id\":\"https:\/\/grotta.is\/fimleikadeild\/thjalfarar\/#primaryimage\"},\"thumbnailUrl\":\"https:\/\/grotta.is\/wp-content\/uploads\/2025\/01\/Valgerdur-254x300-1.webp\",\"datePublished\":\"2020-03-21T17:59:54+00:00\",\"dateModified\":\"2025-09-22T10:45:38+00:00\",\"breadcrumb\":{\"@id\":\"https:\/\/grotta.is\/fimleikadeild\/thjalfarar\/#breadcrumb\"},\"inLanguage\":\"en-US\",\"potentialAction\":[{\"@type\":\"ReadAction\",\"target\":[\"https:\/\/grotta.is\/fimleikadeild\/thjalfarar\/\"]}]},{\"@type\":\"ImageObject\",\"inLanguage\":\"en-US\",\"@id\":\"https:\/\/grotta.is\/fimleikadeild\/thjalfarar\/#primaryimage\",\"url\":\"https:\/\/grotta.is\/wp-content\/uploads\/2025\/01\/Valgerdur-254x300-1.webp\",\"contentUrl\":\"https:\/\/grotta.is\/wp-content\/uploads\/2025\/01\/Valgerdur-254x300-1.webp\"},{\"@type\":\"BreadcrumbList\",\"@id\":\"https:\/\/grotta.is\/fimleikadeild\/thjalfarar\/#breadcrumb\",\"itemListElement\":[{\"@type\":\"ListItem\",\"position\":1,\"name\":\"Home\",\"item\":\"https:\/\/grotta.is\/\"},{\"@type\":\"ListItem\",\"position\":2,\"name\":\"Fimleikadeild Gr\u00f3ttu\",\"item\":\"https:\/\/grotta.is\/fimleikadeild\/\"},{\"@type\":\"ListItem\",\"position\":3,\"name\":\"\u00dej\u00e1lfarar\"}]},{\"@type\":\"WebSite\",\"@id\":\"https:\/\/grotta.is\/#website\",\"url\":\"https:\/\/grotta.is\/\",\"name\":\"\u00cd\u00fer\u00f3ttaf\u00e9lagi\u00f0 Gr\u00f3tta\",\"description\":\"\u00e1 Seltjarnarnesi\",\"publisher\":{\"@id\":\"https:\/\/grotta.is\/#organization\"},\"potentialAction\":[{\"@type\":\"SearchAction\",\"target\":{\"@type\":\"EntryPoint\",\"urlTemplate\":\"https:\/\/grotta.is\/?s={search_term_string}\"},\"query-input\":{\"@type\":\"PropertyValueSpecification\",\"valueRequired\":true,\"valueName\":\"search_term_string\"}}],\"inLanguage\":\"en-US\"},{\"@type\":\"Organization\",\"@id\":\"https:\/\/grotta.is\/#organization\",\"name\":\"\u00cd\u00fer\u00f3ttaf\u00e9lagi\u00f0 Gr\u00f3tta\",\"url\":\"https:\/\/grotta.is\/\",\"logo\":{\"@type\":\"ImageObject\",\"inLanguage\":\"en-US\",\"@id\":\"https:\/\/grotta.is\/#\/schema\/logo\/image\/\",\"url\":\"https:\/\/grotta.is\/wp-content\/uploads\/2020\/02\/ithrottafelagidgrotta_logo_512x512_transparent.png\",\"contentUrl\":\"https:\/\/grotta.is\/wp-content\/uploads\/2020\/02\/ithrottafelagidgrotta_logo_512x512_transparent.png\",\"width\":512,\"height\":512,\"caption\":\"\u00cd\u00fer\u00f3ttaf\u00e9lagi\u00f0 Gr\u00f3tta\"},\"image\":{\"@id\":\"https:\/\/grotta.is\/#\/schema\/logo\/image\/\"},\"sameAs\":[\"https:\/\/www.facebook.com\/grottasport\"]}]}<\/script>\n<!-- \/ Yoast SEO plugin. -->","yoast_head_json":{"title":"\u00dej\u00e1lfarar - \u00cd\u00fer\u00f3ttaf\u00e9lagi\u00f0 Gr\u00f3tta","robots":{"index":"index","follow":"follow","max-snippet":"max-snippet:-1","max-image-preview":"max-image-preview:large","max-video-preview":"max-video-preview:-1"},"canonical":"https:\/\/grotta.is\/en\/fimleikadeild\/thjalfarar\/","og_locale":"en_US","og_type":"article","og_title":"\u00dej\u00e1lfarar - \u00cd\u00fer\u00f3ttaf\u00e9lagi\u00f0 Gr\u00f3tta","og_description":"\u00deJ\u00c1LFARAR 2025-2026 | FIMLEIKADEILD GR\u00d3TTU VALGER\u00d0UR THORODDSEN YFIR\u00deJ\u00c1LFARI GRUNNH\u00d3PA BJARNI GEIR H. HALLD\u00d3RSSON YFIR\u00deJ\u00c1LFARI \u00c1HALDAFIMLEIKA TOMAS BEKKAVIK YFIR\u00deJ\u00c1LFARI H\u00d3PFIMLEIKA \u00fej\u00e1lfaras\u00ed\u00f0a fimleikadeildar Gr\u00f3ttu var s\u00ed\u00f0ast uppf\u00e6r\u00f0 september 2025 Home","og_url":"https:\/\/grotta.is\/en\/fimleikadeild\/thjalfarar\/","og_site_name":"\u00cd\u00fer\u00f3ttaf\u00e9lagi\u00f0 Gr\u00f3tta","article_publisher":"https:\/\/www.facebook.com\/grottasport","article_modified_time":"2025-09-22T10:45:38+00:00","og_image":[{"width":254,"height":300,"url":"https:\/\/grotta.is\/wp-content\/uploads\/2025\/01\/Valgerdur-254x300-1.webp","type":"image\/webp"}],"twitter_card":"summary_large_image","twitter_misc":{"Est. reading time":"1 minute"},"schema":{"@context":"https:\/\/schema.org","@graph":[{"@type":"WebPage","@id":"https:\/\/grotta.is\/fimleikadeild\/thjalfarar\/","url":"https:\/\/grotta.is\/fimleikadeild\/thjalfarar\/","name":"\u00dej\u00e1lfarar - \u00cd\u00fer\u00f3ttaf\u00e9lagi\u00f0 Gr\u00f3tta","isPartOf":{"@id":"https:\/\/grotta.is\/#website"},"primaryImageOfPage":{"@id":"https:\/\/grotta.is\/fimleikadeild\/thjalfarar\/#primaryimage"},"image":{"@id":"https:\/\/grotta.is\/fimleikadeild\/thjalfarar\/#primaryimage"},"thumbnailUrl":"https:\/\/grotta.is\/wp-content\/uploads\/2025\/01\/Valgerdur-254x300-1.webp","datePublished":"2020-03-21T17:59:54+00:00","dateModified":"2025-09-22T10:45:38+00:00","breadcrumb":{"@id":"https:\/\/grotta.is\/fimleikadeild\/thjalfarar\/#breadcrumb"},"inLanguage":"en-US","potentialAction":[{"@type":"ReadAction","target":["https:\/\/grotta.is\/fimleikadeild\/thjalfarar\/"]}]},{"@type":"ImageObject","inLanguage":"en-US","@id":"https:\/\/grotta.is\/fimleikadeild\/thjalfarar\/#primaryimage","url":"https:\/\/grotta.is\/wp-content\/uploads\/2025\/01\/Valgerdur-254x300-1.webp","contentUrl":"https:\/\/grotta.is\/wp-content\/uploads\/2025\/01\/Valgerdur-254x300-1.webp"},{"@type":"BreadcrumbList","@id":"https:\/\/grotta.is\/fimleikadeild\/thjalfarar\/#breadcrumb","itemListElement":[{"@type":"ListItem","position":1,"name":"Home","item":"https:\/\/grotta.is\/"},{"@type":"ListItem","position":2,"name":"Fimleikadeild Gr\u00f3ttu","item":"https:\/\/grotta.is\/fimleikadeild\/"},{"@type":"ListItem","position":3,"name":"\u00dej\u00e1lfarar"}]},{"@type":"WebSite","@id":"https:\/\/grotta.is\/#website","url":"https:\/\/grotta.is\/","name":"\u00cd\u00fer\u00f3ttaf\u00e9lagi\u00f0 Gr\u00f3tta","description":"\u00e1 Seltjarnarnesi","publisher":{"@id":"https:\/\/grotta.is\/#organization"},"potentialAction":[{"@type":"SearchAction","target":{"@type":"EntryPoint","urlTemplate":"https:\/\/grotta.is\/?s={search_term_string}"},"query-input":{"@type":"PropertyValueSpecification","valueRequired":true,"valueName":"search_term_string"}}],"inLanguage":"en-US"},{"@type":"Organization","@id":"https:\/\/grotta.is\/#organization","name":"\u00cd\u00fer\u00f3ttaf\u00e9lagi\u00f0 Gr\u00f3tta","url":"https:\/\/grotta.is\/","logo":{"@type":"ImageObject","inLanguage":"en-US","@id":"https:\/\/grotta.is\/#\/schema\/logo\/image\/","url":"https:\/\/grotta.is\/wp-content\/uploads\/2020\/02\/ithrottafelagidgrotta_logo_512x512_transparent.png","contentUrl":"https:\/\/grotta.is\/wp-content\/uploads\/2020\/02\/ithrottafelagidgrotta_logo_512x512_transparent.png","width":512,"height":512,"caption":"\u00cd\u00fer\u00f3ttaf\u00e9lagi\u00f0 Gr\u00f3tta"},"image":{"@id":"https:\/\/grotta.is\/#\/schema\/logo\/image\/"},"sameAs":["https:\/\/www.facebook.com\/grottasport"]}]}},"_links":{"self":[{"href":"https:\/\/grotta.is\/en\/wp-json\/wp\/v2\/pages\/1162","targetHints":{"allow":["GET"]}}],"collection":[{"href":"https:\/\/grotta.is\/en\/wp-json\/wp\/v2\/pages"}],"about":[{"href":"https:\/\/grotta.is\/en\/wp-json\/wp\/v2\/types\/page"}],"author":[{"embeddable":true,"href":"https:\/\/grotta.is\/en\/wp-json\/wp\/v2\/users\/2"}],"replies":[{"embeddable":true,"href":"https:\/\/grotta.is\/en\/wp-json\/wp\/v2\/comments?post=1162"}],"version-history":[{"count":333,"href":"https:\/\/grotta.is\/en\/wp-json\/wp\/v2\/pages\/1162\/revisions"}],"predecessor-version":[{"id":575635,"href":"https:\/\/grotta.is\/en\/wp-json\/wp\/v2\/pages\/1162\/revisions\/575635"}],"up":[{"embeddable":true,"href":"https:\/\/grotta.is\/en\/wp-json\/wp\/v2\/pages\/1123"}],"wp:attachment":[{"href":"https:\/\/grotta.is\/en\/wp-json\/wp\/v2\/media?parent=1162"}],"curies":[{"name":"wp","href":"https:\/\/api.w.org\/{rel}","templated":true}]}}